{"id":9441,"date":"2023-09-18T12:39:46","date_gmt":"2023-09-18T12:39:46","guid":{"rendered":"https:\/\/forus.eu\/business\/"},"modified":"2024-01-31T09:42:56","modified_gmt":"2024-01-31T09:42:56","slug":"business","status":"publish","type":"page","link":"https:\/\/forus.eu\/lv\/business\/","title":{"rendered":"Business"},"content":{"rendered":"\n<\/div><\/div><\/div><!-- close content main div --><\/div><\/div><div id='av-layout-grid-1'  class='av-layout-grid-container entry-content-wrapper main_color av-flex-cells     avia-builder-el-1  el_after_av_codeblock  el_before_av_layout_row  forus_grid_box submenu-not-first container_wrap fullsize' style=' '  ><div class=\"flex_cell no_margin av_one_half  avia-builder-el-2  el_before_av_cell_one_half  avia-builder-el-first  forus_hero_block  \"  style='vertical-align:top; ' ><div class='flex_cell_inner' ><section class=\"av_textblock_section \"  itemscope=\"itemscope\" itemtype=\"https:\/\/schema.org\/CreativeWork\" ><div class='avia_textblock  '   itemprop=\"text\" ><h1>M\u0113s ticam partner\u012bb\u0101, kur\u0101 visi uzvar<\/h1>\n<p><a class=\"forus_button\" href=\"#forus_b2b_form\">RE\u0122ISTR\u0112JIES TAGAD<br \/><\/a><\/p>\n<p><style>.icon_benefits {display: flex;align-items: center;}.icon_benefits img {width: 64px;height: 64px;margin-right: 24px;}.icon_benefits h3 {margin: 0;}<\/style><\/p>\n<\/div><\/section>\n<\/div><\/div><div class=\"flex_cell no_margin av_one_half  avia-builder-el-4  el_after_av_cell_one_half  avia-builder-el-last   \" ><div class='flex_cell_inner' ><div  class='avia-image-container  av-styling-    avia-builder-el-5  avia-builder-el-no-sibling  avia-align-center '  itemprop=\"image\" itemscope=\"itemscope\" itemtype=\"https:\/\/schema.org\/ImageObject\"  ><div class='avia-image-container-inner'><div class='avia-image-overlay-wrap'><img decoding=\"async\" class='wp-image-6435 avia-img-lazy-loading-not-6435 avia_image' src=\"https:\/\/forus.eu\/wp-content\/uploads\/2023\/09\/arikliendile.png\" alt='' title='arikliendile' height=\"530\" width=\"530\"  itemprop=\"thumbnailUrl\" srcset=\"https:\/\/forus.eu\/wp-content\/uploads\/2023\/09\/arikliendile.png 530w, https:\/\/forus.eu\/wp-content\/uploads\/2023\/09\/arikliendile-300x300.png 300w, https:\/\/forus.eu\/wp-content\/uploads\/2023\/09\/arikliendile-80x80.png 80w, https:\/\/forus.eu\/wp-content\/uploads\/2023\/09\/arikliendile-36x36.png 36w, https:\/\/forus.eu\/wp-content\/uploads\/2023\/09\/arikliendile-180x180.png 180w\" sizes=\"(max-width: 530px) 100vw, 530px\" \/><\/div><\/div><\/div>\n<\/div><\/div><\/div>\n<div id='av-layout-grid-2'  class='av-layout-grid-container entry-content-wrapper main_color av-flex-cells     avia-builder-el-6  el_after_av_layout_row  el_before_av_textblock  forus_grid_box submenu-not-first container_wrap fullsize' style=' '  ><div class=\"flex_cell no_margin av_one_third  avia-builder-el-7  el_before_av_cell_two_third  avia-builder-el-first   \" ><div class='flex_cell_inner' ><div  class='avia-image-container  av-styling-    avia-builder-el-8  avia-builder-el-no-sibling  avia-align-center '  itemprop=\"image\" itemscope=\"itemscope\" itemtype=\"https:\/\/schema.org\/ImageObject\"  ><div class='avia-image-container-inner'><div class='avia-image-overlay-wrap'><img decoding=\"async\" class='wp-image-8656 avia-img-lazy-loading-not-8656 avia_image' src=\"https:\/\/forus.eu\/wp-content\/uploads\/2024\/01\/600x300_business.jpeg\" alt='' title='600x300_business' height=\"300\" width=\"600\"  itemprop=\"thumbnailUrl\" srcset=\"https:\/\/forus.eu\/wp-content\/uploads\/2024\/01\/600x300_business.jpeg 600w, https:\/\/forus.eu\/wp-content\/uploads\/2024\/01\/600x300_business-300x150.jpeg 300w\" sizes=\"(max-width: 600px) 100vw, 600px\" \/><\/div><\/div><\/div>\n<\/div><\/div><div class=\"flex_cell no_margin av_two_third  avia-builder-el-9  el_after_av_cell_one_third  avia-builder-el-last   \" ><div class='flex_cell_inner' ><section class=\"av_textblock_section \"  itemscope=\"itemscope\" itemtype=\"https:\/\/schema.org\/CreativeWork\" ><div class='avia_textblock  '   itemprop=\"text\" ><h3><b> M\u016bsu biznesa klients ir partneris. <\/b><\/h3>\n<p>Partneris, ar kuru sadarb\u012bba nav ierobe\u017eota tikai ar m\u0113ne\u0161a r\u0113\u0137inu, bet ar kuru m\u0113s augam kop\u0101 un k\u013c\u016bstam katru dienu lab\u0101ki un veiksm\u012bg\u0101ki. Var rasties likumsakar\u012bgs jaut\u0101jums, k\u0101 m\u0113s varam k\u013c\u016bt veiksm\u012bg\u0101ki kop\u0101? Ar katru braucienu, m\u016bsu biznesa klients ieg\u016bst da\u013cu no Forus lietotnes. Vienk\u0101r\u0161i izmantojot m\u016bsu platformu tava uz\u0146\u0113muma taksometru braucieniem, m\u0113s dodam tev da\u013cu no uz\u0146\u0113muma katru reizi, kad pas\u016bti automa\u0161\u012bnu no mums. Katrs pas\u016bt\u012bjums ar\u012b palielina platformas v\u0113rt\u012bbu, t\u0101p\u0113c kop\u0101 m\u0113s k\u013c\u016bstam veiksm\u012bg\u0101ki. Forus lietotn\u0113 tu vienm\u0113r vari run\u0101t ar \u012bstu cilv\u0113ku, ja tev ir nepiecie\u0161ama jauna funkcionalit\u0101te m\u016bsu biznesa klienta vid\u0113, tavi cimdi paliku\u0161i m\u016bsu automa\u0161\u012bn\u0101, vai rodas k\u0101ds cits jaut\u0101jums.<\/p>\n<p>M\u0113s ticam, ka kop\u0101 m\u0113s esam veiksm\u012bg\u0101ki. M\u0113s ticam, ka katrs \u012bpa\u0161nieks, kur\u0161 izmanto m\u016bsu platformu, izturas pret m\u016bsu pakalpojumu sav\u0101d\u0101k, sniedz b\u016btisku un virz\u012btu atgriezenisko saiti, kad tas ir nepiecie\u0161ams, jo \u0161\u0101di m\u0113s augam kop\u0101. Sazinies ar mums un k\u013c\u016bsti par platformas \u012bpa\u0161nieku, kura pieder t\u0101s lietot\u0101jiem.<\/p>\n<\/div><\/section>\n<\/div><\/div><\/div><div id='after_submenu_2'  class='main_color av_default_container_wrap container_wrap fullsize' style=' '  ><div class='container' ><div class='template-page content  av-content-full alpha units'><div class='post-entry post-entry-type-page post-entry-9441'><div class='entry-content-wrapper clearfix'>\n<section class=\"av_textblock_section \"  itemscope=\"itemscope\" itemtype=\"https:\/\/schema.org\/CreativeWork\" ><div class='avia_textblock  '   itemprop=\"text\" ><h2>M\u016bsu partneru v\u0113rt\u012bbas<\/h2>\n<\/div><\/section>\n<div   data-autoplay='false'  data-interval='5'  data-animation='slide'  data-show_slide_delay='30'  class='avia-content-slider-element-container avia-content-slider-element-slider avia-content-slider avia-smallarrow-slider avia-content-slider-active avia-content-slider1 avia-content-slider-odd  avia-builder-el-12  el_after_av_textblock  el_before_av_textblock  forus_category_slider  av-small-hide av-mini-hide' ><div class='avia-smallarrow-slider-heading  no-content-slider-heading '><div class='new-special-heading'>&nbsp;<\/div><div class='avia-slideshow-arrows avia-slideshow-controls'><a href='#prev' class='prev-slide' aria-hidden='true' data-av_icon='\ue87c' data-av_iconfont='entypo-fontello'>Previous<\/a><a href='#next' class='next-slide' aria-hidden='true' data-av_icon='\ue87d' data-av_iconfont='entypo-fontello'>Next<\/a><\/div><\/div><div class='avia-content-slider-inner'><div class='slide-entry-wrap'><section class='slide-entry flex_column post-entry slide-entry-overview slide-loop-1 slide-parity-odd  av_one_third first'  itemscope=\"itemscope\" itemtype=\"https:\/\/schema.org\/CreativeWork\" ><div class='slide-entry-excerpt entry-content'  itemprop=\"text\" ><div class=\"icon_benefits\">\n<p><img decoding=\"async\" class=\"\" src=\"https:\/\/forus.eu\/wp-content\/uploads\/2023\/09\/US-TOKEN.png\" alt=\"\" \/><\/p>\n<h3>K\u013c\u016bstot par \u012bpa\u0161nieku<\/h3>\n<\/div>\n<p>Katrs brauciens dod tev mikroda\u013cu Forus.<\/p>\n<\/div><\/section><section class='slide-entry flex_column post-entry slide-entry-overview slide-loop-2 slide-parity-even  av_one_third '  itemscope=\"itemscope\" itemtype=\"https:\/\/schema.org\/CreativeWork\" ><div class='slide-entry-excerpt entry-content'  itemprop=\"text\" ><div class=\"icon_benefits\">\n<p><img decoding=\"async\" class=\"\" src=\"https:\/\/forus.eu\/wp-content\/uploads\/2023\/09\/B2B_CABINET.png\" alt=\"\" \/><\/p>\n<h3>Transparents<\/h3>\n<\/div>\n<p>Fiks\u0113tas cenas un pl\u0101no savus izdevumus.<\/p>\n<\/div><\/section><section class='slide-entry flex_column post-entry slide-entry-overview slide-loop-3 slide-parity-odd  av_one_third '  itemscope=\"itemscope\" itemtype=\"https:\/\/schema.org\/CreativeWork\" ><div class='slide-entry-excerpt entry-content'  itemprop=\"text\" ><div class=\"icon_benefits\">\n<p><img decoding=\"async\" class=\"\" src=\"https:\/\/forus.eu\/wp-content\/uploads\/2023\/09\/CATEGORY-LIST.png\" alt=\"\" \/><\/p>\n<h3>Izv\u0113les vien\u0101 lietotn\u0113<\/h3>\n<\/div>\n<p>Visizdev\u012bg\u0101kais ikdienas braucieniem, augst\u0101k\u0101s kvalit\u0101tes automa\u0161\u012bnas pas\u0101kumiem un svar\u012bgiem viesiem.<\/p>\n<\/div><\/section><\/div><div class='slide-entry-wrap'><section class='slide-entry flex_column post-entry slide-entry-overview slide-loop-4 slide-parity-odd  av_one_third first'  itemscope=\"itemscope\" itemtype=\"https:\/\/schema.org\/CreativeWork\" ><div class='slide-entry-excerpt entry-content'  itemprop=\"text\" ><div class=\"icon_benefits\">\n<p><img decoding=\"async\" class=\"\" src=\"https:\/\/forus.eu\/wp-content\/uploads\/2023\/09\/DRIVER-CHECK.png\" alt=\"\" \/><\/p>\n<h3>Pieredze<\/h3>\n<\/div>\n<p>Apm\u0101c\u012bti un profesion\u0101li vad\u012bt\u0101ji.<\/p>\n<\/div><\/section><section class='slide-entry flex_column post-entry slide-entry-overview slide-loop-5 slide-parity-even  post-entry-last  av_one_third '  itemscope=\"itemscope\" itemtype=\"https:\/\/schema.org\/CreativeWork\" ><div class='slide-entry-excerpt entry-content'  itemprop=\"text\" ><div class=\"icon_benefits\">\n<p><img decoding=\"async\" class=\"\" src=\"https:\/\/forus.eu\/wp-content\/uploads\/2023\/09\/REAL_SUPPORT.png\" alt=\"\" \/><\/p>\n<h3>Cilv\u0113ciska apkalpo\u0161ana<\/h3>\n<\/div>\n<p>Re\u0101la persona atbild uz numuru 1200.<\/p>\n<\/div><\/section><\/div><\/div><\/div>\n<section class=\"av_textblock_section \"  itemscope=\"itemscope\" itemtype=\"https:\/\/schema.org\/CreativeWork\" ><div class='avia_textblock  '   itemprop=\"text\" ><h2>Viegli s\u0101kt<\/h2>\n<\/div><\/section>\n<\/div><\/div><\/div><!-- close content main div --><\/div><\/div><div id='av-layout-grid-3'  class='av-layout-grid-container entry-content-wrapper main_color av-flex-cells     avia-builder-el-14  el_after_av_textblock  el_before_av_layout_row  forus_grid_box submenu-not-first container_wrap fullsize' style=' '  ><div class=\"flex_cell no_margin av_one_fourth  avia-builder-el-15  el_before_av_cell_one_fourth  avia-builder-el-first   \" ><div class='flex_cell_inner' ><section class=\"av_textblock_section \"  itemscope=\"itemscope\" itemtype=\"https:\/\/schema.org\/CreativeWork\" ><div class='avia_textblock forus_icon_heading '   itemprop=\"text\" ><h4><img decoding=\"async\" loading=\"lazy\" class=\"alignnone wp-image-6479 size-full\" src=\"https:\/\/forus.eu\/wp-content\/uploads\/2023\/09\/STEP-1.png\" alt=\"\" width=\"128\" height=\"128\" srcset=\"https:\/\/forus.eu\/wp-content\/uploads\/2023\/09\/STEP-1.png 128w, https:\/\/forus.eu\/wp-content\/uploads\/2023\/09\/STEP-1-80x80.png 80w, https:\/\/forus.eu\/wp-content\/uploads\/2023\/09\/STEP-1-36x36.png 36w\" sizes=\"(max-width: 128px) 100vw, 128px\" \/><\/h4>\n<\/div><\/section><br \/>\n<section class=\"av_textblock_section \"  itemscope=\"itemscope\" itemtype=\"https:\/\/schema.org\/CreativeWork\" ><div class='avia_textblock  '   itemprop=\"text\" ><p>Atst\u0101j mums savus datus<\/p>\n<\/div><\/section><\/p>\n<\/div><\/div><div class=\"flex_cell no_margin av_one_fourth  avia-builder-el-18  el_after_av_cell_one_fourth  el_before_av_cell_one_fourth   \" ><div class='flex_cell_inner' ><section class=\"av_textblock_section \"  itemscope=\"itemscope\" itemtype=\"https:\/\/schema.org\/CreativeWork\" ><div class='avia_textblock forus_icon_heading '   itemprop=\"text\" ><h4><img decoding=\"async\" loading=\"lazy\" class=\"alignnone wp-image-6484 size-full\" src=\"https:\/\/forus.eu\/wp-content\/uploads\/2023\/09\/STEP-2.png\" alt=\"\" width=\"128\" height=\"128\" srcset=\"https:\/\/forus.eu\/wp-content\/uploads\/2023\/09\/STEP-2.png 128w, https:\/\/forus.eu\/wp-content\/uploads\/2023\/09\/STEP-2-80x80.png 80w, https:\/\/forus.eu\/wp-content\/uploads\/2023\/09\/STEP-2-36x36.png 36w\" sizes=\"(max-width: 128px) 100vw, 128px\" \/><\/h4>\n<\/div><\/section><br \/>\n<section class=\"av_textblock_section \"  itemscope=\"itemscope\" itemtype=\"https:\/\/schema.org\/CreativeWork\" ><div class='avia_textblock  '   itemprop=\"text\" ><p class=\"p1\">M\u0113s sazin\u0101simies ar <span class=\"s1\">tevi<\/span> un uzklaus\u012bsim <span class=\"s1\">tavas<\/span> vajadz\u012bbas.<\/p>\n<\/div><\/section><\/p>\n<\/div><\/div><div class=\"flex_cell no_margin av_one_fourth  avia-builder-el-21  el_after_av_cell_one_fourth  el_before_av_cell_one_fourth   \" ><div class='flex_cell_inner' ><section class=\"av_textblock_section \"  itemscope=\"itemscope\" itemtype=\"https:\/\/schema.org\/CreativeWork\" ><div class='avia_textblock forus_icon_heading '   itemprop=\"text\" ><h4><img decoding=\"async\" loading=\"lazy\" class=\"alignnone wp-image-6489 size-full\" src=\"https:\/\/forus.eu\/wp-content\/uploads\/2023\/09\/STEP-3.png\" alt=\"\" width=\"128\" height=\"128\" srcset=\"https:\/\/forus.eu\/wp-content\/uploads\/2023\/09\/STEP-3.png 128w, https:\/\/forus.eu\/wp-content\/uploads\/2023\/09\/STEP-3-80x80.png 80w, https:\/\/forus.eu\/wp-content\/uploads\/2023\/09\/STEP-3-36x36.png 36w\" sizes=\"(max-width: 128px) 100vw, 128px\" \/><\/h4>\n<\/div><\/section><br \/>\n<section class=\"av_textblock_section \"  itemscope=\"itemscope\" itemtype=\"https:\/\/schema.org\/CreativeWork\" ><div class='avia_textblock  '   itemprop=\"text\" ><p class=\"p1\">M\u0113s izveidosim <span class=\"s1\">tev<\/span> personaliz\u0113tu pied\u0101v\u0101jumu.<\/p>\n<\/div><\/section><\/p>\n<\/div><\/div><div class=\"flex_cell no_margin av_one_fourth  avia-builder-el-24  el_after_av_cell_one_fourth  avia-builder-el-last   \" ><div class='flex_cell_inner' ><section class=\"av_textblock_section \"  itemscope=\"itemscope\" itemtype=\"https:\/\/schema.org\/CreativeWork\" ><div class='avia_textblock forus_icon_heading '   itemprop=\"text\" ><h4><img decoding=\"async\" loading=\"lazy\" class=\"alignnone wp-image-6494 size-full\" src=\"https:\/\/forus.eu\/wp-content\/uploads\/2023\/09\/STEP-4.png\" alt=\"\" width=\"128\" height=\"128\" srcset=\"https:\/\/forus.eu\/wp-content\/uploads\/2023\/09\/STEP-4.png 128w, https:\/\/forus.eu\/wp-content\/uploads\/2023\/09\/STEP-4-80x80.png 80w, https:\/\/forus.eu\/wp-content\/uploads\/2023\/09\/STEP-4-36x36.png 36w\" sizes=\"(max-width: 128px) 100vw, 128px\" \/><\/h4>\n<\/div><\/section><br \/>\n<section class=\"av_textblock_section \"  itemscope=\"itemscope\" itemtype=\"https:\/\/schema.org\/CreativeWork\" ><div class='avia_textblock  '   itemprop=\"text\" ><p class=\"p1\">M\u0113s vienm\u0113r atrad\u012bsim risin\u0101jumus un uzs\u0101ksim detaliz\u0113tu sadarb\u012bbu.<\/p>\n<\/div><\/section><\/p>\n<\/div><\/div><\/div>\n<div id='av-layout-grid-4'  class='av-layout-grid-container entry-content-wrapper main_color av-flex-cells     avia-builder-el-27  el_after_av_layout_row  el_before_av_layout_row  forus_grid_box submenu-not-first container_wrap fullsize' style=' '  ><div class=\"flex_cell no_margin av_one_full  avia-builder-el-28  avia-builder-el-no-sibling   \" ><div class='flex_cell_inner' ><section class=\"av_textblock_section \"  itemscope=\"itemscope\" itemtype=\"https:\/\/schema.org\/CreativeWork\" ><div class='avia_textblock  '   itemprop=\"text\" ><h2>Atst\u0101j savus kontaktus un tu b\u016bsi biznesa partneris 24 stundu laik\u0101<\/h2>\n<p>M\u0113s izveidosim tev personaliz\u0113tu pied\u0101v\u0101jumu atbilsto\u0161i tav\u0101m komandas vajadz\u012bb\u0101m:<\/p>\n<ul>\n<li>Par katru braucienu, tu sa\u0146em da\u013cu no Urmas S\u00f5\u00f5rumaa uz\u0146\u0113muma.<\/li>\n<li>Unik\u0101ls kilometru balst\u012bts pied\u0101v\u0101jums Igaunijas tirg\u016b.<\/li>\n<li>\u012apa\u0161s pied\u0101v\u0101jums visam 2024. gadam.<\/li>\n<\/ul>\n<\/div><\/section>\n<\/div><\/div><\/div>\n<div id='forus_b2b_form'  class='av-layout-grid-container entry-content-wrapper main_color av-flex-cells     avia-builder-el-30  el_after_av_layout_row  avia-builder-el-last  forus_grid_box submenu-not-first container_wrap fullsize' style=' '  >\n<div class=\"flex_cell no_margin av_one_half  avia-builder-el-31  el_before_av_cell_one_half  avia-builder-el-first   \" ><div class='flex_cell_inner' ><section class=\"av_textblock_section \"  itemscope=\"itemscope\" itemtype=\"https:\/\/schema.org\/CreativeWork\" ><div class='avia_textblock  '   itemprop=\"text\" >\n<div class=\"wpcf7 no-js\" id=\"wpcf7-f9445-o1\" lang=\"en-US\" dir=\"ltr\">\n<div class=\"screen-reader-response\"><p role=\"status\" aria-live=\"polite\" aria-atomic=\"true\"><\/p> <ul><\/ul><\/div>\n<form action=\"\/lv\/wp-json\/wp\/v2\/pages\/9441#wpcf7-f9445-o1\" method=\"post\" class=\"wpcf7-form init\" aria-label=\"Contact form\" novalidate=\"novalidate\" data-status=\"init\">\n<div style=\"display: none;\">\n<input type=\"hidden\" name=\"_wpcf7\" value=\"9445\" \/>\n<input type=\"hidden\" name=\"_wpcf7_version\" value=\"5.7.7\" \/>\n<input type=\"hidden\" name=\"_wpcf7_locale\" value=\"en_US\" \/>\n<input type=\"hidden\" name=\"_wpcf7_unit_tag\" value=\"wpcf7-f9445-o1\" \/>\n<input type=\"hidden\" name=\"_wpcf7_container_post\" value=\"0\" \/>\n<input type=\"hidden\" name=\"_wpcf7_posted_data_hash\" value=\"\" \/>\n<input type=\"hidden\" name=\"_wpcf7_recaptcha_response\" value=\"\" \/>\n<\/div>\n<p><label> Uz\u0146\u0113mums<br \/>\n<span class=\"wpcf7-form-control-wrap\" data-name=\"your-company\"><input size=\"40\" class=\"wpcf7-form-control wpcf7-text wpcf7-validates-as-required\" aria-required=\"true\" aria-invalid=\"false\" value=\"\" type=\"text\" name=\"your-company\" \/><\/span> <\/label>\n<\/p>\n<p><label> P\u0101rst\u0101vis<br \/>\n<span class=\"wpcf7-form-control-wrap\" data-name=\"your-name\"><input size=\"40\" class=\"wpcf7-form-control wpcf7-text wpcf7-validates-as-required\" autocomplete=\"name\" aria-required=\"true\" aria-invalid=\"false\" value=\"\" type=\"text\" name=\"your-name\" \/><\/span> <\/label>\n<\/p>\n<p><label> E-pasts<br \/>\n<span class=\"wpcf7-form-control-wrap\" data-name=\"your-email\"><input size=\"40\" class=\"wpcf7-form-control wpcf7-text wpcf7-email wpcf7-validates-as-required wpcf7-validates-as-email\" autocomplete=\"email\" aria-required=\"true\" aria-invalid=\"false\" value=\"\" type=\"email\" name=\"your-email\" \/><\/span> <\/label>\n<\/p>\n<p><label> Telefona numurs<br \/>\n<span class=\"wpcf7-form-control-wrap\" data-name=\"tel-17\"><input size=\"40\" class=\"wpcf7-form-control wpcf7-text wpcf7-tel wpcf7-validates-as-tel\" aria-invalid=\"false\" value=\"\" type=\"tel\" name=\"tel-17\" \/><\/span><\/label>\n<\/p>\n<p><input class=\"wpcf7-form-control has-spinner wpcf7-submit\" type=\"submit\" value=\"Jaut\u0101jiet tagad\" \/>\n<\/p><div class=\"wpcf7-response-output\" aria-hidden=\"true\"><\/div>\n<\/form>\n<\/div>\n\n<\/div><\/section>\n<\/div><\/div><div class=\"flex_cell no_margin av_one_half  avia-builder-el-33  el_after_av_cell_one_half  avia-builder-el-last   \" ><div class='flex_cell_inner' ><\/div><\/div><\/div>\n","protected":false},"excerpt":{"rendered":"","protected":false},"author":11,"featured_media":0,"parent":0,"menu_order":0,"comment_status":"closed","ping_status":"closed","template":"","meta":{"inline_featured_image":false},"_links":{"self":[{"href":"https:\/\/forus.eu\/lv\/wp-json\/wp\/v2\/pages\/9441"}],"collection":[{"href":"https:\/\/forus.eu\/lv\/wp-json\/wp\/v2\/pages"}],"about":[{"href":"https:\/\/forus.eu\/lv\/wp-json\/wp\/v2\/types\/page"}],"author":[{"embeddable":true,"href":"https:\/\/forus.eu\/lv\/wp-json\/wp\/v2\/users\/11"}],"replies":[{"embeddable":true,"href":"https:\/\/forus.eu\/lv\/wp-json\/wp\/v2\/comments?post=9441"}],"version-history":[{"count":4,"href":"https:\/\/forus.eu\/lv\/wp-json\/wp\/v2\/pages\/9441\/revisions"}],"predecessor-version":[{"id":12774,"href":"https:\/\/forus.eu\/lv\/wp-json\/wp\/v2\/pages\/9441\/revisions\/12774"}],"wp:attachment":[{"href":"https:\/\/forus.eu\/lv\/wp-json\/wp\/v2\/media?parent=9441"}],"curies":[{"name":"wp","href":"https:\/\/api.w.org\/{rel}","templated":true}]}}