{"id":9359,"date":"2023-04-26T11:16:56","date_gmt":"2023-04-26T11:16:56","guid":{"rendered":"https:\/\/forus.eu\/co-owner\/"},"modified":"2024-01-30T09:49:32","modified_gmt":"2024-01-30T09:49:32","slug":"co-owner","status":"publish","type":"page","link":"https:\/\/forus.eu\/lv\/co-owner\/","title":{"rendered":"Co-owner"},"content":{"rendered":"<div id='av_section_1'  class='avia-section main_color avia-section-default avia-no-border-styling  avia-bg-style-scroll  avia-builder-el-0  el_before_av_section  avia-builder-el-first   av-small-hide av-mini-hide container_wrap fullsize' style='background-repeat: no-repeat; background-image: url(https:\/\/forus.eu\/wp-content\/uploads\/2023\/01\/bg_omanik-2.jpeg);background-attachment: scroll; background-position: center center;  '  data-section-bg-repeat='no-repeat'><div class='container' ><main  role=\"main\" itemprop=\"mainContentOfPage\"  class='template-page content  av-content-full alpha units'><div class='post-entry post-entry-type-page post-entry-9359'><div class='entry-content-wrapper clearfix'>\n<div class=\"flex_column av_two_fifth  flex_column_div av-zero-column-padding first  avia-builder-el-1  avia-builder-el-no-sibling  \" style='border-radius:0px; '><section class=\"av_textblock_section \"  itemscope=\"itemscope\" itemtype=\"https:\/\/schema.org\/CreativeWork\" ><div class='avia_textblock  '   itemprop=\"text\" ><h1 style=\"color: #fff !important; font-size: 56px !important; padding-top: 120px;\">K\u0101 es varu k\u013c\u016bt par uz\u0146\u0113muma l\u012bdz\u012bpa\u0161nieku?<\/h1>\n<h5 style=\"color: #fff !important; margin-bottom: 160px;\">Ikviens, kur\u0161 s\u0101k kr\u0101t US Tokenus, izmantojot Forus lietotni, k\u013c\u016bst par platformas l\u012bdz\u012bpa\u0161nieku. Ja tagad dom\u0101: &#8220;Ko tas noz\u012bm\u0113 man person\u012bgi?&#8221;, m\u0113s tev visu izskaidrosim zem\u0101k.<\/h5>\n<\/div><\/section><\/div><\/div><\/div><\/main><!-- close content main element --><\/div><\/div><div id='av_section_2'  class='avia-section main_color avia-section-default avia-no-border-styling  avia-bg-style-scroll  avia-builder-el-3  el_after_av_section  el_before_av_section   av-desktop-hide av-medium-hide container_wrap fullsize' style='background-repeat: no-repeat; background-image: url(https:\/\/forus.eu\/wp-content\/uploads\/2023\/01\/bg_mob.jpeg);background-attachment: scroll; background-position: center center;  '  data-section-bg-repeat='no-repeat'><div class='container' ><div class='template-page content  av-content-full alpha units'><div class='post-entry post-entry-type-page post-entry-9359'><div class='entry-content-wrapper clearfix'>\n<div class=\"flex_column av_one_full  flex_column_div av-zero-column-padding first  avia-builder-el-4  avia-builder-el-no-sibling  \" style='border-radius:0px; '><section class=\"av_textblock_section \"  itemscope=\"itemscope\" itemtype=\"https:\/\/schema.org\/CreativeWork\" ><div class='avia_textblock  '   itemprop=\"text\" ><h1 style=\"color: #fff !important; font-size: 40px !important;\">K\u0101 es varu k\u013c\u016bt par uz\u0146\u0113muma l\u012bdz\u012bpa\u0161nieku?<\/h1>\n<h5 style=\"color: #fff !important; margin-bottom: 240px;\">Ikviens, kur\u0161 s\u0101k kr\u0101t US Tokenus, izmantojot Forus lietotni, k\u013c\u016bst par platformas l\u012bdz\u012bpa\u0161nieku. Ja tagad dom\u0101: &#8220;Ko tas noz\u012bm\u0113 man person\u012bgi?&#8221;, m\u0113s tev visu izskaidrosim zem\u0101k.<\/h5>\n<p><style>div#av_section_2{background-size: cover;}<\/style><\/p>\n<\/div><\/section><\/div><\/div><\/div><\/div><!-- close content main div --><\/div><\/div><div id='av_section_3'  class='avia-section main_color avia-section-default avia-no-border-styling  avia-bg-style-scroll  avia-builder-el-6  el_after_av_section  el_before_av_one_half   container_wrap fullsize' style='background-color: #2f174c;  margin-top:80; margin-bottom:80; '  ><div class='container' ><div class='template-page content  av-content-full alpha units'><div class='post-entry post-entry-type-page post-entry-9359'><div class='entry-content-wrapper clearfix'>\n<section class=\"av_textblock_section \"  itemscope=\"itemscope\" itemtype=\"https:\/\/schema.org\/CreativeWork\" ><div class='avia_textblock  '   itemprop=\"text\" ><ul class=\"center_text\" style=\"max-width: 640px; margin: 0 auto; list-style: none;\">\n<li style=\"color: #ffffff !important;\">M\u0113s kop\u0101 veidojam Forus platformu un t\u0101s v\u0113rt\u012bba katru dienu aug.<\/li>\n<li style=\"color: #ffffff !important;\">M\u0113s att\u012bst\u0101m platformu kop\u0101 ar l\u012bdz\u012bpa\u0161nieku kopienas pal\u012bdz\u012bbu un katra kopienas dal\u012bbnieka ieguld\u012bjums ir da\u013ca no kop\u0113j\u0101 pan\u0101kuma.<\/li>\n<li style=\"color: #ffffff !important;\">Kop\u0101 m\u0113s rad\u012bsim Super-Lietotni lietot\u0101jiem no visas pasaules.<\/li>\n<\/ul>\n<p><style>ul.center_text li::before {content: \"\\2022\";color: #c91235;font-weight: bold;display: inline-block;width: 1em;margin-left: -1em;}.main_color strong a:hover {color: #c91235 !important;}<\/style><\/p>\n<\/div><\/section>\n<\/div><\/div><\/div><!-- close content main div --><\/div><\/div><div id='after_section_3'  class='main_color av_default_container_wrap container_wrap fullsize' style=' '  ><div class='container' ><div class='template-page content  av-content-full alpha units'><div class='post-entry post-entry-type-page post-entry-9359'><div class='entry-content-wrapper clearfix'><div class=\"flex_column av_one_half  flex_column_div av-zero-column-padding first  avia-builder-el-8  el_after_av_section  el_before_av_one_half  avia-builder-el-first  \" style='border-radius:0px; '><div  class='avia-image-container  av-styling-    avia-builder-el-9  avia-builder-el-no-sibling  avia-align-center '  itemprop=\"image\" itemscope=\"itemscope\" itemtype=\"https:\/\/schema.org\/ImageObject\"  ><div class='avia-image-container-inner'><div class='avia-image-overlay-wrap'><img decoding=\"async\" class='wp-image-3721 avia-img-lazy-loading-not-3721 avia_image' src=\"https:\/\/forus.eu\/wp-content\/uploads\/2023\/01\/image1.jpeg\" alt='' title='image1' height=\"298\" width=\"570\"  itemprop=\"thumbnailUrl\" srcset=\"https:\/\/forus.eu\/wp-content\/uploads\/2023\/01\/image1.jpeg 570w, https:\/\/forus.eu\/wp-content\/uploads\/2023\/01\/image1-300x157.jpeg 300w\" sizes=\"(max-width: 570px) 100vw, 570px\" \/><\/div><\/div><\/div><\/div><\/p>\n<div class=\"flex_column av_one_half  flex_column_div av-zero-column-padding   avia-builder-el-10  el_after_av_one_half  el_before_av_one_half  \" style='border-radius:0px; '><section class=\"av_textblock_section \"  itemscope=\"itemscope\" itemtype=\"https:\/\/schema.org\/CreativeWork\" ><div class='avia_textblock  '   itemprop=\"text\" ><h2 style=\"color: #2f174c !important;\">L\u012bdz\u012bpa\u0161nieka viedoklis ir svar\u012bgs<\/h2>\n<p style=\"color: #180c27 !important; font-weight: 400 !important;\">Tu esi patiesi platformas l\u012bdz\u012bpa\u0161nieks, kas sniedz tev pakalpojumus. Ja tev nepat\u012bk, k\u0101 darbojas k\u0101da no funkcij\u0101m &#8211; m\u0113s dar\u012bsim visu iesp\u0113jamo, lai tavu piepras\u012bjumu \u012bstenotu t\u0101, k\u0101 to v\u0113l\u0113tos l\u012bdz\u012bpa\u0161nieki. Ja, piem\u0113ram, vad\u012bt\u0101js pied\u0101v\u0101 pakalpojumu, kuru tu k\u0101 l\u012bdz\u012bpa\u0161nieks, v\u0113lies uzlabot vai main\u012bt &#8211; m\u0113s nekav\u0113joties str\u0101d\u0101sim pie t\u0101 uzlabo\u0161anas. M\u0113s \u013coti transparenti sadarbojamies ar platformas partneriem un visi m\u016bsu vad\u012bt\u0101ji prec\u012bzi saprot, ko m\u0113s sagaid\u0101m no pakalpojuma kvalit\u0101tes l\u012bme\u0146a. Ja vad\u012bt\u0101ji neseko m\u016bsu kvalit\u0101tes standartiem, m\u0113s nevar\u0113sim turpin\u0101t ar vi\u0146iem sadarboties.<\/p>\n<\/div><\/section><\/div><div class=\"flex_column av_one_half  flex_column_div av-zero-column-padding first  avia-builder-el-12  el_after_av_one_half  el_before_av_one_half  column-top-margin\" style='border-radius:0px; '><div  class='avia-image-container  av-styling-    avia-builder-el-13  avia-builder-el-no-sibling  avia-align-center '  itemprop=\"image\" itemscope=\"itemscope\" itemtype=\"https:\/\/schema.org\/ImageObject\"  ><div class='avia-image-container-inner'><div class='avia-image-overlay-wrap'><img decoding=\"async\" class='wp-image-3726 avia-img-lazy-loading-not-3726 avia_image' src=\"https:\/\/forus.eu\/wp-content\/uploads\/2023\/01\/image2.jpeg\" alt='' title='image2' height=\"298\" width=\"570\"  itemprop=\"thumbnailUrl\" srcset=\"https:\/\/forus.eu\/wp-content\/uploads\/2023\/01\/image2.jpeg 570w, https:\/\/forus.eu\/wp-content\/uploads\/2023\/01\/image2-300x157.jpeg 300w\" sizes=\"(max-width: 570px) 100vw, 570px\" \/><\/div><\/div><\/div><\/div><\/p>\n<div class=\"flex_column av_one_half  flex_column_div av-zero-column-padding   avia-builder-el-14  el_after_av_one_half  el_before_av_one_half  column-top-margin\" style='border-radius:0px; '><section class=\"av_textblock_section \"  itemscope=\"itemscope\" itemtype=\"https:\/\/schema.org\/CreativeWork\" ><div class='avia_textblock  '   itemprop=\"text\" ><h2 style=\"color: #2f174c !important;\">Kop\u0101 m\u0113s ieg\u016bsim vair\u0101k<\/h2>\n<p style=\"color: #180c27 !important; font-weight: 400 !important;\">M\u0113s uzskat\u0101m, ka, str\u0101d\u0101jot kop\u0101, m\u0113s varam t\u0101l\u0101k virz\u012bties un dar\u012bt vair\u0101k, un pateicoties platformas past\u0101v\u0113\u0161anai, pasaule ap mums k\u013c\u016bs par lab\u0101ku vietu. T\u0101p\u0113c katra m\u016bsu lietot\u0101ja ieguld\u012bjums ir svar\u012bgs. Tava \u012bsa atsauksme vai liel\u0101ka ideja par platformas pakalpojumu ir mums \u013coti svar\u012bga.<\/p>\n<\/div><\/section><\/div><div class=\"flex_column av_one_half  flex_column_div av-zero-column-padding first  avia-builder-el-16  el_after_av_one_half  el_before_av_one_half  column-top-margin\" style='border-radius:0px; '><div  class='avia-image-container  av-styling-    avia-builder-el-17  avia-builder-el-no-sibling  avia-align-center '  itemprop=\"image\" itemscope=\"itemscope\" itemtype=\"https:\/\/schema.org\/ImageObject\"  ><div class='avia-image-container-inner'><div class='avia-image-overlay-wrap'><img decoding=\"async\" class='wp-image-3731 avia-img-lazy-loading-not-3731 avia_image' src=\"https:\/\/forus.eu\/wp-content\/uploads\/2023\/01\/image3.jpeg\" alt='' title='image3' height=\"298\" width=\"570\"  itemprop=\"thumbnailUrl\" srcset=\"https:\/\/forus.eu\/wp-content\/uploads\/2023\/01\/image3.jpeg 570w, https:\/\/forus.eu\/wp-content\/uploads\/2023\/01\/image3-300x157.jpeg 300w\" sizes=\"(max-width: 570px) 100vw, 570px\" \/><\/div><\/div><\/div><\/div><\/p>\n<div class=\"flex_column av_one_half  flex_column_div av-zero-column-padding   avia-builder-el-18  el_after_av_one_half  avia-builder-el-last  column-top-margin\" style='border-radius:0px; '><section class=\"av_textblock_section \"  itemscope=\"itemscope\" itemtype=\"https:\/\/schema.org\/CreativeWork\" ><div class='avia_textblock  '   itemprop=\"text\" ><h2 style=\"color: #2f174c !important;\">M\u016bsu l\u012bdz\u012bpa\u0161nieku idejas jau ir att\u012bst\u012bbas proces\u0101<\/h2>\n<p style=\"color: #180c27 !important; font-weight: 400 !important;\">Tavas atsauksmes vai idejas var s\u0101kt lielas p\u0101rmai\u0146as platform\u0101, <strong><a style=\"text-decoration: underline !important;\" href=\"\/arendusplaan-eng\">ko m\u0113s uzs\u0101k\u0101m p\u0113c koment\u0101ru sa\u0146em\u0161anas no m\u016bsu lietot\u0101jiem.<\/a><\/strong><\/p>\n<p style=\"color: #180c27 !important; font-weight: 400 !important;\"><strong><a style=\"text-decoration: underline !important;\" href=\"https:\/\/forus.eu\/lv\/ustoken\/\">Tu vari uzzin\u0101t vair\u0101k par to<\/a><\/strong>, k\u0101 p\u0101rs\u016bt\u012bt tokenus un k\u0101dos apst\u0101k\u013cos n\u0101kotn\u0113 var\u0113si tos s\u0101kt tirgot<\/p>\n<\/div><\/section><\/div>\n","protected":false},"excerpt":{"rendered":"","protected":false},"author":11,"featured_media":0,"parent":0,"menu_order":0,"comment_status":"closed","ping_status":"closed","template":"","meta":{"inline_featured_image":false},"_links":{"self":[{"href":"https:\/\/forus.eu\/lv\/wp-json\/wp\/v2\/pages\/9359"}],"collection":[{"href":"https:\/\/forus.eu\/lv\/wp-json\/wp\/v2\/pages"}],"about":[{"href":"https:\/\/forus.eu\/lv\/wp-json\/wp\/v2\/types\/page"}],"author":[{"embeddable":true,"href":"https:\/\/forus.eu\/lv\/wp-json\/wp\/v2\/users\/11"}],"replies":[{"embeddable":true,"href":"https:\/\/forus.eu\/lv\/wp-json\/wp\/v2\/comments?post=9359"}],"version-history":[{"count":2,"href":"https:\/\/forus.eu\/lv\/wp-json\/wp\/v2\/pages\/9359\/revisions"}],"predecessor-version":[{"id":9360,"href":"https:\/\/forus.eu\/lv\/wp-json\/wp\/v2\/pages\/9359\/revisions\/9360"}],"wp:attachment":[{"href":"https:\/\/forus.eu\/lv\/wp-json\/wp\/v2\/media?parent=9359"}],"curies":[{"name":"wp","href":"https:\/\/api.w.org\/{rel}","templated":true}]}}