{"id":9310,"date":"2023-11-15T11:15:16","date_gmt":"2023-11-15T11:15:16","guid":{"rendered":"https:\/\/forus.eu\/services\/"},"modified":"2024-04-30T08:16:04","modified_gmt":"2024-04-30T08:16:04","slug":"services","status":"publish","type":"page","link":"https:\/\/forus.eu\/lv\/services\/","title":{"rendered":"M\u016bsu pakalpojumi"},"content":{"rendered":"<div id='av-layout-grid-1'  class='av-layout-grid-container entry-content-wrapper main_color av-flex-cells     avia-builder-el-0  el_before_av_layout_row  avia-builder-el-first  forus_grid_box container_wrap fullsize' style=' '  >\n<div class=\"flex_cell no_margin av_one_half  avia-builder-el-1  el_before_av_cell_one_half  avia-builder-el-first  forus_hero_block  \"  style='vertical-align:top; ' ><div class='flex_cell_inner' ><section class=\"av_textblock_section \"  itemscope=\"itemscope\" itemtype=\"https:\/\/schema.org\/CreativeWork\" ><div class='avia_textblock  '   itemprop=\"text\" ><h1 style=\"margin-top: 64px;\">Viss kop\u0101 Forus lietotn\u0113<\/h1>\n<\/div><\/section><br \/>\n<section class=\"av_textblock_section \"  itemscope=\"itemscope\" itemtype=\"https:\/\/schema.org\/CreativeWork\" ><div class='avia_textblock  '   itemprop=\"text\" ><h4>Izmanto m\u016bsu partneru pakalpojumus caur Forus lietotni un pelni US Tokenus ar katru pirkumu.<\/h4>\n<\/div><\/section><br \/>\n<section class=\"av_textblock_section \"  itemscope=\"itemscope\" itemtype=\"https:\/\/schema.org\/CreativeWork\" ><div class='avia_textblock forus_download_link '   itemprop=\"text\" ><p><img decoding=\"async\" src=\"https:\/\/forus.eu\/wp-content\/uploads\/2023\/07\/download_icon.png\" \/><\/p>\n<h5>Lejupiel\u0101d\u0113 lietotni<\/h5>\n<\/div><\/section><br \/>\n<section class=\"av_textblock_section \"  itemscope=\"itemscope\" itemtype=\"https:\/\/schema.org\/CreativeWork\" ><div class='avia_textblock forus_badges '   itemprop=\"text\" ><p><a href=\"https:\/\/apps.apple.com\/ee\/app\/taxigo-app\/id935061987\"><img decoding=\"async\" loading=\"lazy\" class=\"alignnone size-full wp-image-5605\" src=\"https:\/\/forus.eu\/wp-content\/uploads\/2024\/01\/app-store-lv.svg\" alt=\"\" width=\"240\" height=\"80\" \/><\/a><a href=\"https:\/\/play.google.com\/store\/apps\/details?id=com.taxigo.ee\"><img decoding=\"async\" loading=\"lazy\" class=\"alignnone size-full wp-image-5610\" src=\"https:\/\/forus.eu\/wp-content\/uploads\/2024\/01\/googleplay-label-lv.svg\" alt=\"\" width=\"270\" height=\"80\" \/><\/a><\/p>\n<\/div><\/section><\/p>\n<\/div><\/div><div class=\"flex_cell no_margin av_one_half  avia-builder-el-6  el_after_av_cell_one_half  avia-builder-el-last   \" ><div class='flex_cell_inner' ><div  class='avia-image-container  av-styling-    avia-builder-el-7  avia-builder-el-no-sibling  avia-align-center '  itemprop=\"image\" itemscope=\"itemscope\" itemtype=\"https:\/\/schema.org\/ImageObject\"  ><div class='avia-image-container-inner'><div class='avia-image-overlay-wrap'><img decoding=\"async\" class='wp-image-11087 avia-img-lazy-loading-not-11087 avia_image' src=\"https:\/\/forus.eu\/wp-content\/uploads\/2024\/04\/webslava-1030x1030.png\" alt='' title='' height=\"1030\" width=\"1030\"  itemprop=\"thumbnailUrl\" srcset=\"https:\/\/forus.eu\/wp-content\/uploads\/2024\/04\/webslava-1030x1030.png 1030w, https:\/\/forus.eu\/wp-content\/uploads\/2024\/04\/webslava-300x300.png 300w, https:\/\/forus.eu\/wp-content\/uploads\/2024\/04\/webslava-80x80.png 80w, https:\/\/forus.eu\/wp-content\/uploads\/2024\/04\/webslava-768x768.png 768w, https:\/\/forus.eu\/wp-content\/uploads\/2024\/04\/webslava-1536x1536.png 1536w, https:\/\/forus.eu\/wp-content\/uploads\/2024\/04\/webslava-36x36.png 36w, https:\/\/forus.eu\/wp-content\/uploads\/2024\/04\/webslava-180x180.png 180w, https:\/\/forus.eu\/wp-content\/uploads\/2024\/04\/webslava-1500x1500.png 1500w, https:\/\/forus.eu\/wp-content\/uploads\/2024\/04\/webslava-705x705.png 705w, https:\/\/forus.eu\/wp-content\/uploads\/2024\/04\/webslava.png 1852w\" sizes=\"(max-width: 1030px) 100vw, 1030px\" \/><\/div><\/div><\/div>\n<\/div><\/div><\/div><div id='av-layout-grid-2'  class='av-layout-grid-container entry-content-wrapper main_color av-flex-cells   av-desktop-hide av-medium-hide av-small-hide av-mini-hide   avia-builder-el-8  el_after_av_layout_row  el_before_av_layout_row  forus_grid_box submenu-not-first container_wrap fullsize' style=' '  ><div class=\"flex_cell no_margin av_one_half  avia-builder-el-9  el_before_av_cell_one_half  avia-builder-el-first   \" ><div class='flex_cell_inner' ><div  class='avia-image-container  av-styling-    avia-builder-el-10  avia-builder-el-no-sibling  avia-align-center '  itemprop=\"image\" itemscope=\"itemscope\" itemtype=\"https:\/\/schema.org\/ImageObject\"  ><div class='avia-image-container-inner'><div class='avia-image-overlay-wrap'><img decoding=\"async\" class='wp-image-7624 avia-img-lazy-loading-not-7624 avia_image' src=\"https:\/\/forus.eu\/wp-content\/uploads\/2023\/11\/fudy.jpg\" alt='' title='fudy' height=\"300\" width=\"600\"  itemprop=\"thumbnailUrl\" srcset=\"https:\/\/forus.eu\/wp-content\/uploads\/2023\/11\/fudy.jpg 600w, https:\/\/forus.eu\/wp-content\/uploads\/2023\/11\/fudy-300x150.jpg 300w\" sizes=\"(max-width: 600px) 100vw, 600px\" \/><\/div><\/div><\/div>\n<\/div><\/div><div class=\"flex_cell no_margin av_one_half  avia-builder-el-11  el_after_av_cell_one_half  avia-builder-el-last   \" ><div class='flex_cell_inner' ><section class=\"av_textblock_section \"  itemscope=\"itemscope\" itemtype=\"https:\/\/schema.org\/CreativeWork\" ><div class='avia_textblock  '   itemprop=\"text\" ><h3>600+ restorani Forus \u00e4pis<\/h3>\n<p>Meie partner on Fudy<\/p>\n<p><span style=\"color: #c91235;\">Iga tellimusega l\u00e4bi Forust kogud US Tokeneid<\/span><\/p>\n<p>Fudy on Eestis loodud toidukullerteenus. T\u00e4naseks on Fudyga platvormiga liitunud \u00fcle 600 restorani ja tellimislahendust kasutavad juba ka hotellid. Lisaks toidu kohaleveole pakub Fudy restoranides koha peal tellimuste haldamise lahendust. Seda nii Helsingis kui ka Tallinnas, Tartus, P\u00e4rnus, Kuressaares, Viljandis, Narvas ja J\u00f5hvis.<\/p>\n<\/div><\/section>\n<\/div><\/div><\/div><\/p>\n<div id='av-layout-grid-3'  class='av-layout-grid-container entry-content-wrapper main_color av-flex-cells     avia-builder-el-13  el_after_av_layout_row  el_before_av_layout_row  forus_grid_box submenu-not-first container_wrap fullsize' style=' '  ><div class=\"flex_cell no_margin av_one_half  avia-builder-el-14  el_before_av_cell_one_half  avia-builder-el-first   \" ><div class='flex_cell_inner' ><div  class='avia-image-container  av-styling-    avia-builder-el-15  avia-builder-el-no-sibling  avia-align-center '  itemprop=\"image\" itemscope=\"itemscope\" itemtype=\"https:\/\/schema.org\/ImageObject\"  ><div class='avia-image-container-inner'><div class='avia-image-overlay-wrap'><img decoding=\"async\" class='wp-image-8583 avia-img-lazy-loading-not-8583 avia_image' src=\"https:\/\/forus.eu\/wp-content\/uploads\/2024\/01\/autolevi.jpg\" alt='' title='autolevi' height=\"300\" width=\"600\"  itemprop=\"thumbnailUrl\" srcset=\"https:\/\/forus.eu\/wp-content\/uploads\/2024\/01\/autolevi.jpg 600w, https:\/\/forus.eu\/wp-content\/uploads\/2024\/01\/autolevi-300x150.jpg 300w\" sizes=\"(max-width: 600px) 100vw, 600px\" \/><\/div><\/div><\/div>\n<\/div><\/div><div class=\"flex_cell no_margin av_one_half  avia-builder-el-16  el_after_av_cell_one_half  avia-builder-el-last   \" ><div class='flex_cell_inner' ><section class=\"av_textblock_section \"  itemscope=\"itemscope\" itemtype=\"https:\/\/schema.org\/CreativeWork\" ><div class='avia_textblock  '   itemprop=\"text\" ><h3>2200+ automa\u0161\u012bnas Igaunij\u0101, Latvij\u0101 un Somij\u0101<\/h3>\n<p>Nomas auto pat no tavas m\u0101jas \u0101rpuses.<\/p>\n<p>M\u016bsu re\u0123iona liel\u0101k\u0101 personu automa\u0161\u012bnu dal\u012b\u0161anas platforma ir Forus Autolevi, kur ikviens dro\u0161i var iz\u012br\u0113t savu auto citiem labiem cilv\u0113kiem. Pla\u0161s da\u017e\u0101du z\u012bmolu automobi\u013cu kl\u0101sts parasti atrodas tikai 5-10 min\u016b\u0161u g\u0101jiena att\u0101lum\u0101. Autolevi pied\u0101v\u0101 ikvienam iesp\u0113ju nopeln\u012bt, iz\u012br\u0113jot savu auto caur m\u016bsu platformu. P\u0101rveido automa\u0161\u012bnas uztur\u0113\u0161anas izdevumus par papildus ien\u0101kumu avotu!<\/p>\n<\/div><\/section><br \/>\n<section class=\"av_textblock_section \"  itemscope=\"itemscope\" itemtype=\"https:\/\/schema.org\/CreativeWork\" ><div class='avia_textblock forus_text_link '   itemprop=\"text\" ><p><a href=\"https:\/\/forus.eu\/lv\/autolevi\/\">uzzini vair\u0101k<\/a><\/p>\n<\/div><\/section><\/p>\n<\/div><\/div><\/div>\n<div id='forus_tuul'  class='av-layout-grid-container entry-content-wrapper main_color av-flex-cells     avia-builder-el-19  el_after_av_layout_row  avia-builder-el-last  forus_grid_box submenu-not-first container_wrap fullsize' style=' '  ><div class=\"flex_cell no_margin av_one_half  avia-builder-el-20  el_before_av_cell_one_half  avia-builder-el-first   \" ><div class='flex_cell_inner' ><div  class='avia-image-container  av-styling-    avia-builder-el-21  avia-builder-el-no-sibling  avia-align-center '  itemprop=\"image\" itemscope=\"itemscope\" itemtype=\"https:\/\/schema.org\/ImageObject\"  ><div class='avia-image-container-inner'><div class='avia-image-overlay-wrap'><img decoding=\"async\" class='wp-image-7636 avia-img-lazy-loading-not-7636 avia_image' src=\"https:\/\/forus.eu\/wp-content\/uploads\/2023\/11\/tuul.jpg\" alt='' title='tuul' height=\"300\" width=\"600\"  itemprop=\"thumbnailUrl\" srcset=\"https:\/\/forus.eu\/wp-content\/uploads\/2023\/11\/tuul.jpg 600w, https:\/\/forus.eu\/wp-content\/uploads\/2023\/11\/tuul-300x150.jpg 300w\" sizes=\"(max-width: 600px) 100vw, 600px\" \/><\/div><\/div><\/div>\n<\/div><\/div><div class=\"flex_cell no_margin av_one_half  avia-builder-el-22  el_after_av_cell_one_half  avia-builder-el-last   \" ><div class='flex_cell_inner' ><section class=\"av_textblock_section \"  itemscope=\"itemscope\" itemtype=\"https:\/\/schema.org\/CreativeWork\" ><div class='avia_textblock  '   itemprop=\"text\" ><h3>3 000+ sk\u016bteri kop\u0101<\/h3>\n<p>Iztur\u012bgi un dabai draudz\u012bgi Tuul sk\u016bteri.<\/p>\n<p><span style=\"color: #c91235;\"> Ar katru pas\u016bt\u012bjumu caur Forus, tu k\u013c\u016bsti par US Tokenu \u012bpa\u0161nieku.<\/span><\/p>\n<p>Tuul ir elektro sk\u016bteris, ko izstr\u0101d\u0101jis pasaules l\u012bderis elektro sk\u016bteru un e-velosip\u0113du modu\u013cos Comodule. Tuul misija ir pied\u0101v\u0101t videi draudz\u012bgu, efekt\u012bvu un \u0113rtu transporta veidu, bag\u0101tinot pils\u0113tas dz\u012bvesveidu, samazinot ekolo\u0123isko p\u0113du nospiedumu un pils\u0113tas troksni.<\/p>\n<p><style>.forus_info_alert{display: flex; justify-content: flex-start; align-items: center;gap:16px;}<\/style><\/p>\n<\/div><\/section>\n<\/div><\/div><\/div>\n","protected":false},"excerpt":{"rendered":"","protected":false},"author":11,"featured_media":0,"parent":0,"menu_order":0,"comment_status":"closed","ping_status":"closed","template":"","meta":{"inline_featured_image":false},"_links":{"self":[{"href":"https:\/\/forus.eu\/lv\/wp-json\/wp\/v2\/pages\/9310"}],"collection":[{"href":"https:\/\/forus.eu\/lv\/wp-json\/wp\/v2\/pages"}],"about":[{"href":"https:\/\/forus.eu\/lv\/wp-json\/wp\/v2\/types\/page"}],"author":[{"embeddable":true,"href":"https:\/\/forus.eu\/lv\/wp-json\/wp\/v2\/users\/11"}],"replies":[{"embeddable":true,"href":"https:\/\/forus.eu\/lv\/wp-json\/wp\/v2\/comments?post=9310"}],"version-history":[{"count":7,"href":"https:\/\/forus.eu\/lv\/wp-json\/wp\/v2\/pages\/9310\/revisions"}],"predecessor-version":[{"id":11094,"href":"https:\/\/forus.eu\/lv\/wp-json\/wp\/v2\/pages\/9310\/revisions\/11094"}],"wp:attachment":[{"href":"https:\/\/forus.eu\/lv\/wp-json\/wp\/v2\/media?parent=9310"}],"curies":[{"name":"wp","href":"https:\/\/api.w.org\/{rel}","templated":true}]}}