{"id":5415,"date":"2023-06-16T09:22:36","date_gmt":"2023-06-16T09:22:36","guid":{"rendered":"https:\/\/forus.eu\/ralli-copy\/"},"modified":"2023-06-21T08:07:24","modified_gmt":"2023-06-21T08:07:24","slug":"ralli","status":"publish","type":"page","link":"https:\/\/forus.eu\/lv\/ralli\/","title":{"rendered":"Ralli"},"content":{"rendered":"<div id='av_section_1'  class='avia-section main_color avia-section-default avia-no-border-styling  avia-bg-style-scroll  avia-builder-el-0  el_before_av_section  avia-builder-el-first   av-small-hide av-mini-hide av-minimum-height av-minimum-height-custom  av-section-with-video-bg container_wrap fullsize' style=' '   data-section-video-ratio='16:9'><div   data-size='featured'  data-lightbox_size='large'  data-animation='slide'  data-conditional_play=''  data-ids=''  data-video_counter='1'  data-autoplay='false'  data-bg_slider='false'  data-slide_height=''  data-handle=''  data-interval='5'  data-class=' av-section-video-bg'  data-el_id=''  data-css_id=''  data-scroll_down=''  data-control_layout=''  data-custom_markup=''  data-perma_caption=''  data-autoplay_stopper=''  data-image_attachment=''  data-min_height='0px'  data-lazy_loading='disabled'  data-default-height='28.666666666667'  class='avia-slideshow avia-slideshow-1  av-default-height-applied avia-slideshow-featured   av-section-video-bg avia-slide-slider '  itemprop=\"image\" itemscope=\"itemscope\" itemtype=\"https:\/\/schema.org\/ImageObject\" ><ul class='avia-slideshow-inner ' style='padding-bottom: 28.666666666667%;' ><li  data-controls='disabled' data-mute='aviaTBaviaTBvideo_mute' data-loop='1' data-disable-autoplay=''  data-video-ratio='3.4883720930233' class=' av-video-slide  av-video-service-html5  av-hide-video-controls av-mute-video av-loop-video av-single-slide slide-1 ' ><div data-rel='slideshow-1' class='avia-slide-wrap '   ><div class='av-click-overlay'><\/div><video class='avia_video'  autoplay loop preload=\"metadata\" muted  id='player_5415_658456725_681391171'><source src=\"https:\/\/forus.eu\/wp-content\/uploads\/2023\/06\/1920x1080_rally_bg.mp4\" type=\"video\/mp4\" \/><\/video><div class='av-click-to-play-overlay'><div class=\"avia_playpause_icon\"><\/div><\/div><\/div><\/li><\/ul><\/div><div class='container' style='height:380px'><main  role=\"main\" itemprop=\"mainContentOfPage\"  class='template-page content  av-content-full alpha units'><div class='post-entry post-entry-type-page post-entry-5415'><div class='entry-content-wrapper clearfix'>\n<div class=\"flex_column av_one_half  flex_column_div av-zero-column-padding first  avia-builder-el-1  avia-builder-el-no-sibling  \" style='border-radius:0px; '><section class=\"av_textblock_section \"  itemscope=\"itemscope\" itemtype=\"https:\/\/schema.org\/CreativeWork\" ><div class='avia_textblock  '   itemprop=\"text\" ><h1 style=\"font-size: 48px !important; margin: 0 0 40px; color: #ffffff !important;\"><strong>Laim\u0113 rallija pieredzi blakuss\u0113d\u0113t\u0101ja s\u0113dekl\u012b kop\u0101 ar Ott T\u00e4nak<\/strong><\/h1>\n<\/div><\/section><br \/>\n<section class=\"av_textblock_section \"  itemscope=\"itemscope\" itemtype=\"https:\/\/schema.org\/CreativeWork\" ><div class='avia_textblock  '   itemprop=\"text\" ><h5 style=\"color: #ffffff !important;\">M\u0113s esam p\u0101rliecin\u0101ti, ka vair\u0101k cilv\u0113ku ir biju\u0161i uz M\u0113ness nek\u0101 brauku\u0161i blakus kop\u0101 ar Ott T\u00e4nak vi\u0146a WRC rallija sacens\u012bbu auto.<br \/>\nM\u0113s dodam iesp\u0113ju laim\u0113t rallija pieredzi 2 person\u0101m, ko nauda nesp\u0113j nopirkt.<\/h5>\n<\/div><\/section><\/p><\/div>\n\n<\/div><\/div><\/main><!-- close content main element --><\/div><\/div><div id='av_section_2'  class='avia-section main_color avia-section-default avia-no-border-styling  avia-bg-style-scroll  avia-builder-el-4  el_after_av_section  el_before_av_section   av-desktop-hide av-medium-hide av-section-with-video-bg container_wrap fullsize' style=' '   data-section-video-ratio='5:8'><div   data-size='featured'  data-lightbox_size='large'  data-animation='slide'  data-conditional_play=''  data-ids=''  data-video_counter='1'  data-autoplay='false'  data-bg_slider='false'  data-slide_height=''  data-handle=''  data-interval='5'  data-class=' av-section-video-bg'  data-el_id=''  data-css_id=''  data-scroll_down=''  data-control_layout=''  data-custom_markup=''  data-perma_caption=''  data-autoplay_stopper=''  data-image_attachment=''  data-min_height='0px'  data-lazy_loading='disabled'  data-default-height='28.666666666667'  class='avia-slideshow avia-slideshow-2  av-default-height-applied avia-slideshow-featured   av-section-video-bg avia-slide-slider '  itemprop=\"image\" itemscope=\"itemscope\" itemtype=\"https:\/\/schema.org\/ImageObject\" ><ul class='avia-slideshow-inner ' style='padding-bottom: 28.666666666667%;' ><li  data-controls='disabled' data-mute='aviaTBaviaTBvideo_mute' data-loop='1' data-disable-autoplay=''  data-video-ratio='3.4883720930233' class=' av-video-slide  av-video-service-html5  av-hide-video-controls av-mute-video av-loop-video av-single-slide slide-1 ' ><div data-rel='slideshow-2' class='avia-slide-wrap '   ><div class='av-click-overlay'><\/div><video class='avia_video'  autoplay loop preload=\"metadata\" muted  id='player_5415_38508138_176678283'><source src=\"https:\/\/forus.eu\/wp-content\/uploads\/2023\/06\/600x960_rally_bg.mp4\" type=\"video\/mp4\" \/><\/video><div class='av-click-to-play-overlay'><div class=\"avia_playpause_icon\"><\/div><\/div><\/div><\/li><\/ul><\/div><div class='container' ><div class='template-page content  av-content-full alpha units'><div class='post-entry post-entry-type-page post-entry-5415'><div class='entry-content-wrapper clearfix'>\n<div class=\"flex_column av_one_half  flex_column_div av-zero-column-padding first  avia-builder-el-5  avia-builder-el-no-sibling  \" style='border-radius:0px; '><section class=\"av_textblock_section \"  itemscope=\"itemscope\" itemtype=\"https:\/\/schema.org\/CreativeWork\" ><div class='avia_textblock  '   itemprop=\"text\" ><h1 style=\"font-size: 48px !important; margin: 0 0 40px; color: #ffffff !important;\"><strong>Laim\u0113 rallija pieredzi blakuss\u0113d\u0113t\u0101ja s\u0113dekl\u012b kop\u0101 ar Ott T\u00e4nak<\/strong><\/h1>\n<\/div><\/section><br \/>\n<section class=\"av_textblock_section \"  itemscope=\"itemscope\" itemtype=\"https:\/\/schema.org\/CreativeWork\" ><div class='avia_textblock  '   itemprop=\"text\" ><h5 style=\"color: #ffffff !important;\">M\u0113s esam p\u0101rliecin\u0101ti, ka vair\u0101k cilv\u0113ku ir biju\u0161i uz M\u0113ness nek\u0101 brauku\u0161i blakus kop\u0101 ar Ott T\u00e4nak vi\u0146a WRC rallija sacens\u012bbu auto.<br \/>\nM\u0113s dodam iesp\u0113ju laim\u0113t rallija pieredzi 2 person\u0101m, ko nauda nesp\u0113j nopirkt.<\/h5>\n<\/div><\/section><\/p><\/div>\n\n<\/div><\/div><\/div><!-- close content main div --><\/div><\/div><div id='av_section_3'  class='avia-section main_color avia-section-default avia-no-border-styling  avia-bg-style-scroll  avia-builder-el-8  el_after_av_section  el_before_av_section   container_wrap fullsize' style=' '  ><div class='container' ><div class='template-page content  av-content-full alpha units'><div class='post-entry post-entry-type-page post-entry-5415'><div class='entry-content-wrapper clearfix'>\n<div class=\"flex_column av_three_fourth  flex_column_div av-zero-column-padding first  avia-builder-el-9  el_before_av_three_fourth  avia-builder-el-first  \" style='border-radius:0px; '><section class=\"av_textblock_section \"  itemscope=\"itemscope\" itemtype=\"https:\/\/schema.org\/CreativeWork\" ><div class='avia_textblock  '   itemprop=\"text\" ><h2 style=\"color: #2f174c !important;\">K\u0101 piedal\u012bties izloz\u0113?<\/h2>\n<\/div><\/section><br \/>\n<section class=\"av_textblock_section \"  itemscope=\"itemscope\" itemtype=\"https:\/\/schema.org\/CreativeWork\" ><div class='avia_textblock  '   itemprop=\"text\" ><ul class=\"center_text\" style=\"margin: 0 auto; list-style: none;\">\n<li style=\"color: #180c27 !important; font-weight: 500 !important; font-family: 'Montserrat'!important;\">Atver Forus lietotni, dodies uz US Tokeni sada\u013cu un spied <strong>\u201cBrauciens ar Ott T\u00e4nak&#8221;.<\/strong><\/li>\n<li style=\"color: #180c27 !important; font-weight: 500 !important; font-family: 'Montserrat'!important;\">Ja tev v\u0113l nav Forus lietotne, lejupiel\u0101d\u0113 to Apple store vai Google play bez maksas.<\/li>\n<li style=\"color: #180c27 !important; font-weight: 500 !important; font-family: 'Montserrat'!important;\">Tu vari piedal\u012bties izloz\u0113 l\u012bdz 29.06.2023.<\/li>\n<li style=\"color: #180c27 !important; font-weight: 500 !important; font-family: 'Montserrat'!important;\">M\u0113s izloz\u0113sim un pazi\u0146osim uzvar\u0113t\u0101ju 30.06.2023.<\/li>\n<\/ul>\n<style>ul.center_text li::before {content: \"\\2022\";color: #c91235;font-weight: bold;display: inline-block;width: 1em;margin-left: -1em;}.main_color strong a:hover {color: #c91235 !important;}div .av_three_fourth.avia-builder-el-9,div .av_three_fourth.avia-builder-el-12, .av_three_fourth.avia-builder-el-32, .av_three_fourth.avia-builder-el-33{transform: translate(-50%);left: 50%;}div#av_section_1 {padding: 90px 0;}<\/style>\n<\/div><\/section><\/p><\/div><div class=\"flex_column av_three_fourth  flex_column_div av-zero-column-padding first  avia-builder-el-12  el_after_av_three_fourth  avia-builder-el-last  column-top-margin\" style='border-radius:0px; '><div  class='avia-video avia-video-16-9   av-lazyload-immediate  av-lazyload-video-embed  '   itemprop=\"video\" itemtype=\"https:\/\/schema.org\/VideoObject\"  data-original_url='https:\/\/youtu.be\/EmvuGlVw15I' ><script type='text\/html' class='av-video-tmpl'><div class='avia-iframe-wrap'><iframe title=\"V\u00f5ida rallielamus Ott T\u00e4naku k\u00f5rvalistmel\" width=\"1500\" height=\"844\" src=\"https:\/\/www.youtube.com\/embed\/EmvuGlVw15I?feature=oembed&autoplay=1&loop=1&controls=1&mute=1\" frameborder=\"0\" allow=\"accelerometer; autoplay; clipboard-write; encrypted-media; gyroscope; picture-in-picture; web-share\" allowfullscreen><\/iframe><\/div><\/script><div class='av-click-to-play-overlay'><div class=\"avia_playpause_icon\"><\/div><\/div><\/div><\/div>\n\n<\/div><\/div><\/div><!-- close content main div --><\/div><\/div><div id='av_section_4'  class='avia-section main_color avia-section-default avia-no-border-styling  avia-bg-style-scroll  avia-builder-el-14  el_after_av_section  el_before_av_section   container_wrap fullsize' style=' '  ><div class='container' ><div class='template-page content  av-content-full alpha units'><div class='post-entry post-entry-type-page post-entry-5415'><div class='entry-content-wrapper clearfix'>\n<div class=\"flex_column av_one_half  flex_column_div av-zero-column-padding first  avia-builder-el-15  el_before_av_one_half  avia-builder-el-first  \" style='border-radius:0px; '><section class=\"av_textblock_section \"  itemscope=\"itemscope\" itemtype=\"https:\/\/schema.org\/CreativeWork\" ><div class='avia_textblock  '   itemprop=\"text\" ><h2 style=\"color: #2f174c !important;\">Izlozes inform\u0101cija<\/h2>\n<\/div><\/section><br \/>\n<section class=\"av_textblock_section \"  itemscope=\"itemscope\" itemtype=\"https:\/\/schema.org\/CreativeWork\" ><div class='avia_textblock  '   itemprop=\"text\" ><ul class=\"center_text\" style=\"margin: 0 auto; list-style: none;\">\n<li style=\"color: #180c27 !important; font-weight: 500 !important; font-family: 'Montserrat'!important;\">Divi blakuss\u0113d\u0113t\u0101ja braucieni tiks izloz\u0113t.<\/li>\n<li style=\"color: #180c27 !important; font-weight: 500 !important; font-family: 'Montserrat'!important;\">Brauciens ar Ott\u00a0<span class=\"contentpasted4\">T\u00e4nak notiks no 4. &#8211; 7. j\u016blijam.<\/span><\/li>\n<li style=\"color: #180c27 !important; font-weight: 500 !important; font-family: 'Montserrat'!important;\">M\u0113s nos\u016bt\u012bsim detaliz\u0113tu inform\u0101ciju uzvar\u0113t\u0101jiem 30. j\u016bnij\u0101.<\/li>\n<li style=\"color: #180c27 !important; font-weight: 500 !important; font-family: 'Montserrat'!important;\">Rallija brauciens notiks Ford Puma Rally 1 automa\u0161\u012bn\u0101.<\/li>\n<li style=\"color: #180c27 !important; font-weight: 500 !important; font-family: 'Montserrat'!important;\">Minim\u0101lais vecums, lai piedal\u012btos blakus braucien\u0101 16 gadi (ar vec\u0101ku rakstisku at\u013cauju).<\/li>\n<li style=\"color: #180c27 !important; font-weight: 500 !important; font-family: 'Montserrat'!important;\">Paredzam\u0101 brauciena vieta ir Dienvidigaunija.<\/li>\n<\/ul>\n<\/div><\/section><br \/>\n<div   class=\"togglecontainer   toggle_close_all  avia-builder-el-18  el_after_av_textblock  avia-builder-el-last \" >\n<section class=\"av_toggle_section\"  itemscope=\"itemscope\" itemtype=\"https:\/\/schema.org\/CreativeWork\"  >    <div role=\"tablist\" class=\"single_toggle\" data-tags=\"{All} \"  >        <p data-fake-id=\"#toggle-id-1\" class=\"toggler \"  itemprop=\"headline\"    role=\"tab\" tabindex=\"0\" aria-controls=\"toggle-id-1\">Nosac\u012bjumi:<span class=\"toggle_icon\" >        <span class=\"vert_icon\"><\/span><span class=\"hor_icon\"><\/span><\/span><\/p>        <div id=\"toggle-id-1\" class=\"toggle_wrap \"   >            <div class=\"toggle_content invers-color \"  itemprop=\"text\"   ><ul class=\"center_text\" style=\"margin: 0 auto; list-style: none;\">\n<li style=\"color: #180c27 !important; font-weight: 500 !important; font-family: 'Montserrat'!important;\">Izlozes r\u012bkot\u0101js ir Forus Taxi O\u00dc, re\u0123istr\u0101cijas kods 12600455, adrese &#8211; Rotermanni 8, 10111 Tallinn.<\/li>\n<li style=\"color: #180c27 !important; font-weight: 500 !important; font-family: 'Montserrat'!important;\">Kampa\u0146as periods: 15. &#8211; 29.06.2023.<\/li>\n<li style=\"color: #180c27 !important; font-weight: 500 !important; font-family: 'Montserrat'!important;\">Uzvar\u0113t\u0101ji tiks izloz\u0113ti izmantojot nejau\u0161o skait\u013cu \u0123eneratoru 30.06.2023 un kampa\u0146as r\u012bkot\u0101js sazin\u0101sies ar uzvar\u0113t\u0101jiem caur e &#8211; pastu vai telefona numuru ne v\u0113l\u0101k k\u0101 01.07.2023.<\/li>\n<li style=\"color: #180c27 !important; font-weight: 500 !important; font-family: 'Montserrat'!important;\">Visi Forus lietotnes lietot\u0101ji, kuri ir re\u0123istr\u0113ju\u0161ies un apstiprin\u0101ju\u0161i savu v\u0113lmi piedal\u012bties izloz\u0113 US Tokenu lietotnes sada\u013c\u0101, piedal\u0101s \u0161aj\u0101 kampa\u0146\u0101.<\/li>\n<li style=\"color: #180c27 !important; font-weight: 500 !important; font-family: 'Montserrat'!important;\">Balvu iesp\u0113jams sa\u0146emt organizatora nor\u0101d\u012btaj\u0101 viet\u0101 un laik\u0101. \u0160\u012b inform\u0101cija tiks dota uzvar\u0113t\u0101jiem ne v\u0113l\u0101k k\u0101 01.07.2023. Balv\u0101 ietilpst tikai blakuss\u0113d\u0113t\u0101ja brauciens un taj\u0101 neietilpst transports uz norises vietu, \u0113dienreizes vai citas papildus aktivit\u0101tes.<\/li>\n<li style=\"color: #180c27 !important; font-weight: 500 !important; font-family: 'Montserrat'!important;\">Balvu sa\u0146em\u0161ana tiks sarun\u0101ta atesevi\u0161\u0137i ar uzvar\u0113t\u0101jiem.<\/li>\n<li style=\"color: #180c27 !important; font-weight: 500 !important; font-family: 'Montserrat'!important;\">Balva nevar tikt samain\u012bta vai iemain\u012bta pret citu.<\/li>\n<li style=\"color: #180c27 !important; font-weight: 500 !important; font-family: 'Montserrat'!important;\">Balva netiek izmaks\u0101ta skaidr\u0101 naud\u0101.<\/li>\n<li style=\"color: #180c27 !important; font-weight: 500 !important; font-family: 'Montserrat'!important;\">Forus Taxi O\u00dc un Forus International O\u00dc darbinieki un vi\u0146u radinieki nevar piedal\u012bties balvu izloz\u0113.<\/li>\n<li style=\"color: #180c27 !important; font-weight: 500 !important; font-family: 'Montserrat'!important;\">Kampa\u0146as organizators jebkur\u0101 kampa\u0146as laik\u0101 var vienpus\u0113ji main\u012bt akcijas nosac\u012bjumus, papildin\u0101t akcijas nosac\u012bjumus un inform\u0113t par to kampa\u0146as lap\u0101. Visi str\u012bdi, kas rodas no d\u0101vanu kampa\u0146as, tiek risin\u0101ti saska\u0146\u0101 ar Igaunijas Republikas likumdo\u0161anu.<\/li>\n<\/ul>\n            <\/div>        <\/div>    <\/div><\/section>\n<\/div><\/p><\/div><div class=\"flex_column av_one_half  flex_column_div av-zero-column-padding   avia-builder-el-19  el_after_av_one_half  avia-builder-el-last  \" style='border-radius:0px; '><div  class='avia-image-container  av-styling-    avia-builder-el-20  avia-builder-el-no-sibling  avia-align-center '  itemprop=\"image\" itemscope=\"itemscope\" itemtype=\"https:\/\/schema.org\/ImageObject\"  ><div class='avia-image-container-inner'><div class='avia-image-overlay-wrap'><img decoding=\"async\" class='wp-image-5380 avia-img-lazy-loading-not-5380 avia_image' src=\"https:\/\/forus.eu\/wp-content\/uploads\/2023\/06\/ott_rally2.jpeg\" alt='' title='ott_rally2' height=\"298\" width=\"570\"  itemprop=\"thumbnailUrl\" srcset=\"https:\/\/forus.eu\/wp-content\/uploads\/2023\/06\/ott_rally2.jpeg 570w, https:\/\/forus.eu\/wp-content\/uploads\/2023\/06\/ott_rally2-300x157.jpeg 300w\" sizes=\"(max-width: 570px) 100vw, 570px\" \/><\/div><\/div><\/div><\/div>\n\n<\/div><\/div><\/div><!-- close content main div --><\/div><\/div><div id='av_section_5'  class='avia-section main_color avia-section-default avia-no-border-styling  avia-bg-style-scroll  avia-builder-el-21  el_after_av_section  el_before_av_section   container_wrap fullsize' style='background-color: #f7f3fb;  '  ><div class='container' ><div class='template-page content  av-content-full alpha units'><div class='post-entry post-entry-type-page post-entry-5415'><div class='entry-content-wrapper clearfix'>\n<div class=\"flex_column av_three_fourth  flex_column_div av-zero-column-padding first  avia-builder-el-22  avia-builder-el-no-sibling  \" style='border-radius:0px; '><section class=\"av_textblock_section \"  itemscope=\"itemscope\" itemtype=\"https:\/\/schema.org\/CreativeWork\" ><div class='avia_textblock  '   itemprop=\"text\" ><h2 style=\"color: #2f174c !important; font-size: 36px !important;\">Forus skatu laukums SS14 Forus\/Kanepi 1 un SS16 Sportland\/Kanepi 2<\/h2>\n<\/div><\/section><br \/>\n<section class=\"av_textblock_section \"  itemscope=\"itemscope\" itemtype=\"https:\/\/schema.org\/CreativeWork\" ><div class='avia_textblock  '   itemprop=\"text\" ><p style=\"color: #180c27;\">Sestdienas WRC Rally Estonia rallija dien\u0101 vis\u0113rt\u0101k ralliju piedz\u012bvot ir Forus skatu ar\u0113n\u0101. Lab\u0101k\u0101 fanu b\u0101ze rallija dien\u0101 atrodas M\u00fcgra skatu laukum\u0101, kur \u012bs\u0101 laika period\u0101 var sekot diviem testiem SS14 Forus\/Kanepi 1 un SS16 Sportland\/Kanepi 2, un tikm\u0113r labi pavad\u012bt laiku.<\/p>\n<\/div><\/section><\/p><\/div><\/div><\/div><\/div><!-- close content main div --><\/div><\/div><div id='av_section_6'  class='avia-section main_color avia-section-default avia-no-border-styling  avia-bg-style-scroll  avia-builder-el-25  el_after_av_section  el_before_av_section   container_wrap fullsize' style='background-color: #f7f3fb;  '  ><div class='container' ><div class='template-page content  av-content-full alpha units'><div class='post-entry post-entry-type-page post-entry-5415'><div class='entry-content-wrapper clearfix'>\n<div class=\"flex_column av_one_half  flex_column_div av-zero-column-padding first  avia-builder-el-26  el_before_av_one_half  avia-builder-el-first  \" style='border-radius:0px; '><div  class='avia-video avia-video-16-9   av-lazyload-immediate  av-lazyload-video-embed  '   itemprop=\"video\" itemtype=\"https:\/\/schema.org\/VideoObject\"  data-original_url='https:\/\/youtu.be\/4zDjqnsf698' ><script type='text\/html' class='av-video-tmpl'><div class='avia-iframe-wrap'><iframe title=\"Forus skatu laukums\" width=\"1500\" height=\"844\" src=\"https:\/\/www.youtube.com\/embed\/4zDjqnsf698?feature=oembed&autoplay=0&loop=0&controls=1&mute=0\" frameborder=\"0\" allow=\"accelerometer; autoplay; clipboard-write; encrypted-media; gyroscope; picture-in-picture; web-share\" allowfullscreen><\/iframe><\/div><\/script><div class='av-click-to-play-overlay'><div class=\"avia_playpause_icon\"><\/div><\/div><\/div><\/div><div class=\"flex_column av_one_half  flex_column_div av-zero-column-padding   avia-builder-el-28  el_after_av_one_half  avia-builder-el-last  \" style='border-radius:0px; '><section class=\"av_textblock_section \"  itemscope=\"itemscope\" itemtype=\"https:\/\/schema.org\/CreativeWork\" ><div class='avia_textblock  '   itemprop=\"text\" ><h2 style=\"color: #2f174c !important;\">Forus skatu laukums<\/h2>\n<\/div><\/section><br \/>\n<section class=\"av_textblock_section \"  itemscope=\"itemscope\" itemtype=\"https:\/\/schema.org\/CreativeWork\" ><div class='avia_textblock  '   itemprop=\"text\" ><p style=\"color: #180c27;\"><strong>22. j\u016blij\u0101 plkst. 15:00 visiem<\/strong> Forus lietotnes lietot\u0101jiem b\u016bs pieeja ekskluz\u012bvam skatu laukumam, kur tu vari \u0113rti apskat\u012bt divus rallija testus. Ir atsevi\u0161\u0137a ar\u0113na, food truck \u0113din\u0101\u0161ana, atsevi\u0161\u0137a izklaides zona b\u0113rniem, kurai var piek\u013c\u016bt tikai uzr\u0101dot re\u0123istr\u0113tu Forus lietotni. Tu vari lejupiel\u0101d\u0113t lietotni bez maksas un re\u0123istr\u0113ties, lai iek\u013c\u016btu pas\u0101\u0137uma norises viet\u0101. Forus Arena atrodas M\u00fcgra skatu laukum\u0101.<\/p>\n<\/div><\/section><\/p><\/div><\/div><\/div><\/div><!-- close content main div --><\/div><\/div><div id='av_section_7'  class='avia-section main_color avia-section-default avia-no-border-styling  avia-bg-style-scroll  avia-builder-el-31  el_after_av_section  avia-builder-el-last   container_wrap fullsize' style='background-color: #f7f3fb;  '  ><div class='container' ><div class='template-page content  av-content-full alpha units'><div class='post-entry post-entry-type-page post-entry-5415'><div class='entry-content-wrapper clearfix'>\n<div class=\"flex_column av_three_fourth  flex_column_div first  avia-builder-el-32  avia-builder-el-no-sibling  \" style='background: #e4d8f3; padding:24px; background-color:#e4d8f3; border-radius:0px; '><section class=\"av_textblock_section \"  itemscope=\"itemscope\" itemtype=\"https:\/\/schema.org\/CreativeWork\" ><div class='avia_textblock  '   itemprop=\"text\" ><h2 style=\"color: #2f174c !important;\">K\u0101ds ir pl\u0101ns?<\/h2>\n<\/div><\/section><br \/>\n<section class=\"av_textblock_section \"  itemscope=\"itemscope\" itemtype=\"https:\/\/schema.org\/CreativeWork\" ><div class='avia_textblock  '   itemprop=\"text\" ><ul class=\"center_text\" style=\"margin: 0 auto; list-style: none;\">\n<li style=\"color: #180c27 !important; font-weight: 500 !important; font-family: 'Montserrat'!important;\">Tiks prezent\u0113ta Uulits street gourmet slaven\u0101 Food truck.<\/li>\n<li style=\"color: #180c27 !important; font-weight: 500 !important; font-family: 'Montserrat'!important;\">Z\u012bm\u0113\u0161anas sacens\u012bbas un sejas apglezno\u0161ana b\u0113rniem.<\/li>\n<li style=\"color: #180c27 !important; font-weight: 500 !important; font-family: 'Montserrat'!important;\">Koktei\u013cu b\u0101rs.<\/li>\n<li style=\"color: #180c27 !important; font-weight: 500 !important; font-family: 'Montserrat'!important;\">Skata laukums.<\/li>\n<li style=\"color: #180c27 !important; font-weight: 500 !important; font-family: 'Montserrat'!important;\">Ekr\u0101ni un rallija tie\u0161raide.<\/li>\n<li style=\"color: #180c27 !important; font-weight: 500 !important; font-family: 'Montserrat'!important;\">P\u0101rsteigumi un citas aktivit\u0101tes.<\/li>\n<\/ul>\n<\/div><\/section><br \/>\n<section class=\"av_textblock_section \"  itemscope=\"itemscope\" itemtype=\"https:\/\/schema.org\/CreativeWork\" ><div class='avia_textblock  '   itemprop=\"text\" ><h2 style=\"color: #2f174c !important; margin: 40px 0 0;\">Kur?<\/h2>\n<\/div><\/section><br \/>\n<section class=\"av_textblock_section \"  itemscope=\"itemscope\" itemtype=\"https:\/\/schema.org\/CreativeWork\" ><div class='avia_textblock  '   itemprop=\"text\" ><p style=\"color: #180c27;\">Forus ar\u0113na atrodas Forus v\u0101rd\u0101 nosauktaj\u0101 testa M\u00fcgra skatu laukum\u0101, 18 km no Otepes un 8 km no Kanepi. Skati kart\u0113 tuv\u0101k\u0101s autost\u0101vvietas atra\u0161an\u0101s vietu un m\u016bsu ar\u0113nu vari atrast skatu laukum\u0101.<\/p>\n<\/div><\/section><br \/>\n<section class=\"av_textblock_section \"  itemscope=\"itemscope\" itemtype=\"https:\/\/schema.org\/CreativeWork\" ><div class='avia_textblock  '   itemprop=\"text\" ><p><iframe loading=\"lazy\" style=\"border: 0;\" src=\"https:\/\/www.google.com\/maps\/embed?pb=!1m17!1m12!1m3!1d2113.4957798462424!2d26.706194399999998!3d58.013305599999995!2m3!1f0!2f0!3f0!3m2!1i1024!2i768!4f13.1!3m2!1m1!2zNTjCsDAwJzQ3LjkiTiAyNsKwNDInMjIuMyJF!5e0!3m2!1slv!2see!4v1687334775763!5m2!1slv!2see\" width=\"800\" height=\"400\" allowfullscreen=\"allowfullscreen\"><\/iframe><\/p>\n<style><\/style>\n<\/div><\/section><br \/>\n<section class=\"av_textblock_section \"  itemscope=\"itemscope\" itemtype=\"https:\/\/schema.org\/CreativeWork\" ><div class='avia_textblock  '   itemprop=\"text\" ><div class=\"waze_wrap\"><img decoding=\"async\" loading=\"lazy\" class=\"alignnone size-medium\" src=\"https:\/\/forus.eu\/wp-content\/uploads\/2023\/06\/mugra-300x300.png\" alt=\"\" width=\"120\" height=\"120\" \/><a class=\"ft_inline_link\" href=\"http:\/\/www.waze.com\/ul?ll=58.015593896%2c26.716471532&amp;navigate=yes\">Skati ce\u013cu uz autost\u0101vvietu no Waze \u2192<\/a><\/div>\n<style>.waze_wrap {display:flex; align-items:center;gap:16px;}a.ft_inline_link {color: #c91235 !important;}a.ft_inline_link:hover {color: #9C162F !important;text-decoration:none;}<\/style>\n<\/div><\/section><\/p><\/div><\/p>\n","protected":false},"excerpt":{"rendered":"","protected":false},"author":11,"featured_media":0,"parent":0,"menu_order":0,"comment_status":"closed","ping_status":"closed","template":"","meta":{"inline_featured_image":false},"_links":{"self":[{"href":"https:\/\/forus.eu\/lv\/wp-json\/wp\/v2\/pages\/5415"}],"collection":[{"href":"https:\/\/forus.eu\/lv\/wp-json\/wp\/v2\/pages"}],"about":[{"href":"https:\/\/forus.eu\/lv\/wp-json\/wp\/v2\/types\/page"}],"author":[{"embeddable":true,"href":"https:\/\/forus.eu\/lv\/wp-json\/wp\/v2\/users\/11"}],"replies":[{"embeddable":true,"href":"https:\/\/forus.eu\/lv\/wp-json\/wp\/v2\/comments?post=5415"}],"version-history":[{"count":10,"href":"https:\/\/forus.eu\/lv\/wp-json\/wp\/v2\/pages\/5415\/revisions"}],"predecessor-version":[{"id":5507,"href":"https:\/\/forus.eu\/lv\/wp-json\/wp\/v2\/pages\/5415\/revisions\/5507"}],"wp:attachment":[{"href":"https:\/\/forus.eu\/lv\/wp-json\/wp\/v2\/media?parent=5415"}],"curies":[{"name":"wp","href":"https:\/\/api.w.org\/{rel}","templated":true}]}}