{"id":3851,"date":"2023-02-06T12:26:52","date_gmt":"2023-02-06T12:26:52","guid":{"rendered":"https:\/\/forus.eu\/oledomanik-rus-copy\/"},"modified":"2023-02-27T13:51:30","modified_gmt":"2023-02-27T13:51:30","slug":"lidzipasnieki","status":"publish","type":"page","link":"https:\/\/forus.eu\/lv\/lidzipasnieki\/","title":{"rendered":"M\u016bsu uz\u0146\u0113muma l\u012bdz\u012bpa\u0161niekiem"},"content":{"rendered":"<div id='av_section_1'  class='avia-section main_color avia-section-default avia-no-border-styling  avia-bg-style-scroll  avia-builder-el-0  el_before_av_section  avia-builder-el-first   av-small-hide av-mini-hide container_wrap fullsize' style='background-repeat: no-repeat; background-image: url(https:\/\/forus.eu\/wp-content\/uploads\/2023\/01\/bg_omanik-2.jpeg);background-attachment: scroll; background-position: center center;  '  data-section-bg-repeat='no-repeat'><div class='container' ><main  role=\"main\" itemprop=\"mainContentOfPage\"  class='template-page content  av-content-full alpha units'><div class='post-entry post-entry-type-page post-entry-3851'><div class='entry-content-wrapper clearfix'>\n<div class=\"flex_column av_two_fifth  flex_column_div av-zero-column-padding first  avia-builder-el-1  avia-builder-el-no-sibling  \" style='border-radius:0px; '><section class=\"av_textblock_section \"  itemscope=\"itemscope\" itemtype=\"https:\/\/schema.org\/CreativeWork\" ><div class='avia_textblock  '   itemprop=\"text\" ><h1 style=\"color: #fff !important; font-size: 56px !important; padding-top: 120px;\"><span style=\"color: #c91235 !important;\">K\u0101d\u0101 zi\u0146\u0101 esmu \u012bpa\u0161nieks?<\/span><\/h1>\n<h5 style=\"color: #fff !important; margin-bottom: 160px;\">Visi, kuri s\u0101ku\u0161i kr\u0101t US Token tokenus Forus lietotn\u0113, pievienojas m\u016bsu platformas \u012bpa\u0161nieku lokam. Ja tev ir radies jaut\u0101jums, k\u0101ds no t\u0101 visa ir labums tev, tad \u013cauj mums izskaidrot.<\/h5>\n<\/div><\/section><\/div>\n\n<\/div><\/div><\/main><!-- close content main element --><\/div><\/div><div id='av_section_2'  class='avia-section main_color avia-section-default avia-no-border-styling  avia-bg-style-scroll  avia-builder-el-3  el_after_av_section  el_before_av_section   av-desktop-hide av-medium-hide container_wrap fullsize' style='background-repeat: no-repeat; background-image: url(https:\/\/forus.eu\/wp-content\/uploads\/2023\/01\/bg_mob.jpeg);background-attachment: scroll; background-position: center center;  '  data-section-bg-repeat='no-repeat'><div class='container' ><div class='template-page content  av-content-full alpha units'><div class='post-entry post-entry-type-page post-entry-3851'><div class='entry-content-wrapper clearfix'>\n<div class=\"flex_column av_one_full  flex_column_div av-zero-column-padding first  avia-builder-el-4  avia-builder-el-no-sibling  \" style='border-radius:0px; '><section class=\"av_textblock_section \"  itemscope=\"itemscope\" itemtype=\"https:\/\/schema.org\/CreativeWork\" ><div class='avia_textblock  '   itemprop=\"text\" ><h1 style=\"color: #fff !important; font-size: 40px !important;\"><span style=\"color: #c91235 !important;\">K\u0101d\u0101 zi\u0146\u0101 esmu \u012bpa\u0161nieks? <\/span><\/h1>\n<h5 style=\"color: #fff !important; margin-bottom: 240px;\">Visi, kuri s\u0101ku\u0161i kr\u0101t US Token tokenus Forus lietotn\u0113, pievienojas m\u016bsu platformas \u012bpa\u0161nieku lokam. Ja tev ir radies jaut\u0101jums, k\u0101ds no t\u0101 visa ir labums tev, tad \u013cauj mums izskaidrot.<\/h5>\n<style>div#av_section_2{background-size: cover;}<\/style>\n<\/div><\/section><\/div>\n\n<\/div><\/div><\/div><!-- close content main div --><\/div><\/div><div id='av_section_3'  class='avia-section main_color avia-section-default avia-no-border-styling  avia-bg-style-scroll  avia-builder-el-6  el_after_av_section  el_before_av_one_half   container_wrap fullsize' style='background-color: #2f174c;  margin-top:80; margin-bottom:80; '  ><div class='container' ><div class='template-page content  av-content-full alpha units'><div class='post-entry post-entry-type-page post-entry-3851'><div class='entry-content-wrapper clearfix'>\n<section class=\"av_textblock_section \"  itemscope=\"itemscope\" itemtype=\"https:\/\/schema.org\/CreativeWork\" ><div class='avia_textblock  '   itemprop=\"text\" ><ul class=\"center_text\" style=\"max-width: 640px; margin: 0 auto; list-style: none;\">\n<li style=\"color: #ffffff !important;\">Kop\u0101 m\u0113s var\u0113sim veidot Forus platformu, kuras v\u0113rt\u012bba pieaug ar katru dienu<\/li>\n<li style=\"color: #ffffff !important;\">M\u0113s att\u012bst\u0101m platformu kop\u0101 ar l\u012bdz\u012bpa\u0161nieku kopienu un k\u013c\u016bstam par da\u013cu no kop\u012bgiem uz\u0146\u0113muma pan\u0101kumiem<\/li>\n<li style=\"color: #ffffff !important;\">Kop\u0101 m\u0113s izveidosim unik\u0101lu un jaud\u012bgu aplik\u0101ciju lietot\u0101jiem no visas pasaules<\/li>\n<\/ul>\n<style>ul.center_text li::before {content: \"\\2022\";color: #c91235;font-weight: bold;display: inline-block;width: 1em;margin-left: -1em;}.main_color strong a:hover {color: #c91235 !important;}<\/style>\n<\/div><\/section>\n<\/div><\/div><\/div><!-- close content main div --><\/div><\/div><div id='after_section_3'  class='main_color av_default_container_wrap container_wrap fullsize' style=' '  ><div class='container' ><div class='template-page content  av-content-full alpha units'><div class='post-entry post-entry-type-page post-entry-3851'><div class='entry-content-wrapper clearfix'>\n<div class=\"flex_column av_one_half  flex_column_div av-zero-column-padding first  avia-builder-el-8  el_after_av_section  el_before_av_one_half  avia-builder-el-first  \" style='border-radius:0px; '><div  class='avia-image-container  av-styling-    avia-builder-el-9  avia-builder-el-no-sibling  avia-align-center '  itemprop=\"image\" itemscope=\"itemscope\" itemtype=\"https:\/\/schema.org\/ImageObject\"  ><div class='avia-image-container-inner'><div class='avia-image-overlay-wrap'><img decoding=\"async\" class='wp-image-3721 avia-img-lazy-loading-not-3721 avia_image' src=\"https:\/\/forus.eu\/wp-content\/uploads\/2023\/01\/image1.jpeg\" alt='' title='image1' height=\"298\" width=\"570\"  itemprop=\"thumbnailUrl\" srcset=\"https:\/\/forus.eu\/wp-content\/uploads\/2023\/01\/image1.jpeg 570w, https:\/\/forus.eu\/wp-content\/uploads\/2023\/01\/image1-300x157.jpeg 300w\" sizes=\"(max-width: 570px) 100vw, 570px\" \/><\/div><\/div><\/div><\/div>\n<div class=\"flex_column av_one_half  flex_column_div av-zero-column-padding   avia-builder-el-10  el_after_av_one_half  el_before_av_one_half  \" style='border-radius:0px; '><section class=\"av_textblock_section \"  itemscope=\"itemscope\" itemtype=\"https:\/\/schema.org\/CreativeWork\" ><div class='avia_textblock  '   itemprop=\"text\" ><h2 style=\"color: #2f174c !important;\">\u012apa\u0161nieku viedoklim ir noz\u012bmes<\/h2>\n<p style=\"color: #180c27 !important; font-weight: 400 !important;\">Tev patiesi pieder platforma, kuras pakalpojumus tu pats izmanto. Ja tev nepat\u012bk k\u0101da no funkcij\u0101m, tad, l\u016bdzu, <strong><a style=\"text-decoration: underline !important;\" href=\"https:\/\/docs.google.com\/forms\/d\/e\/1FAIpQLSdxeAajJWYR28h4T90culf4xbhNrLNewCKIkJV_pVMMELvKVQ\/viewform?embedded=true\">uzraksti par to mums<\/a><\/strong>, un m\u0113s dar\u012bsim visu iesp\u0113jamo, lai m\u016bsu lietotne k\u013c\u016btu tie\u0161i t\u0101da, k\u0101du to v\u0113las redz\u0113t t\u0101s \u012bpa\u0161nieki. Ja k\u0101ds no \u0161oferiem pied\u0101v\u0101 t\u0101du pakalpojumu, k\u0101du tu k\u0101 \u012bpa\u0161nieks platform\u0101 nev\u0113lies redz\u0113t, tad, l\u016bdzu, <strong><a style=\"text-decoration: underline !important;\" href=\"https:\/\/docs.google.com\/forms\/d\/e\/1FAIpQLSdxeAajJWYR28h4T90culf4xbhNrLNewCKIkJV_pVMMELvKVQ\/viewform?embedded=true\">uzraksti par to mums<\/a><\/strong>, un m\u0113s par \u0161o autovad\u012bt\u0101ju par\u016bp\u0113simies. Ar autovad\u012bt\u0101jiem, ar kuriem sadarbojamies, esam atv\u0113rti, un katram no tiem ir skaidri zin\u0101ms, k\u0101du pakalpojuma kvalit\u0101ti m\u0113s no tiem sagaid\u0101m, t\u0101p\u0113c, ja k\u0101ds no \u0161oferiem nev\u0113las to nodro\u0161in\u0101t, tad mums ar\u012b nav v\u0113l\u0113\u0161an\u0101s ar vi\u0146u sadarboties.<\/p>\n<\/div><\/section><\/div>\n<div class=\"flex_column av_one_half  flex_column_div av-zero-column-padding first  avia-builder-el-12  el_after_av_one_half  el_before_av_one_half  column-top-margin\" style='border-radius:0px; '><div  class='avia-image-container  av-styling-    avia-builder-el-13  avia-builder-el-no-sibling  avia-align-center '  itemprop=\"image\" itemscope=\"itemscope\" itemtype=\"https:\/\/schema.org\/ImageObject\"  ><div class='avia-image-container-inner'><div class='avia-image-overlay-wrap'><img decoding=\"async\" class='wp-image-3726 avia-img-lazy-loading-not-3726 avia_image' src=\"https:\/\/forus.eu\/wp-content\/uploads\/2023\/01\/image2.jpeg\" alt='' title='image2' height=\"298\" width=\"570\"  itemprop=\"thumbnailUrl\" srcset=\"https:\/\/forus.eu\/wp-content\/uploads\/2023\/01\/image2.jpeg 570w, https:\/\/forus.eu\/wp-content\/uploads\/2023\/01\/image2-300x157.jpeg 300w\" sizes=\"(max-width: 570px) 100vw, 570px\" \/><\/div><\/div><\/div><\/div>\n<div class=\"flex_column av_one_half  flex_column_div av-zero-column-padding   avia-builder-el-14  el_after_av_one_half  el_before_av_one_half  column-top-margin\" style='border-radius:0px; '><section class=\"av_textblock_section \"  itemscope=\"itemscope\" itemtype=\"https:\/\/schema.org\/CreativeWork\" ><div class='avia_textblock  '   itemprop=\"text\" ><h2 style=\"color: #2f174c !important;\">Kop\u0101 m\u0113s ieg\u016bsim vair\u0101k<\/h2>\n<p style=\"color: #180c27 !important; font-weight: 400 !important;\">M\u0113s ticam, ka kop\u012bgiem sp\u0113kiem tiksim t\u0101lu, radot liel\u0101ku v\u0113rt\u012bbu mums visiem un mainot pasauli uz labo pusi. T\u0101p\u0113c katra ieguld\u012bjumam ir liela noz\u012bme. Kaut vai \u012bsa atsauksme vai ideja, kas saist\u012bta ar m\u016bsu pied\u0101v\u0101to pakalpojumu, ir mums \u013coti svar\u012bga.<\/p>\n<\/div><\/section><\/div>\n<div class=\"flex_column av_one_half  flex_column_div av-zero-column-padding first  avia-builder-el-16  el_after_av_one_half  el_before_av_one_half  column-top-margin\" style='border-radius:0px; '><div  class='avia-image-container  av-styling-    avia-builder-el-17  avia-builder-el-no-sibling  avia-align-center '  itemprop=\"image\" itemscope=\"itemscope\" itemtype=\"https:\/\/schema.org\/ImageObject\"  ><div class='avia-image-container-inner'><div class='avia-image-overlay-wrap'><img decoding=\"async\" class='wp-image-3731 avia-img-lazy-loading-not-3731 avia_image' src=\"https:\/\/forus.eu\/wp-content\/uploads\/2023\/01\/image3.jpeg\" alt='' title='image3' height=\"298\" width=\"570\"  itemprop=\"thumbnailUrl\" srcset=\"https:\/\/forus.eu\/wp-content\/uploads\/2023\/01\/image3.jpeg 570w, https:\/\/forus.eu\/wp-content\/uploads\/2023\/01\/image3-300x157.jpeg 300w\" sizes=\"(max-width: 570px) 100vw, 570px\" \/><\/div><\/div><\/div><\/div>\n<div class=\"flex_column av_one_half  flex_column_div av-zero-column-padding   avia-builder-el-18  el_after_av_one_half  avia-builder-el-last  column-top-margin\" style='border-radius:0px; '><section class=\"av_textblock_section \"  itemscope=\"itemscope\" itemtype=\"https:\/\/schema.org\/CreativeWork\" ><div class='avia_textblock  '   itemprop=\"text\" ><h2 style=\"color: #2f174c !important;\">L\u012bdz\u012bpa\u0161nieku idejas jau tiek izstr\u0101d\u0101tas<\/h2>\n<p style=\"color: #180c27 !important; font-weight: 400 !important;\">Tava ideja var b\u016bt par pamatu liel\u0101m izmai\u0146\u0101m. <strong><a style=\"text-decoration: underline !important;\" href=\"\/lv\/attistibasplans\/\">Lasi \u0161eit par m\u016bsu trim<\/a><\/strong> att\u012bst\u012bbas projektiem, kurus iedvesmoju\u0161i tie\u0161i \u012bpa\u0161nieku loka idejas.<\/p>\n<p style=\"color: #180c27 !important; font-weight: 400 !important;\">K\u0101 tie\u0161i notiks US Token tokenu apmai\u0146a pret Forus International da\u013c\u0101m un uz k\u0101diem nosac\u012bjumiem, jau no apr\u012b\u013ca b\u016bs iesp\u0113jams tirgoties ar US Token tokeniem, vair\u0101k vari las\u012bt <strong><a style=\"text-decoration: underline !important;\" href=\"\/lv\/ustoken\">\u0161eit.<\/a><\/strong><\/p>\n<\/div><\/section><\/div>\n","protected":false},"excerpt":{"rendered":"","protected":false},"author":11,"featured_media":0,"parent":0,"menu_order":0,"comment_status":"closed","ping_status":"closed","template":"","meta":{"inline_featured_image":false},"_links":{"self":[{"href":"https:\/\/forus.eu\/lv\/wp-json\/wp\/v2\/pages\/3851"}],"collection":[{"href":"https:\/\/forus.eu\/lv\/wp-json\/wp\/v2\/pages"}],"about":[{"href":"https:\/\/forus.eu\/lv\/wp-json\/wp\/v2\/types\/page"}],"author":[{"embeddable":true,"href":"https:\/\/forus.eu\/lv\/wp-json\/wp\/v2\/users\/11"}],"replies":[{"embeddable":true,"href":"https:\/\/forus.eu\/lv\/wp-json\/wp\/v2\/comments?post=3851"}],"version-history":[{"count":6,"href":"https:\/\/forus.eu\/lv\/wp-json\/wp\/v2\/pages\/3851\/revisions"}],"predecessor-version":[{"id":4228,"href":"https:\/\/forus.eu\/lv\/wp-json\/wp\/v2\/pages\/3851\/revisions\/4228"}],"wp:attachment":[{"href":"https:\/\/forus.eu\/lv\/wp-json\/wp\/v2\/media?parent=3851"}],"curies":[{"name":"wp","href":"https:\/\/api.w.org\/{rel}","templated":true}]}}