{"id":3845,"date":"2023-02-06T12:10:48","date_gmt":"2023-02-06T12:10:48","guid":{"rendered":"https:\/\/forus.eu\/arendusplaan-copy\/"},"modified":"2023-07-27T13:33:18","modified_gmt":"2023-07-27T13:33:18","slug":"attistibasplans","status":"publish","type":"page","link":"https:\/\/forus.eu\/lv\/attistibasplans\/","title":{"rendered":"Att\u012bst\u012bbas pl\u0101ns"},"content":{"rendered":"<div id='av_section_1'  class='avia-section main_color avia-section-default avia-no-border-styling  avia-bg-style-scroll  avia-builder-el-0  el_before_av_section  avia-builder-el-first   av-small-hide av-mini-hide container_wrap fullsize' style='background-repeat: no-repeat; background-image: url(https:\/\/forus.eu\/wp-content\/uploads\/2023\/02\/bg2_a.jpeg);background-attachment: scroll; background-position: center center;  '  data-section-bg-repeat='no-repeat'><div class='container' ><main  role=\"main\" itemprop=\"mainContentOfPage\"  class='template-page content  av-content-full alpha units'><div class='post-entry post-entry-type-page post-entry-3845'><div class='entry-content-wrapper clearfix'>\n<div class=\"flex_column av_two_fifth  flex_column_div av-zero-column-padding first  avia-builder-el-1  avia-builder-el-no-sibling  \" style='border-radius:0px; '><section class=\"av_textblock_section \"  itemscope=\"itemscope\" itemtype=\"https:\/\/schema.org\/CreativeWork\" ><div class='avia_textblock  '   itemprop=\"text\" ><h1 style=\"color: #fff !important; font-size: 56px !important; padding-top: 120px;\">M\u0113s att\u012bst\u0101mies, <span style=\"color: #2f174c !important;\">bet ko tie\u0161i att\u012bst\u0101m?<\/span><\/h1>\n<p>D\u0101rgais \u012bpa\u0161niek, tev ir pamatotas ties\u012bbas zin\u0101t, ar ko m\u0113s katru dienu nodarbojamies un k\u0101, patiecoties tav\u0101m atsauksm\u0113m un idej\u0101m, Forus platforma tiek nep\u0101rtraukti uzlabota.<\/p>\n<\/div><\/section><\/div>\n\n<\/div><\/div><\/main><!-- close content main element --><\/div><\/div><div id='av_section_2'  class='avia-section main_color avia-section-default avia-no-border-styling  avia-bg-style-scroll  avia-builder-el-3  el_after_av_section  el_before_av_section   av-desktop-hide av-medium-hide container_wrap fullsize' style='background-repeat: no-repeat; background-image: url(https:\/\/forus.eu\/wp-content\/uploads\/2023\/02\/bg2_moba.jpeg);background-attachment: scroll; background-position: center center;  '  data-section-bg-repeat='no-repeat'><div class='container' ><div class='template-page content  av-content-full alpha units'><div class='post-entry post-entry-type-page post-entry-3845'><div class='entry-content-wrapper clearfix'>\n<div class=\"flex_column av_one_full  flex_column_div av-zero-column-padding first  avia-builder-el-4  avia-builder-el-no-sibling  \" style='border-radius:0px; '><section class=\"av_textblock_section \"  itemscope=\"itemscope\" itemtype=\"https:\/\/schema.org\/CreativeWork\" ><div class='avia_textblock  '   itemprop=\"text\" ><h1 style=\"color: #fff !important; font-size: 40px !important;\">M\u0113s att\u012bst\u0101mies, <span style=\"color: #2f174c !important;\">bet ko tie\u0161i att\u012bst\u0101m? <\/span><\/h1>\n<h5 style=\"color: #fff !important; margin-bottom: 240px;\">D\u0101rgais \u012bpa\u0161niek, tev ir pamatotas ties\u012bbas zin\u0101t, ar ko m\u0113s katru dienu nodarbojamies un k\u0101, patiecoties tav\u0101m atsauksm\u0113m un idej\u0101m, m\u016bsu platforma tiek nep\u0101rtraukti uzlabota. \u0160eit ir neliels ieskats par m\u016bsu galvenaj\u0101m att\u012bst\u012bbas priorit\u0101t\u0113m.<\/h5>\n<style>div#av_section_2{background-size: cover;}<\/style>\n<\/div><\/section><\/div>\n\n<\/div><\/div><\/div><!-- close content main div --><\/div><\/div><div id='av_section_3'  class='avia-section main_color avia-section-default avia-no-border-styling  avia-bg-style-scroll  avia-builder-el-6  el_after_av_section  el_before_av_textblock   container_wrap fullsize' style='background-color: #2f174c;  margin-top:80; margin-bottom:80; '  ><div class='container' ><div class='template-page content  av-content-full alpha units'><div class='post-entry post-entry-type-page post-entry-3845'><div class='entry-content-wrapper clearfix'>\n<div class=\"flex_column av_one_third  flex_column_div av-zero-column-padding first  avia-builder-el-7  el_before_av_three_fifth  avia-builder-el-first  \" style='border-radius:0px; '><div  class='avia-image-container  av-styling-    avia-builder-el-8  avia-builder-el-no-sibling  avia-align-center '  itemprop=\"image\" itemscope=\"itemscope\" itemtype=\"https:\/\/schema.org\/ImageObject\"  ><div class='avia-image-container-inner'><div class='avia-image-overlay-wrap'><img decoding=\"async\" class='wp-image-5992 avia-img-lazy-loading-not-5992 avia_image' src=\"https:\/\/forus.eu\/wp-content\/uploads\/2023\/07\/dev_app2.png\" alt='' title='dev_app2' height=\"298\" width=\"570\"  itemprop=\"thumbnailUrl\" srcset=\"https:\/\/forus.eu\/wp-content\/uploads\/2023\/07\/dev_app2.png 570w, https:\/\/forus.eu\/wp-content\/uploads\/2023\/07\/dev_app2-300x157.png 300w\" sizes=\"(max-width: 570px) 100vw, 570px\" \/><\/div><\/div><\/div><\/div><div class=\"flex_column av_three_fifth  flex_column_div av-zero-column-padding   avia-builder-el-9  el_after_av_one_third  avia-builder-el-last  \" style='border-radius:0px; '><section class=\"av_textblock_section \"  itemscope=\"itemscope\" itemtype=\"https:\/\/schema.org\/CreativeWork\" ><div class='avia_textblock  '   itemprop=\"text\" ><p style=\"color: #fff !important; max-width: 640px !important; margin: 0 auto;\">M\u0113s v\u0113lamies Forus lietotn\u0113 izstr\u0101d\u0101t \u013coti daudz jaunu funkciju, uzlabot eso\u0161\u0101s, k\u0101 ar\u012b nodro\u0161in\u0101t to, lai lietotne vienm\u0113r darbotos bez aiz\u0137er\u0161an\u0101s.<\/p>\n<style> .main_color strong a:hover {color: #c91235 !important;}<\/style>\n<\/div><\/section><\/div>\n<\/div><\/div><\/div><!-- close content main div --><\/div><\/div><div id='after_section_3'  class='main_color av_default_container_wrap container_wrap fullsize' style=' '  ><div class='container' ><div class='template-page content  av-content-full alpha units'><div class='post-entry post-entry-type-page post-entry-3845'><div class='entry-content-wrapper clearfix'>\n<section class=\"av_textblock_section \"  itemscope=\"itemscope\" itemtype=\"https:\/\/schema.org\/CreativeWork\" ><div class='avia_textblock  '   itemprop=\"text\" ><h2>Dar\u012bts<\/h2>\n<\/div><\/section>\n<\/div><\/div><\/div><!-- close content main div --><\/div><\/div><div id='av-layout-grid-1'  class='av-layout-grid-container entry-content-wrapper main_color av-flex-cells     avia-builder-el-12  el_after_av_textblock  el_before_av_layout_row  submenu-not-first container_wrap fullsize' style=' '  >\n<div class=\"flex_cell no_margin av_one_third  avia-builder-el-13  el_before_av_cell_one_third  avia-builder-el-first   \" ><div class='flex_cell_inner' ><div  class='avia-image-container  av-styling-    avia-builder-el-14  avia-builder-el-no-sibling  avia-align-center '  itemprop=\"image\" itemscope=\"itemscope\" itemtype=\"https:\/\/schema.org\/ImageObject\"  ><div class='avia-image-container-inner'><div class='avia-image-overlay-wrap'><img decoding=\"async\" class='wp-image-3797 avia-img-lazy-loading-not-3797 avia_image' src=\"https:\/\/forus.eu\/wp-content\/uploads\/2023\/01\/image_a.jpeg\" alt='' title='image_a' height=\"298\" width=\"570\"  itemprop=\"thumbnailUrl\" srcset=\"https:\/\/forus.eu\/wp-content\/uploads\/2023\/01\/image_a.jpeg 570w, https:\/\/forus.eu\/wp-content\/uploads\/2023\/01\/image_a-300x157.jpeg 300w\" sizes=\"(max-width: 570px) 100vw, 570px\" \/><\/div><\/div><\/div>\n<\/div><\/div><div class=\"flex_cell no_margin av_one_third  avia-builder-el-15  el_after_av_cell_one_third  el_before_av_cell_one_third   \" ><div class='flex_cell_inner' ><section class=\"av_textblock_section \"  itemscope=\"itemscope\" itemtype=\"https:\/\/schema.org\/CreativeWork\" ><div class='avia_textblock  '   itemprop=\"text\" ><h3>Google Maps integr\u0101cija<img decoding=\"async\" loading=\"lazy\" class=\"alignnone size-full wp-image-5979\" style=\"position: relative; margin-left: 4px; top: 0px;\" src=\"https:\/\/forus.eu\/wp-content\/uploads\/2023\/07\/item-checkmark-square-big.png\" alt=\"\" width=\"24\" height=\"24\" srcset=\"https:\/\/forus.eu\/wp-content\/uploads\/2023\/07\/item-checkmark-square-big.png 80w, https:\/\/forus.eu\/wp-content\/uploads\/2023\/07\/item-checkmark-square-big-36x36.png 36w\" sizes=\"(max-width: 24px) 100vw, 24px\" \/><\/h3>\n<\/div><\/section><br \/>\n<section class=\"av_textblock_section \"  itemscope=\"itemscope\" itemtype=\"https:\/\/schema.org\/CreativeWork\" ><div class='avia_textblock  '   itemprop=\"text\" ><p>M\u0113s sav\u0101 lietotn\u0113 esam integr\u0113ju\u0161i \u0161obr\u012bd lab\u0101ko pieejamo Google Maps risin\u0101jumu. Jaunais risin\u0101jums darbojas rait\u0101k, \u0101tr\u0101k un prec\u012bz\u0101k nor\u0101da atra\u0161an\u0101s vietu. Tas noz\u012bm\u0113, ka \u0161obr\u012bd ikviens soli pa solim var prec\u012bzi sekot pas\u016bt\u012bt\u0101 auto atra\u0161an\u0101s vietai.<\/p>\n<\/div><\/section><\/p>\n<\/div><\/div><div class=\"flex_cell no_margin av_one_third  avia-builder-el-18  el_after_av_cell_one_third  avia-builder-el-last   \" ><div class='flex_cell_inner' ><section class=\"av_textblock_section \"  itemscope=\"itemscope\" itemtype=\"https:\/\/schema.org\/CreativeWork\" ><div class='avia_textblock  '   itemprop=\"text\" ><h3>Papildu pieturas <img decoding=\"async\" loading=\"lazy\" class=\"alignnone size-full wp-image-5979\" style=\"position: relative; margin-left: 4px; top: 0px;\" src=\"https:\/\/forus.eu\/wp-content\/uploads\/2023\/07\/item-checkmark-square-big.png\" alt=\"\" width=\"24\" height=\"24\" srcset=\"https:\/\/forus.eu\/wp-content\/uploads\/2023\/07\/item-checkmark-square-big.png 80w, https:\/\/forus.eu\/wp-content\/uploads\/2023\/07\/item-checkmark-square-big-36x36.png 36w\" sizes=\"(max-width: 24px) 100vw, 24px\" \/><\/h3>\n<\/div><\/section><br \/>\n<section class=\"av_textblock_section \"  itemscope=\"itemscope\" itemtype=\"https:\/\/schema.org\/CreativeWork\" ><div class='avia_textblock  '   itemprop=\"text\" ><p>Lietotnes Forus \u012bpa\u0161nieku grupa v\u0113l\u0113j\u0101s iesp\u0113ju eso\u0161ajam mar\u0161rutam pievienot papildu pieturas. M\u0113s uzklaus\u012bj\u0101m piepras\u012bjumu un \u0161\u012b opcija ir pieejama! Lai pievienotu pieturu, noklik\u0161\u0137i uz adreses lauka un blakus tam par\u0101d\u012bsies plus z\u012bme. Noklik\u0161\u0137inot uz t\u0101s, tu vari pievienot papildu pieturu. Pieturu sec\u012bbu var main\u012bt, velkot bulti\u0146u. \u0160obr\u012bd esam pievienoju\u0161i iesp\u0113ju veikt l\u012bdz trim pietur\u0101m.<\/p>\n<\/div><\/section><\/p>\n<\/div><\/div>\n<\/div>\n<div id='av-layout-grid-2'  class='av-layout-grid-container entry-content-wrapper main_color av-flex-cells     avia-builder-el-21  el_after_av_layout_row  el_before_av_textblock  submenu-not-first container_wrap fullsize' style=' '  >\n<div class=\"flex_cell no_margin av_one_third  avia-builder-el-22  el_before_av_cell_one_third  avia-builder-el-first   \" ><div class='flex_cell_inner' ><div  class='avia-image-container  av-styling-    avia-builder-el-23  avia-builder-el-no-sibling  avia-align-center '  itemprop=\"image\" itemscope=\"itemscope\" itemtype=\"https:\/\/schema.org\/ImageObject\"  ><div class='avia-image-container-inner'><div class='avia-image-overlay-wrap'><img decoding=\"async\" class='wp-image-3807 avia-img-lazy-loading-not-3807 avia_image' src=\"https:\/\/forus.eu\/wp-content\/uploads\/2023\/01\/image_c.jpeg\" alt='' title='image_c' height=\"298\" width=\"570\"  itemprop=\"thumbnailUrl\" srcset=\"https:\/\/forus.eu\/wp-content\/uploads\/2023\/01\/image_c.jpeg 570w, https:\/\/forus.eu\/wp-content\/uploads\/2023\/01\/image_c-300x157.jpeg 300w\" sizes=\"(max-width: 570px) 100vw, 570px\" \/><\/div><\/div><\/div>\n<\/div><\/div><div class=\"flex_cell no_margin av_one_third  avia-builder-el-24  el_after_av_cell_one_third  el_before_av_cell_one_third   \" ><div class='flex_cell_inner' ><section class=\"av_textblock_section \"  itemscope=\"itemscope\" itemtype=\"https:\/\/schema.org\/CreativeWork\" ><div class='avia_textblock  '   itemprop=\"text\" ><h3>Vair\u0101ki pas\u016bt\u012bjumi <img decoding=\"async\" loading=\"lazy\" class=\"alignnone size-full wp-image-5979\" style=\"position: relative; margin-left: 4px; top: 0px;\" src=\"https:\/\/forus.eu\/wp-content\/uploads\/2023\/07\/item-checkmark-square-big.png\" alt=\"\" width=\"24\" height=\"24\" srcset=\"https:\/\/forus.eu\/wp-content\/uploads\/2023\/07\/item-checkmark-square-big.png 80w, https:\/\/forus.eu\/wp-content\/uploads\/2023\/07\/item-checkmark-square-big-36x36.png 36w\" sizes=\"(max-width: 24px) 100vw, 24px\" \/><\/h3>\n<\/div><\/section><br \/>\n<section class=\"av_textblock_section \"  itemscope=\"itemscope\" itemtype=\"https:\/\/schema.org\/CreativeWork\" ><div class='avia_textblock  '   itemprop=\"text\" ><p>Liel\u0101ko da\u013cu laika m\u0113s v\u0113lamies, lai taksometrs pie mums atbrauktu p\u0113c iesp\u0113jas \u0101tr\u0101k un nog\u0101d\u0101tu m\u016bs l\u012bdz galam\u0113r\u0137im p\u0113c iesp\u0113jas \u0101tr\u0101k. Lai m\u016bsu vad\u012bt\u0101ji var\u0113tu str\u0101d\u0101t p\u0113c iesp\u0113jas efekt\u012bv\u0101k, esam pievienoju\u0161i iesp\u0113ju pie\u0146emt vair\u0101kus darbus vienlaikus. Piem\u0113ram, braucot \u0101rpus pils\u0113tas centra, vad\u012bt\u0101js var pie\u0146emt darbu, lai uz\u0146emtu n\u0101kamo klientu un nog\u0101d\u0101tu vi\u0146u atpaka\u013c uz pils\u0113tas centru, kur vad\u012bt\u0101js tik un t\u0101 dodas atpaka\u013c.<\/p>\n<\/div><\/section><\/p>\n<\/div><\/div><div class=\"flex_cell no_margin av_one_third  avia-builder-el-27  el_after_av_cell_one_third  avia-builder-el-last   \" ><div class='flex_cell_inner' ><section class=\"av_textblock_section \"  itemscope=\"itemscope\" itemtype=\"https:\/\/schema.org\/CreativeWork\" ><div class='avia_textblock  '   itemprop=\"text\" ><h3>Atlaides koda atjaunin\u0101jums <img decoding=\"async\" loading=\"lazy\" class=\"alignnone size-full wp-image-5979\" style=\"position: relative; margin-left: 4px; top: 0px;\" src=\"https:\/\/forus.eu\/wp-content\/uploads\/2023\/07\/item-checkmark-square-big.png\" alt=\"\" width=\"24\" height=\"24\" srcset=\"https:\/\/forus.eu\/wp-content\/uploads\/2023\/07\/item-checkmark-square-big.png 80w, https:\/\/forus.eu\/wp-content\/uploads\/2023\/07\/item-checkmark-square-big-36x36.png 36w\" sizes=\"(max-width: 24px) 100vw, 24px\" \/><\/h3>\n<\/div><\/section><br \/>\n<section class=\"av_textblock_section \"  itemscope=\"itemscope\" itemtype=\"https:\/\/schema.org\/CreativeWork\" ><div class='avia_textblock  '   itemprop=\"text\" ><p>Tagad ir \u012bstais laiks sekot l\u012bdzi m\u016bsu aizraujo\u0161ajiem partner\u012bbas pied\u0101v\u0101jumiem, jo \u200b\u200bilgi gaid\u012btie atlai\u017eu kodi ir gatavi. Tie sniedz v\u0113l pla\u0161\u0101kas iesp\u0113jas ilgtermi\u0146a vai \u012bstermi\u0146a atlaid\u0113m un \u012bpa\u0161ajiem pied\u0101v\u0101jumiem. \u0160o opciju tagad varat atrast lietot\u0146u izv\u0113ln\u0113.<\/p>\n<\/div><\/section><\/p>\n<\/div><\/div>\n<\/div><div id='after_submenu_2'  class='main_color av_default_container_wrap container_wrap fullsize' style=' '  ><div class='container' ><div class='template-page content  av-content-full alpha units'><div class='post-entry post-entry-type-page post-entry-3845'><div class='entry-content-wrapper clearfix'>\n<section class=\"av_textblock_section \"  itemscope=\"itemscope\" itemtype=\"https:\/\/schema.org\/CreativeWork\" ><div class='avia_textblock  '   itemprop=\"text\" ><h2>Proces\u0101<\/h2>\n<\/div><\/section>\n<\/div><\/div><\/div><!-- close content main div --><\/div><\/div><div id='av-layout-grid-3'  class='av-layout-grid-container entry-content-wrapper main_color av-flex-cells     avia-builder-el-31  el_after_av_textblock  el_before_av_layout_row  submenu-not-first container_wrap fullsize' style=' '  >\n<div class=\"flex_cell no_margin av_one_third  avia-builder-el-32  el_before_av_cell_one_third  avia-builder-el-first   \" ><div class='flex_cell_inner' ><div  class='avia-image-container  av-styling-    avia-builder-el-33  avia-builder-el-no-sibling  avia-align-center '  itemprop=\"image\" itemscope=\"itemscope\" itemtype=\"https:\/\/schema.org\/ImageObject\"  ><div class='avia-image-container-inner'><div class='avia-image-overlay-wrap'><img decoding=\"async\" class='wp-image-3802 avia-img-lazy-loading-not-3802 avia_image' src=\"https:\/\/forus.eu\/wp-content\/uploads\/2023\/01\/image_b.jpeg\" alt='' title='image_b' height=\"298\" width=\"570\"  itemprop=\"thumbnailUrl\" srcset=\"https:\/\/forus.eu\/wp-content\/uploads\/2023\/01\/image_b.jpeg 570w, https:\/\/forus.eu\/wp-content\/uploads\/2023\/01\/image_b-300x157.jpeg 300w\" sizes=\"(max-width: 570px) 100vw, 570px\" \/><\/div><\/div><\/div>\n<\/div><\/div><div class=\"flex_cell no_margin av_one_third  avia-builder-el-34  el_after_av_cell_one_third  el_before_av_cell_one_third   \" ><div class='flex_cell_inner' ><section class=\"av_textblock_section \"  itemscope=\"itemscope\" itemtype=\"https:\/\/schema.org\/CreativeWork\" ><div class='avia_textblock  '   itemprop=\"text\" ><h3>Autom\u0101tisk\u0101 automa\u0161\u012bnu mekl\u0113\u0161ana<\/h3>\n<\/div><\/section><br \/>\n<section class=\"av_textblock_section \"  itemscope=\"itemscope\" itemtype=\"https:\/\/schema.org\/CreativeWork\" ><div class='avia_textblock  '   itemprop=\"text\" ><p>M\u016bsu \u012bpa\u0161nieki v\u0113l\u0113j\u0101s prec\u012bzi redz\u0113t, k\u0101 autom\u0101tisk\u0101 automa\u0161\u012bnu mekl\u0113\u0161ana soli pa solim atrod jums automa\u0161\u012bnu. Dr\u012bzum\u0101 kart\u0113 var\u0113siet redz\u0113t v\u0113l vair\u0101k inform\u0101ciju par savam ce\u013cojumam piem\u0113rotaj\u0101m automa\u0161\u012bn\u0101m.<\/p>\n<\/div><\/section><\/p>\n<\/div><\/div><div class=\"flex_cell no_margin av_one_third  avia-builder-el-37  el_after_av_cell_one_third  avia-builder-el-last   \" ><div class='flex_cell_inner' ><section class=\"av_textblock_section \"  itemscope=\"itemscope\" itemtype=\"https:\/\/schema.org\/CreativeWork\" ><div class='avia_textblock  '   itemprop=\"text\" ><h3>Detaliz\u0113ts adreses apraksts<\/h3>\n<\/div><\/section><br \/>\n<section class=\"av_textblock_section \"  itemscope=\"itemscope\" itemtype=\"https:\/\/schema.org\/CreativeWork\" ><div class='avia_textblock  '   itemprop=\"text\" ><p>Da\u017ereiz autovad\u012bt\u0101jam ir nepiecie\u0161ama papildu inform\u0101cija un detaliz\u0113ts adreses apraksts (par atra\u0161an\u0101s vietu), jo viena un t\u0101 pati iela bie\u017ei atrodas vair\u0101k\u0101s pils\u0113t\u0101s. T\u0101p\u0113c klients tiek l\u016bgts sniegt prec\u012bz\u0101ku adreses aprakstu, kur automa\u0161\u012bnai vajadz\u0113tu ierasties.<\/p>\n<\/div><\/section><\/p>\n<\/div><\/div>\n<\/div>\n<div id='av-layout-grid-4'  class='av-layout-grid-container entry-content-wrapper main_color av-flex-cells     avia-builder-el-40  el_after_av_layout_row  avia-builder-el-last  submenu-not-first container_wrap fullsize' style=' '  >\n<div class=\"flex_cell no_margin av_one_third  avia-builder-el-41  el_before_av_cell_one_third  avia-builder-el-first   \" ><div class='flex_cell_inner' ><section class=\"av_textblock_section \"  itemscope=\"itemscope\" itemtype=\"https:\/\/schema.org\/CreativeWork\" ><div class='avia_textblock  '   itemprop=\"text\" ><h3>Apmaks\u0101ts gaid\u012b\u0161anas laiks<\/h3>\n<\/div><\/section><br \/>\n<section class=\"av_textblock_section \"  itemscope=\"itemscope\" itemtype=\"https:\/\/schema.org\/CreativeWork\" ><div class='avia_textblock  '   itemprop=\"text\" ><p>M\u016bsu autovad\u012bt\u0101ji piepras\u012bja papildu apmaks\u0101tu gaid\u012b\u0161anas laiku, jo reiz\u0113m j\u0101gaida ilgi l\u012bdz klients ierad\u012bsies. \u0160is atjaunin\u0101jums jau tiek veikts un dr\u012bzum\u0101 autovad\u012bt\u0101ji to var\u0113s izmantot.<\/p>\n<\/div><\/section><\/p>\n<\/div><\/div><div class=\"flex_cell no_margin av_one_third  avia-builder-el-44  el_after_av_cell_one_third  el_before_av_cell_one_third   \" ><div class='flex_cell_inner' ><section class=\"av_textblock_section \"  itemscope=\"itemscope\" itemtype=\"https:\/\/schema.org\/CreativeWork\" ><div class='avia_textblock  '   itemprop=\"text\" ><h3>Vair\u0101ku nor\u0113\u0137inu kar\u0161u iesp\u0113ja<\/h3>\n<\/div><\/section><br \/>\n<section class=\"av_textblock_section \"  itemscope=\"itemscope\" itemtype=\"https:\/\/schema.org\/CreativeWork\" ><div class='avia_textblock  '   itemprop=\"text\" ><p>M\u0113s zin\u0101m, ka v\u0113l viens m\u016bsu lietot\u0101ju \u013coti gaid\u012bts risin\u0101jums ir iesp\u0113ja lietotn\u0113 pievienot vair\u0101kas bankas kartes k\u0101 maks\u0101juma veidus un t\u0101 ir m\u016bsu saraksta priorit\u0101te. Visiem m\u016bsu klientiem b\u016bs pla\u0161\u0101kas iesp\u0113jas da\u017e\u0101diem maks\u0101jumu veidiem.<\/p>\n<\/div><\/section><\/p>\n<\/div><\/div><div class=\"flex_cell no_margin av_one_third  avia-builder-el-47  el_after_av_cell_one_third  avia-builder-el-last   \" ><div class='flex_cell_inner' ><section class=\"av_textblock_section \"  itemscope=\"itemscope\" itemtype=\"https:\/\/schema.org\/CreativeWork\" ><div class='avia_textblock  '   itemprop=\"text\" ><h3>Jauni pakalpojumi<\/h3>\n<\/div><\/section><br \/>\n<section class=\"av_textblock_section \"  itemscope=\"itemscope\" itemtype=\"https:\/\/schema.org\/CreativeWork\" ><div class='avia_textblock  '   itemprop=\"text\" ><p>Bie\u017e\u0101kie ieteikumi bija ieg\u016bt pla\u0161\u0101ku pakalpojumu kl\u0101stu m\u016bsu lietotn\u0113. Piem\u0113ram, lietotn\u0113 jau ir pieejams auto nomas pakalpojums, kas \u0161obr\u012bd novirza uz Forus lapu Autolevi, bet dr\u012bzum\u0101 nomas automa\u0161\u012bnas var\u0113s redz\u0113t tie\u0161i lietotn\u0113. Sekojiet l\u012bdzi m\u016bsu jaunumiem, jo \u200b\u200btie dr\u012bzum\u0101 par\u0101d\u012bsies!<\/p>\n<p><strong>\u0160is pakalpojums vispirms b\u016bs pieejams Igaunij\u0101<strong><\/p>\n<\/div><\/section><\/strong><\/strong><\/p>\n<\/div><\/div><\/div>\n","protected":false},"excerpt":{"rendered":"","protected":false},"author":11,"featured_media":0,"parent":0,"menu_order":0,"comment_status":"closed","ping_status":"closed","template":"","meta":{"inline_featured_image":false},"_links":{"self":[{"href":"https:\/\/forus.eu\/lv\/wp-json\/wp\/v2\/pages\/3845"}],"collection":[{"href":"https:\/\/forus.eu\/lv\/wp-json\/wp\/v2\/pages"}],"about":[{"href":"https:\/\/forus.eu\/lv\/wp-json\/wp\/v2\/types\/page"}],"author":[{"embeddable":true,"href":"https:\/\/forus.eu\/lv\/wp-json\/wp\/v2\/users\/11"}],"replies":[{"embeddable":true,"href":"https:\/\/forus.eu\/lv\/wp-json\/wp\/v2\/comments?post=3845"}],"version-history":[{"count":17,"href":"https:\/\/forus.eu\/lv\/wp-json\/wp\/v2\/pages\/3845\/revisions"}],"predecessor-version":[{"id":6016,"href":"https:\/\/forus.eu\/lv\/wp-json\/wp\/v2\/pages\/3845\/revisions\/6016"}],"wp:attachment":[{"href":"https:\/\/forus.eu\/lv\/wp-json\/wp\/v2\/media?parent=3845"}],"curies":[{"name":"wp","href":"https:\/\/api.w.org\/{rel}","templated":true}]}}