{"id":2833,"date":"2022-08-24T12:15:44","date_gmt":"2022-08-24T12:15:44","guid":{"rendered":"https:\/\/forus.eu\/?page_id=2833"},"modified":"2022-09-12T14:42:09","modified_gmt":"2022-09-12T14:42:09","slug":"kampana","status":"publish","type":"page","link":"https:\/\/forus.eu\/lv\/kampana\/","title":{"rendered":"Kampa\u0146a"},"content":{"rendered":"<div id='av_section_1'  class='avia-section main_color avia-section-default avia-no-border-styling  avia-bg-style-scroll  avia-builder-el-0  avia-builder-el-no-sibling   av-minimum-height av-minimum-height-100  container_wrap fullsize' style='background-color: #c91235;  '   data-av_minimum_height_pc='100'><div class='container' ><main  role=\"main\" itemprop=\"mainContentOfPage\"  class='template-page content  av-content-full alpha units'><div class='post-entry post-entry-type-page post-entry-2833'><div class='entry-content-wrapper clearfix'>\n<div class='flex_column_table av-equal-height-column-flextable -flextable' ><div class=\"flex_column av_one_half  flex_column_table_cell av-equal-height-column av-align-middle first  avia-builder-el-1  el_before_av_one_half  avia-builder-el-first  \" style='padding:0px 0px 0px 30px ; border-radius:0px; '><section class=\"av_textblock_section \"  itemscope=\"itemscope\" itemtype=\"https:\/\/schema.org\/CreativeWork\" ><div class='avia_textblock  av_inherit_color '  style='color:#ffffff; '  itemprop=\"text\" ><h1 class=\"p1\" style=\"text-align: left;\"><b>Izv\u0113lieties savus braucienus n\u0101kamaj\u0101 l\u012bmen\u012b!<\/b><\/h1>\n<\/div><\/section><br \/>\n<section class=\"av_textblock_section \"  itemscope=\"itemscope\" itemtype=\"https:\/\/schema.org\/CreativeWork\" ><div class='avia_textblock  av_inherit_color '  style='color:#ffffff; '  itemprop=\"text\" ><h4 style=\"text-align: left;\">Visi braucieni* -30% (R\u012bg\u0101)<\/h4>\n<\/div><\/section><br \/>\n<section class=\"av_textblock_section \"  itemscope=\"itemscope\" itemtype=\"https:\/\/schema.org\/CreativeWork\" ><div class='avia_textblock  av_inherit_color '  style='color:#ffffff; '  itemprop=\"text\" ><p><span style=\"color: #ffffff; font-size: 12px;\">*\u0160obr\u012bd visiem braucieniem -30% (bet ne vair\u0101k k\u0101 2.5 \u20ac). Pied\u0101v\u0101jums ir sp\u0113k\u0101, nor\u0113\u0137inoties tikai ar maks\u0101jumu kart\u0113m.<br \/>\nKampa\u0146a norisin\u0101s l\u012bdz 25.09<\/span><\/p>\n<\/div><\/section><br \/>\n<div  style=' margin-top:30px; margin-bottom:30px;'  class='hr hr-custom hr-left hr-icon-no   avia-builder-el-5  el_after_av_textblock  el_before_av_image '><span class='hr-inner  inner-border-av-border-fat' style=' width:50px;' ><span class='hr-inner-style'><\/span><\/span><\/div><br \/>\n<div  class='avia-image-container  av-styling-    avia-builder-el-6  el_after_av_hr  el_before_av_hr  avia-align-left '  itemprop=\"image\" itemscope=\"itemscope\" itemtype=\"https:\/\/schema.org\/ImageObject\"  ><div class='avia-image-container-inner'><div class='avia-image-overlay-wrap'><img decoding=\"async\" class='wp-image-2811 avia-img-lazy-loading-not-2811 avia_image' src=\"https:\/\/forus.eu\/wp-content\/uploads\/2022\/08\/wloga-3.png\" alt='' title='wloga' height=\"101\" width=\"230\"  itemprop=\"thumbnailUrl\"  \/><\/div><\/div><\/div><br \/>\n<div  style='height:10px' class='hr hr-invisible   avia-builder-el-7  el_after_av_image  el_before_av_textblock '><span class='hr-inner ' ><span class='hr-inner-style'><\/span><\/span><\/div><br \/>\n<section class=\"av_textblock_section \"  itemscope=\"itemscope\" itemtype=\"https:\/\/schema.org\/CreativeWork\" ><div class='avia_textblock  av_inherit_color '  style='color:#ffffff; '  itemprop=\"text\" ><p style=\"color: #ffffff !important;\">Lejupiel\u0101d\u0113t aplik\u0101ciju:<\/p>\n<\/div><\/section><br \/>\n<section class=\"av_textblock_section \"  itemscope=\"itemscope\" itemtype=\"https:\/\/schema.org\/CreativeWork\" ><div class='avia_textblock  '   itemprop=\"text\" ><p><a href=\"https:\/\/apps.apple.com\/lv\/app\/taxigo-app\/id935061987\"><img decoding=\"async\" loading=\"lazy\" class=\"alignnone wp-image-2462 size-full\" src=\"https:\/\/forus.eu\/wp-content\/uploads\/2022\/07\/app-store-badge-lv.png\" alt=\"\" width=\"160\" height=\"48\" \/><\/a> <a href=\"https:\/\/play.google.com\/store\/apps\/details?id=com.taxigo.ee\"><img decoding=\"async\" loading=\"lazy\" class=\"alignnone wp-image-2466 size-full\" src=\"https:\/\/forus.eu\/wp-content\/uploads\/2022\/07\/google-play-badge-lv-1.png\" alt=\"\" width=\"160\" height=\"48\" \/><\/a><\/p>\n<\/div><\/section><\/p><\/div><div class='av-flex-placeholder'><\/div><div class=\"flex_column av_one_half  flex_column_table_cell av-equal-height-column av-align-middle av-zero-column-padding   avia-builder-el-10  el_after_av_one_half  avia-builder-el-last  \" style='border-radius:0px; '><div  class='avia-image-container  av-styling-    avia-builder-el-11  avia-builder-el-no-sibling  avia-align-left '  itemprop=\"image\" itemscope=\"itemscope\" itemtype=\"https:\/\/schema.org\/ImageObject\"  ><div class='avia-image-container-inner'><div class='avia-image-overlay-wrap'><img decoding=\"async\" class='wp-image-2835 avia-img-lazy-loading-not-2835 avia_image' src=\"https:\/\/forus.eu\/wp-content\/uploads\/2022\/08\/Main_visual_LV-1023x1030.png\" alt='' title='' height=\"1030\" width=\"1023\"  itemprop=\"thumbnailUrl\" srcset=\"https:\/\/forus.eu\/wp-content\/uploads\/2022\/08\/Main_visual_LV-1023x1030.png 1023w, https:\/\/forus.eu\/wp-content\/uploads\/2022\/08\/Main_visual_LV-298x300.png 298w, https:\/\/forus.eu\/wp-content\/uploads\/2022\/08\/Main_visual_LV-80x80.png 80w, https:\/\/forus.eu\/wp-content\/uploads\/2022\/08\/Main_visual_LV-768x774.png 768w, https:\/\/forus.eu\/wp-content\/uploads\/2022\/08\/Main_visual_LV-36x36.png 36w, https:\/\/forus.eu\/wp-content\/uploads\/2022\/08\/Main_visual_LV-180x180.png 180w, https:\/\/forus.eu\/wp-content\/uploads\/2022\/08\/Main_visual_LV-700x705.png 700w, https:\/\/forus.eu\/wp-content\/uploads\/2022\/08\/Main_visual_LV.png 1378w\" sizes=\"(max-width: 1023px) 100vw, 1023px\" \/><\/div><\/div><\/div><\/div><\/div><!--close column table wrapper. Autoclose: 1 -->\n","protected":false},"excerpt":{"rendered":"","protected":false},"author":11,"featured_media":0,"parent":0,"menu_order":0,"comment_status":"closed","ping_status":"closed","template":"","meta":{"inline_featured_image":false},"_links":{"self":[{"href":"https:\/\/forus.eu\/lv\/wp-json\/wp\/v2\/pages\/2833"}],"collection":[{"href":"https:\/\/forus.eu\/lv\/wp-json\/wp\/v2\/pages"}],"about":[{"href":"https:\/\/forus.eu\/lv\/wp-json\/wp\/v2\/types\/page"}],"author":[{"embeddable":true,"href":"https:\/\/forus.eu\/lv\/wp-json\/wp\/v2\/users\/11"}],"replies":[{"embeddable":true,"href":"https:\/\/forus.eu\/lv\/wp-json\/wp\/v2\/comments?post=2833"}],"version-history":[{"count":11,"href":"https:\/\/forus.eu\/lv\/wp-json\/wp\/v2\/pages\/2833\/revisions"}],"predecessor-version":[{"id":2977,"href":"https:\/\/forus.eu\/lv\/wp-json\/wp\/v2\/pages\/2833\/revisions\/2977"}],"wp:attachment":[{"href":"https:\/\/forus.eu\/lv\/wp-json\/wp\/v2\/media?parent=2833"}],"curies":[{"name":"wp","href":"https:\/\/api.w.org\/{rel}","templated":true}]}}