{"id":2322,"date":"2022-07-10T15:48:19","date_gmt":"2022-07-10T15:48:19","guid":{"rendered":"https:\/\/forus.eu\/?page_id=2322"},"modified":"2023-05-29T08:04:33","modified_gmt":"2023-05-29T08:04:33","slug":"taksometrs-biznesam","status":"publish","type":"page","link":"https:\/\/forus.eu\/lv\/taksometrs-biznesam\/","title":{"rendered":"Bizness"},"content":{"rendered":"<div id='av-layout-grid-1'  class='av-layout-grid-container entry-content-wrapper main_color av-flex-cells     avia-builder-el-0  el_before_av_section  avia-builder-el-first  av-cell-min-height av-cell-min-height-75 container_wrap fullsize' style=' '   data-av_minimum_height_pc='75'>\n<div class=\"flex_cell no_margin av_one_half  avia-builder-el-1  el_before_av_cell_one_half  avia-builder-el-first   \"  style='background: #ffffff; vertical-align:middle; padding:30px; background-color:#ffffff; ' ><div class='flex_cell_inner' ><section class=\"av_textblock_section \"  itemscope=\"itemscope\" itemtype=\"https:\/\/schema.org\/CreativeWork\" ><div class='avia_textblock  '   itemprop=\"text\" ><h1 style=\"color: #2f174c;\">\u0112rts un elast\u012bgs braucienu pakalpojums j\u016bsu uz\u0146\u0113mumam<\/h1>\n<\/div><\/section><br \/>\n<section class=\"av_textblock_section \"  itemscope=\"itemscope\" itemtype=\"https:\/\/schema.org\/CreativeWork\" ><div class='avia_textblock  av_inherit_color '  style='color:#757575; '  itemprop=\"text\" ><h3>Ide\u0101ls risin\u0101jums, lai p\u0101rvietotos j\u016bsu komanda vai partneri. Par lab\u0101kaj\u0101m cen\u0101m!<\/h3>\n<\/div><\/section><br \/>\n<div  style='height:20px' class='hr hr-invisible   avia-builder-el-4  el_after_av_textblock  el_before_av_button '><span class='hr-inner ' ><span class='hr-inner-style'><\/span><\/span><\/div><br \/>\n<div  class='avia-button-wrap avia-button-left  avia-builder-el-5  el_after_av_hr  avia-builder-el-last ' ><a href='#more'  class='avia-button   avia-icon_select-no avia-size-x-large avia-position-left '  style='background-color:#4091e8; border-color:#4091e8; color:#ffffff; ' ><span class='avia_iconbox_title' >Uzzin\u0101t vair\u0101k<\/span><\/a><\/div><\/p>\n<\/div><\/div><div class=\"flex_cell no_margin av_one_half  avia-builder-el-6  el_after_av_cell_one_half  avia-builder-el-last   av-hide-on-mobile  \"  style='background:url(https:\/\/forus.eu\/wp-content\/uploads\/2022\/07\/cab_service.jpg) top right no-repeat scroll #ffffff; vertical-align:top; padding:30px; background-color:#ffffff; ' ><div class='flex_cell_inner' ><\/div><\/div>\n<\/div>\n<div id='more'  class='avia-section main_color avia-section-default avia-no-border-styling  avia-bg-style-scroll  avia-builder-el-7  el_after_av_layout_row  el_before_av_layout_row   container_wrap fullsize' style='background-color: #fcfcfc;  '  ><div class='container' ><div class='template-page content  av-content-full alpha units'><div class='post-entry post-entry-type-page post-entry-2322'><div class='entry-content-wrapper clearfix'>\n<div class=\"flex_column av_one_third  flex_column_div av-zero-column-padding first  avia-builder-el-8  el_before_av_one_third  avia-builder-el-first  \" style='border-radius:0px; '><p><div  class='avia-image-container  av-styling-    avia-builder-el-9  el_before_av_textblock  avia-builder-el-first  avia-align-center '  itemprop=\"image\" itemscope=\"itemscope\" itemtype=\"https:\/\/schema.org\/ImageObject\"  ><div class='avia-image-container-inner'><div class='avia-image-overlay-wrap'><img decoding=\"async\" class='wp-image-2520 avia-img-lazy-loading-not-2520 avia_image' src=\"https:\/\/forus.eu\/wp-content\/uploads\/2022\/07\/mob_app_icon.png\" alt='' title='mob_app_icon' height=\"180\" width=\"180\"  itemprop=\"thumbnailUrl\" srcset=\"https:\/\/forus.eu\/wp-content\/uploads\/2022\/07\/mob_app_icon.png 180w, https:\/\/forus.eu\/wp-content\/uploads\/2022\/07\/mob_app_icon-80x80.png 80w, https:\/\/forus.eu\/wp-content\/uploads\/2022\/07\/mob_app_icon-36x36.png 36w\" sizes=\"(max-width: 180px) 100vw, 180px\" \/><\/div><\/div><\/div><br \/>\n<section class=\"av_textblock_section \"  itemscope=\"itemscope\" itemtype=\"https:\/\/schema.org\/CreativeWork\" ><div class='avia_textblock  '   itemprop=\"text\" ><h3 style=\"text-align: center;\">Pas\u016bt\u012bt auto pa telefonu vai caur aplik\u0101ciju<\/h3>\n<\/div><\/section><\/p><\/div><div class=\"flex_column av_one_third  flex_column_div av-zero-column-padding   avia-builder-el-11  el_after_av_one_third  el_before_av_one_third  \" style='border-radius:0px; '><p><div  class='avia-image-container  av-styling-    avia-builder-el-12  el_before_av_textblock  avia-builder-el-first  avia-align-center '  itemprop=\"image\" itemscope=\"itemscope\" itemtype=\"https:\/\/schema.org\/ImageObject\"  ><div class='avia-image-container-inner'><div class='avia-image-overlay-wrap'><img decoding=\"async\" class='wp-image-2524 avia-img-lazy-loading-not-2524 avia_image' src=\"https:\/\/forus.eu\/wp-content\/uploads\/2022\/07\/overview_icon.png\" alt='' title='overview_icon' height=\"180\" width=\"180\"  itemprop=\"thumbnailUrl\" srcset=\"https:\/\/forus.eu\/wp-content\/uploads\/2022\/07\/overview_icon.png 180w, https:\/\/forus.eu\/wp-content\/uploads\/2022\/07\/overview_icon-80x80.png 80w, https:\/\/forus.eu\/wp-content\/uploads\/2022\/07\/overview_icon-36x36.png 36w\" sizes=\"(max-width: 180px) 100vw, 180px\" \/><\/div><\/div><\/div><br \/>\n<section class=\"av_textblock_section \"  itemscope=\"itemscope\" itemtype=\"https:\/\/schema.org\/CreativeWork\" ><div class='avia_textblock  '   itemprop=\"text\" ><h3 style=\"text-align: center;\">Elektronisks un \u0113rts braucienu p\u0101rskats<\/h3>\n<\/div><\/section><\/p><\/div><div class=\"flex_column av_one_third  flex_column_div av-zero-column-padding   avia-builder-el-14  el_after_av_one_third  avia-builder-el-last  \" style='border-radius:0px; '><p><div  class='avia-image-container  av-styling-    avia-builder-el-15  el_before_av_textblock  avia-builder-el-first  avia-align-center '  itemprop=\"image\" itemscope=\"itemscope\" itemtype=\"https:\/\/schema.org\/ImageObject\"  ><div class='avia-image-container-inner'><div class='avia-image-overlay-wrap'><img decoding=\"async\" class='wp-image-2528 avia-img-lazy-loading-not-2528 avia_image' src=\"https:\/\/forus.eu\/wp-content\/uploads\/2022\/07\/invoice_card_icon.png\" alt='' title='invoice_card_icon' height=\"180\" width=\"180\"  itemprop=\"thumbnailUrl\" srcset=\"https:\/\/forus.eu\/wp-content\/uploads\/2022\/07\/invoice_card_icon.png 180w, https:\/\/forus.eu\/wp-content\/uploads\/2022\/07\/invoice_card_icon-80x80.png 80w, https:\/\/forus.eu\/wp-content\/uploads\/2022\/07\/invoice_card_icon-36x36.png 36w\" sizes=\"(max-width: 180px) 100vw, 180px\" \/><\/div><\/div><\/div><br \/>\n<section class=\"av_textblock_section \"  itemscope=\"itemscope\" itemtype=\"https:\/\/schema.org\/CreativeWork\" ><div class='avia_textblock  '   itemprop=\"text\" ><h3 style=\"text-align: center;\">Maks\u0101jiet ar uz\u0146\u0113muma karti vai ikm\u0113ne\u0161a r\u0113\u0137inu<\/h3>\n<\/div><\/section><\/p><\/div>\n\n<\/div><\/div><\/div><!-- close content main div --><\/div><\/div><div id='av-layout-grid-2'  class='av-layout-grid-container entry-content-wrapper main_color av-flex-cells     avia-builder-el-17  el_after_av_section  el_before_av_layout_row  av-cell-min-height av-cell-min-height-50 submenu-not-first container_wrap fullsize' style=' '   data-av_minimum_height_pc='50'>\n<div class=\"flex_cell no_margin av_one_half  avia-builder-el-18  el_before_av_cell_one_half  avia-builder-el-first   \"  style='background: #ffffff; vertical-align:middle; padding:30px; background-color:#ffffff; ' ><div class='flex_cell_inner' ><section class=\"av_textblock_section \"  itemscope=\"itemscope\" itemtype=\"https:\/\/schema.org\/CreativeWork\" ><div class='avia_textblock  '   itemprop=\"text\" ><h2 style=\"text-align: left; color: #2f174c;\">Darbinieku laika iestat\u012bjumi un pieejam\u012bba<\/h2>\n<p>Varat iestat\u012bt prec\u012bzas stundas, kad uz\u0146\u0113muma apmaks\u0101tie braucieni ir pieejami atsevi\u0161\u0137i katrai personai, un varat pievienot kred\u012btu tikai vienam braucienam. Un daudz vair\u0101k citu iesp\u0113ju!<\/p>\n<\/div><\/section>\n<\/div><\/div><div class=\"flex_cell no_margin av_one_half  avia-builder-el-20  el_after_av_cell_one_half  avia-builder-el-last   av-hide-on-mobile  \"  style='background:url(https:\/\/forus.eu\/wp-content\/uploads\/2020\/12\/schedule.png) center center no-repeat scroll; vertical-align:top; padding:30px; ' ><div class='flex_cell_inner' ><\/div><\/div>\n<\/div>\n<div id='av-layout-grid-3'  class='av-layout-grid-container entry-content-wrapper main_color av-flex-cells     avia-builder-el-21  el_after_av_layout_row  el_before_av_layout_row  av-cell-min-height av-cell-min-height-50 submenu-not-first container_wrap fullsize' style=' '   data-av_minimum_height_pc='50'>\n<div class=\"flex_cell no_margin av_one_half  avia-builder-el-22  el_before_av_cell_one_half  avia-builder-el-first   av-hide-on-mobile  \"  style='background:url(https:\/\/forus.eu\/wp-content\/uploads\/2022\/04\/shutterstock_1663088005-845x684.jpg) top left no-repeat scroll #ffffff; vertical-align:middle; padding:30px; background-color:#ffffff; ' ><div class='flex_cell_inner' ><\/div><\/div><div class=\"flex_cell no_margin av_one_half  avia-builder-el-23  el_after_av_cell_one_half  avia-builder-el-last   \"  style='background: #ffffff; vertical-align:middle; padding:30px; background-color:#ffffff; ' ><div class='flex_cell_inner' ><section class=\"av_textblock_section \"  itemscope=\"itemscope\" itemtype=\"https:\/\/schema.org\/CreativeWork\" ><div class='avia_textblock  '   itemprop=\"text\" ><h2 style=\"text-align: left; color: #2f174c;\">Automa\u0161\u012bnas izv\u0113le<\/h2>\n<p>J\u016bs varat izv\u0113l\u0113ties tie\u0161i t\u0101s automa\u0161\u012bnas un p\u0101rvad\u0101t\u0101ju uz\u0146\u0113mumus, kurus apkalpos j\u016bsu uz\u0146\u0113mumu. \u0160\u012b funkcija re\u0123ion\u0101li var at\u0161\u0137irties.<a href=\"https:\/\/taxigo.com\/contacts\/\">Sazinieties ar mums, lai uzzin\u0101tu vair\u0101k.<\/a><\/p>\n<\/div><\/section>\n<\/div><\/div>\n<\/div>\n<div id='av-layout-grid-4'  class='av-layout-grid-container entry-content-wrapper main_color av-flex-cells     avia-builder-el-25  el_after_av_layout_row  el_before_av_section  av-cell-min-height av-cell-min-height-50 submenu-not-first container_wrap fullsize' style=' '   data-av_minimum_height_pc='50'>\n<div class=\"flex_cell no_margin av_one_half  avia-builder-el-26  el_before_av_cell_one_half  avia-builder-el-first   \"  style='background: #ffffff; vertical-align:middle; padding:30px; background-color:#ffffff; ' ><div class='flex_cell_inner' ><section class=\"av_textblock_section \"  itemscope=\"itemscope\" itemtype=\"https:\/\/schema.org\/CreativeWork\" ><div class='avia_textblock  '   itemprop=\"text\" ><h2 style=\"text-align: left; color: #2f174c;\">Uzticams serviss<\/h2>\n<p>M\u016bsu platforma sadarbojas tikai ar licenc\u0113tiem profesion\u0101\u013ciem, kuriem ir pasa\u017eieru p\u0101rvad\u0101\u0161anai nepiecie\u0161am\u0101 kvalifik\u0101cija. Lielu uzsvaru liekam ar\u012b uz autovad\u012bt\u0101ju valodu zin\u0101\u0161an\u0101m, k\u0101 ar\u012b uz vi\u0146u automa\u0161\u012bnu t\u012br\u012bbu.<\/p>\n<\/div><\/section>\n<\/div><\/div><div class=\"flex_cell no_margin av_one_half  avia-builder-el-28  el_after_av_cell_one_half  avia-builder-el-last   \"  style='background:url(https:\/\/forus.eu\/wp-content\/uploads\/2020\/12\/shutterstock_545382034-845x684.jpg) top left no-repeat scroll; vertical-align:top; padding:30px; ' ><div class='flex_cell_inner' ><\/div><\/div>\n<\/div>\n<div id='av_section_2'  class='avia-section main_color avia-section-default avia-no-border-styling  avia-bg-style-scroll  avia-builder-el-29  el_after_av_layout_row  avia-builder-el-last   container_wrap fullsize' style='background-color: #1a7ae0;  '  ><div class='container' ><div class='template-page content  av-content-full alpha units'><div class='post-entry post-entry-type-page post-entry-2322'><div class='entry-content-wrapper clearfix'>\n<section class=\"av_textblock_section \"  itemscope=\"itemscope\" itemtype=\"https:\/\/schema.org\/CreativeWork\" ><div class='avia_textblock  av_inherit_color '  style='color:#ffffff; '  itemprop=\"text\" ><h3 style=\"text-align: center;\">Sazinieties ar viet\u0113jo p\u0101rst\u0101vniec\u012bbu, lai uzzin\u0101tu vair\u0101k un uzs\u0101ktu sadarb\u012bbu.<\/h3>\n<\/div><\/section>\n<div  style='height:15px' class='hr hr-invisible   avia-builder-el-31  el_after_av_textblock  el_before_av_button '><span class='hr-inner ' ><span class='hr-inner-style'><\/span><\/span><\/div>\n<div  class='avia-button-wrap avia-button-center  avia-builder-el-32  el_after_av_hr  avia-builder-el-last ' ><a href='https:\/\/forus.eu\/lv\/?page_id=5049'  class='avia-button   avia-icon_select-no avia-size-x-large avia-position-center '  style='background-color:#ffffff; border-color:#ffffff; color:#0a0a0a; ' ><span class='avia_iconbox_title' >Uzturam sakarus!<\/span><\/a><\/div>\n\n","protected":false},"excerpt":{"rendered":"","protected":false},"author":11,"featured_media":0,"parent":0,"menu_order":0,"comment_status":"closed","ping_status":"closed","template":"","meta":{"inline_featured_image":false},"_links":{"self":[{"href":"https:\/\/forus.eu\/lv\/wp-json\/wp\/v2\/pages\/2322"}],"collection":[{"href":"https:\/\/forus.eu\/lv\/wp-json\/wp\/v2\/pages"}],"about":[{"href":"https:\/\/forus.eu\/lv\/wp-json\/wp\/v2\/types\/page"}],"author":[{"embeddable":true,"href":"https:\/\/forus.eu\/lv\/wp-json\/wp\/v2\/users\/11"}],"replies":[{"embeddable":true,"href":"https:\/\/forus.eu\/lv\/wp-json\/wp\/v2\/comments?post=2322"}],"version-history":[{"count":10,"href":"https:\/\/forus.eu\/lv\/wp-json\/wp\/v2\/pages\/2322\/revisions"}],"predecessor-version":[{"id":12441,"href":"https:\/\/forus.eu\/lv\/wp-json\/wp\/v2\/pages\/2322\/revisions\/12441"}],"wp:attachment":[{"href":"https:\/\/forus.eu\/lv\/wp-json\/wp\/v2\/media?parent=2322"}],"curies":[{"name":"wp","href":"https:\/\/api.w.org\/{rel}","templated":true}]}}