{"id":2305,"date":"2022-07-10T15:40:51","date_gmt":"2022-07-10T15:40:51","guid":{"rendered":"https:\/\/forus.eu\/?page_id=2305"},"modified":"2023-02-21T10:21:50","modified_gmt":"2023-02-21T10:21:50","slug":"forus-taxi","status":"publish","type":"page","link":"https:\/\/forus.eu\/lv\/forus-taxi\/","title":{"rendered":"Forus"},"content":{"rendered":"<div id='av_section_1'  class='avia-section main_color avia-section-default avia-no-border-styling  avia-bg-style-scroll  avia-builder-el-0  el_before_av_section  avia-builder-el-first   av-desktop-hide av-medium-hide av-minimum-height av-minimum-height-75  container_wrap fullsize' style='background-color: #ffffff;  '   data-av_minimum_height_pc='75'><div class='container' ><main  role=\"main\" itemprop=\"mainContentOfPage\"  class='template-page content  av-content-full alpha units'><div class='post-entry post-entry-type-page post-entry-2305'><div class='entry-content-wrapper clearfix'>\n<div class='flex_column_table av-equal-height-column-flextable -flextable' ><div class=\"flex_column av_two_fifth  flex_column_table_cell av-equal-height-column av-align-middle av-zero-column-padding first  avia-builder-el-1  el_before_av_three_fifth  avia-builder-el-first  \" style='border-radius:0px; '><section class=\"av_textblock_section \"  itemscope=\"itemscope\" itemtype=\"https:\/\/schema.org\/CreativeWork\" ><div class='avia_textblock  '   itemprop=\"text\" ><h1 style=\"font-size: 40px !important; color: #2f174c;\">Pieejami braucieni tav\u0101 pils\u0113t\u0101!<\/h1>\n<h3>Visas automa\u0161\u012bnu komp\u0101nijas vien\u0101 lietotn\u0113.<br \/>\nVeic braucienu, izmantojot lietotni Forus.<\/h3>\n<\/div><\/section><br \/>\n<div  style='height:30px' class='hr hr-invisible   avia-builder-el-3  el_after_av_textblock  el_before_av_textblock '><span class='hr-inner ' ><span class='hr-inner-style'><\/span><\/span><\/div><br \/>\n<section class=\"av_textblock_section \"  itemscope=\"itemscope\" itemtype=\"https:\/\/schema.org\/CreativeWork\" ><div class='avia_textblock  '   itemprop=\"text\" ><p>Lejupiel\u0101d\u0113t aplik\u0101ciju:<\/p>\n<p><a href=\"https:\/\/apps.apple.com\/lv\/app\/taxigo-app\/id935061987\"><img decoding=\"async\" loading=\"lazy\" class=\"alignnone wp-image-2462 size-full\" src=\"https:\/\/forus.eu\/wp-content\/uploads\/2022\/07\/app-store-badge-lv.png\" alt=\"\" width=\"160\" height=\"48\" \/><\/a> <a href=\"https:\/\/play.google.com\/store\/apps\/details?id=com.taxigo.ee\"><img decoding=\"async\" loading=\"lazy\" class=\"alignnone wp-image-2466 size-full\" src=\"https:\/\/forus.eu\/wp-content\/uploads\/2022\/07\/google-play-badge-lv-1.png\" alt=\"\" width=\"160\" height=\"48\" \/><\/a><\/p>\n<\/div><\/section><br \/>\n<div  class='avia-image-container  av-styling-    avia-builder-el-5  el_after_av_textblock  avia-builder-el-last  avia-align-center '  itemprop=\"image\" itemscope=\"itemscope\" itemtype=\"https:\/\/schema.org\/ImageObject\"  ><div class='avia-image-container-inner'><div class='avia-image-overlay-wrap'><img decoding=\"async\" class='wp-image-2495 avia-img-lazy-loading-not-2495 avia_image' src=\"https:\/\/forus.eu\/wp-content\/uploads\/2022\/07\/forus_app_lv_mob.png\" alt='' title='forus_app_lv_mob' height=\"960\" width=\"960\"  itemprop=\"thumbnailUrl\" srcset=\"https:\/\/forus.eu\/wp-content\/uploads\/2022\/07\/forus_app_lv_mob.png 960w, https:\/\/forus.eu\/wp-content\/uploads\/2022\/07\/forus_app_lv_mob-300x300.png 300w, https:\/\/forus.eu\/wp-content\/uploads\/2022\/07\/forus_app_lv_mob-80x80.png 80w, https:\/\/forus.eu\/wp-content\/uploads\/2022\/07\/forus_app_lv_mob-768x768.png 768w, https:\/\/forus.eu\/wp-content\/uploads\/2022\/07\/forus_app_lv_mob-36x36.png 36w, https:\/\/forus.eu\/wp-content\/uploads\/2022\/07\/forus_app_lv_mob-180x180.png 180w, https:\/\/forus.eu\/wp-content\/uploads\/2022\/07\/forus_app_lv_mob-705x705.png 705w\" sizes=\"(max-width: 960px) 100vw, 960px\" \/><\/div><\/div><\/div><\/p><\/div><div class='av-flex-placeholder'><\/div><div class=\"flex_column av_three_fifth  flex_column_table_cell av-equal-height-column av-align-middle av-zero-column-padding   avia-builder-el-6  el_after_av_two_fifth  avia-builder-el-last  \" style='background:url(https:\/\/forus.eu\/wp-content\/uploads\/2022\/07\/forus_app_lv.jpg) top right no-repeat ; border-radius:0px; '><\/div><\/div><!--close column table wrapper. Autoclose: 1 -->\n\n<\/div><\/div><\/main><!-- close content main element --><\/div><\/div><div id='av_section_2'  class='avia-section main_color avia-section-default avia-no-border-styling  avia-bg-style-scroll  avia-builder-el-7  el_after_av_section  el_before_av_section   av-small-hide av-mini-hide av-minimum-height av-minimum-height-75  container_wrap fullsize' style='background-color: #ffffff; background-repeat: no-repeat; background-image: url(https:\/\/forus.eu\/wp-content\/uploads\/2022\/07\/forus_app_lv.jpg);background-attachment: scroll; background-position: center center;  '  data-section-bg-repeat='no-repeat' data-av_minimum_height_pc='75'><div class='container' ><div class='template-page content  av-content-full alpha units'><div class='post-entry post-entry-type-page post-entry-2305'><div class='entry-content-wrapper clearfix'>\n<div class='flex_column_table av-equal-height-column-flextable -flextable' ><div class=\"flex_column av_two_fifth  flex_column_table_cell av-equal-height-column av-align-middle av-zero-column-padding first  avia-builder-el-8  el_before_av_three_fifth  avia-builder-el-first  \" style='border-radius:0px; '><section class=\"av_textblock_section \"  itemscope=\"itemscope\" itemtype=\"https:\/\/schema.org\/CreativeWork\" ><div class='avia_textblock  '   itemprop=\"text\" ><h1 style=\"font-size: 56px !important; color: #2f174c;\">Pieejami braucieni tav\u0101 pils\u0113t\u0101!<\/h1>\n<h3>Visas automa\u0161\u012bnu komp\u0101nijas vien\u0101 lietotn\u0113.<br \/>\nPas\u016bti braucienu, izmantojot lietotni Forus.<\/h3>\n<\/div><\/section><br \/>\n<div  style='height:30px' class='hr hr-invisible   avia-builder-el-10  el_after_av_textblock  el_before_av_textblock '><span class='hr-inner ' ><span class='hr-inner-style'><\/span><\/span><\/div><br \/>\n<section class=\"av_textblock_section \"  itemscope=\"itemscope\" itemtype=\"https:\/\/schema.org\/CreativeWork\" ><div class='avia_textblock  '   itemprop=\"text\" ><p>Lejupiel\u0101d\u0113t aplik\u0101ciju:<\/p>\n<p><a href=\"https:\/\/apps.apple.com\/lv\/app\/taxigo-app\/id935061987\"><img decoding=\"async\" loading=\"lazy\" class=\"alignnone wp-image-2462 size-full\" src=\"https:\/\/forus.eu\/wp-content\/uploads\/2022\/07\/app-store-badge-lv.png\" alt=\"\" width=\"160\" height=\"48\" \/><\/a> <a href=\"https:\/\/play.google.com\/store\/apps\/details?id=com.taxigo.ee\"><img decoding=\"async\" loading=\"lazy\" class=\"alignnone wp-image-2466 size-full\" src=\"https:\/\/forus.eu\/wp-content\/uploads\/2022\/07\/google-play-badge-lv-1.png\" alt=\"\" width=\"160\" height=\"48\" \/><\/a><\/p>\n<\/div><\/section><\/p><\/div><div class='av-flex-placeholder'><\/div><div class=\"flex_column av_three_fifth  flex_column_table_cell av-equal-height-column av-align-middle av-zero-column-padding   avia-builder-el-12  el_after_av_two_fifth  avia-builder-el-last  \" style='border-radius:0px; '><\/div><\/div><!--close column table wrapper. Autoclose: 1 -->\n\n<\/div><\/div><\/div><!-- close content main div --><\/div><\/div><div id='av_section_3'  class='avia-section main_color avia-section-default avia-no-border-styling  avia-bg-style-scroll  avia-builder-el-13  el_after_av_section  el_before_av_section   container_wrap fullsize' style='background-color: #ffffff;  '  ><div class='container' ><div class='template-page content  av-content-full alpha units'><div class='post-entry post-entry-type-page post-entry-2305'><div class='entry-content-wrapper clearfix'>\n<div class='flex_column_table av-equal-height-column-flextable -flextable' ><div class=\"flex_column av_one_half  flex_column_table_cell av-equal-height-column av-align-middle av-zero-column-padding first  avia-builder-el-14  el_before_av_one_half  avia-builder-el-first  \" style='border-radius:0px; '><section class=\"av_textblock_section \"  itemscope=\"itemscope\" itemtype=\"https:\/\/schema.org\/CreativeWork\" ><div class='avia_textblock  '   itemprop=\"text\" ><h2>Izv\u0113lies automa\u0161\u012bnu pats lietotn\u0113 Forus<\/h2>\n<h4>Izv\u0113lies automa\u0161\u012bnu pats, pamatojoties uz t\u0101s att\u0113lu, k\u0101 ar\u012b p\u0113c vad\u012bt\u0101ja att\u0113la un vi\u0146a p\u0101rvald\u012bt\u0101s valodas.<\/h4>\n<\/div><\/section><\/div><div class='av-flex-placeholder'><\/div><div class=\"flex_column av_one_half  flex_column_table_cell av-equal-height-column av-align-middle av-zero-column-padding   avia-builder-el-16  el_after_av_one_half  el_before_av_one_fourth  \" style='border-radius:0px; '><\/div><\/div><!--close column table wrapper. Autoclose: 1 --><div class='flex_column_table av-equal-height-column-flextable -flextable' ><div class=\"flex_column av_one_fourth  flex_column_table_cell av-equal-height-column av-align-top av-zero-column-padding first  avia-builder-el-17  el_after_av_one_half  el_before_av_one_fourth  column-top-margin\" style='border-radius:0px; '><\/div><div class='av-flex-placeholder'><\/div><div class=\"flex_column av_one_fourth  flex_column_table_cell av-equal-height-column av-align-top av-zero-column-padding   avia-builder-el-18  el_after_av_one_fourth  el_before_av_one_fourth  column-top-margin\" style='border-radius:0px; '><p><div  class='avia-image-container  av-styling-    avia-builder-el-19  el_before_av_textblock  avia-builder-el-first  avia-align-center '  itemprop=\"image\" itemscope=\"itemscope\" itemtype=\"https:\/\/schema.org\/ImageObject\"  ><div class='avia-image-container-inner'><div class='avia-image-overlay-wrap'><img decoding=\"async\" class='wp-image-2499 avia-img-lazy-loading-not-2499 avia_image' src=\"https:\/\/forus.eu\/wp-content\/uploads\/2022\/07\/1Acats_edit.png\" alt='' title='1Acats_edit' height=\"732\" width=\"700\"  itemprop=\"thumbnailUrl\" srcset=\"https:\/\/forus.eu\/wp-content\/uploads\/2022\/07\/1Acats_edit.png 700w, https:\/\/forus.eu\/wp-content\/uploads\/2022\/07\/1Acats_edit-287x300.png 287w, https:\/\/forus.eu\/wp-content\/uploads\/2022\/07\/1Acats_edit-674x705.png 674w\" sizes=\"(max-width: 700px) 100vw, 700px\" \/><\/div><\/div><\/div><br \/>\n<section class=\"av_textblock_section \"  itemscope=\"itemscope\" itemtype=\"https:\/\/schema.org\/CreativeWork\" ><div class='avia_textblock  '   itemprop=\"text\" ><h3 style=\"text-align: center;\">Kategoriju mekl\u0113\u0161ana<\/h3>\n<\/div><\/section><br \/>\n<section class=\"av_textblock_section \"  itemscope=\"itemscope\" itemtype=\"https:\/\/schema.org\/CreativeWork\" ><div class='avia_textblock  '   itemprop=\"text\" ><p style=\"text-align: center;\">Lietotne mekl\u0113 tev tuv\u0101ko automa\u0161\u012bnu<\/p>\n<\/div><\/section><\/p><\/div><div class='av-flex-placeholder'><\/div><div class=\"flex_column av_one_fourth  flex_column_table_cell av-equal-height-column av-align-top av-zero-column-padding   avia-builder-el-22  el_after_av_one_fourth  el_before_av_one_fourth  column-top-margin\" style='border-radius:0px; '><p><div  class='avia-image-container  av-styling-    avia-builder-el-23  el_before_av_textblock  avia-builder-el-first  avia-align-center '  itemprop=\"image\" itemscope=\"itemscope\" itemtype=\"https:\/\/schema.org\/ImageObject\"  ><div class='avia-image-container-inner'><div class='avia-image-overlay-wrap'><img decoding=\"async\" class='wp-image-2319 avia-img-lazy-loading-not-2319 avia_image' src=\"https:\/\/forus.eu\/wp-content\/uploads\/2022\/04\/1Alist.png\" alt='' title='' height=\"732\" width=\"700\"  itemprop=\"thumbnailUrl\" srcset=\"https:\/\/forus.eu\/wp-content\/uploads\/2022\/04\/1Alist.png 700w, https:\/\/forus.eu\/wp-content\/uploads\/2022\/04\/1Alist-287x300.png 287w, https:\/\/forus.eu\/wp-content\/uploads\/2022\/04\/1Alist-674x705.png 674w\" sizes=\"(max-width: 700px) 100vw, 700px\" \/><\/div><\/div><\/div><br \/>\n<section class=\"av_textblock_section \"  itemscope=\"itemscope\" itemtype=\"https:\/\/schema.org\/CreativeWork\" ><div class='avia_textblock  '   itemprop=\"text\" ><h3 style=\"text-align: center;\">Automa\u0161\u012bnu izv\u0113le no saraksta<\/h3>\n<\/div><\/section><br \/>\n<section class=\"av_textblock_section \"  itemscope=\"itemscope\" itemtype=\"https:\/\/schema.org\/CreativeWork\" ><div class='avia_textblock  '   itemprop=\"text\" ><p style=\"text-align: center;\">Tu vari izv\u0113l\u0113ties tie\u0161i sev v\u0113lamo auto no saraksta p\u0113c fotoatt\u0113la un redz\u0113si ar\u012b vad\u012bt\u0101ju pirms pas\u016bt\u012b\u0161anas!<\/p>\n<\/div><\/section><\/p><\/div><div class='av-flex-placeholder'><\/div><div class=\"flex_column av_one_fourth  flex_column_table_cell av-equal-height-column av-align-top av-zero-column-padding   avia-builder-el-26  el_after_av_one_fourth  avia-builder-el-last  column-top-margin\" style='border-radius:0px; '><\/div><\/div><!--close column table wrapper. Autoclose: 1 -->\n\n<\/div><\/div><\/div><!-- close content main div --><\/div><\/div><div id='av_section_4'  class='avia-section main_color avia-section-default avia-no-border-styling  avia-bg-style-scroll  avia-builder-el-27  el_after_av_section  avia-builder-el-last   container_wrap fullsize' style='background-color: #fcfcfc;  '  ><div class='container' ><div class='template-page content  av-content-full alpha units'><div class='post-entry post-entry-type-page post-entry-2305'><div class='entry-content-wrapper clearfix'>\n<div class='flex_column_table av-equal-height-column-flextable -flextable' ><div class=\"flex_column av_one_full  flex_column_table_cell av-equal-height-column av-align-middle av-zero-column-padding first  avia-builder-el-28  el_before_av_one_third  avia-builder-el-first  \" style='border-radius:0px; '><section class=\"av_textblock_section \"  itemscope=\"itemscope\" itemtype=\"https:\/\/schema.org\/CreativeWork\" ><div class='avia_textblock  '   itemprop=\"text\" ><h2>Maks\u0101jumu iesp\u0113jas<\/h2>\n<\/div><\/section><\/div><\/div><!--close column table wrapper. Autoclose: 1 --><div class=\"flex_column av_one_third  flex_column_div av-zero-column-padding first  avia-builder-el-30  el_after_av_one_full  el_before_av_one_third  column-top-margin\" style='border-radius:0px; '><section class=\"av_textblock_section \"  itemscope=\"itemscope\" itemtype=\"https:\/\/schema.org\/CreativeWork\" ><div class='avia_textblock  '   itemprop=\"text\" ><p><img decoding=\"async\" loading=\"lazy\" class=\"alignnone wp-image-2471\" src=\"https:\/\/forus.eu\/wp-content\/uploads\/2022\/07\/card_icon.png\" alt=\"\" width=\"72\" height=\"66\" \/><\/p>\n<h3 style=\"color: #2f174c;\">Lietotnei piesaist\u012bta bankas karte<\/h3>\n<p>P\u0113c Forus uzst\u0101d\u012b\u0161anas sav\u0101 viedier\u012bc\u0113, pievieno savu bankas karti lietotnei, samaksa par braucieniem notiks autom\u0101tiski no kartes, kas b\u016bs pievienota. Svar\u012bgi &#8211; bankas kartei j\u0101b\u016bt iesp\u0113jai nor\u0113\u0137in\u0101ties izmantojot internetu.<\/p>\n<\/div><\/section><\/div><div class=\"flex_column av_one_third  flex_column_div av-zero-column-padding   avia-builder-el-32  el_after_av_one_third  el_before_av_one_third  column-top-margin\" style='border-radius:0px; '><section class=\"av_textblock_section \"  itemscope=\"itemscope\" itemtype=\"https:\/\/schema.org\/CreativeWork\" ><div class='avia_textblock  '   itemprop=\"text\" ><p><img decoding=\"async\" loading=\"lazy\" class=\"alignnone wp-image-2475\" src=\"https:\/\/forus.eu\/wp-content\/uploads\/2022\/07\/cash_icon.png\" alt=\"\" width=\"70\" height=\"66\" \/><\/p>\n<h3 style=\"color: #2f174c;\">Skaidra nauda<\/h3>\n<p>P\u0101rliecinies, lai nauda b\u016btu prec\u012bza, jo vad\u012bt\u0101jiem var neb\u016bt prec\u012bza atlikuma, ko izdot.<\/p>\n<\/div><\/section><\/div><div class=\"flex_column av_one_third  flex_column_div av-zero-column-padding   avia-builder-el-34  el_after_av_one_third  avia-builder-el-last  column-top-margin\" style='border-radius:0px; '><section class=\"av_textblock_section \"  itemscope=\"itemscope\" itemtype=\"https:\/\/schema.org\/CreativeWork\" ><div class='avia_textblock  '   itemprop=\"text\" ><p><img decoding=\"async\" loading=\"lazy\" class=\"alignnone wp-image-2479\" src=\"https:\/\/forus.eu\/wp-content\/uploads\/2022\/07\/bill_icon.png\" alt=\"\" width=\"54\" height=\"66\" \/><\/p>\n<h3 style=\"color: #2f174c;\">Uz\u0146\u0113muma konts<\/h3>\n<p>Ir iesp\u0113jams nosl\u0113gt Forus biznesa klientu l\u012bgumu tavam uz\u0146\u0113mumam. Kad l\u012bgums ir nosl\u0113gts, atliek izv\u0113l\u0113ties sava uz\u0146\u0113muma nosaukumu k\u0101 maks\u0101juma veidu un tas ir ar\u012b viss! R\u0113\u0137ins par braucieniem tiek nos\u016bt\u012bts katru m\u0113nesi vai nor\u0113\u0137ins tiek veikts, izmantojot uz\u0146\u0113muma kred\u012btkarti, kas ir piesaist\u012bta uz\u0146\u0113muma Forus kontam.<\/p>\n<\/div><\/section><\/div>\n","protected":false},"excerpt":{"rendered":"","protected":false},"author":11,"featured_media":0,"parent":0,"menu_order":0,"comment_status":"closed","ping_status":"closed","template":"","meta":{"inline_featured_image":false},"_links":{"self":[{"href":"https:\/\/forus.eu\/lv\/wp-json\/wp\/v2\/pages\/2305"}],"collection":[{"href":"https:\/\/forus.eu\/lv\/wp-json\/wp\/v2\/pages"}],"about":[{"href":"https:\/\/forus.eu\/lv\/wp-json\/wp\/v2\/types\/page"}],"author":[{"embeddable":true,"href":"https:\/\/forus.eu\/lv\/wp-json\/wp\/v2\/users\/11"}],"replies":[{"embeddable":true,"href":"https:\/\/forus.eu\/lv\/wp-json\/wp\/v2\/comments?post=2305"}],"version-history":[{"count":31,"href":"https:\/\/forus.eu\/lv\/wp-json\/wp\/v2\/pages\/2305\/revisions"}],"predecessor-version":[{"id":3998,"href":"https:\/\/forus.eu\/lv\/wp-json\/wp\/v2\/pages\/2305\/revisions\/3998"}],"wp:attachment":[{"href":"https:\/\/forus.eu\/lv\/wp-json\/wp\/v2\/media?parent=2305"}],"curies":[{"name":"wp","href":"https:\/\/api.w.org\/{rel}","templated":true}]}}