{"id":11297,"date":"2024-05-14T10:27:16","date_gmt":"2024-05-14T10:27:16","guid":{"rendered":"https:\/\/forus.eu\/?page_id=11297"},"modified":"2024-05-14T10:29:32","modified_gmt":"2024-05-14T10:29:32","slug":"musu-stasts","status":"publish","type":"page","link":"https:\/\/forus.eu\/lv\/musu-stasts\/","title":{"rendered":"M\u016bsu st\u0101sts"},"content":{"rendered":"<div id='av_section_1'  class='avia-section main_color avia-section-default avia-no-border-styling  av-parallax-section av-section-color-overlay-active avia-bg-style-parallax  avia-builder-el-0  el_before_av_section  avia-builder-el-first   av-small-hide av-mini-hide av-minimum-height av-minimum-height-75  container_wrap fullsize' style=' '  data-section-bg-repeat='no-repeat' data-av_minimum_height_pc='75'><div class='av-parallax' data-avia-parallax-ratio='0.3' ><div class='av-parallax-inner main_color  avia-full-stretch' style = 'background-repeat: no-repeat; background-image: url(https:\/\/forus.eu\/wp-content\/uploads\/2024\/05\/meie-forus-2.jpg);background-attachment: scroll; background-position: center center; ' ><\/div><\/div><div class='av-section-color-overlay-wrap'><div class='av-section-color-overlay' style='opacity: 0.6; background-color: #000000; '><\/div><a href='#next-section' title='' class='scroll-down-link '  aria-hidden='true' data-av_icon='\ue877' data-av_iconfont='entypo-fontello'><\/a><div class='container' ><main  role=\"main\" itemprop=\"mainContentOfPage\"  class='template-page content  av-content-full alpha units'><div class='post-entry post-entry-type-page post-entry-11297'><div class='entry-content-wrapper clearfix'>\n<div class=\"flex_column av_one_fifth  flex_column_div av-zero-column-padding first  avia-builder-el-1  el_before_av_three_fifth  avia-builder-el-first  \" style='border-radius:0px; '><\/div><div class=\"flex_column av_three_fifth  flex_column_div av-zero-column-padding   avia-builder-el-2  el_after_av_one_fifth  el_before_av_one_fifth  \" style='border-radius:0px; '><section class=\"av_textblock_section \"  itemscope=\"itemscope\" itemtype=\"https:\/\/schema.org\/CreativeWork\" ><div class='avia_textblock  av_inherit_color '  style='font-size:20px; color:#ffffff; '  itemprop=\"text\" ><h1 style=\"font-size: 4rem; text-align: center;\">M\u0113s visu apgrie\u017eam<br \/>k\u0101j\u0101m gais\u0101!<\/h1>\n<\/div><\/section><br \/>\n<section class=\"av_textblock_section \"  itemscope=\"itemscope\" itemtype=\"https:\/\/schema.org\/CreativeWork\" ><div class='avia_textblock  av_inherit_color '  style='color:#ffffff; '  itemprop=\"text\" ><h4 style=\"text-align: center;\">Forus rada platformu, kur\u0101 visi lietot\u0101ji nav tikai maks\u0101t\u0101ji \u2013 m\u0113s visus klientus un partnerus padar\u0101m par ieinteres\u0113t\u0101m pus\u0113m, kam pieder m\u016bsu visu kop\u0101 rad\u012bt\u0101 v\u0113rt\u012bba.<\/h4>\n<h4 style=\"text-align: center;\">Ar katru pakalpojuma vai produkta ieg\u0101di no Forus platformas, lietot\u0101ji nopelna US Tokenus, kas ir platformas virtu\u0101l\u0101s akcijas. Forus m\u0113s rad\u0101m iesp\u0113ju ikvienam p\u0101rv\u0113rst savu ikdienas pat\u0113ri\u0146a izv\u0113li v\u0113rt\u012bb\u0101, US Tokenos, kad v\u0113rt\u012bba pieaug ar katru dienu.<\/h4>\n<\/div><\/section><\/p><\/div><div class=\"flex_column av_one_fifth  flex_column_div av-zero-column-padding   avia-builder-el-5  el_after_av_three_fifth  avia-builder-el-last  \" style='border-radius:0px; '><\/div><\/div><\/div><\/main><!-- close content main element --><\/div><\/div><\/div><div id='av_section_2'  class='avia-section main_color avia-section-default avia-no-border-styling  av-section-color-overlay-active avia-bg-style-scroll  avia-builder-el-6  el_after_av_section  el_before_av_section   av-desktop-hide av-medium-hide av-minimum-height av-minimum-height-75  container_wrap fullsize' style='background-repeat: no-repeat; background-image: url(https:\/\/forus.eu\/wp-content\/uploads\/2024\/05\/meie-forus-2.jpg);background-attachment: scroll; background-position: center center;  '  data-section-bg-repeat='no-repeat' data-av_minimum_height_pc='75'><div class='av-section-color-overlay-wrap'><div class='av-section-color-overlay' style='opacity: 0.6; background-color: #000000; '><\/div><a href='#next-section' title='' class='scroll-down-link '  aria-hidden='true' data-av_icon='\ue877' data-av_iconfont='entypo-fontello'><\/a><div class='container' ><div class='template-page content  av-content-full alpha units'><div class='post-entry post-entry-type-page post-entry-11297'><div class='entry-content-wrapper clearfix'>\n<div class=\"flex_column av_one_fifth  flex_column_div av-zero-column-padding first  avia-builder-el-7  el_before_av_three_fifth  avia-builder-el-first  \" style='border-radius:0px; '><\/div><div class=\"flex_column av_three_fifth  flex_column_div av-zero-column-padding   avia-builder-el-8  el_after_av_one_fifth  el_before_av_one_fifth  \" style='border-radius:0px; '><section class=\"av_textblock_section \"  itemscope=\"itemscope\" itemtype=\"https:\/\/schema.org\/CreativeWork\" ><div class='avia_textblock  av_inherit_color '  style='font-size:20px; color:#ffffff; '  itemprop=\"text\" ><h1 style=\"font-size: 2.5rem; text-align: center;\">M\u0113s visu apgrie\u017eam k\u0101j\u0101m gais\u0101!<\/h1>\n<\/div><\/section><br \/>\n<section class=\"av_textblock_section \"  itemscope=\"itemscope\" itemtype=\"https:\/\/schema.org\/CreativeWork\" ><div class='avia_textblock  av_inherit_color '  style='color:#ffffff; '  itemprop=\"text\" ><h4 style=\"text-align: center;\">Forus rada platformu, kur\u0101 visi lietot\u0101ji nav tikai maks\u0101t\u0101ji \u2013 m\u0113s visus klientus un partnerus padar\u0101m par ieinteres\u0113t\u0101m pus\u0113m, kam pieder m\u016bsu visu kop\u0101 rad\u012bt\u0101 v\u0113rt\u012bba.<\/h4>\n<h4 style=\"text-align: center;\">Ar katru pakalpojuma vai produkta ieg\u0101di no Forus platformas, lietot\u0101ji nopelna US Tokenus, kas ir platformas virtu\u0101l\u0101s akcijas. Forus m\u0113s rad\u0101m iesp\u0113ju ikvienam p\u0101rv\u0113rst savu ikdienas pat\u0113ri\u0146a izv\u0113li v\u0113rt\u012bb\u0101, US Tokenos, kad v\u0113rt\u012bba pieaug ar katru dienu.<\/h4>\n<\/div><\/section><\/p><\/div><div class=\"flex_column av_one_fifth  flex_column_div av-zero-column-padding   avia-builder-el-11  el_after_av_three_fifth  avia-builder-el-last  \" style='border-radius:0px; '><\/div><\/div><\/div><\/div><!-- close content main div --><\/div><\/div><\/div><div id='av_section_3'  class='avia-section main_color avia-section-default avia-no-border-styling  avia-bg-style-scroll  avia-builder-el-12  el_after_av_section  el_before_av_section   av-minimum-height av-minimum-height-60  container_wrap fullsize' style=' '   data-av_minimum_height_pc='60'><div class='container' ><div class='template-page content  av-content-full alpha units'><div class='post-entry post-entry-type-page post-entry-11297'><div class='entry-content-wrapper clearfix'>\n<div class=\"flex_column av_one_fifth  flex_column_div av-zero-column-padding first  avia-builder-el-13  el_before_av_three_fifth  avia-builder-el-first  \" style='border-radius:0px; '><\/div><div class=\"flex_column av_three_fifth  flex_column_div av-zero-column-padding   avia-builder-el-14  el_after_av_one_fifth  el_before_av_one_fifth  \" style='border-radius:0px; '><p><div  class='avia-image-container  av-styling-    avia-builder-el-15  el_before_av_hr  avia-builder-el-first  avia-align-center '  itemprop=\"image\" itemscope=\"itemscope\" itemtype=\"https:\/\/schema.org\/ImageObject\"  ><div class='avia-image-container-inner'><div class='avia-image-overlay-wrap'><img decoding=\"async\" class='wp-image-10382 avia-img-lazy-loading-not-10382 avia_image' src=\"https:\/\/forus.eu\/wp-content\/uploads\/2024\/04\/ustoken2.svg\" alt='' title='ustoken2' height=\"80\" width=\"80\"  itemprop=\"thumbnailUrl\"  \/><\/div><\/div><\/div><br \/>\n<div  style='height:20px' class='hr hr-invisible   avia-builder-el-16  el_after_av_image  el_before_av_textblock '><span class='hr-inner ' ><span class='hr-inner-style'><\/span><\/span><\/div><br \/>\n<section class=\"av_textblock_section \"  itemscope=\"itemscope\" itemtype=\"https:\/\/schema.org\/CreativeWork\" ><div class='avia_textblock  av_inherit_color '  style='color:#c91236; '  itemprop=\"text\" ><h2 style=\"font-size: 2rem; text-align: center;\">Ko m\u0113s main\u0101m \u0161aj\u0101 pasaul\u0113?<\/h2>\n<\/div><\/section><br \/>\n<div  style='height:10px' class='hr hr-invisible   avia-builder-el-18  el_after_av_textblock  el_before_av_textblock '><span class='hr-inner ' ><span class='hr-inner-style'><\/span><\/span><\/div><br \/>\n<section class=\"av_textblock_section \"  itemscope=\"itemscope\" itemtype=\"https:\/\/schema.org\/CreativeWork\" ><div class='avia_textblock  '   itemprop=\"text\" ><h3 style=\"text-align: center;\">M\u0113s esam starptautiska komanda, kas rada kaut ko piln\u012bgi jaunu un t\u0101 ir m\u016bsu liel\u0101k\u0101 aizrau\u0161an\u0101s. M\u016bsdienu biznesa status quo mums neder. Mums nepat\u012bk, ka 1 procentam pieder 99% no uz\u0146\u0113muma rad\u012bt\u0101s v\u0113rt\u012bbas.<\/h3>\n<h3 style=\"text-align: center;\">T\u0101p\u0113c ar katru ieg\u0101d\u0101to pakalpojumu, m\u0113s k\u0101 atl\u012bdz\u012bbu lietot\u0101jam atdodam da\u013cu no platformas, lai liela da\u013ca no m\u016bsu pan\u0101kumiem pieder tiem, kas pal\u012bdz\u0113ja to izveidot.<\/h3>\n<\/div><\/section><\/p><\/div><div class=\"flex_column av_one_fifth  flex_column_div av-zero-column-padding   avia-builder-el-20  el_after_av_three_fifth  avia-builder-el-last  \" style='border-radius:0px; '><\/div><\/div><\/div><\/div><!-- close content main div --><\/div><\/div><div id='av_section_4'  class='avia-section main_color avia-section-default avia-no-border-styling  avia-bg-style-scroll  avia-builder-el-21  el_after_av_section  avia-builder-el-last   av-minimum-height av-minimum-height-50  container_wrap fullsize' style='background-color: #2e174d;  '   data-av_minimum_height_pc='50'><div class='container' ><div class='template-page content  av-content-full alpha units'><div class='post-entry post-entry-type-page post-entry-11297'><div class='entry-content-wrapper clearfix'>\n<div class=\"flex_column av_one_fifth  flex_column_div av-zero-column-padding first  avia-builder-el-22  el_before_av_three_fifth  avia-builder-el-first  \" style='border-radius:0px; '><\/div><div class=\"flex_column av_three_fifth  flex_column_div av-zero-column-padding   avia-builder-el-23  el_after_av_one_fifth  el_before_av_one_fifth  \" style='border-radius:0px; '><section class=\"av_textblock_section \"  itemscope=\"itemscope\" itemtype=\"https:\/\/schema.org\/CreativeWork\" ><div class='avia_textblock  av_inherit_color '  style='color:#ffffff; '  itemprop=\"text\" ><h2 style=\"font-size: 2rem; text-align: center;\">Pievienojies m\u016bsu komandai!<\/h2>\n<\/div><\/section><br \/>\n<section class=\"av_textblock_section \"  itemscope=\"itemscope\" itemtype=\"https:\/\/schema.org\/CreativeWork\" ><div class='avia_textblock  av_inherit_color '  style='color:#ffffff; '  itemprop=\"text\" ><h3 style=\"text-align: center;\">Str\u0101d\u0101t starptautisk\u0101 vid\u0113 un b\u016bt veiksmes rad\u012bt\u0101jam. Katrs tavs ieguld\u012bjums ir svar\u012bgs! Tavas idejas ir svar\u012bgas! Pie mums tev nekad neb\u016bs garlaic\u012bgi!<\/h3>\n<\/div><\/section><br \/>\n<div   class='hr hr-default   avia-builder-el-26  el_after_av_textblock  el_before_av_textblock '><span class='hr-inner ' ><span class='hr-inner-style'><\/span><\/span><\/div><br \/>\n<section class=\"av_textblock_section \"  itemscope=\"itemscope\" itemtype=\"https:\/\/schema.org\/CreativeWork\" ><div class='avia_textblock  av_inherit_color '  style='color:#ffffff; '  itemprop=\"text\" ><h3 style=\"text-align: center;\">S\u016bti savu CV un nepiecie\u0161amo inform\u0101ciju \u2013 hello@forus.eu<\/h3>\n<\/div><\/section><\/p><\/div><div class=\"flex_column av_one_fifth  flex_column_div av-zero-column-padding   avia-builder-el-28  el_after_av_three_fifth  avia-builder-el-last  \" style='border-radius:0px; '><\/div><\/p>\n","protected":false},"excerpt":{"rendered":"","protected":false},"author":11,"featured_media":0,"parent":0,"menu_order":0,"comment_status":"closed","ping_status":"closed","template":"","meta":{"inline_featured_image":false},"_links":{"self":[{"href":"https:\/\/forus.eu\/lv\/wp-json\/wp\/v2\/pages\/11297"}],"collection":[{"href":"https:\/\/forus.eu\/lv\/wp-json\/wp\/v2\/pages"}],"about":[{"href":"https:\/\/forus.eu\/lv\/wp-json\/wp\/v2\/types\/page"}],"author":[{"embeddable":true,"href":"https:\/\/forus.eu\/lv\/wp-json\/wp\/v2\/users\/11"}],"replies":[{"embeddable":true,"href":"https:\/\/forus.eu\/lv\/wp-json\/wp\/v2\/comments?post=11297"}],"version-history":[{"count":4,"href":"https:\/\/forus.eu\/lv\/wp-json\/wp\/v2\/pages\/11297\/revisions"}],"predecessor-version":[{"id":11300,"href":"https:\/\/forus.eu\/lv\/wp-json\/wp\/v2\/pages\/11297\/revisions\/11300"}],"wp:attachment":[{"href":"https:\/\/forus.eu\/lv\/wp-json\/wp\/v2\/media?parent=11297"}],"curies":[{"name":"wp","href":"https:\/\/api.w.org\/{rel}","templated":true}]}}