{"id":10221,"date":"2024-03-28T14:55:42","date_gmt":"2024-03-28T14:55:42","guid":{"rendered":"https:\/\/forus.eu\/?page_id=10221"},"modified":"2025-03-13T19:13:13","modified_gmt":"2025-03-13T19:13:13","slug":"about-forus","status":"publish","type":"page","link":"https:\/\/forus.eu\/lv\/about-forus\/","title":{"rendered":"About Forus"},"content":{"rendered":"<div id='av_section_1'  class='avia-section main_color avia-section-default avia-no-border-styling  av-parallax-section av-section-color-overlay-active avia-bg-style-parallax  avia-builder-el-0  el_before_av_section  avia-builder-el-first   av-minimum-height av-minimum-height-75  container_wrap fullsize' style=' '  data-section-bg-repeat='no-repeat' data-av_minimum_height_pc='75'><div class='av-parallax' data-avia-parallax-ratio='0.3' ><div class='av-parallax-inner main_color  avia-full-stretch' style = 'background-repeat: no-repeat; background-image: url(https:\/\/forus.eu\/wp-content\/uploads\/2024\/03\/forus-s-\u2013-1.png);background-attachment: scroll; background-position: top center; ' ><\/div><\/div><div class='av-section-color-overlay-wrap'><div class='av-section-color-overlay' style='opacity: 0.5; background-color: #0a0a0a; '><\/div><div class='container' ><main  role=\"main\" itemprop=\"mainContentOfPage\"  class='template-page content  av-content-full alpha units'><div class='post-entry post-entry-type-page post-entry-10221'><div class='entry-content-wrapper clearfix'><div class=\"flex_column av_three_fifth  flex_column_div av-zero-column-padding first  avia-builder-el-1  el_before_av_two_fifth  avia-builder-el-first  \" style='border-radius:0px; '><section class=\"av_textblock_section \"  itemscope=\"itemscope\" itemtype=\"https:\/\/schema.org\/CreativeWork\" ><div class='avia_textblock  av_inherit_color '  style='color:#ffffff; '  itemprop=\"text\" ><h1>M\u0113s esam Forus<\/h1>\n<\/div><\/section><br \/>\n<section class=\"av_textblock_section \"  itemscope=\"itemscope\" itemtype=\"https:\/\/schema.org\/CreativeWork\" ><div class='avia_textblock  av_inherit_color '  style='color:#ffffff; '  itemprop=\"text\" ><h3>Forus izaicina uz\u0146\u0113m\u0113jdarb\u012bbas status quo, atalgojot lietot\u0101jus ar virtu\u0101l\u0101m akcij\u0101m par pakalpojumiem, s\u0101kot no braucienu koplieto\u0161anas l\u012bdz person\u012bgiem uzdevumiem, novirzot v\u0113rt\u012bbu no augst\u0101k\u0101 1% pat\u0113r\u0113t\u0101ju rok\u0101s, veicinot \u012bpa\u0161umties\u012bbas un kolekt\u012bvo izaugsmi.<\/h3>\n<\/div><\/section><\/p><\/div><div class=\"flex_column av_two_fifth  flex_column_div av-zero-column-padding   avia-builder-el-4  el_after_av_three_fifth  el_before_av_hr  \" style='border-radius:0px; '><\/div><div  style='height:50px' class='hr hr-invisible   avia-builder-el-5  el_after_av_two_fifth  el_before_av_textblock '><span class='hr-inner ' ><span class='hr-inner-style'><\/span><\/span><\/div>\n<section class=\"av_textblock_section \"  itemscope=\"itemscope\" itemtype=\"https:\/\/schema.org\/CreativeWork\" ><div class='avia_textblock  '   itemprop=\"text\" ><h3><span style=\"color: #ffffff;\">Sazin\u0101ties<\/span><\/h3>\n<\/div><\/section>\n<div class=\"flex_column av_one_third  flex_column_div first  avia-builder-el-7  el_after_av_textblock  el_before_av_one_third  column-top-margin\" style='margin-top:0px; margin-bottom:0px; background: #ffffff; padding:50px; background-color:#ffffff; border-radius:20px; '><section class=\"av_textblock_section \"  itemscope=\"itemscope\" itemtype=\"https:\/\/schema.org\/CreativeWork\" ><div class='avia_textblock  '   itemprop=\"text\" ><h4><span style=\"color: #993300;\"><strong>Kontakti<\/strong><\/span><\/h4>\n<p>hello@forus.eu<\/p>\n<\/div><\/section><\/div><div class=\"flex_column av_one_third  flex_column_div   avia-builder-el-9  el_after_av_one_third  avia-builder-el-last  column-top-margin\" style='margin-top:0px; margin-bottom:0px; background: #ffffff; padding:50px; background-color:#ffffff; border-radius:20px; '><section class=\"av_textblock_section \"  itemscope=\"itemscope\" itemtype=\"https:\/\/schema.org\/CreativeWork\" ><div class='avia_textblock  '   itemprop=\"text\" ><h4><span style=\"color: #993300;\"><strong>Galvenais birojs<\/strong><\/span><\/h4>\n<p>Rotermanni 8, Tallinn, Estonia<\/p>\n<\/div><\/section><\/div>\n<\/div><\/div><\/main><!-- close content main element --><\/div><\/div><\/div><div id='av_section_2'  class='avia-section main_color avia-section-default avia-no-border-styling  avia-bg-style-scroll  avia-builder-el-11  el_after_av_section  avia-builder-el-last   container_wrap fullsize' style=' '  ><div class='container' ><div class='template-page content  av-content-full alpha units'><div class='post-entry post-entry-type-page post-entry-10221'><div class='entry-content-wrapper clearfix'>\n<section class=\"av_textblock_section \"  itemscope=\"itemscope\" itemtype=\"https:\/\/schema.org\/CreativeWork\" ><div class='avia_textblock  '   itemprop=\"text\" ><h2>Galvenie cilv\u0113ki<\/h2>\n<\/div><\/section>\n<div class=\"flex_column av_one_third  flex_column_div av-zero-column-padding   avia-builder-el-13  el_after_av_textblock  el_before_av_one_third  column-top-margin\" style='margin-top:0px; margin-bottom:0px; border-radius:0px; '><p><div  class='avia-image-container  av-styling-    avia-builder-el-14  el_before_av_textblock  avia-builder-el-first  avia-align-left '  itemprop=\"image\" itemscope=\"itemscope\" itemtype=\"https:\/\/schema.org\/ImageObject\"  ><div class='avia-image-container-inner'><div class='avia-image-overlay-wrap'><img decoding=\"async\" class='wp-image-10102 avia-img-lazy-loading-not-10102 avia_image' src=\"https:\/\/forus.eu\/wp-content\/uploads\/2024\/03\/11eduard-80x80.png\" alt='' title='11eduard' height=\"80\" width=\"80\"  itemprop=\"thumbnailUrl\" srcset=\"https:\/\/forus.eu\/wp-content\/uploads\/2024\/03\/11eduard-80x80.png 80w, https:\/\/forus.eu\/wp-content\/uploads\/2024\/03\/11eduard-36x36.png 36w, https:\/\/forus.eu\/wp-content\/uploads\/2024\/03\/11eduard-180x180.png 180w, https:\/\/forus.eu\/wp-content\/uploads\/2024\/03\/11eduard.png 300w\" sizes=\"(max-width: 80px) 100vw, 80px\" \/><\/div><\/div><\/div><br \/>\n<section class=\"av_textblock_section \"  itemscope=\"itemscope\" itemtype=\"https:\/\/schema.org\/CreativeWork\" ><div class='avia_textblock  '   itemprop=\"text\" ><p><strong>Eduard Dubrovski<br \/><\/strong><span style=\"color: #993300;\">COO un l\u012bdzdibin\u0101t\u0101js<\/span><\/p>\n<p>Dinamisks l\u012bderis ar 10 gadu pieredzi brauk\u0161anas pakalpojumu biznes\u0101 k\u0101 Taxigo dibin\u0101t\u0101js. Zin\u0101\u0161anas programmat\u016bras izstr\u0101d\u0113 un inov\u0101ciju vad\u012bb\u0101 \u2013 aizrau\u0161an\u0101s ar produktu izgudro\u0161anu un uzlabo\u0161anu.<\/p>\n<\/div><\/section><\/p><\/div><div class=\"flex_column av_one_third  flex_column_div av-zero-column-padding   avia-builder-el-16  el_after_av_one_third  avia-builder-el-last  column-top-margin\" style='margin-top:0px; margin-bottom:0px; border-radius:0px; '><p><div  class='avia-image-container  av-styling-    avia-builder-el-17  el_before_av_textblock  avia-builder-el-first  avia-align-left '  itemprop=\"image\" itemscope=\"itemscope\" itemtype=\"https:\/\/schema.org\/ImageObject\"  ><div class='avia-image-container-inner'><div class='avia-image-overlay-wrap'><img decoding=\"async\" class='wp-image-10114 avia-img-lazy-loading-not-10114 avia_image' src=\"https:\/\/forus.eu\/wp-content\/uploads\/2024\/03\/11urmas-80x80.png\" alt='' title='11urmas' height=\"80\" width=\"80\"  itemprop=\"thumbnailUrl\" srcset=\"https:\/\/forus.eu\/wp-content\/uploads\/2024\/03\/11urmas-80x80.png 80w, https:\/\/forus.eu\/wp-content\/uploads\/2024\/03\/11urmas-36x36.png 36w, https:\/\/forus.eu\/wp-content\/uploads\/2024\/03\/11urmas-180x180.png 180w, https:\/\/forus.eu\/wp-content\/uploads\/2024\/03\/11urmas.png 300w\" sizes=\"(max-width: 80px) 100vw, 80px\" \/><\/div><\/div><\/div><br \/>\n<section class=\"av_textblock_section \"  itemscope=\"itemscope\" itemtype=\"https:\/\/schema.org\/CreativeWork\" ><div class='avia_textblock  '   itemprop=\"text\" ><p><b>Mr. Urmas S\u00f5\u00f5rumaa<br \/><\/b><span style=\"color: #993300;\">Dibin\u0101t\u0101js \/ \u012apa\u0161nieks<\/span><\/p>\n<p>\u013boti veiksm\u012bgs uz\u0146\u0113m\u0113js un priv\u0101t\u0101 kapit\u0101la investors. B\u016bdams Forus m\u0101tesuz\u0146\u0113muma U.S Invest dibin\u0101t\u0101js un vien\u012bgais akcion\u0101rs, vi\u0146\u0161 ir b\u016btiski veicin\u0101jis t\u0101 pan\u0101kumus. Turkl\u0101t vi\u0146am pieder un ir att\u012bst\u012bjis Rotermana kvart\u0101lu un ir Igaunijas Olimpisk\u0101s komitejas prezidents.<\/p>\n<\/div><\/section><\/p><\/div>\n","protected":false},"excerpt":{"rendered":"","protected":false},"author":11,"featured_media":0,"parent":0,"menu_order":0,"comment_status":"closed","ping_status":"closed","template":"","meta":{"inline_featured_image":false},"_links":{"self":[{"href":"https:\/\/forus.eu\/lv\/wp-json\/wp\/v2\/pages\/10221"}],"collection":[{"href":"https:\/\/forus.eu\/lv\/wp-json\/wp\/v2\/pages"}],"about":[{"href":"https:\/\/forus.eu\/lv\/wp-json\/wp\/v2\/types\/page"}],"author":[{"embeddable":true,"href":"https:\/\/forus.eu\/lv\/wp-json\/wp\/v2\/users\/11"}],"replies":[{"embeddable":true,"href":"https:\/\/forus.eu\/lv\/wp-json\/wp\/v2\/comments?post=10221"}],"version-history":[{"count":10,"href":"https:\/\/forus.eu\/lv\/wp-json\/wp\/v2\/pages\/10221\/revisions"}],"predecessor-version":[{"id":12609,"href":"https:\/\/forus.eu\/lv\/wp-json\/wp\/v2\/pages\/10221\/revisions\/12609"}],"wp:attachment":[{"href":"https:\/\/forus.eu\/lv\/wp-json\/wp\/v2\/media?parent=10221"}],"curies":[{"name":"wp","href":"https:\/\/api.w.org\/{rel}","templated":true}]}}