{"id":9525,"date":"2023-04-26T11:16:56","date_gmt":"2023-04-26T11:16:56","guid":{"rendered":"https:\/\/forus.eu\/co-owner\/"},"modified":"2024-02-01T11:22:28","modified_gmt":"2024-02-01T11:22:28","slug":"co-owner","status":"publish","type":"page","link":"https:\/\/forus.eu\/lt\/co-owner\/","title":{"rendered":"Co-owner"},"content":{"rendered":"<div id='av_section_1'  class='avia-section main_color avia-section-default avia-no-border-styling  avia-bg-style-scroll  avia-builder-el-0  el_before_av_section  avia-builder-el-first   av-small-hide av-mini-hide container_wrap fullsize' style='background-repeat: no-repeat; background-image: url(https:\/\/forus.eu\/wp-content\/uploads\/2023\/01\/bg_omanik-2.jpeg);background-attachment: scroll; background-position: center center;  '  data-section-bg-repeat='no-repeat'><div class='container' ><main  role=\"main\" itemprop=\"mainContentOfPage\"  class='template-page content  av-content-full alpha units'><div class='post-entry post-entry-type-page post-entry-9525'><div class='entry-content-wrapper clearfix'>\n<div class=\"flex_column av_two_fifth  flex_column_div av-zero-column-padding first  avia-builder-el-1  avia-builder-el-no-sibling  \" style='border-radius:0px; '><section class=\"av_textblock_section \"  itemscope=\"itemscope\" itemtype=\"https:\/\/schema.org\/CreativeWork\" ><div class='avia_textblock  '   itemprop=\"text\" ><h1 style=\"color: #fff !important; font-size: 56px !important; padding-top: 120px;\">Kaip galiu tapti \u012fmon\u0117s bendrasavininku?<\/h1>\n<h5 style=\"color: #fff !important; margin-bottom: 160px;\">Kiekvienas, prad\u0117j\u0119s rinkti US Token naudodamasis Forus program\u0117le, prisijungia prie platformos bendrasavinink\u0173 rato. Jei dabar galvoji: &#8222;K\u0105 tai rei\u0161kia man asmeni\u0161kai?&#8221;, tuoj visk\u0105 paai\u0161kinsime.<\/h5>\n<\/div><\/section><\/div><\/div><\/div><\/main><!-- close content main element --><\/div><\/div><div id='av_section_2'  class='avia-section main_color avia-section-default avia-no-border-styling  avia-bg-style-scroll  avia-builder-el-3  el_after_av_section  el_before_av_section   av-desktop-hide av-medium-hide container_wrap fullsize' style='background-repeat: no-repeat; background-image: url(https:\/\/forus.eu\/wp-content\/uploads\/2023\/01\/bg_mob.jpeg);background-attachment: scroll; background-position: center center;  '  data-section-bg-repeat='no-repeat'><div class='container' ><div class='template-page content  av-content-full alpha units'><div class='post-entry post-entry-type-page post-entry-9525'><div class='entry-content-wrapper clearfix'>\n<div class=\"flex_column av_one_full  flex_column_div av-zero-column-padding first  avia-builder-el-4  avia-builder-el-no-sibling  \" style='border-radius:0px; '><section class=\"av_textblock_section \"  itemscope=\"itemscope\" itemtype=\"https:\/\/schema.org\/CreativeWork\" ><div class='avia_textblock  '   itemprop=\"text\" ><h1 style=\"color: #fff !important; font-size: 40px !important;\">Kaip galiu tapti \u012fmon\u0117s bendrasavininku?<\/h1>\n<h5 style=\"color: #fff !important; margin-bottom: 240px;\">Kiekvienas, prad\u0117j\u0119s rinkti US Token naudodamasis Forus program\u0117le, prisijungia prie platformos bendrasavinink\u0173 rato. Jei dabar galvoji: &#8222;K\u0105 tai rei\u0161kia man asmeni\u0161kai?&#8221;, tuoj visk\u0105 paai\u0161kinsime.<\/h5>\n<p><style>div#av_section_2{background-size: cover;}<\/style><\/p>\n<\/div><\/section><\/div><\/div><\/div><\/div><!-- close content main div --><\/div><\/div><div id='av_section_3'  class='avia-section main_color avia-section-default avia-no-border-styling  avia-bg-style-scroll  avia-builder-el-6  el_after_av_section  el_before_av_one_half   container_wrap fullsize' style='background-color: #2f174c;  margin-top:80; margin-bottom:80; '  ><div class='container' ><div class='template-page content  av-content-full alpha units'><div class='post-entry post-entry-type-page post-entry-9525'><div class='entry-content-wrapper clearfix'>\n<section class=\"av_textblock_section \"  itemscope=\"itemscope\" itemtype=\"https:\/\/schema.org\/CreativeWork\" ><div class='avia_textblock  '   itemprop=\"text\" ><ul class=\"center_text\" style=\"max-width: 640px; margin: 0 auto; list-style: none;\">\n<li style=\"color: #ffffff !important;\">Mes kartu kuriame Forus platform\u0105 ir jos vert\u0117 auga kiekvien\u0105 dien\u0105.<\/li>\n<li style=\"color: #ffffff !important;\">Mes vystome platform\u0105 su bendrasavinink\u0173 bendruomene ir kiekvienas narys tampa dalimi vienos bendros s\u0117km\u0117s.<\/li>\n<li style=\"color: #ffffff !important;\">Kartu mes sukursime Super-App naudotojams i\u0161 viso pasaulio.<\/li>\n<\/ul>\n<p><style>ul.center_text li::before {content: \"\\2022\";color: #c91235;font-weight: bold;display: inline-block;width: 1em;margin-left: -1em;}.main_color strong a:hover {color: #c91235 !important;}<\/style><\/p>\n<\/div><\/section>\n<\/div><\/div><\/div><!-- close content main div --><\/div><\/div><div id='after_section_3'  class='main_color av_default_container_wrap container_wrap fullsize' style=' '  ><div class='container' ><div class='template-page content  av-content-full alpha units'><div class='post-entry post-entry-type-page post-entry-9525'><div class='entry-content-wrapper clearfix'><div class=\"flex_column av_one_half  flex_column_div av-zero-column-padding first  avia-builder-el-8  el_after_av_section  el_before_av_one_half  avia-builder-el-first  \" style='border-radius:0px; '><div  class='avia-image-container  av-styling-    avia-builder-el-9  avia-builder-el-no-sibling  avia-align-center '  itemprop=\"image\" itemscope=\"itemscope\" itemtype=\"https:\/\/schema.org\/ImageObject\"  ><div class='avia-image-container-inner'><div class='avia-image-overlay-wrap'><img decoding=\"async\" class='wp-image-3722 avia-img-lazy-loading-not-3722 avia_image' src=\"https:\/\/forus.eu\/wp-content\/uploads\/2023\/01\/image1.jpeg\" alt='' title='image1' height=\"298\" width=\"570\"  itemprop=\"thumbnailUrl\" srcset=\"https:\/\/forus.eu\/wp-content\/uploads\/2023\/01\/image1.jpeg 570w, https:\/\/forus.eu\/wp-content\/uploads\/2023\/01\/image1-300x157.jpeg 300w\" sizes=\"(max-width: 570px) 100vw, 570px\" \/><\/div><\/div><\/div><\/div><\/p>\n<div class=\"flex_column av_one_half  flex_column_div av-zero-column-padding   avia-builder-el-10  el_after_av_one_half  el_before_av_one_half  \" style='border-radius:0px; '><section class=\"av_textblock_section \"  itemscope=\"itemscope\" itemtype=\"https:\/\/schema.org\/CreativeWork\" ><div class='avia_textblock  '   itemprop=\"text\" ><h2 style=\"color: #2f174c !important;\">Bendrasavininko nuomon\u0117 yra svarbi<\/h2>\n<p style=\"color: #180c27 !important; font-weight: 400 !important;\">Esi tikrasis tave aptarnaujan\u010dios platformos bendrasavininkas. Jei tau nepatinka, kaip veikia viena i\u0161 funkcij\u0173, <strong><a style=\"text-decoration: underline !important;\" href=\"https:\/\/docs.google.com\/forms\/d\/e\/1FAIpQLSdxeAajJWYR28h4T90culf4xbhNrLNewCKIkJV_pVMMELvKVQ\/viewform?embedded=true\"> para\u0161yk mums apie tai <\/a><\/strong> ir mes pasir\u016bpinsime, kad tavo program\u0117l\u0117 b\u016bt\u0173 b\u016btent tokia, kokios nor\u0117t\u0173 bendrasavininkiai. Jei, pavyzd\u017eiui, vairuotojas si\u016blo paslaug\u0105, kuri\u0105 tu, kaip bendrasavininkas, nor\u0117tum patobulinti ar pakeisti, <strong><a style=\"text-decoration: underline !important;\" href=\"https:\/\/docs.google.com\/forms\/d\/e\/1FAIpQLSdxeAajJWYR28h4T90culf4xbhNrLNewCKIkJV_pVMMELvKVQ\/viewform?embedded=true\"> para\u0161yk mums apie tai <\/a><\/strong> ir mes nedelsdami imsim\u0117s veiksm\u0173, kad tai padaryti. Su savo platformos partneri\u0173 vairuotojais bendraujame labai atvirai ir visi m\u016bs\u0173 vairuotojai puikiai supranta, ko tikim\u0117s i\u0161 j\u0173 paslaug\u0173 kokyb\u0117s. Jei vairuotojas nesilaiko m\u016bs\u0173 kokyb\u0117s standart\u0173, mes negalime toliau su juo bendradarbiauti.<\/p>\n<\/div><\/section><\/div><div class=\"flex_column av_one_half  flex_column_div av-zero-column-padding first  avia-builder-el-12  el_after_av_one_half  el_before_av_one_half  column-top-margin\" style='border-radius:0px; '><div  class='avia-image-container  av-styling-    avia-builder-el-13  avia-builder-el-no-sibling  avia-align-center '  itemprop=\"image\" itemscope=\"itemscope\" itemtype=\"https:\/\/schema.org\/ImageObject\"  ><div class='avia-image-container-inner'><div class='avia-image-overlay-wrap'><img decoding=\"async\" class='wp-image-3727 avia-img-lazy-loading-not-3727 avia_image' src=\"https:\/\/forus.eu\/wp-content\/uploads\/2023\/01\/image2.jpeg\" alt='' title='image2' height=\"298\" width=\"570\"  itemprop=\"thumbnailUrl\" srcset=\"https:\/\/forus.eu\/wp-content\/uploads\/2023\/01\/image2.jpeg 570w, https:\/\/forus.eu\/wp-content\/uploads\/2023\/01\/image2-300x157.jpeg 300w\" sizes=\"(max-width: 570px) 100vw, 570px\" \/><\/div><\/div><\/div><\/div><\/p>\n<div class=\"flex_column av_one_half  flex_column_div av-zero-column-padding   avia-builder-el-14  el_after_av_one_half  el_before_av_one_half  column-top-margin\" style='border-radius:0px; '><section class=\"av_textblock_section \"  itemscope=\"itemscope\" itemtype=\"https:\/\/schema.org\/CreativeWork\" ><div class='avia_textblock  '   itemprop=\"text\" ><h2 style=\"color: #2f174c !important;\">Kartu pasieksime daugiau<\/h2>\n<p style=\"color: #180c27 !important; font-weight: 400 !important;\">Tikime, kad dirbdami kartu galime nueiti daug toliau ir nuveikti daugiau, o pasaulis aplink mus taps dar geresnis d\u0117l \u0161ios platformos egzistavimo. \u0160tai kod\u0117l kiekvieno m\u016bs\u0173 naudotojo ind\u0117lis yra svarbus. Bet koks trumpas atsiliepimas ar bet kokia tavo atsi\u0173sta id\u0117ja apie platformos paslaugas mums yra labai svarbi.<\/p>\n<\/div><\/section><\/div><div class=\"flex_column av_one_half  flex_column_div av-zero-column-padding first  avia-builder-el-16  el_after_av_one_half  el_before_av_one_half  column-top-margin\" style='border-radius:0px; '><div  class='avia-image-container  av-styling-    avia-builder-el-17  avia-builder-el-no-sibling  avia-align-center '  itemprop=\"image\" itemscope=\"itemscope\" itemtype=\"https:\/\/schema.org\/ImageObject\"  ><div class='avia-image-container-inner'><div class='avia-image-overlay-wrap'><img decoding=\"async\" class='wp-image-3732 avia-img-lazy-loading-not-3732 avia_image' src=\"https:\/\/forus.eu\/wp-content\/uploads\/2023\/01\/image3.jpeg\" alt='' title='image3' height=\"298\" width=\"570\"  itemprop=\"thumbnailUrl\" srcset=\"https:\/\/forus.eu\/wp-content\/uploads\/2023\/01\/image3.jpeg 570w, https:\/\/forus.eu\/wp-content\/uploads\/2023\/01\/image3-300x157.jpeg 300w\" sizes=\"(max-width: 570px) 100vw, 570px\" \/><\/div><\/div><\/div><\/div><\/p>\n<div class=\"flex_column av_one_half  flex_column_div av-zero-column-padding   avia-builder-el-18  el_after_av_one_half  avia-builder-el-last  column-top-margin\" style='border-radius:0px; '><section class=\"av_textblock_section \"  itemscope=\"itemscope\" itemtype=\"https:\/\/schema.org\/CreativeWork\" ><div class='avia_textblock  '   itemprop=\"text\" ><h2 style=\"color: #2f174c !important;\">M\u016bs\u0173 bendrasavinink\u0173 id\u0117jos jau yra vystymos.<\/h2>\n<p style=\"color: #180c27 !important; font-weight: 400 !important;\">Nuo tavo atsiliepim\u0173 ar id\u0117j\u0173 gali prasid\u0117ti dideli platformos poky\u010diai. <strong><a style=\"text-decoration: underline !important;\" href=\"\/arendusplaan-eng\"> Skaityk apie tris prioritetinius poky\u010dius,<\/a><\/strong> kuriuos prad\u0117jome \u012fgyvendinti gav\u0119 naudotoj\u0173 pastab\u0173.<\/p>\n<p style=\"color: #180c27 !important; font-weight: 400 !important;\">Daugiau informacijos apie tai, kaip gali pervesti US Token ir kokiomis s\u0105lygomis ateityje gali prad\u0117ti prekiauti US Token, <strong><a style=\"text-decoration: underline !important;\" href=\"\/ustoken-eng\"> gali su\u017einoti \u010dia. <\/a><\/strong><\/p>\n<\/div><\/section><\/div>\n","protected":false},"excerpt":{"rendered":"","protected":false},"author":11,"featured_media":0,"parent":0,"menu_order":0,"comment_status":"closed","ping_status":"closed","template":"","meta":{"inline_featured_image":false},"_links":{"self":[{"href":"https:\/\/forus.eu\/lt\/wp-json\/wp\/v2\/pages\/9525"}],"collection":[{"href":"https:\/\/forus.eu\/lt\/wp-json\/wp\/v2\/pages"}],"about":[{"href":"https:\/\/forus.eu\/lt\/wp-json\/wp\/v2\/types\/page"}],"author":[{"embeddable":true,"href":"https:\/\/forus.eu\/lt\/wp-json\/wp\/v2\/users\/11"}],"replies":[{"embeddable":true,"href":"https:\/\/forus.eu\/lt\/wp-json\/wp\/v2\/comments?post=9525"}],"version-history":[{"count":2,"href":"https:\/\/forus.eu\/lt\/wp-json\/wp\/v2\/pages\/9525\/revisions"}],"predecessor-version":[{"id":9526,"href":"https:\/\/forus.eu\/lt\/wp-json\/wp\/v2\/pages\/9525\/revisions\/9526"}],"wp:attachment":[{"href":"https:\/\/forus.eu\/lt\/wp-json\/wp\/v2\/media?parent=9525"}],"curies":[{"name":"wp","href":"https:\/\/api.w.org\/{rel}","templated":true}]}}