{"id":9519,"date":"2023-09-18T12:39:46","date_gmt":"2023-09-18T12:39:46","guid":{"rendered":"https:\/\/forus.eu\/business\/"},"modified":"2024-02-01T11:14:08","modified_gmt":"2024-02-01T11:14:08","slug":"business","status":"publish","type":"page","link":"https:\/\/forus.eu\/lt\/business\/","title":{"rendered":"Business Lit"},"content":{"rendered":"\n<\/div><\/div><\/div><!-- close content main div --><\/div><\/div><div id='av-layout-grid-1'  class='av-layout-grid-container entry-content-wrapper main_color av-flex-cells     avia-builder-el-1  el_after_av_codeblock  el_before_av_layout_row  forus_grid_box submenu-not-first container_wrap fullsize' style=' '  ><div class=\"flex_cell no_margin av_one_half  avia-builder-el-2  el_before_av_cell_one_half  avia-builder-el-first  forus_hero_block  \"  style='vertical-align:top; ' ><div class='flex_cell_inner' ><section class=\"av_textblock_section \"  itemscope=\"itemscope\" itemtype=\"https:\/\/schema.org\/CreativeWork\" ><div class='avia_textblock  '   itemprop=\"text\" ><h1>Verslo klientams: Partneryst\u0117, kurioje visi laimi<\/h1>\n<p><a class=\"forus_button\" href=\"#forus_b2b_form\">REGISTRACIJA DABAR<\/a><\/p>\n<p><style>.icon_benefits {display: flex;align-items: center;}.icon_benefits img {width: 64px;height: 64px;margin-right: 24px;}.icon_benefits h3 {margin: 0;}<\/style><\/p>\n<\/div><\/section>\n<\/div><\/div><div class=\"flex_cell no_margin av_one_half  avia-builder-el-4  el_after_av_cell_one_half  avia-builder-el-last   \" ><div class='flex_cell_inner' ><div  class='avia-image-container  av-styling-    avia-builder-el-5  avia-builder-el-no-sibling  avia-align-center '  itemprop=\"image\" itemscope=\"itemscope\" itemtype=\"https:\/\/schema.org\/ImageObject\"  ><div class='avia-image-container-inner'><div class='avia-image-overlay-wrap'><img decoding=\"async\" class='wp-image-6436 avia-img-lazy-loading-not-6436 avia_image' src=\"https:\/\/forus.eu\/wp-content\/uploads\/2023\/09\/arikliendile.png\" alt='' title='arikliendile' height=\"530\" width=\"530\"  itemprop=\"thumbnailUrl\" srcset=\"https:\/\/forus.eu\/wp-content\/uploads\/2023\/09\/arikliendile.png 530w, https:\/\/forus.eu\/wp-content\/uploads\/2023\/09\/arikliendile-300x300.png 300w, https:\/\/forus.eu\/wp-content\/uploads\/2023\/09\/arikliendile-80x80.png 80w, https:\/\/forus.eu\/wp-content\/uploads\/2023\/09\/arikliendile-36x36.png 36w, https:\/\/forus.eu\/wp-content\/uploads\/2023\/09\/arikliendile-180x180.png 180w\" sizes=\"(max-width: 530px) 100vw, 530px\" \/><\/div><\/div><\/div>\n<\/div><\/div><\/div>\n<div id='av-layout-grid-2'  class='av-layout-grid-container entry-content-wrapper main_color av-flex-cells     avia-builder-el-6  el_after_av_layout_row  el_before_av_textblock  forus_grid_box submenu-not-first container_wrap fullsize' style=' '  ><div class=\"flex_cell no_margin av_one_third  avia-builder-el-7  el_before_av_cell_two_third  avia-builder-el-first   \" ><div class='flex_cell_inner' ><div  class='avia-image-container  av-styling-    avia-builder-el-8  avia-builder-el-no-sibling  avia-align-center '  itemprop=\"image\" itemscope=\"itemscope\" itemtype=\"https:\/\/schema.org\/ImageObject\"  ><div class='avia-image-container-inner'><div class='avia-image-overlay-wrap'><img decoding=\"async\" class='wp-image-8657 avia-img-lazy-loading-not-8657 avia_image' src=\"https:\/\/forus.eu\/wp-content\/uploads\/2024\/01\/600x300_business.jpeg\" alt='' title='600x300_business' height=\"300\" width=\"600\"  itemprop=\"thumbnailUrl\" srcset=\"https:\/\/forus.eu\/wp-content\/uploads\/2024\/01\/600x300_business.jpeg 600w, https:\/\/forus.eu\/wp-content\/uploads\/2024\/01\/600x300_business-300x150.jpeg 300w\" sizes=\"(max-width: 600px) 100vw, 600px\" \/><\/div><\/div><\/div>\n<\/div><\/div><div class=\"flex_cell no_margin av_two_third  avia-builder-el-9  el_after_av_cell_one_third  avia-builder-el-last   \" ><div class='flex_cell_inner' ><section class=\"av_textblock_section \"  itemscope=\"itemscope\" itemtype=\"https:\/\/schema.org\/CreativeWork\" ><div class='avia_textblock  '   itemprop=\"text\" ><h3><b> M\u016bs\u0173 verslo klientas yra partneris.<\/b><\/h3>\n<p>Partneris, su kuriuo bendradarbiaujama ne tik i\u0161ra\u0161ant m\u0117nesin\u0119 s\u0105skait\u0105, bet ir su kuriuo kasdien augame ir tampame vis geresni ir s\u0117kmingesni. Gali kilti nat\u016bralus klausimas: kaip mums kartu tapti s\u0117kmingesniems? Su kiekviena kelione m\u016bs\u0173 verslo klientas gauna Forus program\u0117l\u0117s dal\u012f. Papras\u010diausiai naudodamiesi m\u016bs\u0173 platforma savo \u012fmon\u0117s kelion\u0117ms, kiekvien\u0105 kart\u0105, kai u\u017esisakote i\u0161 m\u016bs\u0173 automobil\u012f, suteikiame jums dal\u012f savo \u012fmon\u0117s. Kiekvienas u\u017esakymas taip pat sukuria prid\u0117tin\u0119 vert\u0119 platformai, tod\u0117l kartu galime b\u016bti s\u0117kmingesni. Program\u0117l\u0117je Forus visada galite kalb\u0117tis su tikru \u017emogumi, jei jums reikia naujos funkcijos m\u016bs\u0173 verslo klient\u0173 aplinkoje, automobilyje liko pir\u0161tin\u0117s ar i\u0161kilo kitas klausimas.<\/p>\n<p>Tikime, kad kartu pasieksime didesn\u0117s s\u0117km\u0117s. Tikime, kad kiekvienas bendrasavininkas, besinaudojantis m\u016bs\u0173 platforma, jau\u010diasi skirtingai d\u0117l m\u016bs\u0173 paslaug\u0173, prireikus teikite prasmingus ir \u012f ateit\u012f orientuotus atsiliepimus, nes taip kartu pasieksime didesn\u0117s s\u0117km\u0117s. Susisiekite su mumis ir tapkite platformos, kuri priklauso jos naudotojams, bendrasavininku.<\/p>\n<\/div><\/section>\n<\/div><\/div><\/div><div id='after_submenu_2'  class='main_color av_default_container_wrap container_wrap fullsize' style=' '  ><div class='container' ><div class='template-page content  av-content-full alpha units'><div class='post-entry post-entry-type-page post-entry-9519'><div class='entry-content-wrapper clearfix'>\n<section class=\"av_textblock_section \"  itemscope=\"itemscope\" itemtype=\"https:\/\/schema.org\/CreativeWork\" ><div class='avia_textblock  '   itemprop=\"text\" ><h2>M\u016bs\u0173 partneriai vertina<\/h2>\n<\/div><\/section>\n<div   data-autoplay='false'  data-interval='5'  data-animation='slide'  data-show_slide_delay='30'  class='avia-content-slider-element-container avia-content-slider-element-slider avia-content-slider avia-smallarrow-slider avia-content-slider-active avia-content-slider1 avia-content-slider-odd  avia-builder-el-12  el_after_av_textblock  el_before_av_textblock  forus_category_slider  av-small-hide av-mini-hide' ><div class='avia-smallarrow-slider-heading  no-content-slider-heading '><div class='new-special-heading'>&nbsp;<\/div><div class='avia-slideshow-arrows avia-slideshow-controls'><a href='#prev' class='prev-slide' aria-hidden='true' data-av_icon='\ue87c' data-av_iconfont='entypo-fontello'>Previous<\/a><a href='#next' class='next-slide' aria-hidden='true' data-av_icon='\ue87d' data-av_iconfont='entypo-fontello'>Next<\/a><\/div><\/div><div class='avia-content-slider-inner'><div class='slide-entry-wrap'><section class='slide-entry flex_column post-entry slide-entry-overview slide-loop-1 slide-parity-odd  av_one_third first'  itemscope=\"itemscope\" itemtype=\"https:\/\/schema.org\/CreativeWork\" ><div class='slide-entry-excerpt entry-content'  itemprop=\"text\" ><div class=\"icon_benefits\">\n<p><img decoding=\"async\" class=\"\" src=\"https:\/\/forus.eu\/wp-content\/uploads\/2023\/09\/US-TOKEN.png\" alt=\"\" \/><\/p>\n<h3>Galimyb\u0117 tapti savininku<\/h3>\n<\/div>\n<p>Kiekviena kelion\u0117 suteikia jums mikro-dal\u012f Forus.<\/p>\n<\/div><\/section><section class='slide-entry flex_column post-entry slide-entry-overview slide-loop-2 slide-parity-even  av_one_third '  itemscope=\"itemscope\" itemtype=\"https:\/\/schema.org\/CreativeWork\" ><div class='slide-entry-excerpt entry-content'  itemprop=\"text\" ><div class=\"icon_benefits\">\n<p><img decoding=\"async\" class=\"\" src=\"https:\/\/forus.eu\/wp-content\/uploads\/2023\/09\/B2B_CABINET.png\" alt=\"\" \/><\/p>\n<h3>Skaidrumas<\/h3>\n<\/div>\n<p>Nustatykite kainas ir planuokite i\u0161laidas.<\/p>\n<\/div><\/section><section class='slide-entry flex_column post-entry slide-entry-overview slide-loop-3 slide-parity-odd  av_one_third '  itemscope=\"itemscope\" itemtype=\"https:\/\/schema.org\/CreativeWork\" ><div class='slide-entry-excerpt entry-content'  itemprop=\"text\" ><div class=\"icon_benefits\">\n<p><img decoding=\"async\" class=\"\" src=\"https:\/\/forus.eu\/wp-content\/uploads\/2023\/09\/CATEGORY-LIST.png\" alt=\"\" \/><\/p>\n<h3>Funkcij\u0173 pasirinkimas vienoje program\u0117l\u0117je<\/h3>\n<\/div>\n<p>Prieinamiausios kainos darbo dienomis, auk\u0161\u010diausios kokyb\u0117s automobiliai renginiams ir svarbiems sve\u010diams.<\/p>\n<\/div><\/section><\/div><div class='slide-entry-wrap'><section class='slide-entry flex_column post-entry slide-entry-overview slide-loop-4 slide-parity-odd  av_one_third first'  itemscope=\"itemscope\" itemtype=\"https:\/\/schema.org\/CreativeWork\" ><div class='slide-entry-excerpt entry-content'  itemprop=\"text\" ><div class=\"icon_benefits\">\n<p><img decoding=\"async\" class=\"\" src=\"https:\/\/forus.eu\/wp-content\/uploads\/2023\/09\/DRIVER-CHECK.png\" alt=\"\" \/><\/p>\n<h3>Patirtis<\/h3>\n<\/div>\n<p>Apmokyti ir profesional\u016bs vairuotojai.<\/p>\n<\/div><\/section><section class='slide-entry flex_column post-entry slide-entry-overview slide-loop-5 slide-parity-even  post-entry-last  av_one_third '  itemscope=\"itemscope\" itemtype=\"https:\/\/schema.org\/CreativeWork\" ><div class='slide-entry-excerpt entry-content'  itemprop=\"text\" ><div class=\"icon_benefits\">\n<p><img decoding=\"async\" class=\"\" src=\"https:\/\/forus.eu\/wp-content\/uploads\/2023\/09\/REAL_SUPPORT.png\" alt=\"\" \/><\/p>\n<h3>\u017dmoni\u0173 aptarnavimas<\/h3>\n<\/div>\n<p>Tikras \u017emogus atsako \u012f skambut\u012f numeriu 1200.<\/p>\n<\/div><\/section><\/div><\/div><\/div>\n<section class=\"av_textblock_section \"  itemscope=\"itemscope\" itemtype=\"https:\/\/schema.org\/CreativeWork\" ><div class='avia_textblock  '   itemprop=\"text\" ><h2>Lengva prad\u0117ti<\/h2>\n<\/div><\/section>\n<\/div><\/div><\/div><!-- close content main div --><\/div><\/div><div id='av-layout-grid-3'  class='av-layout-grid-container entry-content-wrapper main_color av-flex-cells     avia-builder-el-14  el_after_av_textblock  el_before_av_layout_row  forus_grid_box submenu-not-first container_wrap fullsize' style=' '  ><div class=\"flex_cell no_margin av_one_fourth  avia-builder-el-15  el_before_av_cell_one_fourth  avia-builder-el-first   \" ><div class='flex_cell_inner' ><section class=\"av_textblock_section \"  itemscope=\"itemscope\" itemtype=\"https:\/\/schema.org\/CreativeWork\" ><div class='avia_textblock forus_icon_heading '   itemprop=\"text\" ><h4><img decoding=\"async\" loading=\"lazy\" class=\"alignnone wp-image-6479 size-full\" src=\"https:\/\/forus.eu\/wp-content\/uploads\/2023\/09\/STEP-1.png\" alt=\"\" width=\"128\" height=\"128\" srcset=\"https:\/\/forus.eu\/wp-content\/uploads\/2023\/09\/STEP-1.png 128w, https:\/\/forus.eu\/wp-content\/uploads\/2023\/09\/STEP-1-80x80.png 80w, https:\/\/forus.eu\/wp-content\/uploads\/2023\/09\/STEP-1-36x36.png 36w\" sizes=\"(max-width: 128px) 100vw, 128px\" \/><\/h4>\n<\/div><\/section><br \/>\n<section class=\"av_textblock_section \"  itemscope=\"itemscope\" itemtype=\"https:\/\/schema.org\/CreativeWork\" ><div class='avia_textblock  '   itemprop=\"text\" ><p class=\"p1\">Palikite mums savo duomenis.<\/p>\n<\/div><\/section><\/p>\n<\/div><\/div><div class=\"flex_cell no_margin av_one_fourth  avia-builder-el-18  el_after_av_cell_one_fourth  el_before_av_cell_one_fourth   \" ><div class='flex_cell_inner' ><section class=\"av_textblock_section \"  itemscope=\"itemscope\" itemtype=\"https:\/\/schema.org\/CreativeWork\" ><div class='avia_textblock forus_icon_heading '   itemprop=\"text\" ><h4><img decoding=\"async\" loading=\"lazy\" class=\"alignnone wp-image-6484 size-full\" src=\"https:\/\/forus.eu\/wp-content\/uploads\/2023\/09\/STEP-2.png\" alt=\"\" width=\"128\" height=\"128\" srcset=\"https:\/\/forus.eu\/wp-content\/uploads\/2023\/09\/STEP-2.png 128w, https:\/\/forus.eu\/wp-content\/uploads\/2023\/09\/STEP-2-80x80.png 80w, https:\/\/forus.eu\/wp-content\/uploads\/2023\/09\/STEP-2-36x36.png 36w\" sizes=\"(max-width: 128px) 100vw, 128px\" \/><\/h4>\n<\/div><\/section><br \/>\n<section class=\"av_textblock_section \"  itemscope=\"itemscope\" itemtype=\"https:\/\/schema.org\/CreativeWork\" ><div class='avia_textblock  '   itemprop=\"text\" ><p class=\"p1\">Mes susisieksime su jumis ir i\u0161klausysime j\u016bs\u0173 poreikius.<\/p>\n<\/div><\/section><\/p>\n<\/div><\/div><div class=\"flex_cell no_margin av_one_fourth  avia-builder-el-21  el_after_av_cell_one_fourth  el_before_av_cell_one_fourth   \" ><div class='flex_cell_inner' ><section class=\"av_textblock_section \"  itemscope=\"itemscope\" itemtype=\"https:\/\/schema.org\/CreativeWork\" ><div class='avia_textblock forus_icon_heading '   itemprop=\"text\" ><h4><img decoding=\"async\" loading=\"lazy\" class=\"alignnone wp-image-6489 size-full\" src=\"https:\/\/forus.eu\/wp-content\/uploads\/2023\/09\/STEP-3.png\" alt=\"\" width=\"128\" height=\"128\" srcset=\"https:\/\/forus.eu\/wp-content\/uploads\/2023\/09\/STEP-3.png 128w, https:\/\/forus.eu\/wp-content\/uploads\/2023\/09\/STEP-3-80x80.png 80w, https:\/\/forus.eu\/wp-content\/uploads\/2023\/09\/STEP-3-36x36.png 36w\" sizes=\"(max-width: 128px) 100vw, 128px\" \/><\/h4>\n<\/div><\/section><br \/>\n<section class=\"av_textblock_section \"  itemscope=\"itemscope\" itemtype=\"https:\/\/schema.org\/CreativeWork\" ><div class='avia_textblock  '   itemprop=\"text\" ><p class=\"p1\">Pateiksime jums asmenin\u012f pasi\u016blym\u0105.<\/p>\n<\/div><\/section><\/p>\n<\/div><\/div><div class=\"flex_cell no_margin av_one_fourth  avia-builder-el-24  el_after_av_cell_one_fourth  avia-builder-el-last   \" ><div class='flex_cell_inner' ><section class=\"av_textblock_section \"  itemscope=\"itemscope\" itemtype=\"https:\/\/schema.org\/CreativeWork\" ><div class='avia_textblock forus_icon_heading '   itemprop=\"text\" ><h4><img decoding=\"async\" loading=\"lazy\" class=\"alignnone wp-image-6494 size-full\" src=\"https:\/\/forus.eu\/wp-content\/uploads\/2023\/09\/STEP-4.png\" alt=\"\" width=\"128\" height=\"128\" srcset=\"https:\/\/forus.eu\/wp-content\/uploads\/2023\/09\/STEP-4.png 128w, https:\/\/forus.eu\/wp-content\/uploads\/2023\/09\/STEP-4-80x80.png 80w, https:\/\/forus.eu\/wp-content\/uploads\/2023\/09\/STEP-4-36x36.png 36w\" sizes=\"(max-width: 128px) 100vw, 128px\" \/><\/h4>\n<\/div><\/section><br \/>\n<section class=\"av_textblock_section \"  itemscope=\"itemscope\" itemtype=\"https:\/\/schema.org\/CreativeWork\" ><div class='avia_textblock  '   itemprop=\"text\" ><p class=\"p1\">Visada randame sprendimus ir pradedame bendradarbiauti.<\/p>\n<\/div><\/section><\/p>\n<\/div><\/div><\/div>\n<div id='av-layout-grid-4'  class='av-layout-grid-container entry-content-wrapper main_color av-flex-cells     avia-builder-el-27  el_after_av_layout_row  el_before_av_layout_row  forus_grid_box submenu-not-first container_wrap fullsize' style=' '  ><div class=\"flex_cell no_margin av_one_full  avia-builder-el-28  avia-builder-el-no-sibling   \" ><div class='flex_cell_inner' ><section class=\"av_textblock_section \"  itemscope=\"itemscope\" itemtype=\"https:\/\/schema.org\/CreativeWork\" ><div class='avia_textblock  '   itemprop=\"text\" ><h2>Palikite savo kontaktin\u0119 informacij\u0105 ir per 24 valandas tapsite verslo partneriu<\/h2>\n<p>Parengsime jums individual\u0173 pasi\u016blym\u0105 pagal j\u016bs\u0173 komandos poreikius:<\/p>\n<ul>\n<li>U\u017e kiekvien\u0105 kelion\u0119 gaunate dal\u012f Urmas S\u00f5\u00f5rumaa \u012fmon\u0117s.<\/li>\n<li>Unikalus kilometrais pagr\u012fstas pasi\u016blymas Lietuvos rinkoje.<\/li>\n<li>Specialus pasi\u016blymas visiems 2024 metams.<\/li>\n<\/ul>\n<\/div><\/section>\n<\/div><\/div><\/div>\n<div id='forus_b2b_form'  class='av-layout-grid-container entry-content-wrapper main_color av-flex-cells     avia-builder-el-30  el_after_av_layout_row  avia-builder-el-last  forus_grid_box submenu-not-first container_wrap fullsize' style=' '  >\n<div class=\"flex_cell no_margin av_one_half  avia-builder-el-31  el_before_av_cell_one_half  avia-builder-el-first   \" ><div class='flex_cell_inner' ><section class=\"av_textblock_section \"  itemscope=\"itemscope\" itemtype=\"https:\/\/schema.org\/CreativeWork\" ><div class='avia_textblock  '   itemprop=\"text\" >\n<div class=\"wpcf7 no-js\" id=\"wpcf7-f9522-o1\" lang=\"en-US\" dir=\"ltr\">\n<div class=\"screen-reader-response\"><p role=\"status\" aria-live=\"polite\" aria-atomic=\"true\"><\/p> <ul><\/ul><\/div>\n<form action=\"\/lt\/wp-json\/wp\/v2\/pages\/9519#wpcf7-f9522-o1\" method=\"post\" class=\"wpcf7-form init\" aria-label=\"Contact form\" novalidate=\"novalidate\" data-status=\"init\">\n<div style=\"display: none;\">\n<input type=\"hidden\" name=\"_wpcf7\" value=\"9522\" \/>\n<input type=\"hidden\" name=\"_wpcf7_version\" value=\"5.7.7\" \/>\n<input type=\"hidden\" name=\"_wpcf7_locale\" value=\"en_US\" \/>\n<input type=\"hidden\" name=\"_wpcf7_unit_tag\" value=\"wpcf7-f9522-o1\" \/>\n<input type=\"hidden\" name=\"_wpcf7_container_post\" value=\"0\" \/>\n<input type=\"hidden\" name=\"_wpcf7_posted_data_hash\" value=\"\" \/>\n<input type=\"hidden\" name=\"_wpcf7_recaptcha_response\" value=\"\" \/>\n<\/div>\n<p><label> \u012emon\u0117<br \/>\n<span class=\"wpcf7-form-control-wrap\" data-name=\"your-company\"><input size=\"40\" class=\"wpcf7-form-control wpcf7-text wpcf7-validates-as-required\" aria-required=\"true\" aria-invalid=\"false\" value=\"\" type=\"text\" name=\"your-company\" \/><\/span> <\/label>\n<\/p>\n<p><label> Atstovas<br \/>\n<span class=\"wpcf7-form-control-wrap\" data-name=\"your-name\"><input size=\"40\" class=\"wpcf7-form-control wpcf7-text wpcf7-validates-as-required\" autocomplete=\"name\" aria-required=\"true\" aria-invalid=\"false\" value=\"\" type=\"text\" name=\"your-name\" \/><\/span> <\/label>\n<\/p>\n<p><label> El. pa\u0161tas<br \/>\n<span class=\"wpcf7-form-control-wrap\" data-name=\"your-email\"><input size=\"40\" class=\"wpcf7-form-control wpcf7-text wpcf7-email wpcf7-validates-as-required wpcf7-validates-as-email\" autocomplete=\"email\" aria-required=\"true\" aria-invalid=\"false\" value=\"\" type=\"email\" name=\"your-email\" \/><\/span> <\/label>\n<\/p>\n<p><label> Telefono numeris<br \/>\n<span class=\"wpcf7-form-control-wrap\" data-name=\"tel-17\"><input size=\"40\" class=\"wpcf7-form-control wpcf7-text wpcf7-tel wpcf7-validates-as-tel\" aria-invalid=\"false\" value=\"\" type=\"tel\" name=\"tel-17\" \/><\/span><\/label>\n<\/p>\n<p><input class=\"wpcf7-form-control has-spinner wpcf7-submit\" type=\"submit\" value=\"Paklausk dabar\" \/>\n<\/p><div class=\"wpcf7-response-output\" aria-hidden=\"true\"><\/div>\n<\/form>\n<\/div>\n\n<\/div><\/section>\n<\/div><\/div><div class=\"flex_cell no_margin av_one_half  avia-builder-el-33  el_after_av_cell_one_half  avia-builder-el-last   \" ><div class='flex_cell_inner' ><\/div><\/div><\/div>\n","protected":false},"excerpt":{"rendered":"","protected":false},"author":11,"featured_media":0,"parent":0,"menu_order":0,"comment_status":"closed","ping_status":"closed","template":"","meta":{"inline_featured_image":false},"_links":{"self":[{"href":"https:\/\/forus.eu\/lt\/wp-json\/wp\/v2\/pages\/9519"}],"collection":[{"href":"https:\/\/forus.eu\/lt\/wp-json\/wp\/v2\/pages"}],"about":[{"href":"https:\/\/forus.eu\/lt\/wp-json\/wp\/v2\/types\/page"}],"author":[{"embeddable":true,"href":"https:\/\/forus.eu\/lt\/wp-json\/wp\/v2\/users\/11"}],"replies":[{"embeddable":true,"href":"https:\/\/forus.eu\/lt\/wp-json\/wp\/v2\/comments?post=9519"}],"version-history":[{"count":3,"href":"https:\/\/forus.eu\/lt\/wp-json\/wp\/v2\/pages\/9519\/revisions"}],"predecessor-version":[{"id":9520,"href":"https:\/\/forus.eu\/lt\/wp-json\/wp\/v2\/pages\/9519\/revisions\/9520"}],"wp:attachment":[{"href":"https:\/\/forus.eu\/lt\/wp-json\/wp\/v2\/media?parent=9519"}],"curies":[{"name":"wp","href":"https:\/\/api.w.org\/{rel}","templated":true}]}}