{"id":9511,"date":"2023-11-15T11:15:16","date_gmt":"2023-11-15T11:15:16","guid":{"rendered":"https:\/\/forus.eu\/services\/"},"modified":"2024-04-30T08:16:28","modified_gmt":"2024-04-30T08:16:28","slug":"services","status":"publish","type":"page","link":"https:\/\/forus.eu\/lt\/services\/","title":{"rendered":"M\u016bs\u0173 paslaugos"},"content":{"rendered":"<div id='av-layout-grid-1'  class='av-layout-grid-container entry-content-wrapper main_color av-flex-cells     avia-builder-el-0  el_before_av_layout_row  avia-builder-el-first  forus_grid_box container_wrap fullsize' style=' '  >\n<div class=\"flex_cell no_margin av_one_half  avia-builder-el-1  el_before_av_cell_one_half  avia-builder-el-first  forus_hero_block  \"  style='vertical-align:top; ' ><div class='flex_cell_inner' ><section class=\"av_textblock_section \"  itemscope=\"itemscope\" itemtype=\"https:\/\/schema.org\/CreativeWork\" ><div class='avia_textblock  '   itemprop=\"text\" ><h1 style=\"margin-top: 64px;\">Program\u0117l\u0117, kurioje yra visko kiekvienam<\/h1>\n<\/div><\/section><br \/>\n<section class=\"av_textblock_section \"  itemscope=\"itemscope\" itemtype=\"https:\/\/schema.org\/CreativeWork\" ><div class='avia_textblock  '   itemprop=\"text\" ><h4>Naudokis m\u016bs\u0173 partneri\u0173 paslaugomis Forus program\u0117l\u0117je ir u\u017e kiekvien\u0105 paslaug\u0105 u\u017esidirbk US Token.<\/h4>\n<\/div><\/section><br \/>\n<section class=\"av_textblock_section \"  itemscope=\"itemscope\" itemtype=\"https:\/\/schema.org\/CreativeWork\" ><div class='avia_textblock forus_download_link '   itemprop=\"text\" ><p><img decoding=\"async\" src=\"https:\/\/forus.eu\/wp-content\/uploads\/2023\/07\/download_icon.png\" \/><\/p>\n<h5>Atsisi\u0173sk program\u0117l\u0119<\/h5>\n<\/div><\/section><br \/>\n<section class=\"av_textblock_section \"  itemscope=\"itemscope\" itemtype=\"https:\/\/schema.org\/CreativeWork\" ><div class='avia_textblock forus_badges '   itemprop=\"text\" ><p><a href=\"https:\/\/apps.apple.com\/ee\/app\/taxigo-app\/id935061987\"><img decoding=\"async\" loading=\"lazy\" class=\"alignnone size-full wp-image-5605\" src=\"https:\/\/forus.eu\/wp-content\/uploads\/2024\/02\/app-store-lt.svg\" alt=\"\" width=\"240\" height=\"80\" \/><\/a><a href=\"https:\/\/play.google.com\/store\/apps\/details?id=com.taxigo.ee\"><img decoding=\"async\" loading=\"lazy\" class=\"alignnone size-full wp-image-5610\" src=\"https:\/\/forus.eu\/wp-content\/uploads\/2024\/02\/googleplay-label-lt.svg\" alt=\"\" width=\"270\" height=\"80\" \/><\/a><\/p>\n<\/div><\/section><\/p>\n<\/div><\/div><div class=\"flex_cell no_margin av_one_half  avia-builder-el-6  el_after_av_cell_one_half  avia-builder-el-last   \" ><div class='flex_cell_inner' ><div  class='avia-image-container  av-styling-    avia-builder-el-7  avia-builder-el-no-sibling  avia-align-center '  itemprop=\"image\" itemscope=\"itemscope\" itemtype=\"https:\/\/schema.org\/ImageObject\"  ><div class='avia-image-container-inner'><div class='avia-image-overlay-wrap'><img decoding=\"async\" class='wp-image-11088 avia-img-lazy-loading-not-11088 avia_image' src=\"https:\/\/forus.eu\/wp-content\/uploads\/2024\/04\/webslava-1030x1030.png\" alt='' title='' height=\"1030\" width=\"1030\"  itemprop=\"thumbnailUrl\" srcset=\"https:\/\/forus.eu\/wp-content\/uploads\/2024\/04\/webslava-1030x1030.png 1030w, https:\/\/forus.eu\/wp-content\/uploads\/2024\/04\/webslava-300x300.png 300w, https:\/\/forus.eu\/wp-content\/uploads\/2024\/04\/webslava-80x80.png 80w, https:\/\/forus.eu\/wp-content\/uploads\/2024\/04\/webslava-768x768.png 768w, https:\/\/forus.eu\/wp-content\/uploads\/2024\/04\/webslava-1536x1536.png 1536w, https:\/\/forus.eu\/wp-content\/uploads\/2024\/04\/webslava-36x36.png 36w, https:\/\/forus.eu\/wp-content\/uploads\/2024\/04\/webslava-180x180.png 180w, https:\/\/forus.eu\/wp-content\/uploads\/2024\/04\/webslava-1500x1500.png 1500w, https:\/\/forus.eu\/wp-content\/uploads\/2024\/04\/webslava-705x705.png 705w, https:\/\/forus.eu\/wp-content\/uploads\/2024\/04\/webslava.png 1852w\" sizes=\"(max-width: 1030px) 100vw, 1030px\" \/><\/div><\/div><\/div>\n<\/div><\/div><\/div><div id='av-layout-grid-2'  class='av-layout-grid-container entry-content-wrapper main_color av-flex-cells   av-desktop-hide av-medium-hide av-small-hide av-mini-hide   avia-builder-el-8  el_after_av_layout_row  el_before_av_layout_row  forus_grid_box submenu-not-first container_wrap fullsize' style=' '  ><div class=\"flex_cell no_margin av_one_half  avia-builder-el-9  el_before_av_cell_one_half  avia-builder-el-first   \" ><div class='flex_cell_inner' ><div  class='avia-image-container  av-styling-    avia-builder-el-10  avia-builder-el-no-sibling  avia-align-center '  itemprop=\"image\" itemscope=\"itemscope\" itemtype=\"https:\/\/schema.org\/ImageObject\"  ><div class='avia-image-container-inner'><div class='avia-image-overlay-wrap'><img decoding=\"async\" class='wp-image-7625 avia-img-lazy-loading-not-7625 avia_image' src=\"https:\/\/forus.eu\/wp-content\/uploads\/2023\/11\/fudy.jpg\" alt='' title='fudy' height=\"300\" width=\"600\"  itemprop=\"thumbnailUrl\" srcset=\"https:\/\/forus.eu\/wp-content\/uploads\/2023\/11\/fudy.jpg 600w, https:\/\/forus.eu\/wp-content\/uploads\/2023\/11\/fudy-300x150.jpg 300w\" sizes=\"(max-width: 600px) 100vw, 600px\" \/><\/div><\/div><\/div>\n<\/div><\/div><div class=\"flex_cell no_margin av_one_half  avia-builder-el-11  el_after_av_cell_one_half  avia-builder-el-last   \" ><div class='flex_cell_inner' ><section class=\"av_textblock_section \"  itemscope=\"itemscope\" itemtype=\"https:\/\/schema.org\/CreativeWork\" ><div class='avia_textblock  '   itemprop=\"text\" ><h3>600+ restorani Forus \u00e4pis<\/h3>\n<p>Meie partner on Fudy<\/p>\n<p><span style=\"color: #c91235;\">Iga tellimusega l\u00e4bi Forust kogud US Tokeneid<\/span><\/p>\n<p>Fudy on Eestis loodud toidukullerteenus. T\u00e4naseks on Fudyga platvormiga liitunud \u00fcle 600 restorani ja tellimislahendust kasutavad juba ka hotellid. Lisaks toidu kohaleveole pakub Fudy restoranides koha peal tellimuste haldamise lahendust. Seda nii Helsingis kui ka Tallinnas, Tartus, P\u00e4rnus, Kuressaares, Viljandis, Narvas ja J\u00f5hvis.<\/p>\n<\/div><\/section>\n<\/div><\/div><\/div><\/p>\n<div id='av-layout-grid-3'  class='av-layout-grid-container entry-content-wrapper main_color av-flex-cells     avia-builder-el-13  el_after_av_layout_row  el_before_av_layout_row  forus_grid_box submenu-not-first container_wrap fullsize' style=' '  ><div class=\"flex_cell no_margin av_one_half  avia-builder-el-14  el_before_av_cell_one_half  avia-builder-el-first   \" ><div class='flex_cell_inner' ><div  class='avia-image-container  av-styling-    avia-builder-el-15  avia-builder-el-no-sibling  avia-align-center '  itemprop=\"image\" itemscope=\"itemscope\" itemtype=\"https:\/\/schema.org\/ImageObject\"  ><div class='avia-image-container-inner'><div class='avia-image-overlay-wrap'><img decoding=\"async\" class='wp-image-8584 avia-img-lazy-loading-not-8584 avia_image' src=\"https:\/\/forus.eu\/wp-content\/uploads\/2024\/01\/autolevi.jpg\" alt='' title='autolevi' height=\"300\" width=\"600\"  itemprop=\"thumbnailUrl\" srcset=\"https:\/\/forus.eu\/wp-content\/uploads\/2024\/01\/autolevi.jpg 600w, https:\/\/forus.eu\/wp-content\/uploads\/2024\/01\/autolevi-300x150.jpg 300w\" sizes=\"(max-width: 600px) 100vw, 600px\" \/><\/div><\/div><\/div>\n<\/div><\/div><div class=\"flex_cell no_margin av_one_half  avia-builder-el-16  el_after_av_cell_one_half  avia-builder-el-last   \" ><div class='flex_cell_inner' ><section class=\"av_textblock_section \"  itemscope=\"itemscope\" itemtype=\"https:\/\/schema.org\/CreativeWork\" ><div class='avia_textblock  '   itemprop=\"text\" ><h3>2200+ automobili\u0173 Estijoje, Latvijoje ir Suomijoje<\/h3>\n<p>I\u0161sinuomok automobil\u012f, net i\u0161 gretimos gatv\u0117s.<\/p>\n<p>Did\u017eiausia dalijimosi automobiliu platforma m\u016bs\u0173 regione yra Forus Autolevi, kurioje kiekvienas gali saugiai i\u0161nuomoti savo automobil\u012f kitiems geriems \u017emon\u0117ms. Platus vis\u0173 r\u016b\u0161i\u0173 transporto priemoni\u0173 pasirinkimas yra vidutini\u0161kai vos 5-10 minu\u010di\u0173 kelio p\u0117s\u010diomis nuo tavo buvimo vietos. Autolevi suteikia galimyb\u0119 kiekvienam u\u017esidirbti pinig\u0173 nuomojant savo automobil\u012f per m\u016bs\u0173 platform\u0105. Paversk savo asmenin\u012f automobil\u012f papildom\u0173 pajam\u0173 \u0161altiniu!<\/p>\n<\/div><\/section><br \/>\n<section class=\"av_textblock_section \"  itemscope=\"itemscope\" itemtype=\"https:\/\/schema.org\/CreativeWork\" ><div class='avia_textblock forus_text_link '   itemprop=\"text\" ><p><a href=\"https:\/\/forus.eu\/lt\/autolevi\/\">Su\u017einok daugiau<\/a><\/p>\n<\/div><\/section><\/p>\n<\/div><\/div><\/div>\n<div id='forus_tuul'  class='av-layout-grid-container entry-content-wrapper main_color av-flex-cells     avia-builder-el-19  el_after_av_layout_row  avia-builder-el-last  forus_grid_box submenu-not-first container_wrap fullsize' style=' '  ><div class=\"flex_cell no_margin av_one_half  avia-builder-el-20  el_before_av_cell_one_half  avia-builder-el-first   \" ><div class='flex_cell_inner' ><div  class='avia-image-container  av-styling-    avia-builder-el-21  avia-builder-el-no-sibling  avia-align-center '  itemprop=\"image\" itemscope=\"itemscope\" itemtype=\"https:\/\/schema.org\/ImageObject\"  ><div class='avia-image-container-inner'><div class='avia-image-overlay-wrap'><img decoding=\"async\" class='wp-image-7637 avia-img-lazy-loading-not-7637 avia_image' src=\"https:\/\/forus.eu\/wp-content\/uploads\/2023\/11\/tuul.jpg\" alt='' title='tuul' height=\"300\" width=\"600\"  itemprop=\"thumbnailUrl\" srcset=\"https:\/\/forus.eu\/wp-content\/uploads\/2023\/11\/tuul.jpg 600w, https:\/\/forus.eu\/wp-content\/uploads\/2023\/11\/tuul-300x150.jpg 300w\" sizes=\"(max-width: 600px) 100vw, 600px\" \/><\/div><\/div><\/div>\n<\/div><\/div><div class=\"flex_cell no_margin av_one_half  avia-builder-el-22  el_after_av_cell_one_half  avia-builder-el-last   \" ><div class='flex_cell_inner' ><section class=\"av_textblock_section \"  itemscope=\"itemscope\" itemtype=\"https:\/\/schema.org\/CreativeWork\" ><div class='avia_textblock  '   itemprop=\"text\" ><h3>3 000+ paspirtuk\u0173<\/h3>\n<p>Patvar\u016bs ir gamtai draugi\u0161ki Tuul paspirtukai.<\/p>\n<p><span style=\"color: #c91235;\">U\u017e kiekvien\u0105 u\u017esakym\u0105 per Forus program\u0117l\u0119 gauni US Tokens.<\/span><\/p>\n<p>Tuul &#8211; tai Commodule, pasaulin\u0117s elektrini\u0173 paspirtuk\u0173 ir elektrini\u0173 dvira\u010di\u0173 moduli\u0173 projektavimo ir gamybos lyder\u0117s, sukurtas bendro naudojimo elektrinis paspirtukas. Tuul misija &#8211; teikti aplinkai nekenksming\u0105, efektyvi\u0105 ir patogi\u0105 transporto priemon\u0119, praturtinan\u010di\u0105 miesto gyvenimo b\u016bd\u0105 ir kartu ma\u017einan\u010di\u0105 ekologin\u012f p\u0117dsak\u0105 bei miesto triuk\u0161m\u0105.<\/p>\n<p><style>.forus_info_alert{display: flex; justify-content: flex-start; align-items: center;gap:16px;}<\/style><\/p>\n<\/div><\/section>\n<\/div><\/div><\/div>\n","protected":false},"excerpt":{"rendered":"","protected":false},"author":11,"featured_media":0,"parent":0,"menu_order":0,"comment_status":"closed","ping_status":"closed","template":"","meta":{"inline_featured_image":false},"_links":{"self":[{"href":"https:\/\/forus.eu\/lt\/wp-json\/wp\/v2\/pages\/9511"}],"collection":[{"href":"https:\/\/forus.eu\/lt\/wp-json\/wp\/v2\/pages"}],"about":[{"href":"https:\/\/forus.eu\/lt\/wp-json\/wp\/v2\/types\/page"}],"author":[{"embeddable":true,"href":"https:\/\/forus.eu\/lt\/wp-json\/wp\/v2\/users\/11"}],"replies":[{"embeddable":true,"href":"https:\/\/forus.eu\/lt\/wp-json\/wp\/v2\/comments?post=9511"}],"version-history":[{"count":6,"href":"https:\/\/forus.eu\/lt\/wp-json\/wp\/v2\/pages\/9511\/revisions"}],"predecessor-version":[{"id":11096,"href":"https:\/\/forus.eu\/lt\/wp-json\/wp\/v2\/pages\/9511\/revisions\/11096"}],"wp:attachment":[{"href":"https:\/\/forus.eu\/lt\/wp-json\/wp\/v2\/media?parent=9511"}],"curies":[{"name":"wp","href":"https:\/\/api.w.org\/{rel}","templated":true}]}}