{"id":7226,"date":"2023-10-24T10:37:10","date_gmt":"2023-10-24T10:37:10","guid":{"rendered":"https:\/\/forus.eu\/bonuss-copy\/"},"modified":"2023-11-27T13:13:51","modified_gmt":"2023-11-27T13:13:51","slug":"premija","status":"publish","type":"page","link":"https:\/\/forus.eu\/lt\/premija\/","title":{"rendered":"Taikomos premijos ir privalomas aktyvumas"},"content":{"rendered":"<div id='av_section_1'  class='avia-section main_color avia-section-default avia-no-border-styling  avia-bg-style-scroll  avia-builder-el-0  el_before_av_layout_row  avia-builder-el-first   container_wrap fullsize' style='background-color: #ffffff;  '  ><div class='container' ><main  role=\"main\" itemprop=\"mainContentOfPage\"  class='template-page content  av-content-full alpha units'><div class='post-entry post-entry-type-page post-entry-7226'><div class='entry-content-wrapper clearfix'><div class=\"flex_column av_one_half  flex_column_div av-zero-column-padding first  avia-builder-el-1  el_before_av_one_half  avia-builder-el-first  \" style='border-radius:0px; '><section class=\"av_textblock_section \"  itemscope=\"itemscope\" itemtype=\"https:\/\/schema.org\/CreativeWork\" ><div class='avia_textblock  '   itemprop=\"text\" ><h1 class=\"p1\"><b>Taikomos premijos ir privalomas aktyvumas<\/b><\/h1>\n<\/div><\/section><\/div><div class=\"flex_column av_one_half  flex_column_div av-zero-column-padding   avia-builder-el-3  el_after_av_one_half  avia-builder-el-last  \" style='border-radius:0px; '><div  class='avia-image-container  av-styling-    avia-builder-el-4  avia-builder-el-no-sibling  avia-align-center '  itemprop=\"image\" itemscope=\"itemscope\" itemtype=\"https:\/\/schema.org\/ImageObject\"  ><div class='avia-image-container-inner'><div class='avia-image-overlay-wrap'><img decoding=\"async\" class='wp-image-6825 avia-img-lazy-loading-not-6825 avia_image' src=\"https:\/\/forus.eu\/wp-content\/uploads\/2023\/10\/hero_philipp.jpeg\" alt='' title='hero_philipp' height=\"1080\" width=\"1080\"  itemprop=\"thumbnailUrl\" srcset=\"https:\/\/forus.eu\/wp-content\/uploads\/2023\/10\/hero_philipp.jpeg 1080w, https:\/\/forus.eu\/wp-content\/uploads\/2023\/10\/hero_philipp-300x300.jpeg 300w, https:\/\/forus.eu\/wp-content\/uploads\/2023\/10\/hero_philipp-1030x1030.jpeg 1030w, https:\/\/forus.eu\/wp-content\/uploads\/2023\/10\/hero_philipp-80x80.jpeg 80w, https:\/\/forus.eu\/wp-content\/uploads\/2023\/10\/hero_philipp-768x768.jpeg 768w, https:\/\/forus.eu\/wp-content\/uploads\/2023\/10\/hero_philipp-36x36.jpeg 36w, https:\/\/forus.eu\/wp-content\/uploads\/2023\/10\/hero_philipp-180x180.jpeg 180w, https:\/\/forus.eu\/wp-content\/uploads\/2023\/10\/hero_philipp-705x705.jpeg 705w\" sizes=\"(max-width: 1080px) 100vw, 1080px\" \/><\/div><\/div><\/div><\/div>\n<\/div><\/div><\/main><!-- close content main element --><\/div><\/div><div id='av-layout-grid-1'  class='av-layout-grid-container entry-content-wrapper main_color av-flex-cells     avia-builder-el-5  el_after_av_section  el_before_av_textblock  submenu-not-first container_wrap fullsize' style=' '  >\n<div class=\"flex_cell no_margin av_one_half  avia-builder-el-6  el_before_av_cell_one_half  avia-builder-el-first   \" ><div class='flex_cell_inner' ><div  class='avia-image-container  av-styling-    avia-builder-el-7  avia-builder-el-no-sibling  avia-align-center '  itemprop=\"image\" itemscope=\"itemscope\" itemtype=\"https:\/\/schema.org\/ImageObject\"  ><div class='avia-image-container-inner'><div class='avia-image-overlay-wrap'><img decoding=\"async\" class='wp-image-6830 avia-img-lazy-loading-not-6830 avia_image' src=\"https:\/\/forus.eu\/wp-content\/uploads\/2023\/10\/driver_pilt1.jpeg\" alt='' title='driver_pilt1' height=\"300\" width=\"600\"  itemprop=\"thumbnailUrl\" srcset=\"https:\/\/forus.eu\/wp-content\/uploads\/2023\/10\/driver_pilt1.jpeg 600w, https:\/\/forus.eu\/wp-content\/uploads\/2023\/10\/driver_pilt1-300x150.jpeg 300w\" sizes=\"(max-width: 600px) 100vw, 600px\" \/><\/div><\/div><\/div>\n<\/div><\/div><div class=\"flex_cell no_margin av_one_half  avia-builder-el-8  el_after_av_cell_one_half  avia-builder-el-last   \" ><div class='flex_cell_inner' ><section class=\"av_textblock_section \"  itemscope=\"itemscope\" itemtype=\"https:\/\/schema.org\/CreativeWork\" ><div class='avia_textblock  '   itemprop=\"text\" ><p class=\"p1\">Norime, kad m\u016bs\u0173 partneriams b\u016bt\u0173 dosniai atlyginta, o klientai apie m\u016bs\u0173 automobilius gird\u0117t\u0173 tik rekomendacijas ir pagyrimus. \u0160iuo tikslu suk\u016br\u0117me aktyvumu pagr\u012fst\u0105 premij\u0173 sistem\u0105 ir nustat\u0117me minimal\u0173 aktyvumo procent\u0105, kad pagerintume visos platformos paslaug\u0173 kokyb\u0119.<\/p>\n<h3 class=\"p1\">1\u20ac premija 27.11-3.12 ( imtinai) u\u017e kiekvien\u0105 kelion\u0119.<br \/>Min: 70 kelioni\u0173 ir aktyvumas min. 80%.<\/h3>\n<\/div><\/section><br \/>\n<section class=\"av_textblock_section \"  itemscope=\"itemscope\" itemtype=\"https:\/\/schema.org\/CreativeWork\" ><div class='avia_textblock  '   itemprop=\"text\" ><div class=\"forus_info_alert\"><img decoding=\"async\" loading=\"lazy\" class=\"alignnone size-thumbnail wp-image-5674\" src=\"https:\/\/forus.eu\/wp-content\/uploads\/2023\/07\/alert_icon-80x80.png\" alt=\"\" width=\"32\" height=\"32\" srcset=\"https:\/\/forus.eu\/wp-content\/uploads\/2023\/07\/alert_icon-80x80.png 80w, https:\/\/forus.eu\/wp-content\/uploads\/2023\/07\/alert_icon-36x36.png 36w, https:\/\/forus.eu\/wp-content\/uploads\/2023\/07\/alert_icon.png 112w\" sizes=\"(max-width: 32px) 100vw, 32px\" \/>Premijos galioja tik automobiliams su Forus lipdukais<\/div>\n<p><style>.forus_info_alert{display: flex; justify-content: flex-start; align-items: center;gap:16px;}<\/style><\/p>\n<\/div><\/section><\/p>\n<\/div><\/div><\/div><div id='after_submenu_1'  class='main_color av_default_container_wrap container_wrap fullsize' style=' '  ><div class='container' ><div class='template-page content  av-content-full alpha units'><div class='post-entry post-entry-type-page post-entry-7226'><div class='entry-content-wrapper clearfix'><section class=\"av_textblock_section \"  itemscope=\"itemscope\" itemtype=\"https:\/\/schema.org\/CreativeWork\" ><div class='avia_textblock  '   itemprop=\"text\" ><h2 class=\"p1\"><b>D\u0117mesio!<\/b><\/h2>\n<p class=\"p2\">Norint i\u0161laikyti prieig\u0105 prie u\u017esakym\u0173 Forus program\u0117l\u0117je, vairuotojo aktyvumo lygis turi b\u016bti bent 55 %. Pra\u0117jusios savait\u0117s aktyvumas nuo pirmadienio iki penktadienio (\u012fskaitytinai) tikrinamas kiekvien\u0105 pirmadien\u012f.<\/p>\n<\/div><\/section><\/p>\n<\/div><\/div><\/div><!-- close content main div --><\/div><\/div><div id='av_section_2'  class='avia-section main_color avia-section-default avia-no-border-styling  avia-bg-style-scroll  avia-builder-el-12  el_after_av_textblock  el_before_av_textblock   container_wrap fullsize' style=' '  ><div class='container' ><div class='template-page content  av-content-full alpha units'><div class='post-entry post-entry-type-page post-entry-7226'><div class='entry-content-wrapper clearfix'><div class=\"flex_column av_one_third  flex_column_div av-zero-column-padding first  avia-builder-el-13  el_before_av_two_third  avia-builder-el-first  \" style='border-radius:0px; '><div  class='avia-image-container  av-styling-    avia-builder-el-14  avia-builder-el-no-sibling  avia-align-center '  itemprop=\"image\" itemscope=\"itemscope\" itemtype=\"https:\/\/schema.org\/ImageObject\"  ><div class='avia-image-container-inner'><div class='avia-image-overlay-wrap'><img decoding=\"async\" class='wp-image-6835 avia-img-lazy-loading-not-6835 avia_image' src=\"https:\/\/forus.eu\/wp-content\/uploads\/2023\/10\/driver_app.jpeg\" alt='' title='driver_app' height=\"300\" width=\"600\"  itemprop=\"thumbnailUrl\" srcset=\"https:\/\/forus.eu\/wp-content\/uploads\/2023\/10\/driver_app.jpeg 600w, https:\/\/forus.eu\/wp-content\/uploads\/2023\/10\/driver_app-300x150.jpeg 300w\" sizes=\"(max-width: 600px) 100vw, 600px\" \/><\/div><\/div><\/div><\/div><div class=\"flex_column av_two_third  flex_column_div av-zero-column-padding   avia-builder-el-15  el_after_av_one_third  avia-builder-el-last  \" style='border-radius:0px; '><section class=\"av_textblock_section \"  itemscope=\"itemscope\" itemtype=\"https:\/\/schema.org\/CreativeWork\" ><div class='avia_textblock  '   itemprop=\"text\" ><h3>Aktyvumo apskai\u010diavimas:<\/h3>\n<p class=\"p1\">Aktyvumo procentas apskai\u010diuojamas atsi\u017evelgiant \u012f vairuotojo gaut\u0173 u\u017eklaus\u0173 ir atlikt\u0173 u\u017esakym\u0173 santyk\u012f. \u012e \u0161\u012f skai\u010di\u0173 ne\u012ftraukiami u\u017e spindulio rib\u0173 gauti u\u017esakymai (nors tarpmiestinis u\u017esakymas yra 1,5 karto naudingesnis) arba klient\u0173 at\u0161aukti u\u017esakymai. Aktyvumo procentin\u0117 dalis ma\u017einama ignoruojant u\u017esakymus, atmetant u\u017esakymus vairuotojo spindulio ribose ir at\u0161aukiant kelion\u0117s, jas pri\u0117mus. Vairuotojo program\u0117l\u0117je rodomas pastar\u0173j\u0173 septyni\u0173 dien\u0173 aktyvumas.<\/p>\n<\/div><\/section><\/div><\/div><\/div><\/div><!-- close content main div --><\/div><\/div><div id='after_section_2'  class='main_color av_default_container_wrap container_wrap fullsize' style=' '  ><div class='container' ><div class='template-page content  av-content-full alpha units'><div class='post-entry post-entry-type-page post-entry-7226'><div class='entry-content-wrapper clearfix'>\n<section class=\"av_textblock_section \"  itemscope=\"itemscope\" itemtype=\"https:\/\/schema.org\/CreativeWork\" ><div class='avia_textblock  '   itemprop=\"text\" ><h2 class=\"p1\"><b> Ar \u017einojote?<\/b><\/h2>\n<\/div><\/section>\n<\/div><\/div><\/div><!-- close content main div --><\/div><\/div><div id='av_section_3'  class='avia-section main_color avia-section-default avia-no-border-styling  avia-bg-style-scroll  avia-builder-el-18  el_after_av_textblock  el_before_av_section   container_wrap fullsize' style=' '  ><div class='container' ><div class='template-page content  av-content-full alpha units'><div class='post-entry post-entry-type-page post-entry-7226'><div class='entry-content-wrapper clearfix'><div class=\"flex_column av_one_third  flex_column_div av-zero-column-padding first  avia-builder-el-19  el_before_av_two_third  avia-builder-el-first  \" style='border-radius:0px; '><div  class='avia-image-container  av-styling-    avia-builder-el-20  avia-builder-el-no-sibling  avia-align-center '  itemprop=\"image\" itemscope=\"itemscope\" itemtype=\"https:\/\/schema.org\/ImageObject\"  ><div class='avia-image-container-inner'><div class='avia-image-overlay-wrap'><img decoding=\"async\" class='wp-image-7243 avia-img-lazy-loading-not-7243 avia_image' src=\"https:\/\/forus.eu\/wp-content\/uploads\/2023\/10\/driver_app1_lt.jpg\" alt='' title='driver_app1_lt' height=\"867\" width=\"848\"  itemprop=\"thumbnailUrl\" srcset=\"https:\/\/forus.eu\/wp-content\/uploads\/2023\/10\/driver_app1_lt.jpg 848w, https:\/\/forus.eu\/wp-content\/uploads\/2023\/10\/driver_app1_lt-293x300.jpg 293w, https:\/\/forus.eu\/wp-content\/uploads\/2023\/10\/driver_app1_lt-768x785.jpg 768w, https:\/\/forus.eu\/wp-content\/uploads\/2023\/10\/driver_app1_lt-36x36.jpg 36w, https:\/\/forus.eu\/wp-content\/uploads\/2023\/10\/driver_app1_lt-690x705.jpg 690w\" sizes=\"(max-width: 848px) 100vw, 848px\" \/><\/div><\/div><\/div><\/div><div class=\"flex_column av_two_third  flex_column_div av-zero-column-padding   avia-builder-el-21  el_after_av_one_third  avia-builder-el-last  \" style='border-radius:0px; '><section class=\"av_textblock_section \"  itemscope=\"itemscope\" itemtype=\"https:\/\/schema.org\/CreativeWork\" ><div class='avia_textblock  '   itemprop=\"text\" ><h3><b>&#8222;Forus&#8221; program\u0117l\u0117je yra mokamas laukimo laikas <\/b><\/h3>\n<ul class=\"ul1\">\n<li class=\"li2\"><span class=\"s1\"> \u012e kelion\u0117s kain\u0105 \u012fskai\u010diuotas 3 minu\u010di\u0173 nemokamas laukimo laikas. Laukimo laikas klientui kainuoja 1,5 karto daugiau nei tavo kategorijos minut\u0117s tarifo kaina.<\/span><\/li>\n<li class=\"li2\"><span class=\"s1\"> Program\u0117l\u0117 pradeda skai\u010diuoti laukimo laik\u0105, kai vairuotojas program\u0117l\u0117je pa\u017eymi, kad atvyko pas klient\u0105.<\/span><\/li>\n<li class=\"li2\"><span class=\"s1\"> \u0160iuo metu prie 3 minu\u010di\u0173 laukimo laiko prid\u0117jome 30 % paklaid\u0105. \u0160i\u0105 30 % paklaid\u0105 prid\u0117jome laikinai, kad atnaujinimas b\u016bt\u0173 skland\u017eiai diegiamas klientams.<\/span><\/li>\n<li class=\"li2\"><span class=\"s1\"> Planuojame palaipsniui ma\u017einti paklaid\u0105 ir galiausiai j\u0105 panaikinti. <\/span><\/li>\n<\/ul>\n<\/div><\/section><\/div>\n<\/div><\/div><\/div><!-- close content main div --><\/div><\/div><div id='av_section_4'  class='avia-section main_color avia-section-default avia-no-border-styling  avia-bg-style-scroll  avia-builder-el-23  el_after_av_section  el_before_av_section   container_wrap fullsize' style=' '  ><div class='container' ><div class='template-page content  av-content-full alpha units'><div class='post-entry post-entry-type-page post-entry-7226'><div class='entry-content-wrapper clearfix'><div class=\"flex_column av_one_third  flex_column_div av-zero-column-padding first  avia-builder-el-24  el_before_av_two_third  avia-builder-el-first  \" style='border-radius:0px; '><div  class='avia-image-container  av-styling-    avia-builder-el-25  avia-builder-el-no-sibling  avia-align-center '  itemprop=\"image\" itemscope=\"itemscope\" itemtype=\"https:\/\/schema.org\/ImageObject\"  ><div class='avia-image-container-inner'><div class='avia-image-overlay-wrap'><img decoding=\"async\" class='wp-image-7248 avia-img-lazy-loading-not-7248 avia_image' src=\"https:\/\/forus.eu\/wp-content\/uploads\/2023\/10\/driver_app2_lt.jpg\" alt='' title='driver_app2_lt' height=\"867\" width=\"848\"  itemprop=\"thumbnailUrl\" srcset=\"https:\/\/forus.eu\/wp-content\/uploads\/2023\/10\/driver_app2_lt.jpg 848w, https:\/\/forus.eu\/wp-content\/uploads\/2023\/10\/driver_app2_lt-293x300.jpg 293w, https:\/\/forus.eu\/wp-content\/uploads\/2023\/10\/driver_app2_lt-768x785.jpg 768w, https:\/\/forus.eu\/wp-content\/uploads\/2023\/10\/driver_app2_lt-36x36.jpg 36w, https:\/\/forus.eu\/wp-content\/uploads\/2023\/10\/driver_app2_lt-690x705.jpg 690w\" sizes=\"(max-width: 848px) 100vw, 848px\" \/><\/div><\/div><\/div><\/div><div class=\"flex_column av_two_third  flex_column_div av-zero-column-padding   avia-builder-el-26  el_after_av_one_third  avia-builder-el-last  \" style='border-radius:0px; '><section class=\"av_textblock_section \"  itemscope=\"itemscope\" itemtype=\"https:\/\/schema.org\/CreativeWork\" ><div class='avia_textblock  '   itemprop=\"text\" ><h3>Papildomas kelion\u0117s mokestis<\/h3>\n<p class=\"p1\">Priemiestin\u0117se vietov\u0117se, kur paprastai yra ma\u017eiau laisv\u0173 automobili\u0173 (Rie\u0161\u0117, Lentvaris, Trak\u0173 Vok\u0117 ir t. t.), klientas gal\u0117s u\u017esisakyti transporto priemon\u0119, net jei netoliese n\u0117ra laisv\u0173 automobili\u0173. U\u017e tokius u\u017esakymus automati\u0161kai bus taikomas papildomas mokestis u\u017e kelion\u0119, kuris bus skai\u010diuojamas u\u017e kilometr\u0105, kaip ir \u012fprasto u\u017esakymo atveju. Siun\u010diant u\u017esakym\u0105 vairuotojui bus nurodyta papildomo mokes\u010dio suma (skliausteliuose, vir\u0161utiniame de\u0161iniajame kampe). Verta pa\u017eym\u0117ti, kad papildomas kelion\u0117s mokestis apskai\u010diuojamas pagal artimiausi\u0105 automobil\u012f. Jei artimiausias vairuotojas atsisakys, kaina nepasikeis, nes j\u0105 jau apskai\u010diavome ir parod\u0117me klientui pagal artimiausi\u0105 automobil\u012f bei rezervavome sistemoje, tod\u0117l atsisakydamas toki\u0173 u\u017esakym\u0173 gali sudaryti blogesnes s\u0105lygas savo kolegoms.<\/p>\n<\/div><\/section><\/div>\n<\/div><\/div><\/div><!-- close content main div --><\/div><\/div><div id='av_section_5'  class='avia-section main_color avia-section-default avia-no-border-styling  avia-bg-style-scroll  avia-builder-el-28  el_after_av_section  el_before_av_section   container_wrap fullsize' style=' '  ><div class='container' ><div class='template-page content  av-content-full alpha units'><div class='post-entry post-entry-type-page post-entry-7226'><div class='entry-content-wrapper clearfix'><div class=\"flex_column av_one_third  flex_column_div av-zero-column-padding first  avia-builder-el-29  el_before_av_two_third  avia-builder-el-first  \" style='border-radius:0px; '><div  class='avia-image-container  av-styling-    avia-builder-el-30  avia-builder-el-no-sibling  avia-align-center '  itemprop=\"image\" itemscope=\"itemscope\" itemtype=\"https:\/\/schema.org\/ImageObject\"  ><div class='avia-image-container-inner'><div class='avia-image-overlay-wrap'><img decoding=\"async\" class='wp-image-7253 avia-img-lazy-loading-not-7253 avia_image' src=\"https:\/\/forus.eu\/wp-content\/uploads\/2023\/10\/driver_app3_lt.jpg\" alt='' title='driver_app3_lt' height=\"867\" width=\"848\"  itemprop=\"thumbnailUrl\" srcset=\"https:\/\/forus.eu\/wp-content\/uploads\/2023\/10\/driver_app3_lt.jpg 848w, https:\/\/forus.eu\/wp-content\/uploads\/2023\/10\/driver_app3_lt-293x300.jpg 293w, https:\/\/forus.eu\/wp-content\/uploads\/2023\/10\/driver_app3_lt-768x785.jpg 768w, https:\/\/forus.eu\/wp-content\/uploads\/2023\/10\/driver_app3_lt-36x36.jpg 36w, https:\/\/forus.eu\/wp-content\/uploads\/2023\/10\/driver_app3_lt-690x705.jpg 690w\" sizes=\"(max-width: 848px) 100vw, 848px\" \/><\/div><\/div><\/div><\/div><div class=\"flex_column av_two_third  flex_column_div av-zero-column-padding   avia-builder-el-31  el_after_av_one_third  avia-builder-el-last  \" style='border-radius:0px; '><section class=\"av_textblock_section \"  itemscope=\"itemscope\" itemtype=\"https:\/\/schema.org\/CreativeWork\" ><div class='avia_textblock  '   itemprop=\"text\" ><h3>Dabar gali i\u0161jungti grandininius u\u017esakymus<\/h3>\n<p>Prid\u0117jome galimyb\u0119 i\u0161jungti grandininius u\u017esakymus. Ne visada \u012fmanoma pateikti u\u017esakymus paeiliui ir d\u0117l to sulauk\u0117me j\u016bs\u0173 atsiliepim\u0173. Dabar gali i\u0161jungti grandininius u\u017esakymus, o tai gali padaryti tuo metu, kai turi aktyv\u0173 u\u017esakym\u0105. Kai u\u017esakymas yra aktyvus, kairiajame apatiniame ekrano kampe atsiras mygtukas: \u201eGrandininiai u\u017esakymai\u201c \/ \u201cChain orders\u201d \/ \u201c\u0417\u0430\u043a\u0430\u0437 \u043f\u043e \u0446\u0435\u043f\u043e\u0447\u043a\u0435\u201c. Ten gali i\u0161jungti grandininius u\u017esakymus ir programa automati\u0161kai nesi\u016blys tau u\u017esakymo, jei ankstesnis u\u017esakymas vis dar vykdomas.<\/p>\n<\/div><\/section><\/div>\n<\/div><\/div><\/div><!-- close content main div --><\/div><\/div><div id='av_section_6'  class='avia-section main_color avia-section-default avia-no-border-styling  avia-bg-style-scroll  avia-builder-el-33  el_after_av_section  el_before_av_section   container_wrap fullsize' style=' '  ><div class='container' ><div class='template-page content  av-content-full alpha units'><div class='post-entry post-entry-type-page post-entry-7226'><div class='entry-content-wrapper clearfix'><div class=\"flex_column av_one_third  flex_column_div av-zero-column-padding first  avia-builder-el-34  el_before_av_two_third  avia-builder-el-first  \" style='border-radius:0px; '><div  class='avia-image-container  av-styling-    avia-builder-el-35  avia-builder-el-no-sibling  avia-align-center '  itemprop=\"image\" itemscope=\"itemscope\" itemtype=\"https:\/\/schema.org\/ImageObject\"  ><div class='avia-image-container-inner'><div class='avia-image-overlay-wrap'><img decoding=\"async\" class='wp-image-7258 avia-img-lazy-loading-not-7258 avia_image' src=\"https:\/\/forus.eu\/wp-content\/uploads\/2023\/10\/driver_app4_lt.jpg\" alt='' title='driver_app4_lt' height=\"867\" width=\"848\"  itemprop=\"thumbnailUrl\" srcset=\"https:\/\/forus.eu\/wp-content\/uploads\/2023\/10\/driver_app4_lt.jpg 848w, https:\/\/forus.eu\/wp-content\/uploads\/2023\/10\/driver_app4_lt-293x300.jpg 293w, https:\/\/forus.eu\/wp-content\/uploads\/2023\/10\/driver_app4_lt-768x785.jpg 768w, https:\/\/forus.eu\/wp-content\/uploads\/2023\/10\/driver_app4_lt-36x36.jpg 36w, https:\/\/forus.eu\/wp-content\/uploads\/2023\/10\/driver_app4_lt-690x705.jpg 690w\" sizes=\"(max-width: 848px) 100vw, 848px\" \/><\/div><\/div><\/div><\/div><div class=\"flex_column av_two_third  flex_column_div av-zero-column-padding   avia-builder-el-36  el_after_av_one_third  avia-builder-el-last  \" style='border-radius:0px; '><section class=\"av_textblock_section \"  itemscope=\"itemscope\" itemtype=\"https:\/\/schema.org\/CreativeWork\" ><div class='avia_textblock  '   itemprop=\"text\" ><h3>Pakeitimai \u201eDeal\u201c kategorijoje<\/h3>\n<p class=\"p1\">Gavome atsiliepim\u0173 apie kategorij\u0105 \u201eDeal\u201c, kad tai gera kategorija, ta\u010diau ne visi pasi\u016blymai, kuriuos klientai pateikia vairuotojams, yra pageidaujami. Vairuotoj\u0173 pra\u0161ym\u0105 i\u0161sprend\u0117me taip:<\/p>\n<ul class=\"ul1\">\n<li class=\"li2\"><span class=\"s1\">Pasi\u016blymus \u201eDeal\u201c kategorijoje rodysime tik tuos, kurie yra iki 20 % ma\u017eesni u\u017e pigiausios aktyvios kategorijos tarifais pagr\u012fst\u0105 kain\u0105. <\/span><\/li>\n<li class=\"li2\"><span class=\"s1\"> Kiekvien\u0105 kart\u0105, kai klientas pateikia \u201eDeal\u201c pasi\u016blym\u0105, sistema apskai\u010diuoja, kiek ta kelion\u0117 kainuos visose kategorijose. <\/span><\/li>\n<li class=\"li2\"><span class=\"s1\"> Tada sistema palygina kliento pasi\u016blym\u0105 su kiekvienos kategorijos tarifu pagr\u012fsta kaina, ir jei pigiausios aktyvios kategorijos tarifas yra daugiau nei 20 % didesnis, to \u201eDeal\u201c pasi\u016blymo nematysite.<\/span><\/li>\n<li class=\"li2\"><span class=\"s1\"> \u012e \u201eDeal\u201c kategorijos keliones taip pat \u012ftrauk\u0117me funkcij\u0105, kuri automati\u0161kai perskai\u010diuoja tarif\u0105, jei kelion\u0117 trunka ilgiau nei pradinis kliento u\u017esakymas. <\/span><\/li>\n<li class=\"li2\"><span class=\"s1\">\u201eDeal\u201c kategorijoje dabar taip pat gali matyti, kiek pasi\u016blym\u0173 buvo pateikta tam sandoriui lauke \u201eKliento pasi\u016blymas\u201c ir u\u017e koki\u0105 kain\u0105 klientas pri\u0117m\u0117 u\u017esakym\u0105 arba informacij\u0105, jei sandoris buvo at\u0161auktas. <\/span><\/li>\n<\/ul>\n<\/div><\/section><\/div>\n<\/div><\/div><\/div><!-- close content main div --><\/div><\/div><div id='av_section_7'  class='avia-section main_color avia-section-default avia-no-border-styling  avia-bg-style-scroll  avia-builder-el-38  el_after_av_section  el_before_av_codeblock   av-desktop-hide av-medium-hide av-small-hide av-mini-hide container_wrap fullsize' style=' '  ><div class='container' ><div class='template-page content  av-content-full alpha units'><div class='post-entry post-entry-type-page post-entry-7226'><div class='entry-content-wrapper clearfix'><div class=\"flex_column av_one_third  flex_column_div av-zero-column-padding first  avia-builder-el-39  el_before_av_two_third  avia-builder-el-first  \" style='border-radius:0px; '><div  class='avia-image-container  av-styling-    avia-builder-el-40  avia-builder-el-no-sibling  avia-align-center '  itemprop=\"image\" itemscope=\"itemscope\" itemtype=\"https:\/\/schema.org\/ImageObject\"  ><div class='avia-image-container-inner'><div class='avia-image-overlay-wrap'><img decoding=\"async\" class='wp-image-6940 avia-img-lazy-loading-not-6940 avia_image' src=\"https:\/\/forus.eu\/wp-content\/uploads\/2023\/10\/forus_brandcar.jpg\" alt='' title='forus_brandcar' height=\"300\" width=\"600\"  itemprop=\"thumbnailUrl\" srcset=\"https:\/\/forus.eu\/wp-content\/uploads\/2023\/10\/forus_brandcar.jpg 600w, https:\/\/forus.eu\/wp-content\/uploads\/2023\/10\/forus_brandcar-300x150.jpg 300w\" sizes=\"(max-width: 600px) 100vw, 600px\" \/><\/div><\/div><\/div><\/div><div class=\"flex_column av_two_third  flex_column_div av-zero-column-padding   avia-builder-el-41  el_after_av_one_third  avia-builder-el-last  \" style='border-radius:0px; '><section class=\"av_textblock_section \"  itemscope=\"itemscope\" itemtype=\"https:\/\/schema.org\/CreativeWork\" ><div class='avia_textblock  '   itemprop=\"text\" ><h3>\u201eForus\u201c prek\u0117s \u017eenklo automobili\u0173 u\u017esakymo prioritetas<\/h3>\n<p class=\"p1\">Si\u016blome savo partneriams galimyb\u0119 savo automobilius pa\u017eym\u0117ti \u201eForus\u201c prek\u0117s \u017eenklu ir gauti pirmenyb\u0119 u\u017esakymams. Reikalavimus atitinka automobiliai, kurie yra ne senesni nei 5 met\u0173 arba kuri\u0173 vert\u0117 vir\u0161ija 20 000 EUR. \u017denklinimo i\u0161laidas turi padengti partneris arba pats parkas.<\/p>\n<p>Ra\u0161ykite mums adresu: <a href=\"mailto:support@forus.eu\">support@forus.eu<\/a><\/p>\n<\/div><\/section><\/div><\/div><\/div><\/div><!-- close content main div --><\/div><\/div><div id='after_section_7'  class='main_color av_default_container_wrap container_wrap fullsize' style=' '  ><div class='container' ><div class='template-page content  av-content-full alpha units'><div class='post-entry post-entry-type-page post-entry-7226'><div class='entry-content-wrapper clearfix'>\n\n","protected":false},"excerpt":{"rendered":"","protected":false},"author":11,"featured_media":0,"parent":0,"menu_order":0,"comment_status":"closed","ping_status":"closed","template":"","meta":{"inline_featured_image":false},"_links":{"self":[{"href":"https:\/\/forus.eu\/lt\/wp-json\/wp\/v2\/pages\/7226"}],"collection":[{"href":"https:\/\/forus.eu\/lt\/wp-json\/wp\/v2\/pages"}],"about":[{"href":"https:\/\/forus.eu\/lt\/wp-json\/wp\/v2\/types\/page"}],"author":[{"embeddable":true,"href":"https:\/\/forus.eu\/lt\/wp-json\/wp\/v2\/users\/11"}],"replies":[{"embeddable":true,"href":"https:\/\/forus.eu\/lt\/wp-json\/wp\/v2\/comments?post=7226"}],"version-history":[{"count":11,"href":"https:\/\/forus.eu\/lt\/wp-json\/wp\/v2\/pages\/7226\/revisions"}],"predecessor-version":[{"id":8158,"href":"https:\/\/forus.eu\/lt\/wp-json\/wp\/v2\/pages\/7226\/revisions\/8158"}],"wp:attachment":[{"href":"https:\/\/forus.eu\/lt\/wp-json\/wp\/v2\/media?parent=7226"}],"curies":[{"name":"wp","href":"https:\/\/api.w.org\/{rel}","templated":true}]}}