{"id":5428,"date":"2023-06-16T10:42:17","date_gmt":"2023-06-16T10:42:17","guid":{"rendered":"https:\/\/forus.eu\/ralli-copy\/"},"modified":"2023-06-21T08:11:01","modified_gmt":"2023-06-21T08:11:01","slug":"ralli","status":"publish","type":"page","link":"https:\/\/forus.eu\/lt\/ralli\/","title":{"rendered":"Rally  Copy"},"content":{"rendered":"<div id='av_section_1'  class='avia-section main_color avia-section-default avia-no-border-styling  avia-bg-style-scroll  avia-builder-el-0  el_before_av_section  avia-builder-el-first   av-small-hide av-mini-hide av-minimum-height av-minimum-height-custom  av-section-with-video-bg container_wrap fullsize' style=' '   data-section-video-ratio='16:9'><div   data-size='featured'  data-lightbox_size='large'  data-animation='slide'  data-conditional_play=''  data-ids=''  data-video_counter='1'  data-autoplay='false'  data-bg_slider='false'  data-slide_height=''  data-handle=''  data-interval='5'  data-class=' av-section-video-bg'  data-el_id=''  data-css_id=''  data-scroll_down=''  data-control_layout=''  data-custom_markup=''  data-perma_caption=''  data-autoplay_stopper=''  data-image_attachment=''  data-min_height='0px'  data-lazy_loading='disabled'  data-default-height='28.666666666667'  class='avia-slideshow avia-slideshow-1  av-default-height-applied avia-slideshow-featured   av-section-video-bg avia-slide-slider '  itemprop=\"image\" itemscope=\"itemscope\" itemtype=\"https:\/\/schema.org\/ImageObject\" ><ul class='avia-slideshow-inner ' style='padding-bottom: 28.666666666667%;' ><li  data-controls='disabled' data-mute='aviaTBaviaTBvideo_mute' data-loop='1' data-disable-autoplay=''  data-video-ratio='3.4883720930233' class=' av-video-slide  av-video-service-html5  av-hide-video-controls av-mute-video av-loop-video av-single-slide slide-1 ' ><div data-rel='slideshow-1' class='avia-slide-wrap '   ><div class='av-click-overlay'><\/div><video class='avia_video'  autoplay loop preload=\"metadata\" muted  id='player_5428_2089291570_1766678908'><source src=\"https:\/\/forus.eu\/wp-content\/uploads\/2023\/06\/1920x1080_rally_bg.mp4\" type=\"video\/mp4\" \/><\/video><div class='av-click-to-play-overlay'><div class=\"avia_playpause_icon\"><\/div><\/div><\/div><\/li><\/ul><\/div><div class='container' style='height:380px'><main  role=\"main\" itemprop=\"mainContentOfPage\"  class='template-page content  av-content-full alpha units'><div class='post-entry post-entry-type-page post-entry-5428'><div class='entry-content-wrapper clearfix'>\n<div class=\"flex_column av_one_half  flex_column_div av-zero-column-padding first  avia-builder-el-1  avia-builder-el-no-sibling  \" style='border-radius:0px; '><section class=\"av_textblock_section \"  itemscope=\"itemscope\" itemtype=\"https:\/\/schema.org\/CreativeWork\" ><div class='avia_textblock  '   itemprop=\"text\" ><h1 style=\"font-size: 48px !important; margin: 0 0 40px; color: #ffffff !important;\"><strong>Laim\u0117k ralio patirt\u012f s\u0117d\u0117damas \u0161alia Ott T\u00e4nak keleivio vietoje.<\/strong><\/h1>\n<\/div><\/section><br \/>\n<section class=\"av_textblock_section \"  itemscope=\"itemscope\" itemtype=\"https:\/\/schema.org\/CreativeWork\" ><div class='avia_textblock  '   itemprop=\"text\" ><h5 style=\"color: #ffffff !important;\">Esame tikri, kad daugiau \u017emoni\u0173 yra aplank\u0119 M\u0117nul\u012f nei va\u017eiav\u0119 greta Ott T\u00e4nak WRC ralio lenktyniniu automobiliu.<br \/>\nDovanojame ralio patirt\u012f dviem asmenims, kurios nenusipirksite u\u017e jokius pinigus.<\/h5>\n<\/div><\/section><\/p><\/div>\n\n<\/div><\/div><\/main><!-- close content main element --><\/div><\/div><div id='av_section_2'  class='avia-section main_color avia-section-default avia-no-border-styling  avia-bg-style-scroll  avia-builder-el-4  el_after_av_section  el_before_av_section   av-desktop-hide av-medium-hide av-section-with-video-bg container_wrap fullsize' style=' '   data-section-video-ratio='5:8'><div   data-size='featured'  data-lightbox_size='large'  data-animation='slide'  data-conditional_play=''  data-ids=''  data-video_counter='1'  data-autoplay='false'  data-bg_slider='false'  data-slide_height=''  data-handle=''  data-interval='5'  data-class=' av-section-video-bg'  data-el_id=''  data-css_id=''  data-scroll_down=''  data-control_layout=''  data-custom_markup=''  data-perma_caption=''  data-autoplay_stopper=''  data-image_attachment=''  data-min_height='0px'  data-lazy_loading='disabled'  data-default-height='28.666666666667'  class='avia-slideshow avia-slideshow-2  av-default-height-applied avia-slideshow-featured   av-section-video-bg avia-slide-slider '  itemprop=\"image\" itemscope=\"itemscope\" itemtype=\"https:\/\/schema.org\/ImageObject\" ><ul class='avia-slideshow-inner ' style='padding-bottom: 28.666666666667%;' ><li  data-controls='disabled' data-mute='aviaTBaviaTBvideo_mute' data-loop='1' data-disable-autoplay=''  data-video-ratio='3.4883720930233' class=' av-video-slide  av-video-service-html5  av-hide-video-controls av-mute-video av-loop-video av-single-slide slide-1 ' ><div data-rel='slideshow-2' class='avia-slide-wrap '   ><div class='av-click-overlay'><\/div><video class='avia_video'  autoplay loop preload=\"metadata\" muted  id='player_5428_1636887821_213896834'><source src=\"https:\/\/forus.eu\/wp-content\/uploads\/2023\/06\/600x960_rally_bg.mp4\" type=\"video\/mp4\" \/><\/video><div class='av-click-to-play-overlay'><div class=\"avia_playpause_icon\"><\/div><\/div><\/div><\/li><\/ul><\/div><div class='container' ><div class='template-page content  av-content-full alpha units'><div class='post-entry post-entry-type-page post-entry-5428'><div class='entry-content-wrapper clearfix'>\n<div class=\"flex_column av_one_half  flex_column_div av-zero-column-padding first  avia-builder-el-5  avia-builder-el-no-sibling  \" style='border-radius:0px; '><section class=\"av_textblock_section \"  itemscope=\"itemscope\" itemtype=\"https:\/\/schema.org\/CreativeWork\" ><div class='avia_textblock  '   itemprop=\"text\" ><h1 style=\"font-size: 48px !important; margin: 0 0 40px; color: #ffffff !important;\"><strong>Laim\u0117k ralio patirt\u012f s\u0117d\u0117damas \u0161alia Ott T\u00e4nak keleivio vietoje.<br \/>\n<\/strong><\/h1>\n<\/div><\/section><br \/>\n<section class=\"av_textblock_section \"  itemscope=\"itemscope\" itemtype=\"https:\/\/schema.org\/CreativeWork\" ><div class='avia_textblock  '   itemprop=\"text\" ><h5 style=\"color: #ffffff !important;\">Esame tikri, kad daugiau \u017emoni\u0173 yra aplank\u0119 M\u0117nul\u012f nei va\u017eiav\u0119 greta Ott T\u00e4nak WRC ralio lenktyniniu automobiliu.<br \/>\nDovanojame ralio patirt\u012f dviem asmenims, kurios nenusipirksite u\u017e jokius pinigus.<\/h5>\n<\/div><\/section><\/p><\/div>\n\n<\/div><\/div><\/div><!-- close content main div --><\/div><\/div><div id='av_section_3'  class='avia-section main_color avia-section-default avia-no-border-styling  avia-bg-style-scroll  avia-builder-el-8  el_after_av_section  el_before_av_section   container_wrap fullsize' style=' '  ><div class='container' ><div class='template-page content  av-content-full alpha units'><div class='post-entry post-entry-type-page post-entry-5428'><div class='entry-content-wrapper clearfix'>\n<div class=\"flex_column av_three_fourth  flex_column_div av-zero-column-padding first  avia-builder-el-9  el_before_av_three_fourth  avia-builder-el-first  \" style='border-radius:0px; '><section class=\"av_textblock_section \"  itemscope=\"itemscope\" itemtype=\"https:\/\/schema.org\/CreativeWork\" ><div class='avia_textblock  '   itemprop=\"text\" ><h2 style=\"color: #2f174c !important;\"><strong>Kaip dalyvauti \u017eaidime?<\/strong><\/h2>\n<\/div><\/section><br \/>\n<section class=\"av_textblock_section \"  itemscope=\"itemscope\" itemtype=\"https:\/\/schema.org\/CreativeWork\" ><div class='avia_textblock  '   itemprop=\"text\" ><ul class=\"center_text\" style=\"margin: 0 auto; list-style: none;\">\n<li style=\"color: #180c27 !important; font-weight: 500 !important; font-family: 'Montserrat'!important;\">Atidaryk &#8222;Forus&#8221; program\u0117l\u0119, eikite \u012f meniu &#8222;US Token&#8221; ir paspauskite mygtuk\u0105 <strong>&#8222;Kelion\u0117 su Ott T\u00e4nak&#8221;.<\/strong><\/li>\n<li style=\"color: #180c27 !important; font-weight: 500 !important; font-family: 'Montserrat'!important;\">Jei dar neturi &#8222;Forus&#8221; program\u0117l\u0117s, atsisi\u0173sk j\u0105 i\u0161 &#8222;App Store&#8221; arba &#8222;Google Play&#8221; nemokamai.<\/li>\n<li style=\"color: #180c27 !important; font-weight: 500 !important; font-family: 'Montserrat'!important;\">Dalyvauti \u017eaidime gali iki 2023 m. bir\u017eelio 29 d.<\/li>\n<li style=\"color: #180c27 !important; font-weight: 500 !important; font-family: 'Montserrat'!important;\">Laim\u0117toj\u0105 i\u0161rinksime burt\u0173 keliu ir jo vard\u0105 paskelbsime bir\u017eelio 30 d.<\/li>\n<\/ul>\n<style>ul.center_text li::before {content: \"\\2022\";color: #c91235;font-weight: bold;display: inline-block;width: 1em;margin-left: -1em;}.main_color strong a:hover {color: #c91235 !important;}div .av_three_fourth.avia-builder-el-9,div .av_three_fourth.avia-builder-el-12, .av_three_fourth.avia-builder-el-32, .av_three_fourth.avia-builder-el-33{transform: translate(-50%);left: 50%;}div#av_section_1 {padding: 90px 0;}<\/style>\n<\/div><\/section><\/p><\/div><div class=\"flex_column av_three_fourth  flex_column_div av-zero-column-padding first  avia-builder-el-12  el_after_av_three_fourth  avia-builder-el-last  column-top-margin\" style='border-radius:0px; '><div  class='avia-video avia-video-16-9   av-lazyload-immediate  av-lazyload-video-embed  '   itemprop=\"video\" itemtype=\"https:\/\/schema.org\/VideoObject\"  data-original_url='https:\/\/youtu.be\/EmvuGlVw15I' ><script type='text\/html' class='av-video-tmpl'><div class='avia-iframe-wrap'><iframe title=\"V\u00f5ida rallielamus Ott T\u00e4naku k\u00f5rvalistmel\" width=\"1500\" height=\"844\" src=\"https:\/\/www.youtube.com\/embed\/EmvuGlVw15I?feature=oembed&autoplay=1&loop=1&controls=1&mute=1\" frameborder=\"0\" allow=\"accelerometer; autoplay; clipboard-write; encrypted-media; gyroscope; picture-in-picture; web-share\" allowfullscreen><\/iframe><\/div><\/script><div class='av-click-to-play-overlay'><div class=\"avia_playpause_icon\"><\/div><\/div><\/div><\/div>\n\n<\/div><\/div><\/div><!-- close content main div --><\/div><\/div><div id='av_section_4'  class='avia-section main_color avia-section-default avia-no-border-styling  avia-bg-style-scroll  avia-builder-el-14  el_after_av_section  el_before_av_section   container_wrap fullsize' style=' '  ><div class='container' ><div class='template-page content  av-content-full alpha units'><div class='post-entry post-entry-type-page post-entry-5428'><div class='entry-content-wrapper clearfix'>\n<div class=\"flex_column av_one_half  flex_column_div av-zero-column-padding first  avia-builder-el-15  el_before_av_one_half  avia-builder-el-first  \" style='border-radius:0px; '><section class=\"av_textblock_section \"  itemscope=\"itemscope\" itemtype=\"https:\/\/schema.org\/CreativeWork\" ><div class='avia_textblock  '   itemprop=\"text\" ><h2 style=\"color: #2f174c !important;\">Informacija apie \u017eaidim\u0105<\/h2>\n<\/div><\/section><br \/>\n<section class=\"av_textblock_section \"  itemscope=\"itemscope\" itemtype=\"https:\/\/schema.org\/CreativeWork\" ><div class='avia_textblock  '   itemprop=\"text\" ><ul class=\"center_text\" style=\"margin: 0 auto; list-style: none;\">\n<li style=\"color: #180c27 !important; font-weight: 500 !important; font-family: 'Montserrat'!important;\">Du \u0161onaslyd\u017eio va\u017eiavimai bus traukiami burt\u0173 keliu.<\/li>\n<li style=\"color: #180c27 !important; font-weight: 500 !important; font-family: 'Montserrat'!important;\">Va\u017eiavimas su Ott T\u00e4nak vyks laikotarpiu tarp Liepos 4-7 dienos.<\/li>\n<li style=\"color: #180c27 !important; font-weight: 500 !important; font-family: 'Montserrat'!important;\">I\u0161sami\u0105 informacij\u0105 laim\u0117tojams i\u0161si\u0173sime bir\u017eelio 30 d.<\/li>\n<li style=\"color: #180c27 !important; font-weight: 500 !important; font-family: 'Montserrat'!important;\">Ralis vyks su &#8222;Ford Puma Rally 1&#8221; automobiliu.<\/li>\n<li style=\"color: #180c27 !important; font-weight: 500 !important; font-family: 'Montserrat'!important;\">Minimalus am\u017eius, nuo kurio galima dalyvauti \u0161onaslyd\u017eio va\u017eiavime yra 16 met\u0173 (su ra\u0161ti\u0161ku t\u0117v\u0173 sutikimu).<\/li>\n<li style=\"color: #180c27 !important; font-weight: 500 !important; font-family: 'Montserrat'!important;\">Numatoma va\u017eiavimo vieta &#8211; Piet\u0173 Estija.<\/li>\n<\/ul>\n<\/div><\/section><br \/>\n<div   class=\"togglecontainer   toggle_close_all  avia-builder-el-18  el_after_av_textblock  avia-builder-el-last \" >\n<section class=\"av_toggle_section\"  itemscope=\"itemscope\" itemtype=\"https:\/\/schema.org\/CreativeWork\"  >    <div role=\"tablist\" class=\"single_toggle\" data-tags=\"{All} \"  >        <p data-fake-id=\"#toggle-id-1\" class=\"toggler \"  itemprop=\"headline\"    role=\"tab\" tabindex=\"0\" aria-controls=\"toggle-id-1\">S\u0105lygos:<span class=\"toggle_icon\" >        <span class=\"vert_icon\"><\/span><span class=\"hor_icon\"><\/span><\/span><\/p>        <div id=\"toggle-id-1\" class=\"toggle_wrap \"   >            <div class=\"toggle_content invers-color \"  itemprop=\"text\"   ><ul class=\"center_text\" style=\"margin: 0 auto; list-style: none;\">\n<li style=\"color: #180c27 !important; font-weight: 500 !important; font-family: 'Montserrat'!important;\">Dovan\u0173 akcijos organizatorius yra &#8222;Forus Taxi O\u00dc&#8221;, registracijos kodas 12600455, adresas Rotermanni 8, 10111 Talinas.<\/li>\n<li style=\"color: #180c27 !important; font-weight: 500 !important; font-family: 'Montserrat'!important;\">Akcijos laikotarpis: 15.06.-29.06.2023.<\/li>\n<li style=\"color: #180c27 !important; font-weight: 500 !important; font-family: 'Montserrat'!important;\">Dovan\u0173 akcijos laim\u0117tojai bus i\u0161traukti naudojant atsitiktini\u0173 skai\u010di\u0173 generatori\u0173 2023 06 30, o organizatorius su laim\u0117tojais susisieks el. pa\u0161tu arba telefonu ne v\u0117liau kaip 2023 07 01.<\/li>\n<li style=\"color: #180c27 !important; font-weight: 500 !important; font-family: 'Montserrat'!important;\">Akcijoje gali dalyvauti visi program\u0117l\u0117s &#8222;Forus&#8221; naudotojai, u\u017esiregistrav\u0119 ir patvirtin\u0119 savo pageidavim\u0105 \u017eaidimo formoje, esan\u010dioje program\u0117l\u0117s &#8222;US Token&#8221; meniu.<\/li>\n<li style=\"color: #180c27 !important; font-weight: 500 !important; font-family: 'Montserrat'!important;\">Prizas bus atsiimtas akcijos organizatoriaus paskelbtoje vietoje ir laiku. \u0160i informacija laim\u0117tojams bus pateikta ne v\u0117liau kaip 2023 07 01. \u012e priz\u0105 \u012feina tik \u0161onaslyd\u017eio va\u017eiavimas, \u012f j\u012f ne\u012fskai\u010diuotas transportas \u012f renginio viet\u0105, maitinimas ar kita papildoma veikla.<\/li>\n<li style=\"color: #180c27 !important; font-weight: 500 !important; font-family: 'Montserrat'!important;\">D\u0117l prizo \u012fteikimo s\u0105lyg\u0173 su laim\u0117tojais bus susitarta atskirai.<\/li>\n<li style=\"color: #180c27 !important; font-weight: 500 !important; font-family: 'Montserrat'!important;\">Prizas negali b\u016bti pakeistas ar i\u0161keistas \u012f kit\u0105 priz\u0105.<\/li>\n<li style=\"color: #180c27 !important; font-weight: 500 !important; font-family: 'Montserrat'!important;\">Prizo vert\u0117 grynaisiais pinigais nei\u0161mokama.<\/li>\n<li style=\"color: #180c27 !important; font-weight: 500 !important; font-family: 'Montserrat'!important;\">Priz\u0173 loterijoje negali dalyvauti &#8222;Forus Taxi O\u00dc&#8221; ir &#8222;Forus International O\u00dc&#8221; darbuotojai ir j\u0173 giminai\u010diai.<\/li>\n<li style=\"color: #180c27 !important; font-weight: 500 !important; font-family: 'Montserrat'!important;\">Akcijos organizatorius bet kuriuo akcijos metu gali viena\u0161ali\u0161kai pakeisti akcijos s\u0105lygas, papildyti akcijos s\u0105lygas ir apie tai informuoti akcijos puslapyje. Visi gin\u010dai, kylantys d\u0117l dovan\u0173 kampanijos, sprend\u017eiami vadovaujantis Estijos Respublikos teis\u0117s aktais.<\/li>\n<\/ul>\n            <\/div>        <\/div>    <\/div><\/section>\n<\/div><\/p><\/div><div class=\"flex_column av_one_half  flex_column_div av-zero-column-padding   avia-builder-el-19  el_after_av_one_half  avia-builder-el-last  \" style='border-radius:0px; '><div  class='avia-image-container  av-styling-    avia-builder-el-20  avia-builder-el-no-sibling  avia-align-center '  itemprop=\"image\" itemscope=\"itemscope\" itemtype=\"https:\/\/schema.org\/ImageObject\"  ><div class='avia-image-container-inner'><div class='avia-image-overlay-wrap'><img decoding=\"async\" class='wp-image-5381 avia-img-lazy-loading-not-5381 avia_image' src=\"https:\/\/forus.eu\/wp-content\/uploads\/2023\/06\/ott_rally2.jpeg\" alt='' title='ott_rally2' height=\"298\" width=\"570\"  itemprop=\"thumbnailUrl\" srcset=\"https:\/\/forus.eu\/wp-content\/uploads\/2023\/06\/ott_rally2.jpeg 570w, https:\/\/forus.eu\/wp-content\/uploads\/2023\/06\/ott_rally2-300x157.jpeg 300w\" sizes=\"(max-width: 570px) 100vw, 570px\" \/><\/div><\/div><\/div><\/div>\n\n<\/div><\/div><\/div><!-- close content main div --><\/div><\/div><div id='av_section_5'  class='avia-section main_color avia-section-default avia-no-border-styling  avia-bg-style-scroll  avia-builder-el-21  el_after_av_section  el_before_av_section   container_wrap fullsize' style='background-color: #f7f3fb;  '  ><div class='container' ><div class='template-page content  av-content-full alpha units'><div class='post-entry post-entry-type-page post-entry-5428'><div class='entry-content-wrapper clearfix'>\n<div class=\"flex_column av_three_fourth  flex_column_div av-zero-column-padding first  avia-builder-el-22  avia-builder-el-no-sibling  \" style='border-radius:0px; '><section class=\"av_textblock_section \"  itemscope=\"itemscope\" itemtype=\"https:\/\/schema.org\/CreativeWork\" ><div class='avia_textblock  '   itemprop=\"text\" ><h2 style=\"color: #2f174c !important; font-size: 36px !important;\">Forus ap\u017evalgos aik\u0161tel\u0117 SS14 Forus\/Kanepi 1 ir SS16 Sportland\/Kanepi 2<\/h2>\n<\/div><\/section><br \/>\n<section class=\"av_textblock_section \"  itemscope=\"itemscope\" itemtype=\"https:\/\/schema.org\/CreativeWork\" ><div class='avia_textblock  '   itemprop=\"text\" ><p style=\"color: #180c27;\">Rally Estonia Forus \u0161e\u0161tadien\u012f patogiausia ral\u012f steb\u0117ti Forus ap\u017evalgos aik\u0161tel\u0117je. Geriausias sirgali\u0173 vietas ralio dien\u0105 rasi &#8222;M\u00fcgra&#8221; ap\u017evalgos aik\u0161tel\u0117s viduje,\u00a0per trump\u0105 laik\u0105 gali dalyvauti dviejuose bandymuose &#8211; &#8211; SS14 Forus\/Kanepi 1 ir SS16 Sportland\/Kanepi 2 &#8211; ir tuo metu gerai praleisti laik\u0105.<\/p>\n<\/div><\/section><\/p><\/div><\/div><\/div><\/div><!-- close content main div --><\/div><\/div><div id='av_section_6'  class='avia-section main_color avia-section-default avia-no-border-styling  avia-bg-style-scroll  avia-builder-el-25  el_after_av_section  el_before_av_section   container_wrap fullsize' style='background-color: #f7f3fb;  '  ><div class='container' ><div class='template-page content  av-content-full alpha units'><div class='post-entry post-entry-type-page post-entry-5428'><div class='entry-content-wrapper clearfix'>\n<div class=\"flex_column av_one_half  flex_column_div av-zero-column-padding first  avia-builder-el-26  el_before_av_one_half  avia-builder-el-first  \" style='border-radius:0px; '><div  class='avia-video avia-video-16-9   av-lazyload-immediate  av-lazyload-video-embed  '   itemprop=\"video\" itemtype=\"https:\/\/schema.org\/VideoObject\"  data-original_url='https:\/\/youtu.be\/_g35kMf4g1c' ><script type='text\/html' class='av-video-tmpl'><div class='avia-iframe-wrap'><iframe title=\"Rally Estonia 2023\" width=\"1500\" height=\"844\" src=\"https:\/\/www.youtube.com\/embed\/_g35kMf4g1c?feature=oembed&autoplay=0&loop=0&controls=1&mute=0\" frameborder=\"0\" allow=\"accelerometer; autoplay; clipboard-write; encrypted-media; gyroscope; picture-in-picture; web-share\" allowfullscreen><\/iframe><\/div><\/script><div class='av-click-to-play-overlay'><div class=\"avia_playpause_icon\"><\/div><\/div><\/div><\/div><div class=\"flex_column av_one_half  flex_column_div av-zero-column-padding   avia-builder-el-28  el_after_av_one_half  avia-builder-el-last  \" style='border-radius:0px; '><section class=\"av_textblock_section \"  itemscope=\"itemscope\" itemtype=\"https:\/\/schema.org\/CreativeWork\" ><div class='avia_textblock  '   itemprop=\"text\" ><h2 style=\"color: #2f174c !important;\">Forus ap\u017evalgos aik\u0161tel\u0117<\/h2>\n<\/div><\/section><br \/>\n<section class=\"av_textblock_section \"  itemscope=\"itemscope\" itemtype=\"https:\/\/schema.org\/CreativeWork\" ><div class='avia_textblock  '   itemprop=\"text\" ><p style=\"color: #180c27;\"><strong>Liepos 22 d. nuo 15 val. <\/strong> visi &#8222;Forus&#8221; program\u0117l\u0117s naudotojai gal\u0117s patekti \u012f i\u0161skirtin\u0119 ap\u017evalgos zon\u0105, kurioje patogiai gal\u0117site steb\u0117ti du ralio testus. Yra atskira arena, maisto sunkve\u017eimiai, pramog\u0173 zona vaikams, \u012f kuri\u0105 patekti galima tik parod\u017eius registruot\u0105 &#8222;Forus&#8221; program\u0117l\u0119 paskyr\u0105. Program\u0117l\u0119 gali atsisi\u0173sti nemokamai ir u\u017esiregistruoti, kad gal\u0117tum patekti \u012f zon\u0105 renginio vietoje. Forus arena yra M\u00fcgra ap\u017evalgos aik\u0161tel\u0117s viduje.<\/p>\n<\/div><\/section><\/p><\/div><\/div><\/div><\/div><!-- close content main div --><\/div><\/div><div id='av_section_7'  class='avia-section main_color avia-section-default avia-no-border-styling  avia-bg-style-scroll  avia-builder-el-31  el_after_av_section  avia-builder-el-last   container_wrap fullsize' style='background-color: #f7f3fb;  '  ><div class='container' ><div class='template-page content  av-content-full alpha units'><div class='post-entry post-entry-type-page post-entry-5428'><div class='entry-content-wrapper clearfix'>\n<div class=\"flex_column av_three_fourth  flex_column_div first  avia-builder-el-32  avia-builder-el-no-sibling  \" style='background: #e4d8f3; padding:24px; background-color:#e4d8f3; border-radius:0px; '><section class=\"av_textblock_section \"  itemscope=\"itemscope\" itemtype=\"https:\/\/schema.org\/CreativeWork\" ><div class='avia_textblock  '   itemprop=\"text\" ><h2 style=\"color: #2f174c !important;\">Koks planas?<\/h2>\n<\/div><\/section><br \/>\n<section class=\"av_textblock_section \"  itemscope=\"itemscope\" itemtype=\"https:\/\/schema.org\/CreativeWork\" ><div class='avia_textblock  '   itemprop=\"text\" ><ul class=\"center_text\" style=\"margin: 0 auto; list-style: none;\">\n<li style=\"color: #180c27 !important; font-weight: 500 !important; font-family: 'Montserrat'!important;\">Dalyvaus Uulits gatv\u0117s gurman\u0173 garsusis Food Truck.<\/li>\n<li style=\"color: #180c27 !important; font-weight: 500 !important; font-family: 'Montserrat'!important;\">Pie\u0161ini\u0173 konkursas ir pie\u0161imas ant veid\u0173 vaikams.<\/li>\n<li style=\"color: #180c27 !important; font-weight: 500 !important; font-family: 'Montserrat'!important;\">Kokteili\u0173 baras.<\/li>\n<li style=\"color: #180c27 !important; font-weight: 500 !important; font-family: 'Montserrat'!important;\">Ap\u017evalgos arena.<\/li>\n<li style=\"color: #180c27 !important; font-weight: 500 !important; font-family: 'Montserrat'!important;\">Ekranai ir tiesiogin\u0117s ralio transliacijos.<\/li>\n<li style=\"color: #180c27 !important; font-weight: 500 !important; font-family: 'Montserrat'!important;\">Staigmenos ir kita veikla.<\/li>\n<\/ul>\n<\/div><\/section><br \/>\n<section class=\"av_textblock_section \"  itemscope=\"itemscope\" itemtype=\"https:\/\/schema.org\/CreativeWork\" ><div class='avia_textblock  '   itemprop=\"text\" ><h2 style=\"color: #2f174c !important; margin: 40px 0 0;\">Kur?<\/h2>\n<\/div><\/section><br \/>\n<section class=\"av_textblock_section \"  itemscope=\"itemscope\" itemtype=\"https:\/\/schema.org\/CreativeWork\" ><div class='avia_textblock  '   itemprop=\"text\" ><p class=\"p1\">Forus arena yra M\u00fcgra ap\u017evalgos aik\u0161tel\u0117je Forus vardu pavadintame bandyme, 18 km nuo Otep\u00e4\u00e4 ir 8 km nuo Kanepi. Pa\u017evelk \u012f \u017eem\u0117lap\u012f, kur yra artimiausia automobili\u0173 stov\u0117jimo aik\u0161tel\u0117, o m\u016bs\u0173 aren\u0105 rasi ap\u017evalgos aik\u0161tel\u0117s teritorijoje.<\/p>\n<\/div><\/section><br \/>\n<section class=\"av_textblock_section \"  itemscope=\"itemscope\" itemtype=\"https:\/\/schema.org\/CreativeWork\" ><div class='avia_textblock  '   itemprop=\"text\" ><p><iframe loading=\"lazy\" style=\"border: 0;\" src=\"https:\/\/www.google.com\/maps\/embed?pb=!1m17!1m12!1m3!1d2113.4957798462424!2d26.706194399999998!3d58.013305599999995!2m3!1f0!2f0!3f0!3m2!1i1024!2i768!4f13.1!3m2!1m1!2zNTjCsDAwJzQ3LjkiTiAyNsKwNDInMjIuMyJF!5e0!3m2!1slt!2see!4v1687334975266!5m2!1slt!2see\" width=\"800\" height=\"400\" allowfullscreen=\"allowfullscreen\"><\/iframe><\/p>\n<\/div><\/section><br \/>\n<section class=\"av_textblock_section \"  itemscope=\"itemscope\" itemtype=\"https:\/\/schema.org\/CreativeWork\" ><div class='avia_textblock  '   itemprop=\"text\" ><div class=\"waze_wrap\"><img decoding=\"async\" loading=\"lazy\" class=\"alignnone size-medium\" src=\"https:\/\/forus.eu\/wp-content\/uploads\/2023\/06\/mugra-300x300.png\" alt=\"\" width=\"120\" height=\"120\" \/><a class=\"ft_inline_link\" href=\"http:\/\/www.waze.com\/ul?ll=58.015593896%2c26.716471532&amp;navigate=yes\">Su\u017einok mar\u0161rut\u0105 iki automobili\u0173 stov\u0117jimo aik\u0161tel\u0117s i\u0161 Waze \u2192<\/a><\/div>\n<style>.waze_wrap {display:flex; align-items:center;gap:16px;}a.ft_inline_link {color: #c91235 !important;}a.ft_inline_link:hover {color: #9C162F !important;text-decoration:none;}<\/style>\n<\/div><\/section><\/p><\/div><\/p>\n","protected":false},"excerpt":{"rendered":"","protected":false},"author":11,"featured_media":0,"parent":0,"menu_order":0,"comment_status":"closed","ping_status":"closed","template":"","meta":{"inline_featured_image":false},"_links":{"self":[{"href":"https:\/\/forus.eu\/lt\/wp-json\/wp\/v2\/pages\/5428"}],"collection":[{"href":"https:\/\/forus.eu\/lt\/wp-json\/wp\/v2\/pages"}],"about":[{"href":"https:\/\/forus.eu\/lt\/wp-json\/wp\/v2\/types\/page"}],"author":[{"embeddable":true,"href":"https:\/\/forus.eu\/lt\/wp-json\/wp\/v2\/users\/11"}],"replies":[{"embeddable":true,"href":"https:\/\/forus.eu\/lt\/wp-json\/wp\/v2\/comments?post=5428"}],"version-history":[{"count":7,"href":"https:\/\/forus.eu\/lt\/wp-json\/wp\/v2\/pages\/5428\/revisions"}],"predecessor-version":[{"id":5509,"href":"https:\/\/forus.eu\/lt\/wp-json\/wp\/v2\/pages\/5428\/revisions\/5509"}],"wp:attachment":[{"href":"https:\/\/forus.eu\/lt\/wp-json\/wp\/v2\/media?parent=5428"}],"curies":[{"name":"wp","href":"https:\/\/api.w.org\/{rel}","templated":true}]}}