{"id":3830,"date":"2023-02-06T10:36:23","date_gmt":"2023-02-06T10:36:23","guid":{"rendered":"https:\/\/forus.eu\/arendusplaan-copy\/"},"modified":"2023-07-31T07:51:06","modified_gmt":"2023-07-31T07:51:06","slug":"vystymoplanas","status":"publish","type":"page","link":"https:\/\/forus.eu\/lt\/vystymoplanas\/","title":{"rendered":"Vystymo planas"},"content":{"rendered":"<div id='av_section_1'  class='avia-section main_color avia-section-default avia-no-border-styling  avia-bg-style-scroll  avia-builder-el-0  el_before_av_section  avia-builder-el-first   av-small-hide av-mini-hide container_wrap fullsize' style='background-repeat: no-repeat; background-image: url(https:\/\/forus.eu\/wp-content\/uploads\/2023\/02\/bg2_a.jpeg);background-attachment: scroll; background-position: center center;  '  data-section-bg-repeat='no-repeat'><div class='container' ><main  role=\"main\" itemprop=\"mainContentOfPage\"  class='template-page content  av-content-full alpha units'><div class='post-entry post-entry-type-page post-entry-3830'><div class='entry-content-wrapper clearfix'>\n<div class=\"flex_column av_two_fifth  flex_column_div av-zero-column-padding first  avia-builder-el-1  avia-builder-el-no-sibling  \" style='border-radius:0px; '><section class=\"av_textblock_section \"  itemscope=\"itemscope\" itemtype=\"https:\/\/schema.org\/CreativeWork\" ><div class='avia_textblock  '   itemprop=\"text\" ><h1 style=\"color: #fff !important; font-size: 56px !important; padding-top: 120px;\">Mes vystome, <span style=\"color: #2f174c !important;\">bet kur link vystom\u0117s?<\/span><\/h1>\n<h5 style=\"color: #fff !important; margin-bottom: 160px;\">Gerbiamas bendrasavininke, turite teis\u0119 \u017einoti, k\u0105 darome kiekvien\u0105 dien\u0105, ir tai, kaip j\u016bs\u0173 atsiliepimai ir id\u0117jos gali lemti realius poky\u010dius m\u016bs\u0173 platformoje. Pateikiame trump\u0105 m\u016bs\u0173 pagrindini\u0173 pl\u0117tros prioritet\u0173 ap\u017evalg\u0105.<\/h5>\n<\/div><\/section><\/div>\n\n<\/div><\/div><\/main><!-- close content main element --><\/div><\/div><div id='av_section_2'  class='avia-section main_color avia-section-default avia-no-border-styling  avia-bg-style-scroll  avia-builder-el-3  el_after_av_section  el_before_av_section   av-desktop-hide av-medium-hide container_wrap fullsize' style='background-repeat: no-repeat; background-image: url(https:\/\/forus.eu\/wp-content\/uploads\/2023\/02\/bg2_moba.jpeg);background-attachment: scroll; background-position: center center;  '  data-section-bg-repeat='no-repeat'><div class='container' ><div class='template-page content  av-content-full alpha units'><div class='post-entry post-entry-type-page post-entry-3830'><div class='entry-content-wrapper clearfix'>\n<div class=\"flex_column av_one_full  flex_column_div av-zero-column-padding first  avia-builder-el-4  avia-builder-el-no-sibling  \" style='border-radius:0px; '><section class=\"av_textblock_section \"  itemscope=\"itemscope\" itemtype=\"https:\/\/schema.org\/CreativeWork\" ><div class='avia_textblock  '   itemprop=\"text\" ><h1 style=\"color: #fff !important; font-size: 40px !important;\">Mes vystome, <span style=\"color: #2f174c !important;\">bet kur link vystom\u0117s?<\/span><\/h1>\n<style>div#av_section_2{background-size: cover;}<\/style>\n<p>Gerbiamas bendrasavininke, turite teis\u0119 \u017einoti, k\u0105 darome kiekvien\u0105 dien\u0105, ir tai, kaip j\u016bs\u0173 atsiliepimai ir id\u0117jos gali lemti realius poky\u010dius m\u016bs\u0173 platformoje. Pateikiame trump\u0105 m\u016bs\u0173 pagrindini\u0173 pl\u0117tros prioritet\u0173 ap\u017evalg\u0105.<\/p>\n<\/div><\/section><\/div>\n\n<\/div><\/div><\/div><!-- close content main div --><\/div><\/div><div id='av_section_3'  class='avia-section main_color avia-section-default avia-no-border-styling  avia-bg-style-scroll  avia-builder-el-6  el_after_av_section  el_before_av_textblock   container_wrap fullsize' style='background-color: #2f174c;  margin-top:80; margin-bottom:80; '  ><div class='container' ><div class='template-page content  av-content-full alpha units'><div class='post-entry post-entry-type-page post-entry-3830'><div class='entry-content-wrapper clearfix'>\n<div class=\"flex_column av_one_third  flex_column_div av-zero-column-padding first  avia-builder-el-7  el_before_av_three_fifth  avia-builder-el-first  \" style='border-radius:0px; '><div  class='avia-image-container  av-styling-    avia-builder-el-8  avia-builder-el-no-sibling  avia-align-center '  itemprop=\"image\" itemscope=\"itemscope\" itemtype=\"https:\/\/schema.org\/ImageObject\"  ><div class='avia-image-container-inner'><div class='avia-image-overlay-wrap'><img decoding=\"async\" class='wp-image-5993 avia-img-lazy-loading-not-5993 avia_image' src=\"https:\/\/forus.eu\/wp-content\/uploads\/2023\/07\/dev_app2.png\" alt='' title='dev_app2' height=\"298\" width=\"570\"  itemprop=\"thumbnailUrl\" srcset=\"https:\/\/forus.eu\/wp-content\/uploads\/2023\/07\/dev_app2.png 570w, https:\/\/forus.eu\/wp-content\/uploads\/2023\/07\/dev_app2-300x157.png 300w\" sizes=\"(max-width: 570px) 100vw, 570px\" \/><\/div><\/div><\/div><\/div><div class=\"flex_column av_three_fifth  flex_column_div av-zero-column-padding   avia-builder-el-9  el_after_av_one_third  avia-builder-el-last  \" style='border-radius:0px; '><section class=\"av_textblock_section \"  itemscope=\"itemscope\" itemtype=\"https:\/\/schema.org\/CreativeWork\" ><div class='avia_textblock  '   itemprop=\"text\" ><p style=\"color: #fff !important; max-width: 640px !important; margin: 0 auto;\">Nor\u0117tume sukurti daug nauj\u0173 rytojui paruo\u0161t\u0173 \u201eForus\u201c program\u0117l\u0117s funkcij\u0173, patobulinti sen\u0105sias ir u\u017etikrinti sklandesn\u012f visos program\u0117l\u0117s veikim\u0105, ta\u010diau kiekvienam dalykui ateina savas laikas.<\/p>\n<style> .main_color strong a:hover {color: #c91235 !important;}<\/style>\n<\/div><\/section><\/div>\n<\/div><\/div><\/div><!-- close content main div --><\/div><\/div><div id='after_section_3'  class='main_color av_default_container_wrap container_wrap fullsize' style=' '  ><div class='container' ><div class='template-page content  av-content-full alpha units'><div class='post-entry post-entry-type-page post-entry-3830'><div class='entry-content-wrapper clearfix'>\n<section class=\"av_textblock_section \"  itemscope=\"itemscope\" itemtype=\"https:\/\/schema.org\/CreativeWork\" ><div class='avia_textblock  '   itemprop=\"text\" ><h2>Atlikta<\/h2>\n<\/div><\/section>\n<\/div><\/div><\/div><!-- close content main div --><\/div><\/div><div id='av-layout-grid-1'  class='av-layout-grid-container entry-content-wrapper main_color av-flex-cells     avia-builder-el-12  el_after_av_textblock  el_before_av_layout_row  submenu-not-first container_wrap fullsize' style=' '  >\n<div class=\"flex_cell no_margin av_one_third  avia-builder-el-13  el_before_av_cell_one_third  avia-builder-el-first   \" ><div class='flex_cell_inner' ><div  class='avia-image-container  av-styling-    avia-builder-el-14  avia-builder-el-no-sibling  avia-align-center '  itemprop=\"image\" itemscope=\"itemscope\" itemtype=\"https:\/\/schema.org\/ImageObject\"  ><div class='avia-image-container-inner'><div class='avia-image-overlay-wrap'><img decoding=\"async\" class='wp-image-3798 avia-img-lazy-loading-not-3798 avia_image' src=\"https:\/\/forus.eu\/wp-content\/uploads\/2023\/01\/image_a.jpeg\" alt='' title='image_a' height=\"298\" width=\"570\"  itemprop=\"thumbnailUrl\" srcset=\"https:\/\/forus.eu\/wp-content\/uploads\/2023\/01\/image_a.jpeg 570w, https:\/\/forus.eu\/wp-content\/uploads\/2023\/01\/image_a-300x157.jpeg 300w\" sizes=\"(max-width: 570px) 100vw, 570px\" \/><\/div><\/div><\/div>\n<\/div><\/div><div class=\"flex_cell no_margin av_one_third  avia-builder-el-15  el_after_av_cell_one_third  el_before_av_cell_one_third   \" ><div class='flex_cell_inner' ><section class=\"av_textblock_section \"  itemscope=\"itemscope\" itemtype=\"https:\/\/schema.org\/CreativeWork\" ><div class='avia_textblock  '   itemprop=\"text\" ><h3>Google \u017eem\u0117lapi\u0173 integracija <img decoding=\"async\" loading=\"lazy\" class=\"alignnone size-full wp-image-5979\" style=\"position: relative; margin-left: 4px; top: 0;\" src=\"https:\/\/forus.eu\/wp-content\/uploads\/2023\/07\/item-checkmark-square-big.png\" alt=\"\" width=\"24\" height=\"24\" srcset=\"https:\/\/forus.eu\/wp-content\/uploads\/2023\/07\/item-checkmark-square-big.png 80w, https:\/\/forus.eu\/wp-content\/uploads\/2023\/07\/item-checkmark-square-big-36x36.png 36w\" sizes=\"(max-width: 24px) 100vw, 24px\" \/><\/h3>\n<\/div><\/section><br \/>\n<section class=\"av_textblock_section \"  itemscope=\"itemscope\" itemtype=\"https:\/\/schema.org\/CreativeWork\" ><div class='avia_textblock  '   itemprop=\"text\" ><p class=\"contentpasted0\">\u012e savo program\u0117l\u0119 integravome geriausi\u0105 \u0161iuo metu prieinam\u0105 &#8222;Google Maps&#8221; sprendim\u0105. Naujasis sprendimas veikia skland\u017eiau, grei\u010diau ir tiksliau rodo viet\u0105. Tai rei\u0161kia, kad dabar kiekvienas gali \u017eingsnis po \u017eingsnio tiksliai sekti savo automobilio buvimo viet\u0105.<\/p>\n<\/div><\/section><\/p>\n<\/div><\/div><div class=\"flex_cell no_margin av_one_third  avia-builder-el-18  el_after_av_cell_one_third  avia-builder-el-last   \" ><div class='flex_cell_inner' ><section class=\"av_textblock_section \"  itemscope=\"itemscope\" itemtype=\"https:\/\/schema.org\/CreativeWork\" ><div class='avia_textblock  '   itemprop=\"text\" ><h3>Papildomos stotel\u0117s <img decoding=\"async\" loading=\"lazy\" class=\"alignnone size-full wp-image-5979\" style=\"position: relative; margin-left: 4px; top: 0;\" src=\"https:\/\/forus.eu\/wp-content\/uploads\/2023\/07\/item-checkmark-square-big.png\" alt=\"\" width=\"24\" height=\"24\" srcset=\"https:\/\/forus.eu\/wp-content\/uploads\/2023\/07\/item-checkmark-square-big.png 80w, https:\/\/forus.eu\/wp-content\/uploads\/2023\/07\/item-checkmark-square-big-36x36.png 36w\" sizes=\"(max-width: 24px) 100vw, 24px\" \/><\/h3>\n<\/div><\/section><br \/>\n<section class=\"av_textblock_section \"  itemscope=\"itemscope\" itemtype=\"https:\/\/schema.org\/CreativeWork\" ><div class='avia_textblock  '   itemprop=\"text\" ><p class=\"contentpasted0\">Program\u0117l\u0117s Forus\u00a0savinink\u0173 grup\u0117 pageidavo, kad prie esamo mar\u0161ruto b\u016bt\u0173 galima prid\u0117ti papildom\u0173 stoteli\u0173. I\u0161klaus\u0117me pra\u0161ym\u0105 ir dabar tai jau padaryta! Nor\u0117dami prid\u0117ti stotel\u0119, spustel\u0117kite adreso lauk\u0105, o \u0161alia jo atsiras pliuso \u017eenklas. Spustel\u0117j\u0119 j\u012f, galite prid\u0117ti papildom\u0105 stotel\u0119. Stoteli\u0173 eili\u0161kum\u0105 galite keisti vilkdami rodykl\u0119. \u0160iuo metu prid\u0117jome galimyb\u0119 padaryti iki trij\u0173 stoteli\u0173.<\/p>\n<\/div><\/section><\/p>\n<\/div><\/div>\n<\/div>\n<div id='av-layout-grid-2'  class='av-layout-grid-container entry-content-wrapper main_color av-flex-cells     avia-builder-el-21  el_after_av_layout_row  el_before_av_textblock  submenu-not-first container_wrap fullsize' style=' '  >\n<div class=\"flex_cell no_margin av_one_third  avia-builder-el-22  el_before_av_cell_one_third  avia-builder-el-first   \" ><div class='flex_cell_inner' ><div  class='avia-image-container  av-styling-    avia-builder-el-23  avia-builder-el-no-sibling  avia-align-center '  itemprop=\"image\" itemscope=\"itemscope\" itemtype=\"https:\/\/schema.org\/ImageObject\"  ><div class='avia-image-container-inner'><div class='avia-image-overlay-wrap'><img decoding=\"async\" class='wp-image-3808 avia-img-lazy-loading-not-3808 avia_image' src=\"https:\/\/forus.eu\/wp-content\/uploads\/2023\/01\/image_c.jpeg\" alt='' title='image_c' height=\"298\" width=\"570\"  itemprop=\"thumbnailUrl\" srcset=\"https:\/\/forus.eu\/wp-content\/uploads\/2023\/01\/image_c.jpeg 570w, https:\/\/forus.eu\/wp-content\/uploads\/2023\/01\/image_c-300x157.jpeg 300w\" sizes=\"(max-width: 570px) 100vw, 570px\" \/><\/div><\/div><\/div>\n<\/div><\/div><div class=\"flex_cell no_margin av_one_third  avia-builder-el-24  el_after_av_cell_one_third  el_before_av_cell_one_third   \" ><div class='flex_cell_inner' ><section class=\"av_textblock_section \"  itemscope=\"itemscope\" itemtype=\"https:\/\/schema.org\/CreativeWork\" ><div class='avia_textblock  '   itemprop=\"text\" ><h3>Keli u\u017esakymai <img decoding=\"async\" loading=\"lazy\" class=\"alignnone size-full wp-image-5979\" style=\"position: relative; margin-left: 4px; top: 0;\" src=\"https:\/\/forus.eu\/wp-content\/uploads\/2023\/07\/item-checkmark-square-big.png\" alt=\"\" width=\"24\" height=\"24\" srcset=\"https:\/\/forus.eu\/wp-content\/uploads\/2023\/07\/item-checkmark-square-big.png 80w, https:\/\/forus.eu\/wp-content\/uploads\/2023\/07\/item-checkmark-square-big-36x36.png 36w\" sizes=\"(max-width: 24px) 100vw, 24px\" \/><\/h3>\n<\/div><\/section><br \/>\n<section class=\"av_textblock_section \"  itemscope=\"itemscope\" itemtype=\"https:\/\/schema.org\/CreativeWork\" ><div class='avia_textblock  '   itemprop=\"text\" ><p class=\"contentpasted0\">Da\u017eniausiai norime, kad automobilis atva\u017eiuot\u0173 pas mus kuo grei\u010diau ir nuve\u017et\u0173 \u012f paskirties viet\u0105 per kuo trumpesn\u012f laik\u0105. Kad m\u016bs\u0173 vairuotojai gal\u0117t\u0173 dirbti kuo efektyviau, prid\u0117jome galimyb\u0119 vienu metu priimti kelis u\u017esakymus. Pavyzd\u017eiui, va\u017eiuodamas u\u017e miesto centro rib\u0173, vairuotojas gali priimti u\u017esakym\u0105 paimti kit\u0105 klient\u0105 ir nuve\u017eti j\u012f atgal \u012f miesto centr\u0105, \u012f kur\u012f vairuotojas vis tiek gr\u012f\u017eta.<\/p>\n<\/div><\/section><\/p>\n<\/div><\/div><div class=\"flex_cell no_margin av_one_third  avia-builder-el-27  el_after_av_cell_one_third  avia-builder-el-last   \" ><div class='flex_cell_inner' ><section class=\"av_textblock_section \"  itemscope=\"itemscope\" itemtype=\"https:\/\/schema.org\/CreativeWork\" ><div class='avia_textblock  '   itemprop=\"text\" ><h3>Nuolaidos kodo atnaujinimas <img decoding=\"async\" loading=\"lazy\" class=\"alignnone size-full wp-image-5979\" style=\"position: relative; margin-left: 4px; top: 0;\" src=\"https:\/\/forus.eu\/wp-content\/uploads\/2023\/07\/item-checkmark-square-big.png\" alt=\"\" width=\"24\" height=\"24\" srcset=\"https:\/\/forus.eu\/wp-content\/uploads\/2023\/07\/item-checkmark-square-big.png 80w, https:\/\/forus.eu\/wp-content\/uploads\/2023\/07\/item-checkmark-square-big-36x36.png 36w\" sizes=\"(max-width: 24px) 100vw, 24px\" \/><\/h3>\n<\/div><\/section><br \/>\n<section class=\"av_textblock_section \"  itemscope=\"itemscope\" itemtype=\"https:\/\/schema.org\/CreativeWork\" ><div class='avia_textblock  '   itemprop=\"text\" ><p class=\"contentpasted0\">Dabar pats metas steb\u0117ti m\u016bs\u0173 \u012fdomius partneryst\u0117s pasi\u016blymus, nes ilgai laukti nuolaid\u0173 kodai jau paruo\u0161ti. Jie suteikia dar daugiau ilgalaiki\u0173 ar trumpalaiki\u0173 nuolaid\u0173 ir speciali\u0173 pasi\u016blym\u0173 galimybi\u0173. Dabar \u0161i\u0105 parinkt\u012f galite rasti program\u0117l\u0117s meniu.<\/p>\n<\/div><\/section><\/p>\n<\/div><\/div><\/div><div id='after_submenu_2'  class='main_color av_default_container_wrap container_wrap fullsize' style=' '  ><div class='container' ><div class='template-page content  av-content-full alpha units'><div class='post-entry post-entry-type-page post-entry-3830'><div class='entry-content-wrapper clearfix'><section class=\"av_textblock_section \"  itemscope=\"itemscope\" itemtype=\"https:\/\/schema.org\/CreativeWork\" ><div class='avia_textblock  '   itemprop=\"text\" ><h2>Vykdoma<\/h2>\n<\/div><\/section><\/p>\n<\/div><\/div><\/div><!-- close content main div --><\/div><\/div><div id='av-layout-grid-3'  class='av-layout-grid-container entry-content-wrapper main_color av-flex-cells     avia-builder-el-31  el_after_av_textblock  el_before_av_layout_row  submenu-not-first container_wrap fullsize' style=' '  >\n<div class=\"flex_cell no_margin av_one_third  avia-builder-el-32  el_before_av_cell_one_third  avia-builder-el-first   \" ><div class='flex_cell_inner' ><div  class='avia-image-container  av-styling-    avia-builder-el-33  avia-builder-el-no-sibling  avia-align-center '  itemprop=\"image\" itemscope=\"itemscope\" itemtype=\"https:\/\/schema.org\/ImageObject\"  ><div class='avia-image-container-inner'><div class='avia-image-overlay-wrap'><img decoding=\"async\" class='wp-image-3803 avia-img-lazy-loading-not-3803 avia_image' src=\"https:\/\/forus.eu\/wp-content\/uploads\/2023\/01\/image_b.jpeg\" alt='' title='image_b' height=\"298\" width=\"570\"  itemprop=\"thumbnailUrl\" srcset=\"https:\/\/forus.eu\/wp-content\/uploads\/2023\/01\/image_b.jpeg 570w, https:\/\/forus.eu\/wp-content\/uploads\/2023\/01\/image_b-300x157.jpeg 300w\" sizes=\"(max-width: 570px) 100vw, 570px\" \/><\/div><\/div><\/div>\n<\/div><\/div><div class=\"flex_cell no_margin av_one_third  avia-builder-el-34  el_after_av_cell_one_third  el_before_av_cell_one_third   \" ><div class='flex_cell_inner' ><section class=\"av_textblock_section \"  itemscope=\"itemscope\" itemtype=\"https:\/\/schema.org\/CreativeWork\" ><div class='avia_textblock  '   itemprop=\"text\" ><h3>Automobili\u0173 paie\u0161ka<\/h3>\n<\/div><\/section><br \/>\n<section class=\"av_textblock_section \"  itemscope=\"itemscope\" itemtype=\"https:\/\/schema.org\/CreativeWork\" ><div class='avia_textblock  '   itemprop=\"text\" ><p class=\"contentpasted0\">M\u016bs\u0173 savininkai nor\u0117jo pamatyti, kaip automatin\u0117 automobili\u0173 paie\u0161ka \u017eingsnis po \u017eingsnio suranda jums tinkam\u0105 automobil\u012f. Netrukus \u017eem\u0117lapyje gal\u0117site matyti dar daugiau informacijos apie j\u016bs\u0173 kelionei tinkamus automobilius.<\/p>\n<\/div><\/section><\/p>\n<\/div><\/div><div class=\"flex_cell no_margin av_one_third  avia-builder-el-37  el_after_av_cell_one_third  avia-builder-el-last   \" ><div class='flex_cell_inner' ><section class=\"av_textblock_section \"  itemscope=\"itemscope\" itemtype=\"https:\/\/schema.org\/CreativeWork\" ><div class='avia_textblock  '   itemprop=\"text\" ><h3>I\u0161samus adreso apra\u0161ymas<\/h3>\n<\/div><\/section><br \/>\n<section class=\"av_textblock_section \"  itemscope=\"itemscope\" itemtype=\"https:\/\/schema.org\/CreativeWork\" ><div class='avia_textblock  '   itemprop=\"text\" ><p class=\"contentpasted0\">Kartais vairuotojui reikia papildomos informacijos ir i\u0161samaus adreso apra\u0161ymo (apie vietov\u0119), nes ta pati gatv\u0117 da\u017enai yra keliuose miestuose. Tod\u0117l kliento pra\u0161oma pateikti tikslesn\u012f adres\u0105, kuriuo tur\u0117t\u0173 atvykti automobilis.<\/p>\n<\/div><\/section><\/p>\n<\/div><\/div>\n<\/div>\n<div id='av-layout-grid-4'  class='av-layout-grid-container entry-content-wrapper main_color av-flex-cells     avia-builder-el-40  el_after_av_layout_row  avia-builder-el-last  submenu-not-first container_wrap fullsize' style=' '  >\n<div class=\"flex_cell no_margin av_one_third  avia-builder-el-41  el_before_av_cell_one_third  avia-builder-el-first   \" ><div class='flex_cell_inner' ><section class=\"av_textblock_section \"  itemscope=\"itemscope\" itemtype=\"https:\/\/schema.org\/CreativeWork\" ><div class='avia_textblock  '   itemprop=\"text\" ><h3>Mokamas laukimo laikas<\/h3>\n<\/div><\/section><br \/>\n<section class=\"av_textblock_section \"  itemscope=\"itemscope\" itemtype=\"https:\/\/schema.org\/CreativeWork\" ><div class='avia_textblock  '   itemprop=\"text\" ><p class=\"contentpasted0\">M\u016bs\u0173 vairuotojai papra\u0161\u0117 papildomo apmokamo laukimo laiko, nes kai kuriems vairuotojams kartais tenka ilgai laukti, kol klientas ateis prie u\u017esakyto automobilio. \u0160is atnaujinimas jau rengiamas ir netrukus vairuotojai gal\u0117s juo naudotis.<\/p>\n<\/div><\/section><\/p>\n<\/div><\/div><div class=\"flex_cell no_margin av_one_third  avia-builder-el-44  el_after_av_cell_one_third  el_before_av_cell_one_third   \" ><div class='flex_cell_inner' ><section class=\"av_textblock_section \"  itemscope=\"itemscope\" itemtype=\"https:\/\/schema.org\/CreativeWork\" ><div class='avia_textblock  '   itemprop=\"text\" ><h3>Keli\u0173 korteli\u0173 mok\u0117jimo galimyb\u0117<\/h3>\n<\/div><\/section><br \/>\n<section class=\"av_textblock_section \"  itemscope=\"itemscope\" itemtype=\"https:\/\/schema.org\/CreativeWork\" ><div class='avia_textblock  '   itemprop=\"text\" ><p class=\"contentpasted0\">\u017dinome, kad dar vienas labai laukiamas m\u016bs\u0173 naudotoj\u0173 sprendimas yra galimyb\u0117 program\u0117l\u0117je prid\u0117ti kelias banko korteles kaip mok\u0117jimo b\u016bdus, ir tai yra vienas i\u0161 m\u016bs\u0173 s\u0105ra\u0161o prioritet\u0173. Visi m\u016bs\u0173 klientai tur\u0117s daugiau galimybi\u0173 rinktis \u012fvairius mok\u0117jimo b\u016bdus.<\/p>\n<\/div><\/section><\/p>\n<\/div><\/div><div class=\"flex_cell no_margin av_one_third  avia-builder-el-47  el_after_av_cell_one_third  avia-builder-el-last   \" ><div class='flex_cell_inner' ><section class=\"av_textblock_section \"  itemscope=\"itemscope\" itemtype=\"https:\/\/schema.org\/CreativeWork\" ><div class='avia_textblock  '   itemprop=\"text\" ><h3>Naujos paslaugos<\/h3>\n<\/div><\/section><br \/>\n<section class=\"av_textblock_section \"  itemscope=\"itemscope\" itemtype=\"https:\/\/schema.org\/CreativeWork\" ><div class='avia_textblock  '   itemprop=\"text\" ><p class=\"contentpasted0\">Da\u017eniausiai buvo si\u016bloma program\u0117l\u0117je pateikti platesn\u012f paslaug\u0173 pasirinkim\u0105. Pavyzd\u017eiui, program\u0117l\u0117je jau galima naudotis automobili\u0173 nuomos paslauga, kuri \u0161iuo metu nukreipia \u012f &#8222;Forus&#8221; puslap\u012f &#8222;Autolevi&#8221;, ta\u010diau netrukus nuomojamus automobilius gal\u0117site matyti tiesiai program\u0117l\u0117je. Be to, netrukus program\u0117l\u0117je bus \u012ftrauktas maisto pristatymas ir elektriniai paspirtukai. Sekite m\u016bs\u0173 atnaujinimus, nes jie pasirodys jau netrukus!<\/p>\n<p><strong>\u0160i paslauga pirmiausia bus prieinama Estijoje<\/strong><\/p>\n<\/div><\/section><\/p>\n<\/div><\/div>\n<\/div>\n","protected":false},"excerpt":{"rendered":"","protected":false},"author":11,"featured_media":0,"parent":0,"menu_order":0,"comment_status":"closed","ping_status":"closed","template":"","meta":{"inline_featured_image":false},"_links":{"self":[{"href":"https:\/\/forus.eu\/lt\/wp-json\/wp\/v2\/pages\/3830"}],"collection":[{"href":"https:\/\/forus.eu\/lt\/wp-json\/wp\/v2\/pages"}],"about":[{"href":"https:\/\/forus.eu\/lt\/wp-json\/wp\/v2\/types\/page"}],"author":[{"embeddable":true,"href":"https:\/\/forus.eu\/lt\/wp-json\/wp\/v2\/users\/11"}],"replies":[{"embeddable":true,"href":"https:\/\/forus.eu\/lt\/wp-json\/wp\/v2\/comments?post=3830"}],"version-history":[{"count":15,"href":"https:\/\/forus.eu\/lt\/wp-json\/wp\/v2\/pages\/3830\/revisions"}],"predecessor-version":[{"id":9746,"href":"https:\/\/forus.eu\/lt\/wp-json\/wp\/v2\/pages\/3830\/revisions\/9746"}],"wp:attachment":[{"href":"https:\/\/forus.eu\/lt\/wp-json\/wp\/v2\/media?parent=3830"}],"curies":[{"name":"wp","href":"https:\/\/api.w.org\/{rel}","templated":true}]}}