{"id":2765,"date":"2022-08-24T11:23:42","date_gmt":"2022-08-24T11:23:42","guid":{"rendered":"https:\/\/forus.eu\/?page_id=2765"},"modified":"2022-08-24T12:27:00","modified_gmt":"2022-08-24T12:27:00","slug":"kompanija","status":"publish","type":"page","link":"https:\/\/forus.eu\/lt\/kompanija\/","title":{"rendered":"Kompanija"},"content":{"rendered":"<div id='av_section_1'  class='avia-section main_color avia-section-default avia-no-border-styling  avia-bg-style-scroll  avia-builder-el-0  avia-builder-el-no-sibling   av-minimum-height av-minimum-height-100  container_wrap fullsize' style='background-color: #c91235;  '   data-av_minimum_height_pc='100'><div class='container' ><main  role=\"main\" itemprop=\"mainContentOfPage\"  class='template-page content  av-content-full alpha units'><div class='post-entry post-entry-type-page post-entry-2765'><div class='entry-content-wrapper clearfix'>\n<div class='flex_column_table av-equal-height-column-flextable -flextable' ><div class=\"flex_column av_one_half  flex_column_table_cell av-equal-height-column av-align-middle first  avia-builder-el-1  el_before_av_one_half  avia-builder-el-first  \" style='padding:0px 0px 0px 30px ; border-radius:0px; '><section class=\"av_textblock_section \"  itemscope=\"itemscope\" itemtype=\"https:\/\/schema.org\/CreativeWork\" ><div class='avia_textblock  av_inherit_color '  style='color:#ffffff; '  itemprop=\"text\" ><h1 class=\"p1\" style=\"text-align: left;\"><b>Tegul tavo kelion\u0117s pasiekia nauj\u0105 lyg\u012f!<\/b><\/h1>\n<\/div><\/section><br \/>\n<section class=\"av_textblock_section \"  itemscope=\"itemscope\" itemtype=\"https:\/\/schema.org\/CreativeWork\" ><div class='avia_textblock  av_inherit_color '  style='color:#ffffff; '  itemprop=\"text\" ><h4 style=\"text-align: left;\">Visos kelion\u0117s -40%* (Vilniuje, Kaune)<\/h4>\n<\/div><\/section><br \/>\n<section class=\"av_textblock_section \"  itemscope=\"itemscope\" itemtype=\"https:\/\/schema.org\/CreativeWork\" ><div class='avia_textblock  av_inherit_color '  style='color:#ffffff; '  itemprop=\"text\" ><p><span style=\"color: #ffffff; font-size: 12px;\">*Gauk -40% nuolaid\u0105 visoms kelion\u0117ms (nuolaida nedidesn\u0117 nei 3\u20ac).<br \/>\nAkcija galioja iki 09.25<\/span><\/p>\n<\/div><\/section><br \/>\n<div  style=' margin-top:30px; margin-bottom:30px;'  class='hr hr-custom hr-left hr-icon-no   avia-builder-el-5  el_after_av_textblock  el_before_av_image '><span class='hr-inner  inner-border-av-border-fat' style=' width:50px;' ><span class='hr-inner-style'><\/span><\/span><\/div><br \/>\n<div  class='avia-image-container  av-styling-    avia-builder-el-6  el_after_av_hr  el_before_av_hr  avia-align-left '  itemprop=\"image\" itemscope=\"itemscope\" itemtype=\"https:\/\/schema.org\/ImageObject\"  ><div class='avia-image-container-inner'><div class='avia-image-overlay-wrap'><img decoding=\"async\" class='wp-image-2808 avia-img-lazy-loading-not-2808 avia_image' src=\"https:\/\/forus.eu\/wp-content\/uploads\/2022\/08\/wloga-3.png\" alt='' title='' height=\"101\" width=\"230\"  itemprop=\"thumbnailUrl\"  \/><\/div><\/div><\/div><br \/>\n<div  style='height:10px' class='hr hr-invisible   avia-builder-el-7  el_after_av_image  el_before_av_textblock '><span class='hr-inner ' ><span class='hr-inner-style'><\/span><\/span><\/div><br \/>\n<section class=\"av_textblock_section \"  itemscope=\"itemscope\" itemtype=\"https:\/\/schema.org\/CreativeWork\" ><div class='avia_textblock  '   itemprop=\"text\" ><p><a href=\"https:\/\/apps.apple.com\/lt\/app\/taxigo-app\/id935061987\"><img decoding=\"async\" loading=\"lazy\" class=\"alignnone wp-image-2542 size-full\" src=\"https:\/\/forus.eu\/wp-content\/uploads\/2022\/07\/app-store-badge-lt-1.png\" alt=\"\" width=\"136\" height=\"40\" \/><\/a> <a href=\"https:\/\/play.google.com\/store\/apps\/details?id=com.taxigo.ee\"><img decoding=\"async\" loading=\"lazy\" class=\"alignnone wp-image-2546 size-full\" src=\"https:\/\/forus.eu\/wp-content\/uploads\/2022\/07\/google-play-badge-lt.png\" alt=\"\" width=\"135\" height=\"40\" \/><\/a><\/p>\n<\/div><\/section><br \/>\n<section class=\"av_textblock_section \"  itemscope=\"itemscope\" itemtype=\"https:\/\/schema.org\/CreativeWork\" ><div class='avia_textblock  av_inherit_color '  style='color:#ffffff; '  itemprop=\"text\" ><h3>get.forus.eu<\/h3>\n<\/div><\/section><\/p><\/div><div class='av-flex-placeholder'><\/div><div class=\"flex_column av_one_half  flex_column_table_cell av-equal-height-column av-align-middle av-zero-column-padding   avia-builder-el-10  el_after_av_one_half  avia-builder-el-last  \" style='border-radius:0px; '><div  class='avia-image-container  av-styling-    avia-builder-el-11  avia-builder-el-no-sibling  avia-align-left '  itemprop=\"image\" itemscope=\"itemscope\" itemtype=\"https:\/\/schema.org\/ImageObject\"  ><div class='avia-image-container-inner'><div class='avia-image-overlay-wrap'><img decoding=\"async\" class='wp-image-2772 avia-img-lazy-loading-not-2772 avia_image' src=\"https:\/\/forus.eu\/wp-content\/uploads\/2022\/08\/Main_visual_LT-1022x1030.png\" alt='' title='' height=\"1030\" width=\"1022\"  itemprop=\"thumbnailUrl\" srcset=\"https:\/\/forus.eu\/wp-content\/uploads\/2022\/08\/Main_visual_LT-1022x1030.png 1022w, https:\/\/forus.eu\/wp-content\/uploads\/2022\/08\/Main_visual_LT-298x300.png 298w, https:\/\/forus.eu\/wp-content\/uploads\/2022\/08\/Main_visual_LT-80x80.png 80w, https:\/\/forus.eu\/wp-content\/uploads\/2022\/08\/Main_visual_LT-768x774.png 768w, https:\/\/forus.eu\/wp-content\/uploads\/2022\/08\/Main_visual_LT-36x36.png 36w, https:\/\/forus.eu\/wp-content\/uploads\/2022\/08\/Main_visual_LT-180x180.png 180w, https:\/\/forus.eu\/wp-content\/uploads\/2022\/08\/Main_visual_LT-699x705.png 699w, https:\/\/forus.eu\/wp-content\/uploads\/2022\/08\/Main_visual_LT.png 1378w\" sizes=\"(max-width: 1022px) 100vw, 1022px\" \/><\/div><\/div><\/div><\/div><\/div><!--close column table wrapper. Autoclose: 1 -->\n","protected":false},"excerpt":{"rendered":"","protected":false},"author":11,"featured_media":0,"parent":0,"menu_order":0,"comment_status":"closed","ping_status":"closed","template":"","meta":{"inline_featured_image":false},"_links":{"self":[{"href":"https:\/\/forus.eu\/lt\/wp-json\/wp\/v2\/pages\/2765"}],"collection":[{"href":"https:\/\/forus.eu\/lt\/wp-json\/wp\/v2\/pages"}],"about":[{"href":"https:\/\/forus.eu\/lt\/wp-json\/wp\/v2\/types\/page"}],"author":[{"embeddable":true,"href":"https:\/\/forus.eu\/lt\/wp-json\/wp\/v2\/users\/11"}],"replies":[{"embeddable":true,"href":"https:\/\/forus.eu\/lt\/wp-json\/wp\/v2\/comments?post=2765"}],"version-history":[{"count":37,"href":"https:\/\/forus.eu\/lt\/wp-json\/wp\/v2\/pages\/2765\/revisions"}],"predecessor-version":[{"id":4023,"href":"https:\/\/forus.eu\/lt\/wp-json\/wp\/v2\/pages\/2765\/revisions\/4023"}],"wp:attachment":[{"href":"https:\/\/forus.eu\/lt\/wp-json\/wp\/v2\/media?parent=2765"}],"curies":[{"name":"wp","href":"https:\/\/api.w.org\/{rel}","templated":true}]}}