{"id":2384,"date":"2022-07-10T16:10:02","date_gmt":"2022-07-10T16:10:02","guid":{"rendered":"https:\/\/forus.eu\/?page_id=2384"},"modified":"2022-07-14T11:11:40","modified_gmt":"2022-07-14T11:11:40","slug":"verslas","status":"publish","type":"page","link":"https:\/\/forus.eu\/lt\/verslas\/","title":{"rendered":"Verslas"},"content":{"rendered":"<div id='av-layout-grid-1'  class='av-layout-grid-container entry-content-wrapper main_color av-flex-cells     avia-builder-el-0  el_before_av_section  avia-builder-el-first  av-cell-min-height av-cell-min-height-75 container_wrap fullsize' style=' '   data-av_minimum_height_pc='75'>\n<div class=\"flex_cell no_margin av_one_half  avia-builder-el-1  el_before_av_cell_one_half  avia-builder-el-first   \"  style='background: #ffffff; vertical-align:middle; padding:30px; background-color:#ffffff; ' ><div class='flex_cell_inner' ><section class=\"av_textblock_section \"  itemscope=\"itemscope\" itemtype=\"https:\/\/schema.org\/CreativeWork\" ><div class='avia_textblock  '   itemprop=\"text\" ><h1 style=\"color: #2f174c;\">Patogi ir lanksti perve\u017eimo paslauga j\u016bs\u0173 verslui.<\/h1>\n<\/div><\/section><br \/>\n<section class=\"av_textblock_section \"  itemscope=\"itemscope\" itemtype=\"https:\/\/schema.org\/CreativeWork\" ><div class='avia_textblock  av_inherit_color '  style='color:#757575; '  itemprop=\"text\" ><h3>Tai puikus b\u016bdas transportuoti savo komandos narius ar partnerius. Geriausiomis kainomis<\/h3>\n<\/div><\/section><br \/>\n<div  style='height:20px' class='hr hr-invisible   avia-builder-el-4  el_after_av_textblock  el_before_av_button '><span class='hr-inner ' ><span class='hr-inner-style'><\/span><\/span><\/div><br \/>\n<div  class='avia-button-wrap avia-button-left  avia-builder-el-5  el_after_av_hr  avia-builder-el-last ' ><a href='#more'  class='avia-button   avia-icon_select-no avia-size-x-large avia-position-left '  style='background-color:#4091e8; border-color:#4091e8; color:#ffffff; ' ><span class='avia_iconbox_title' >Skaityti daugiau<\/span><\/a><\/div><\/p>\n<\/div><\/div><div class=\"flex_cell no_margin av_one_half  avia-builder-el-6  el_after_av_cell_one_half  avia-builder-el-last   av-hide-on-mobile  \"  style='background:url(https:\/\/forus.eu\/wp-content\/uploads\/2022\/07\/cab_service.jpg) top right no-repeat scroll #ffffff; vertical-align:top; padding:30px; background-color:#ffffff; ' ><div class='flex_cell_inner' ><\/div><\/div>\n<\/div>\n<div id='more'  class='avia-section main_color avia-section-large avia-no-border-styling  avia-bg-style-scroll  avia-builder-el-7  el_after_av_layout_row  el_before_av_layout_row   container_wrap fullsize' style='background-color: #fcfcfc;  '  ><div class='container' ><div class='template-page content  av-content-full alpha units'><div class='post-entry post-entry-type-page post-entry-2384'><div class='entry-content-wrapper clearfix'>\n<div class=\"flex_column av_one_third  flex_column_div av-zero-column-padding first  avia-builder-el-8  el_before_av_one_third  avia-builder-el-first  \" style='border-radius:0px; '><p><div  class='avia-image-container  av-styling-    avia-builder-el-9  el_before_av_textblock  avia-builder-el-first  avia-align-center '  itemprop=\"image\" itemscope=\"itemscope\" itemtype=\"https:\/\/schema.org\/ImageObject\"  ><div class='avia-image-container-inner'><div class='avia-image-overlay-wrap'><img decoding=\"async\" class='wp-image-2523 avia-img-lazy-loading-not-2523 avia_image' src=\"https:\/\/forus.eu\/wp-content\/uploads\/2022\/07\/mob_app_icon.png\" alt='' title='mob_app_icon' height=\"180\" width=\"180\"  itemprop=\"thumbnailUrl\" srcset=\"https:\/\/forus.eu\/wp-content\/uploads\/2022\/07\/mob_app_icon.png 180w, https:\/\/forus.eu\/wp-content\/uploads\/2022\/07\/mob_app_icon-80x80.png 80w, https:\/\/forus.eu\/wp-content\/uploads\/2022\/07\/mob_app_icon-36x36.png 36w\" sizes=\"(max-width: 180px) 100vw, 180px\" \/><\/div><\/div><\/div><br \/>\n<section class=\"av_textblock_section \"  itemscope=\"itemscope\" itemtype=\"https:\/\/schema.org\/CreativeWork\" ><div class='avia_textblock  '   itemprop=\"text\" ><h3 style=\"text-align: center;\">U\u017esisakyti automobil\u012f skambu\u010di\u0173 centro ar program\u0117l\u0117s pagalba<\/h3>\n<\/div><\/section><\/p><\/div><div class=\"flex_column av_one_third  flex_column_div av-zero-column-padding   avia-builder-el-11  el_after_av_one_third  el_before_av_one_third  \" style='border-radius:0px; '><p><div  class='avia-image-container  av-styling-    avia-builder-el-12  el_before_av_textblock  avia-builder-el-first  avia-align-center '  itemprop=\"image\" itemscope=\"itemscope\" itemtype=\"https:\/\/schema.org\/ImageObject\"  ><div class='avia-image-container-inner'><div class='avia-image-overlay-wrap'><img decoding=\"async\" class='wp-image-2527 avia-img-lazy-loading-not-2527 avia_image' src=\"https:\/\/forus.eu\/wp-content\/uploads\/2022\/07\/overview_icon.png\" alt='' title='overview_icon' height=\"180\" width=\"180\"  itemprop=\"thumbnailUrl\" srcset=\"https:\/\/forus.eu\/wp-content\/uploads\/2022\/07\/overview_icon.png 180w, https:\/\/forus.eu\/wp-content\/uploads\/2022\/07\/overview_icon-80x80.png 80w, https:\/\/forus.eu\/wp-content\/uploads\/2022\/07\/overview_icon-36x36.png 36w\" sizes=\"(max-width: 180px) 100vw, 180px\" \/><\/div><\/div><\/div><br \/>\n<section class=\"av_textblock_section \"  itemscope=\"itemscope\" itemtype=\"https:\/\/schema.org\/CreativeWork\" ><div class='avia_textblock  '   itemprop=\"text\" ><h3 style=\"text-align: center;\">Patogi elektronin\u0117 kelion\u0117s ataskaita<\/h3>\n<\/div><\/section><\/p><\/div><div class=\"flex_column av_one_third  flex_column_div av-zero-column-padding   avia-builder-el-14  el_after_av_one_third  avia-builder-el-last  \" style='border-radius:0px; '><p><div  class='avia-image-container  av-styling-    avia-builder-el-15  el_before_av_textblock  avia-builder-el-first  avia-align-center '  itemprop=\"image\" itemscope=\"itemscope\" itemtype=\"https:\/\/schema.org\/ImageObject\"  ><div class='avia-image-container-inner'><div class='avia-image-overlay-wrap'><img decoding=\"async\" class='wp-image-2531 avia-img-lazy-loading-not-2531 avia_image' src=\"https:\/\/forus.eu\/wp-content\/uploads\/2022\/07\/invoice_card_icon.png\" alt='' title='invoice_card_icon' height=\"180\" width=\"180\"  itemprop=\"thumbnailUrl\" srcset=\"https:\/\/forus.eu\/wp-content\/uploads\/2022\/07\/invoice_card_icon.png 180w, https:\/\/forus.eu\/wp-content\/uploads\/2022\/07\/invoice_card_icon-80x80.png 80w, https:\/\/forus.eu\/wp-content\/uploads\/2022\/07\/invoice_card_icon-36x36.png 36w\" sizes=\"(max-width: 180px) 100vw, 180px\" \/><\/div><\/div><\/div><br \/>\n<section class=\"av_textblock_section \"  itemscope=\"itemscope\" itemtype=\"https:\/\/schema.org\/CreativeWork\" ><div class='avia_textblock  '   itemprop=\"text\" ><h3 style=\"text-align: center;\">Atsiskaitykite \u012fmones kortele arba pagal m\u0117nesin\u0119 s\u0105skait\u0105<\/h3>\n<\/div><\/section><\/p><\/div>\n\n<\/div><\/div><\/div><!-- close content main div --><\/div><\/div><div id='av-layout-grid-2'  class='av-layout-grid-container entry-content-wrapper main_color av-flex-cells     avia-builder-el-17  el_after_av_section  el_before_av_layout_row  av-cell-min-height av-cell-min-height-50 submenu-not-first container_wrap fullsize' style=' '   data-av_minimum_height_pc='50'>\n<div class=\"flex_cell no_margin av_one_half  avia-builder-el-18  el_before_av_cell_one_half  avia-builder-el-first   \"  style='background: #ffffff; vertical-align:middle; padding:30px; background-color:#ffffff; ' ><div class='flex_cell_inner' ><section class=\"av_textblock_section \"  itemscope=\"itemscope\" itemtype=\"https:\/\/schema.org\/CreativeWork\" ><div class='avia_textblock  '   itemprop=\"text\" ><h2 style=\"text-align: left;\">Laiko parinkimas darbuotojui ir lankstumas<\/h2>\n<p>Galite nustatyti tikslias valandas, kada \u012fmon\u0117 apmoka keliones, kiekvienam darbuotojui asmeni\u0161kai. Taip pat, galite nustatyti kredito limit\u0105 vienai kelionei. Ir dar daugiau!<\/p>\n<\/div><\/section>\n<\/div><\/div><div class=\"flex_cell no_margin av_one_half  avia-builder-el-20  el_after_av_cell_one_half  avia-builder-el-last   av-hide-on-mobile  \"  style='background:url(https:\/\/forus.eu\/wp-content\/uploads\/2020\/12\/schedule.png) center center no-repeat scroll; vertical-align:top; padding:30px; ' ><div class='flex_cell_inner' ><\/div><\/div>\n<\/div>\n<div id='av-layout-grid-3'  class='av-layout-grid-container entry-content-wrapper main_color av-flex-cells     avia-builder-el-21  el_after_av_layout_row  el_before_av_layout_row  av-cell-min-height av-cell-min-height-50 submenu-not-first container_wrap fullsize' style=' '   data-av_minimum_height_pc='50'>\n<div class=\"flex_cell no_margin av_one_half  avia-builder-el-22  el_before_av_cell_one_half  avia-builder-el-first   av-hide-on-mobile  \"  style='background:url(https:\/\/forus.eu\/wp-content\/uploads\/2022\/04\/shutterstock_1663088005-845x684.jpg) top left no-repeat scroll #ffffff; vertical-align:middle; padding:30px; background-color:#ffffff; ' ><div class='flex_cell_inner' ><\/div><\/div><div class=\"flex_cell no_margin av_one_half  avia-builder-el-23  el_after_av_cell_one_half  avia-builder-el-last   \"  style='background: #ffffff; vertical-align:middle; padding:30px; background-color:#ffffff; ' ><div class='flex_cell_inner' ><section class=\"av_textblock_section \"  itemscope=\"itemscope\" itemtype=\"https:\/\/schema.org\/CreativeWork\" ><div class='avia_textblock  '   itemprop=\"text\" ><h2 style=\"text-align: left;\">Automobili\u0173 pasirinkimas<\/h2>\n<p>Galite pasirinkti konkre\u010dius automobilius ar ve\u017e\u0117j\u0173 kompanijas, kurios aptarnaus j\u016bs\u0173 versl\u0105. \u0160i funkcija skirtingai veikia skirtinguose regionuose.<a href=\"https:\/\/taxigo.com\/contacts\/\">Jei reikia daugiau informacijos, susisiekite..<\/a><\/p>\n<\/div><\/section>\n<\/div><\/div>\n<\/div>\n<div id='av-layout-grid-4'  class='av-layout-grid-container entry-content-wrapper main_color av-flex-cells     avia-builder-el-25  el_after_av_layout_row  el_before_av_section  av-cell-min-height av-cell-min-height-50 submenu-not-first container_wrap fullsize' style=' '   data-av_minimum_height_pc='50'>\n<div class=\"flex_cell no_margin av_one_half  avia-builder-el-26  el_before_av_cell_one_half  avia-builder-el-first   \"  style='background: #ffffff; vertical-align:middle; padding:30px; background-color:#ffffff; ' ><div class='flex_cell_inner' ><section class=\"av_textblock_section \"  itemscope=\"itemscope\" itemtype=\"https:\/\/schema.org\/CreativeWork\" ><div class='avia_textblock  '   itemprop=\"text\" ><h2 style=\"text-align: left;\">Patikimas aptarnavimas<\/h2>\n<p>M\u016bs\u0173 platforma bendradarbiauja tik su profesionaliais bei licencijuotais ve\u017e\u0117jais, turin\u010diais keleivi\u0173 ve\u017eimui reikaling\u0105 kvalifikacij\u0105. Taip pat, daug d\u0117mesio skiriame vairuotoj\u0173 kalb\u0173 mok\u0117jimui bei automobili\u0173 \u0161varai.<\/p>\n<\/div><\/section>\n<\/div><\/div><div class=\"flex_cell no_margin av_one_half  avia-builder-el-28  el_after_av_cell_one_half  avia-builder-el-last   \"  style='background:url(https:\/\/forus.eu\/wp-content\/uploads\/2020\/12\/shutterstock_545382034-845x684.jpg) top left no-repeat scroll; vertical-align:top; padding:30px; ' ><div class='flex_cell_inner' ><\/div><\/div>\n<\/div>\n<div id='av_section_2'  class='avia-section main_color avia-section-default avia-no-border-styling  avia-bg-style-scroll  avia-builder-el-29  el_after_av_layout_row  avia-builder-el-last   container_wrap fullsize' style='background-color: #1a7ae0;  '  ><div class='container' ><div class='template-page content  av-content-full alpha units'><div class='post-entry post-entry-type-page post-entry-2384'><div class='entry-content-wrapper clearfix'>\n<section class=\"av_textblock_section \"  itemscope=\"itemscope\" itemtype=\"https:\/\/schema.org\/CreativeWork\" ><div class='avia_textblock  av_inherit_color '  style='color:#ffffff; '  itemprop=\"text\" ><h3 style=\"text-align: center;\">Jei turite klausim\u0173 ar pasteb\u0117jim\u0173, susisiekite su savo regiono b\u016bstine.<\/h3>\n<\/div><\/section>\n<div  style='height:15px' class='hr hr-invisible   avia-builder-el-31  el_after_av_textblock  el_before_av_button '><span class='hr-inner ' ><span class='hr-inner-style'><\/span><\/span><\/div>\n<div  class='avia-button-wrap avia-button-center  avia-builder-el-32  el_after_av_hr  avia-builder-el-last ' ><a href='https:\/\/forus.eu\/lt\/forus-taxi\/'  class='avia-button   avia-icon_select-no avia-size-x-large avia-position-center '  style='background-color:#ffffff; border-color:#ffffff; color:#0a0a0a; ' ><span class='avia_iconbox_title' >Susisiekti!<\/span><\/a><\/div>\n\n","protected":false},"excerpt":{"rendered":"","protected":false},"author":11,"featured_media":0,"parent":0,"menu_order":0,"comment_status":"closed","ping_status":"closed","template":"","meta":{"inline_featured_image":false},"_links":{"self":[{"href":"https:\/\/forus.eu\/lt\/wp-json\/wp\/v2\/pages\/2384"}],"collection":[{"href":"https:\/\/forus.eu\/lt\/wp-json\/wp\/v2\/pages"}],"about":[{"href":"https:\/\/forus.eu\/lt\/wp-json\/wp\/v2\/types\/page"}],"author":[{"embeddable":true,"href":"https:\/\/forus.eu\/lt\/wp-json\/wp\/v2\/users\/11"}],"replies":[{"embeddable":true,"href":"https:\/\/forus.eu\/lt\/wp-json\/wp\/v2\/comments?post=2384"}],"version-history":[{"count":5,"href":"https:\/\/forus.eu\/lt\/wp-json\/wp\/v2\/pages\/2384\/revisions"}],"predecessor-version":[{"id":4046,"href":"https:\/\/forus.eu\/lt\/wp-json\/wp\/v2\/pages\/2384\/revisions\/4046"}],"wp:attachment":[{"href":"https:\/\/forus.eu\/lt\/wp-json\/wp\/v2\/media?parent=2384"}],"curies":[{"name":"wp","href":"https:\/\/api.w.org\/{rel}","templated":true}]}}