{"id":2367,"date":"2022-07-10T16:06:39","date_gmt":"2022-07-10T16:06:39","guid":{"rendered":"https:\/\/forus.eu\/?page_id=2367"},"modified":"2022-07-21T07:45:10","modified_gmt":"2022-07-21T07:45:10","slug":"forus-taxi","status":"publish","type":"page","link":"https:\/\/forus.eu\/lt\/forus-taxi\/","title":{"rendered":"Forus"},"content":{"rendered":"<div id='av_section_1'  class='avia-section main_color avia-section-default avia-no-border-styling  avia-bg-style-scroll  avia-builder-el-0  el_before_av_section  avia-builder-el-first   av-desktop-hide av-medium-hide av-minimum-height av-minimum-height-75  container_wrap fullsize' style='background-color: #ffffff;  '   data-av_minimum_height_pc='75'><div class='container' ><main  role=\"main\" itemprop=\"mainContentOfPage\"  class='template-page content  av-content-full alpha units'><div class='post-entry post-entry-type-page post-entry-2367'><div class='entry-content-wrapper clearfix'>\n<div class='flex_column_table av-equal-height-column-flextable -flextable' ><div class=\"flex_column av_two_fifth  flex_column_table_cell av-equal-height-column av-align-middle av-zero-column-padding first  avia-builder-el-1  el_before_av_three_fifth  avia-builder-el-first  \" style='border-radius:0px; '><section class=\"av_textblock_section \"  itemscope=\"itemscope\" itemtype=\"https:\/\/schema.org\/CreativeWork\" ><div class='avia_textblock  '   itemprop=\"text\" ><h1 style=\"font-size: 40px !important; color: #2f174c;\">Prieinamos kelion\u0117s j\u016bs\u0173 mieste!<\/h1>\n<h3>Visos taksi \u012fmon\u0117s po ranka. U\u017esisakykite jas per Forus program\u0117l\u0119.<\/h3>\n<\/div><\/section><br \/>\n<div  style='height:30px' class='hr hr-invisible   avia-builder-el-3  el_after_av_textblock  el_before_av_textblock '><span class='hr-inner ' ><span class='hr-inner-style'><\/span><\/span><\/div><br \/>\n<section class=\"av_textblock_section \"  itemscope=\"itemscope\" itemtype=\"https:\/\/schema.org\/CreativeWork\" ><div class='avia_textblock  '   itemprop=\"text\" ><p>Parsisi\u0173sti program\u0117l\u0119:<\/p>\n<p><a href=\"https:\/\/apps.apple.com\/lt\/app\/taxigo-app\/id935061987\"><img decoding=\"async\" loading=\"lazy\" class=\"alignnone wp-image-2542 size-full\" src=\"https:\/\/forus.eu\/wp-content\/uploads\/2022\/07\/app-store-badge-lt-1.png\" alt=\"\" width=\"136\" height=\"40\" \/><\/a> <a href=\"https:\/\/play.google.com\/store\/apps\/details?id=com.taxigo.ee\"><img decoding=\"async\" loading=\"lazy\" class=\"alignnone wp-image-2546 size-full\" src=\"https:\/\/forus.eu\/wp-content\/uploads\/2022\/07\/google-play-badge-lt.png\" alt=\"\" width=\"135\" height=\"40\" \/><\/a><\/p>\n<\/div><\/section><br \/>\n<div  class='avia-image-container  av-styling-    avia-builder-el-5  el_after_av_textblock  avia-builder-el-last  avia-align-center '  itemprop=\"image\" itemscope=\"itemscope\" itemtype=\"https:\/\/schema.org\/ImageObject\"  ><div class='avia-image-container-inner'><div class='avia-image-overlay-wrap'><img decoding=\"async\" class='wp-image-2550 avia-img-lazy-loading-not-2550 avia_image' src=\"https:\/\/forus.eu\/wp-content\/uploads\/2022\/07\/forus_app_lt_mob.jpg\" alt='' title='forus_app_lt_mob' height=\"960\" width=\"960\"  itemprop=\"thumbnailUrl\" srcset=\"https:\/\/forus.eu\/wp-content\/uploads\/2022\/07\/forus_app_lt_mob.jpg 960w, https:\/\/forus.eu\/wp-content\/uploads\/2022\/07\/forus_app_lt_mob-300x300.jpg 300w, https:\/\/forus.eu\/wp-content\/uploads\/2022\/07\/forus_app_lt_mob-80x80.jpg 80w, https:\/\/forus.eu\/wp-content\/uploads\/2022\/07\/forus_app_lt_mob-768x768.jpg 768w, https:\/\/forus.eu\/wp-content\/uploads\/2022\/07\/forus_app_lt_mob-36x36.jpg 36w, https:\/\/forus.eu\/wp-content\/uploads\/2022\/07\/forus_app_lt_mob-180x180.jpg 180w, https:\/\/forus.eu\/wp-content\/uploads\/2022\/07\/forus_app_lt_mob-705x705.jpg 705w\" sizes=\"(max-width: 960px) 100vw, 960px\" \/><\/div><\/div><\/div><\/p><\/div><div class='av-flex-placeholder'><\/div><div class=\"flex_column av_three_fifth  flex_column_table_cell av-equal-height-column av-align-middle av-zero-column-padding   avia-builder-el-6  el_after_av_two_fifth  avia-builder-el-last  \" style='border-radius:0px; '><\/div><\/div><!--close column table wrapper. Autoclose: 1 -->\n\n<\/div><\/div><\/main><!-- close content main element --><\/div><\/div><div id='av_section_2'  class='avia-section main_color avia-section-default avia-no-border-styling  avia-bg-style-scroll  avia-builder-el-7  el_after_av_section  el_before_av_section   av-small-hide av-mini-hide av-minimum-height av-minimum-height-75  container_wrap fullsize' style='background-color: #ffffff; background-repeat: no-repeat; background-image: url(https:\/\/forus.eu\/wp-content\/uploads\/2022\/07\/forus_app_lt.jpg);background-attachment: scroll; background-position: center center;  '  data-section-bg-repeat='no-repeat' data-av_minimum_height_pc='75'><div class='container' ><div class='template-page content  av-content-full alpha units'><div class='post-entry post-entry-type-page post-entry-2367'><div class='entry-content-wrapper clearfix'>\n<div class='flex_column_table av-equal-height-column-flextable -flextable' ><div class=\"flex_column av_two_fifth  flex_column_table_cell av-equal-height-column av-align-middle av-zero-column-padding first  avia-builder-el-8  el_before_av_three_fifth  avia-builder-el-first  \" style='border-radius:0px; '><section class=\"av_textblock_section \"  itemscope=\"itemscope\" itemtype=\"https:\/\/schema.org\/CreativeWork\" ><div class='avia_textblock  '   itemprop=\"text\" ><h1 style=\"font-size: 56px !important; color: #2f174c;\">Prieinamos kelion\u0117s j\u016bs\u0173 mieste!<\/h1>\n<h3>Visos taksi \u012fmon\u0117s po ranka. U\u017esisakykite jas per Forus program\u0117l\u0119.<\/h3>\n<\/div><\/section><br \/>\n<div  style='height:30px' class='hr hr-invisible   avia-builder-el-10  el_after_av_textblock  el_before_av_textblock '><span class='hr-inner ' ><span class='hr-inner-style'><\/span><\/span><\/div><br \/>\n<section class=\"av_textblock_section \"  itemscope=\"itemscope\" itemtype=\"https:\/\/schema.org\/CreativeWork\" ><div class='avia_textblock  '   itemprop=\"text\" ><p>Parsisi\u0173sti program\u0117l\u0119:<\/p>\n<p><a href=\"https:\/\/apps.apple.com\/lt\/app\/taxigo-app\/id935061987\"><img decoding=\"async\" loading=\"lazy\" class=\"alignnone wp-image-2542 size-full\" src=\"https:\/\/forus.eu\/wp-content\/uploads\/2022\/07\/app-store-badge-lt-1.png\" alt=\"\" width=\"136\" height=\"40\" \/><\/a> <a href=\"https:\/\/play.google.com\/store\/apps\/details?id=com.taxigo.ee\"><img decoding=\"async\" loading=\"lazy\" class=\"alignnone wp-image-2546 size-full\" src=\"https:\/\/forus.eu\/wp-content\/uploads\/2022\/07\/google-play-badge-lt.png\" alt=\"\" width=\"135\" height=\"40\" \/><\/a><\/p>\n<\/div><\/section><\/p><\/div><div class='av-flex-placeholder'><\/div><div class=\"flex_column av_three_fifth  flex_column_table_cell av-equal-height-column av-align-middle av-zero-column-padding   avia-builder-el-12  el_after_av_two_fifth  avia-builder-el-last  \" style='border-radius:0px; '><\/div><\/div><!--close column table wrapper. Autoclose: 1 --><\/div><\/div><\/div><!-- close content main div --><\/div><\/div><div id='av_section_3'  class='avia-section main_color avia-section-default avia-no-border-styling  avia-bg-style-scroll  avia-builder-el-13  el_after_av_section  el_before_av_section   container_wrap fullsize' style='background-color: #ffffff;  '  ><div class='container' ><div class='template-page content  av-content-full alpha units'><div class='post-entry post-entry-type-page post-entry-2367'><div class='entry-content-wrapper clearfix'>\n<div class='flex_column_table av-equal-height-column-flextable -flextable' ><div class=\"flex_column av_one_half  flex_column_table_cell av-equal-height-column av-align-middle av-zero-column-padding first  avia-builder-el-14  el_before_av_one_half  avia-builder-el-first  \" style='border-radius:0px; '><section class=\"av_textblock_section \"  itemscope=\"itemscope\" itemtype=\"https:\/\/schema.org\/CreativeWork\" ><div class='avia_textblock  '   itemprop=\"text\" ><h2>Rinkit\u0117s automobil\u012f patys arba leiskite tai padaryti program\u0117lei Forus<\/h2>\n<h4>Program\u0117l\u0117je pagal paveiksl\u0117l\u012f galite pasirinkti tiksliai norim\u0105 automobil\u012f, taip pat matyti vairuotoj\u0105 ir jo pagrindines kalbas.<\/h4>\n<\/div><\/section><\/div><div class='av-flex-placeholder'><\/div><div class=\"flex_column av_one_half  flex_column_table_cell av-equal-height-column av-align-middle av-zero-column-padding   avia-builder-el-16  el_after_av_one_half  el_before_av_one_fourth  \" style='border-radius:0px; '><\/div><\/div><!--close column table wrapper. Autoclose: 1 --><div class='flex_column_table av-equal-height-column-flextable -flextable' ><div class=\"flex_column av_one_fourth  flex_column_table_cell av-equal-height-column av-align-top av-zero-column-padding first  avia-builder-el-17  el_after_av_one_half  el_before_av_one_fourth  column-top-margin\" style='border-radius:0px; '><\/div><div class='av-flex-placeholder'><\/div><div class=\"flex_column av_one_fourth  flex_column_table_cell av-equal-height-column av-align-top av-zero-column-padding   avia-builder-el-18  el_after_av_one_fourth  el_before_av_one_fourth  column-top-margin\" style='border-radius:0px; '><p><div  class='avia-image-container  av-styling-    avia-builder-el-19  el_before_av_textblock  avia-builder-el-first  avia-align-center '  itemprop=\"image\" itemscope=\"itemscope\" itemtype=\"https:\/\/schema.org\/ImageObject\"  ><div class='avia-image-container-inner'><div class='avia-image-overlay-wrap'><img decoding=\"async\" class='wp-image-2502 avia-img-lazy-loading-not-2502 avia_image' src=\"https:\/\/forus.eu\/wp-content\/uploads\/2022\/07\/1Acats_edit.png\" alt='' title='1Acats_edit' height=\"732\" width=\"700\"  itemprop=\"thumbnailUrl\" srcset=\"https:\/\/forus.eu\/wp-content\/uploads\/2022\/07\/1Acats_edit.png 700w, https:\/\/forus.eu\/wp-content\/uploads\/2022\/07\/1Acats_edit-287x300.png 287w, https:\/\/forus.eu\/wp-content\/uploads\/2022\/07\/1Acats_edit-674x705.png 674w\" sizes=\"(max-width: 700px) 100vw, 700px\" \/><\/div><\/div><\/div><br \/>\n<section class=\"av_textblock_section \"  itemscope=\"itemscope\" itemtype=\"https:\/\/schema.org\/CreativeWork\" ><div class='avia_textblock  '   itemprop=\"text\" ><h3 style=\"text-align: center;\">Kategorij\u0173 paie\u0161ka<\/h3>\n<\/div><\/section><br \/>\n<section class=\"av_textblock_section \"  itemscope=\"itemscope\" itemtype=\"https:\/\/schema.org\/CreativeWork\" ><div class='avia_textblock  '   itemprop=\"text\" ><p style=\"text-align: center;\">Program\u0117l\u0117 ie\u0161ko ar\u010diausiai j\u016bs\u0173 esan\u010dio automobilio<\/p>\n<\/div><\/section><\/p><\/div><div class='av-flex-placeholder'><\/div><div class=\"flex_column av_one_fourth  flex_column_table_cell av-equal-height-column av-align-top av-zero-column-padding   avia-builder-el-22  el_after_av_one_fourth  el_before_av_one_fourth  column-top-margin\" style='border-radius:0px; '><p><div  class='avia-image-container  av-styling-    avia-builder-el-23  el_before_av_textblock  avia-builder-el-first  avia-align-center '  itemprop=\"image\" itemscope=\"itemscope\" itemtype=\"https:\/\/schema.org\/ImageObject\"  ><div class='avia-image-container-inner'><div class='avia-image-overlay-wrap'><img decoding=\"async\" class='wp-image-2381 avia-img-lazy-loading-not-2381 avia_image' src=\"https:\/\/forus.eu\/wp-content\/uploads\/2022\/04\/1Alist.png\" alt='' title='' height=\"732\" width=\"700\"  itemprop=\"thumbnailUrl\" srcset=\"https:\/\/forus.eu\/wp-content\/uploads\/2022\/04\/1Alist.png 700w, https:\/\/forus.eu\/wp-content\/uploads\/2022\/04\/1Alist-287x300.png 287w, https:\/\/forus.eu\/wp-content\/uploads\/2022\/04\/1Alist-674x705.png 674w\" sizes=\"(max-width: 700px) 100vw, 700px\" \/><\/div><\/div><\/div><br \/>\n<section class=\"av_textblock_section \"  itemscope=\"itemscope\" itemtype=\"https:\/\/schema.org\/CreativeWork\" ><div class='avia_textblock  '   itemprop=\"text\" ><h3 style=\"text-align: center;\">Automobili\u0173 pasirinkimas i\u0161 s\u0105ra\u0161o<\/h3>\n<\/div><\/section><br \/>\n<section class=\"av_textblock_section \"  itemscope=\"itemscope\" itemtype=\"https:\/\/schema.org\/CreativeWork\" ><div class='avia_textblock  '   itemprop=\"text\" ><p style=\"text-align: center;\">I\u0161 s\u0105ra\u0161o pagal nuotrauk\u0105 galite pasirinkti b\u016btent tok\u012f automobil\u012f, kokio norite, taip pat prie\u0161 u\u017esakydami pamatysite vairuotoj\u0105!<\/p>\n<\/div><\/section><\/p><\/div><div class='av-flex-placeholder'><\/div><div class=\"flex_column av_one_fourth  flex_column_table_cell av-equal-height-column av-align-top av-zero-column-padding   avia-builder-el-26  el_after_av_one_fourth  avia-builder-el-last  column-top-margin\" style='border-radius:0px; '><\/div><\/div><!--close column table wrapper. Autoclose: 1 -->\n<\/p>\n<\/div><\/div><\/div><!-- close content main div --><\/div><\/div><div id='av_section_4'  class='avia-section main_color avia-section-default avia-no-border-styling  avia-bg-style-scroll  avia-builder-el-27  el_after_av_section  avia-builder-el-last   container_wrap fullsize' style='background-color: #fcfcfc;  '  ><div class='container' ><div class='template-page content  av-content-full alpha units'><div class='post-entry post-entry-type-page post-entry-2367'><div class='entry-content-wrapper clearfix'>\n<div class='flex_column_table av-equal-height-column-flextable -flextable' ><div class=\"flex_column av_one_full  flex_column_table_cell av-equal-height-column av-align-middle av-zero-column-padding first  avia-builder-el-28  el_before_av_one_third  avia-builder-el-first  \" style='border-radius:0px; '><section class=\"av_textblock_section \"  itemscope=\"itemscope\" itemtype=\"https:\/\/schema.org\/CreativeWork\" ><div class='avia_textblock  '   itemprop=\"text\" ><h2>Mok\u0117jimo b\u016bdai<\/h2>\n<\/div><\/section><\/div><\/div><!--close column table wrapper. Autoclose: 1 --><div class=\"flex_column av_one_third  flex_column_div av-zero-column-padding first  avia-builder-el-30  el_after_av_one_full  el_before_av_one_third  column-top-margin\" style='border-radius:0px; '><section class=\"av_textblock_section \"  itemscope=\"itemscope\" itemtype=\"https:\/\/schema.org\/CreativeWork\" ><div class='avia_textblock  '   itemprop=\"text\" ><p><img decoding=\"async\" loading=\"lazy\" class=\"alignnone wp-image-2471\" src=\"https:\/\/forus.eu\/wp-content\/uploads\/2022\/07\/card_icon.png\" alt=\"\" width=\"72\" height=\"66\" \/><\/p>\n<h3 style=\"color: #2f174c;\">\u017dem\u0117lapis susietas su program\u0117le<\/h3>\n<p>\u012edieg\u0119 Forus telefone, susiekite banko kortel\u0119 su program\u0117le ir kelion\u0117s jums bus apmok\u0117tos automati\u0161kai i\u0161 \u0161ios kortel\u0117s. (Banko kortel\u0117 turi tur\u0117ti galimyb\u0119 atsiskaityti internetu)<\/p>\n<\/div><\/section><\/div><div class=\"flex_column av_one_third  flex_column_div av-zero-column-padding   avia-builder-el-32  el_after_av_one_third  el_before_av_one_third  column-top-margin\" style='border-radius:0px; '><section class=\"av_textblock_section \"  itemscope=\"itemscope\" itemtype=\"https:\/\/schema.org\/CreativeWork\" ><div class='avia_textblock  '   itemprop=\"text\" ><p><img decoding=\"async\" loading=\"lazy\" class=\"alignnone wp-image-2475\" src=\"https:\/\/forus.eu\/wp-content\/uploads\/2022\/07\/cash_icon.png\" alt=\"\" width=\"70\" height=\"66\" \/><\/p>\n<h3 style=\"color: #2f174c;\">Grynieji pinigai<\/h3>\n<p>Stenkin\u0117s tur\u0117ti tiksli\u0105 gryn\u0173j\u0173 pinig\u0173 sum\u0105, nes vairuotojas ne visada gali tur\u0117ti gr\u0105\u017eos.<\/p>\n<\/div><\/section><\/div><div class=\"flex_column av_one_third  flex_column_div av-zero-column-padding   avia-builder-el-34  el_after_av_one_third  avia-builder-el-last  column-top-margin\" style='border-radius:0px; '><section class=\"av_textblock_section \"  itemscope=\"itemscope\" itemtype=\"https:\/\/schema.org\/CreativeWork\" ><div class='avia_textblock  '   itemprop=\"text\" ><p><img decoding=\"async\" loading=\"lazy\" class=\"alignnone wp-image-2479\" src=\"https:\/\/forus.eu\/wp-content\/uploads\/2022\/07\/bill_icon.png\" alt=\"\" width=\"54\" height=\"66\" \/><\/p>\n<h3 style=\"color: #2f174c;\">\u012emon\u0117s mok\u0117jimas<\/h3>\n<p>J\u016bs\u0173 \u012fmon\u0117 turi Forus verslo kliento sutart\u012f. Pasirinkite savo \u012fmon\u0117s pavadinim\u0105 kaip mok\u0117jimo form\u0105. U\u017e keliones atsiskaitoma kas m\u0117nes\u012f arba naudojant \u012fmon\u0117s kredito kortel\u0119, susiet\u0105 su paskyra.<\/p>\n<\/div><\/section><\/div>\n\n","protected":false},"excerpt":{"rendered":"","protected":false},"author":11,"featured_media":0,"parent":0,"menu_order":0,"comment_status":"closed","ping_status":"closed","template":"","meta":{"inline_featured_image":false},"_links":{"self":[{"href":"https:\/\/forus.eu\/lt\/wp-json\/wp\/v2\/pages\/2367"}],"collection":[{"href":"https:\/\/forus.eu\/lt\/wp-json\/wp\/v2\/pages"}],"about":[{"href":"https:\/\/forus.eu\/lt\/wp-json\/wp\/v2\/types\/page"}],"author":[{"embeddable":true,"href":"https:\/\/forus.eu\/lt\/wp-json\/wp\/v2\/users\/11"}],"replies":[{"embeddable":true,"href":"https:\/\/forus.eu\/lt\/wp-json\/wp\/v2\/comments?post=2367"}],"version-history":[{"count":9,"href":"https:\/\/forus.eu\/lt\/wp-json\/wp\/v2\/pages\/2367\/revisions"}],"predecessor-version":[{"id":3899,"href":"https:\/\/forus.eu\/lt\/wp-json\/wp\/v2\/pages\/2367\/revisions\/3899"}],"wp:attachment":[{"href":"https:\/\/forus.eu\/lt\/wp-json\/wp\/v2\/media?parent=2367"}],"curies":[{"name":"wp","href":"https:\/\/api.w.org\/{rel}","templated":true}]}}