{"id":11284,"date":"2024-05-13T13:52:24","date_gmt":"2024-05-13T13:52:24","guid":{"rendered":"https:\/\/forus.eu\/?page_id=11284"},"modified":"2024-05-13T14:05:08","modified_gmt":"2024-05-13T14:05:08","slug":"musu-istorija","status":"publish","type":"page","link":"https:\/\/forus.eu\/lt\/musu-istorija\/","title":{"rendered":"M\u016bs\u0173 istorija"},"content":{"rendered":"<div id='av_section_1'  class='avia-section main_color avia-section-default avia-no-border-styling  av-parallax-section av-section-color-overlay-active avia-bg-style-parallax  avia-builder-el-0  el_before_av_section  avia-builder-el-first   av-small-hide av-mini-hide av-minimum-height av-minimum-height-75  container_wrap fullsize' style=' '  data-section-bg-repeat='no-repeat' data-av_minimum_height_pc='75'><div class='av-parallax' data-avia-parallax-ratio='0.3' ><div class='av-parallax-inner main_color  avia-full-stretch' style = 'background-repeat: no-repeat; background-image: url(https:\/\/forus.eu\/wp-content\/uploads\/2024\/05\/meie-forus-2.jpg);background-attachment: scroll; background-position: center center; ' ><\/div><\/div><div class='av-section-color-overlay-wrap'><div class='av-section-color-overlay' style='opacity: 0.6; background-color: #000000; '><\/div><a href='#next-section' title='' class='scroll-down-link '  aria-hidden='true' data-av_icon='\ue877' data-av_iconfont='entypo-fontello'><\/a><div class='container' ><main  role=\"main\" itemprop=\"mainContentOfPage\"  class='template-page content  av-content-full alpha units'><div class='post-entry post-entry-type-page post-entry-11284'><div class='entry-content-wrapper clearfix'><div class=\"flex_column av_one_fifth  flex_column_div av-zero-column-padding first  avia-builder-el-1  el_before_av_three_fifth  avia-builder-el-first  \" style='border-radius:0px; '><\/div><div class=\"flex_column av_three_fifth  flex_column_div av-zero-column-padding   avia-builder-el-2  el_after_av_one_fifth  el_before_av_one_fifth  \" style='border-radius:0px; '><section class=\"av_textblock_section \"  itemscope=\"itemscope\" itemtype=\"https:\/\/schema.org\/CreativeWork\" ><div class='avia_textblock  av_inherit_color '  style='font-size:20px; color:#ffffff; '  itemprop=\"text\" ><h1 style=\"font-size: 4rem; text-align: center;\">Visk\u0105 apver\u010diame auk\u0161tyn kojomis!<\/h1>\n<\/div><\/section><br \/>\n<section class=\"av_textblock_section \"  itemscope=\"itemscope\" itemtype=\"https:\/\/schema.org\/CreativeWork\" ><div class='avia_textblock  av_inherit_color '  style='color:#ffffff; '  itemprop=\"text\" ><h4 style=\"text-align: center;\">Forus kuria platform\u0105, kurioje visi naudotojai yra ne tik mok\u0117tojai &#8211; mes visus klientus ir partnerius paver\u010diame suinteresuotomis \u0161alimis, kurioms priklauso m\u016bs\u0173 vis\u0173 kartu kuriama vert\u0117.<\/h4>\n<h4 style=\"text-align: center;\">U\u017e kiekvien\u0105 Forus platformoje \u012fsigyt\u0105 paslaug\u0105 ar produkt\u0105 naudotojai gauna US Token, kurie yra platformos virtualios akcijos. Platformoje Forus suteikiame galimyb\u0119 kiekvienam savo kasdienius vartojimo pasirinkimus paversti verte, US Token, kuri auga kiekvien\u0105 dien\u0105.<\/h4>\n<\/div><\/section><\/p><\/div><div class=\"flex_column av_one_fifth  flex_column_div av-zero-column-padding   avia-builder-el-5  el_after_av_three_fifth  avia-builder-el-last  \" style='border-radius:0px; '><\/div>\n<\/div><\/div><\/main><!-- close content main element --><\/div><\/div><\/div><div id='av_section_2'  class='avia-section main_color avia-section-default avia-no-border-styling  av-section-color-overlay-active avia-bg-style-scroll  avia-builder-el-6  el_after_av_section  el_before_av_section   av-desktop-hide av-medium-hide av-minimum-height av-minimum-height-75  container_wrap fullsize' style='background-repeat: no-repeat; background-image: url(https:\/\/forus.eu\/wp-content\/uploads\/2024\/05\/meie-forus-2.jpg);background-attachment: scroll; background-position: center center;  '  data-section-bg-repeat='no-repeat' data-av_minimum_height_pc='75'><div class='av-section-color-overlay-wrap'><div class='av-section-color-overlay' style='opacity: 0.6; background-color: #000000; '><\/div><a href='#next-section' title='' class='scroll-down-link '  aria-hidden='true' data-av_icon='\ue877' data-av_iconfont='entypo-fontello'><\/a><div class='container' ><div class='template-page content  av-content-full alpha units'><div class='post-entry post-entry-type-page post-entry-11284'><div class='entry-content-wrapper clearfix'><div class=\"flex_column av_one_fifth  flex_column_div av-zero-column-padding first  avia-builder-el-7  el_before_av_three_fifth  avia-builder-el-first  \" style='border-radius:0px; '><\/div><div class=\"flex_column av_three_fifth  flex_column_div av-zero-column-padding   avia-builder-el-8  el_after_av_one_fifth  el_before_av_one_fifth  \" style='border-radius:0px; '><section class=\"av_textblock_section \"  itemscope=\"itemscope\" itemtype=\"https:\/\/schema.org\/CreativeWork\" ><div class='avia_textblock  av_inherit_color '  style='font-size:20px; color:#ffffff; '  itemprop=\"text\" ><h1 style=\"font-size: 2.5rem; text-align: center;\">Visk\u0105 apver\u010diame auk\u0161tyn kojomis!<\/h1>\n<\/div><\/section><br \/>\n<section class=\"av_textblock_section \"  itemscope=\"itemscope\" itemtype=\"https:\/\/schema.org\/CreativeWork\" ><div class='avia_textblock  av_inherit_color '  style='color:#ffffff; '  itemprop=\"text\" ><h4 style=\"text-align: center;\">Forus kuria platform\u0105, kurioje visi naudotojai yra ne tik mok\u0117tojai &#8211; mes visus klientus ir partnerius paver\u010diame suinteresuotomis \u0161alimis, kurioms priklauso m\u016bs\u0173 vis\u0173 kartu kuriama vert\u0117.<\/h4>\n<h4 style=\"text-align: center;\">U\u017e kiekvien\u0105 Forus platformoje \u012fsigyt\u0105 paslaug\u0105 ar produkt\u0105 naudotojai gauna US Token, kurie yra platformos virtualios akcijos. Platformoje Forus suteikiame galimyb\u0119 kiekvienam savo kasdienius vartojimo pasirinkimus paversti verte, US Token, kuri auga kiekvien\u0105 dien\u0105.<\/h4>\n<\/div><\/section><\/p><\/div><div class=\"flex_column av_one_fifth  flex_column_div av-zero-column-padding   avia-builder-el-11  el_after_av_three_fifth  avia-builder-el-last  \" style='border-radius:0px; '><\/div>\n<\/div><\/div><\/div><!-- close content main div --><\/div><\/div><\/div><div id='av_section_3'  class='avia-section main_color avia-section-default avia-no-border-styling  avia-bg-style-scroll  avia-builder-el-12  el_after_av_section  el_before_av_section   av-minimum-height av-minimum-height-60  container_wrap fullsize' style=' '   data-av_minimum_height_pc='60'><div class='container' ><div class='template-page content  av-content-full alpha units'><div class='post-entry post-entry-type-page post-entry-11284'><div class='entry-content-wrapper clearfix'><div class=\"flex_column av_one_fifth  flex_column_div av-zero-column-padding first  avia-builder-el-13  el_before_av_three_fifth  avia-builder-el-first  \" style='border-radius:0px; '><\/div><div class=\"flex_column av_three_fifth  flex_column_div av-zero-column-padding   avia-builder-el-14  el_after_av_one_fifth  el_before_av_one_fifth  \" style='border-radius:0px; '><p><div  class='avia-image-container  av-styling-    avia-builder-el-15  el_before_av_hr  avia-builder-el-first  avia-align-center '  itemprop=\"image\" itemscope=\"itemscope\" itemtype=\"https:\/\/schema.org\/ImageObject\"  ><div class='avia-image-container-inner'><div class='avia-image-overlay-wrap'><img decoding=\"async\" class='wp-image-10383 avia-img-lazy-loading-not-10383 avia_image' src=\"https:\/\/forus.eu\/wp-content\/uploads\/2024\/04\/ustoken2.svg\" alt='' title='ustoken2' height=\"80\" width=\"80\"  itemprop=\"thumbnailUrl\"  \/><\/div><\/div><\/div><br \/>\n<div  style='height:20px' class='hr hr-invisible   avia-builder-el-16  el_after_av_image  el_before_av_textblock '><span class='hr-inner ' ><span class='hr-inner-style'><\/span><\/span><\/div><br \/>\n<section class=\"av_textblock_section \"  itemscope=\"itemscope\" itemtype=\"https:\/\/schema.org\/CreativeWork\" ><div class='avia_textblock  av_inherit_color '  style='color:#c91236; '  itemprop=\"text\" ><h2 style=\"font-size: 2rem; text-align: center;\">K\u0105 kei\u010diame \u0161iame pasaulyje?<\/h2>\n<\/div><\/section><br \/>\n<div  style='height:10px' class='hr hr-invisible   avia-builder-el-18  el_after_av_textblock  el_before_av_textblock '><span class='hr-inner ' ><span class='hr-inner-style'><\/span><\/span><\/div><br \/>\n<section class=\"av_textblock_section \"  itemscope=\"itemscope\" itemtype=\"https:\/\/schema.org\/CreativeWork\" ><div class='avia_textblock  '   itemprop=\"text\" ><h3 style=\"text-align: center;\">Esame tarptautin\u0117 komanda, kurianti ka\u017ek\u0105 visi\u0161kai naujo ir tai yra m\u016bs\u0173 did\u017eiausia aistra. \u0160iandienin\u0117 verslo pad\u0117tis mums netinka. Mums nepatinka, kad 1 proc. valdo 99 proc. \u012fmon\u0117s sukurtos vert\u0117s.<\/h3>\n<h3 style=\"text-align: center;\">Tod\u0117l su kiekviena \u012fsigyta paslauga kaip atlyg\u012f naudotojui gr\u0105\u017einame dal\u012f platformos, kad didel\u0117 m\u016bs\u0173 s\u0117km\u0117s dalis priklausyt\u0173 tiems, kurie pad\u0117jo j\u0105 sukurti.<\/h3>\n<\/div><\/section><\/p><\/div><div class=\"flex_column av_one_fifth  flex_column_div av-zero-column-padding   avia-builder-el-20  el_after_av_three_fifth  avia-builder-el-last  \" style='border-radius:0px; '><\/div>\n<\/div><\/div><\/div><!-- close content main div --><\/div><\/div><div id='av_section_4'  class='avia-section main_color avia-section-default avia-no-border-styling  avia-bg-style-scroll  avia-builder-el-21  el_after_av_section  avia-builder-el-last   av-minimum-height av-minimum-height-50  container_wrap fullsize' style='background-color: #2e174d;  '   data-av_minimum_height_pc='50'><div class='container' ><div class='template-page content  av-content-full alpha units'><div class='post-entry post-entry-type-page post-entry-11284'><div class='entry-content-wrapper clearfix'>\n<div class=\"flex_column av_one_fifth  flex_column_div av-zero-column-padding first  avia-builder-el-22  el_before_av_three_fifth  avia-builder-el-first  \" style='border-radius:0px; '><\/div><div class=\"flex_column av_three_fifth  flex_column_div av-zero-column-padding   avia-builder-el-23  el_after_av_one_fifth  el_before_av_one_fifth  \" style='border-radius:0px; '><section class=\"av_textblock_section \"  itemscope=\"itemscope\" itemtype=\"https:\/\/schema.org\/CreativeWork\" ><div class='avia_textblock  av_inherit_color '  style='color:#ffffff; '  itemprop=\"text\" ><h2 style=\"font-size: 2rem; text-align: center;\">Prisijunk prie m\u016bs\u0173 komandos!<\/h2>\n<\/div><\/section><br \/>\n<section class=\"av_textblock_section \"  itemscope=\"itemscope\" itemtype=\"https:\/\/schema.org\/CreativeWork\" ><div class='avia_textblock  av_inherit_color '  style='color:#ffffff; '  itemprop=\"text\" ><h3 style=\"text-align: center;\">Dirbk tarptautin\u0117je aplinkoje ir b\u016bk s\u0117km\u0117s k\u016br\u0117jas. Kiekvienas tavo ind\u0117lis yra svarbus! Tavo id\u0117jos yra svarbios! Su mumis tau niekada nebus nuobodu!<\/h3>\n<\/div><\/section><br \/>\n<div   class='hr hr-default   avia-builder-el-26  el_after_av_textblock  el_before_av_textblock '><span class='hr-inner ' ><span class='hr-inner-style'><\/span><\/span><\/div><br \/>\n<section class=\"av_textblock_section \"  itemscope=\"itemscope\" itemtype=\"https:\/\/schema.org\/CreativeWork\" ><div class='avia_textblock  av_inherit_color '  style='color:#ffffff; '  itemprop=\"text\" ><h3 style=\"text-align: center;\">Atsi\u0173sk savo CV ir reikalavimus \u2013 hello@forus.eu<\/h3>\n<\/div><\/section><\/p><\/div><div class=\"flex_column av_one_fifth  flex_column_div av-zero-column-padding   avia-builder-el-28  el_after_av_three_fifth  avia-builder-el-last  \" style='border-radius:0px; '><\/div>\n","protected":false},"excerpt":{"rendered":"","protected":false},"author":11,"featured_media":0,"parent":0,"menu_order":0,"comment_status":"closed","ping_status":"closed","template":"","meta":{"inline_featured_image":false},"_links":{"self":[{"href":"https:\/\/forus.eu\/lt\/wp-json\/wp\/v2\/pages\/11284"}],"collection":[{"href":"https:\/\/forus.eu\/lt\/wp-json\/wp\/v2\/pages"}],"about":[{"href":"https:\/\/forus.eu\/lt\/wp-json\/wp\/v2\/types\/page"}],"author":[{"embeddable":true,"href":"https:\/\/forus.eu\/lt\/wp-json\/wp\/v2\/users\/11"}],"replies":[{"embeddable":true,"href":"https:\/\/forus.eu\/lt\/wp-json\/wp\/v2\/comments?post=11284"}],"version-history":[{"count":5,"href":"https:\/\/forus.eu\/lt\/wp-json\/wp\/v2\/pages\/11284\/revisions"}],"predecessor-version":[{"id":11287,"href":"https:\/\/forus.eu\/lt\/wp-json\/wp\/v2\/pages\/11284\/revisions\/11287"}],"wp:attachment":[{"href":"https:\/\/forus.eu\/lt\/wp-json\/wp\/v2\/media?parent=11284"}],"curies":[{"name":"wp","href":"https:\/\/api.w.org\/{rel}","templated":true}]}}