{"id":10224,"date":"2024-03-28T14:56:29","date_gmt":"2024-03-28T14:56:29","guid":{"rendered":"https:\/\/forus.eu\/?page_id=10224"},"modified":"2025-03-13T19:13:20","modified_gmt":"2025-03-13T19:13:20","slug":"about-forus","status":"publish","type":"page","link":"https:\/\/forus.eu\/lt\/about-forus\/","title":{"rendered":"About Forus"},"content":{"rendered":"<div id='av_section_1'  class='avia-section main_color avia-section-default avia-no-border-styling  av-parallax-section av-section-color-overlay-active avia-bg-style-parallax  avia-builder-el-0  el_before_av_section  avia-builder-el-first   av-minimum-height av-minimum-height-75  container_wrap fullsize' style=' '  data-section-bg-repeat='no-repeat' data-av_minimum_height_pc='75'><div class='av-parallax' data-avia-parallax-ratio='0.3' ><div class='av-parallax-inner main_color  avia-full-stretch' style = 'background-repeat: no-repeat; background-image: url(https:\/\/forus.eu\/wp-content\/uploads\/2024\/03\/forus-s-\u2013-1.png);background-attachment: scroll; background-position: top center; ' ><\/div><\/div><div class='av-section-color-overlay-wrap'><div class='av-section-color-overlay' style='opacity: 0.5; background-color: #0a0a0a; '><\/div><div class='container' ><main  role=\"main\" itemprop=\"mainContentOfPage\"  class='template-page content  av-content-full alpha units'><div class='post-entry post-entry-type-page post-entry-10224'><div class='entry-content-wrapper clearfix'><div class=\"flex_column av_three_fifth  flex_column_div av-zero-column-padding first  avia-builder-el-1  el_before_av_two_fifth  avia-builder-el-first  \" style='border-radius:0px; '><section class=\"av_textblock_section \"  itemscope=\"itemscope\" itemtype=\"https:\/\/schema.org\/CreativeWork\" ><div class='avia_textblock  av_inherit_color '  style='color:#ffffff; '  itemprop=\"text\" ><h1>Mes esame Forus<\/h1>\n<\/div><\/section><br \/>\n<section class=\"av_textblock_section \"  itemscope=\"itemscope\" itemtype=\"https:\/\/schema.org\/CreativeWork\" ><div class='avia_textblock  av_inherit_color '  style='color:#ffffff; '  itemprop=\"text\" ><h3>Forus meta i\u0161\u0161\u016bk\u012f verslumo esamai pade\u010diai, atlygindama naudotojams virtualiomis akcijomis u\u017e \u012fvairias paslaugas &#8211; nuo kelioni\u0173 iki asmenini\u0173 u\u017eduo\u010di\u0173 &#8211; perkeldama 1% vert\u0117s \u012f vartotoj\u0173 rankas, skatindama nuosavyb\u0119 ir kolektyvin\u012f augim\u0105.<\/h3>\n<\/div><\/section><\/p><\/div><div class=\"flex_column av_two_fifth  flex_column_div av-zero-column-padding   avia-builder-el-4  el_after_av_three_fifth  el_before_av_hr  \" style='border-radius:0px; '><\/div><div  style='height:50px' class='hr hr-invisible   avia-builder-el-5  el_after_av_two_fifth  el_before_av_textblock '><span class='hr-inner ' ><span class='hr-inner-style'><\/span><\/span><\/div>\n<section class=\"av_textblock_section \"  itemscope=\"itemscope\" itemtype=\"https:\/\/schema.org\/CreativeWork\" ><div class='avia_textblock  '   itemprop=\"text\" ><h3><span style=\"color: #ffffff;\">Susisiek su mumis<\/span><\/h3>\n<\/div><\/section>\n<div class=\"flex_column av_one_third  flex_column_div first  avia-builder-el-7  el_after_av_textblock  el_before_av_one_third  column-top-margin\" style='margin-top:0px; margin-bottom:0px; background: #ffffff; padding:50px; background-color:#ffffff; border-radius:20px; '><section class=\"av_textblock_section \"  itemscope=\"itemscope\" itemtype=\"https:\/\/schema.org\/CreativeWork\" ><div class='avia_textblock  '   itemprop=\"text\" ><h4><span style=\"color: #993300;\"><strong> Kontaktai <\/strong><\/span><\/h4>\n<p>hello@forus.eu<\/p>\n<\/div><\/section><\/div><div class=\"flex_column av_one_third  flex_column_div   avia-builder-el-9  el_after_av_one_third  avia-builder-el-last  column-top-margin\" style='margin-top:0px; margin-bottom:0px; background: #ffffff; padding:50px; background-color:#ffffff; border-radius:20px; '><section class=\"av_textblock_section \"  itemscope=\"itemscope\" itemtype=\"https:\/\/schema.org\/CreativeWork\" ><div class='avia_textblock  '   itemprop=\"text\" ><h4><span style=\"color: #993300;\"><strong>Pagrindin\u0117 b\u016bstin\u0117<\/strong><\/span><\/h4>\n<p>Rotermanni 8, Tallinn, Estonia<\/p>\n<\/div><\/section><\/div>\n<\/div><\/div><\/main><!-- close content main element --><\/div><\/div><\/div><div id='av_section_2'  class='avia-section main_color avia-section-default avia-no-border-styling  avia-bg-style-scroll  avia-builder-el-11  el_after_av_section  avia-builder-el-last   container_wrap fullsize' style=' '  ><div class='container' ><div class='template-page content  av-content-full alpha units'><div class='post-entry post-entry-type-page post-entry-10224'><div class='entry-content-wrapper clearfix'>\n<section class=\"av_textblock_section \"  itemscope=\"itemscope\" itemtype=\"https:\/\/schema.org\/CreativeWork\" ><div class='avia_textblock  '   itemprop=\"text\" ><h2>Pagrindiniai darbuotojai<\/h2>\n<\/div><\/section>\n<div class=\"flex_column av_one_third  flex_column_div av-zero-column-padding   avia-builder-el-13  el_after_av_textblock  el_before_av_one_third  column-top-margin\" style='margin-top:0px; margin-bottom:0px; border-radius:0px; '><p><div  class='avia-image-container  av-styling-    avia-builder-el-14  el_before_av_textblock  avia-builder-el-first  avia-align-left '  itemprop=\"image\" itemscope=\"itemscope\" itemtype=\"https:\/\/schema.org\/ImageObject\"  ><div class='avia-image-container-inner'><div class='avia-image-overlay-wrap'><img decoding=\"async\" class='wp-image-10103 avia-img-lazy-loading-not-10103 avia_image' src=\"https:\/\/forus.eu\/wp-content\/uploads\/2024\/03\/11eduard-80x80.png\" alt='' title='11eduard' height=\"80\" width=\"80\"  itemprop=\"thumbnailUrl\" srcset=\"https:\/\/forus.eu\/wp-content\/uploads\/2024\/03\/11eduard-80x80.png 80w, https:\/\/forus.eu\/wp-content\/uploads\/2024\/03\/11eduard-36x36.png 36w, https:\/\/forus.eu\/wp-content\/uploads\/2024\/03\/11eduard-180x180.png 180w, https:\/\/forus.eu\/wp-content\/uploads\/2024\/03\/11eduard.png 300w\" sizes=\"(max-width: 80px) 100vw, 80px\" \/><\/div><\/div><\/div><br \/>\n<section class=\"av_textblock_section \"  itemscope=\"itemscope\" itemtype=\"https:\/\/schema.org\/CreativeWork\" ><div class='avia_textblock  '   itemprop=\"text\" ><p><strong>Eduard Dubrovski<br \/><\/strong><span style=\"color: #993300;\">Veiklos vykdantysis direktorius ir vienas i\u0161 \u012fk\u016br\u0117j\u0173<\/span><\/p>\n<p>Dinami\u0161kas lyderis, turintis 10 met\u0173 patirt\u012f pave\u017e\u0117jimo paslaug\u0173 versle, \u201cTaxigo\u201d \u012fk\u016br\u0117jas. Programin\u0117s \u012frangos k\u016brimo ir inovacij\u0173 valdymo patirtis &#8211; aistra i\u0161radin\u0117ti ir tobulinti produktus.<\/p>\n<\/div><\/section><\/p><\/div><div class=\"flex_column av_one_third  flex_column_div av-zero-column-padding   avia-builder-el-16  el_after_av_one_third  avia-builder-el-last  column-top-margin\" style='margin-top:0px; margin-bottom:0px; border-radius:0px; '><p><div  class='avia-image-container  av-styling-    avia-builder-el-17  el_before_av_textblock  avia-builder-el-first  avia-align-left '  itemprop=\"image\" itemscope=\"itemscope\" itemtype=\"https:\/\/schema.org\/ImageObject\"  ><div class='avia-image-container-inner'><div class='avia-image-overlay-wrap'><img decoding=\"async\" class='wp-image-10115 avia-img-lazy-loading-not-10115 avia_image' src=\"https:\/\/forus.eu\/wp-content\/uploads\/2024\/03\/11urmas-80x80.png\" alt='' title='11urmas' height=\"80\" width=\"80\"  itemprop=\"thumbnailUrl\" srcset=\"https:\/\/forus.eu\/wp-content\/uploads\/2024\/03\/11urmas-80x80.png 80w, https:\/\/forus.eu\/wp-content\/uploads\/2024\/03\/11urmas-36x36.png 36w, https:\/\/forus.eu\/wp-content\/uploads\/2024\/03\/11urmas-180x180.png 180w, https:\/\/forus.eu\/wp-content\/uploads\/2024\/03\/11urmas.png 300w\" sizes=\"(max-width: 80px) 100vw, 80px\" \/><\/div><\/div><\/div><br \/>\n<section class=\"av_textblock_section \"  itemscope=\"itemscope\" itemtype=\"https:\/\/schema.org\/CreativeWork\" ><div class='avia_textblock  '   itemprop=\"text\" ><p><b>Mr. Urmas S\u00f5\u00f5rumaa<br \/><\/b><span style=\"color: #993300;\">\u012ek\u016br\u0117jas \/ savininkas<\/span><\/p>\n<p>Labai s\u0117kmingas verslininkas ir privataus kapitalo investuotojas. Kaip \u201cU.S. Invest\u201d, bendrov\u0117s \u201cForus\u201d pagrindin\u0117s \u012fmon\u0117s, steig\u0117jas ir vienintelis akcininkas, svariai prisid\u0117j\u0119s prie jos s\u0117km\u0117s. Be to, jis yra \u201cRotermann\u201d kvartalo savininkas ir pl\u0117totojas, eina Estijos olimpinio komiteto prezidento pareigas.<\/p>\n<\/div><\/section><\/p><\/div>\n","protected":false},"excerpt":{"rendered":"","protected":false},"author":11,"featured_media":0,"parent":0,"menu_order":0,"comment_status":"closed","ping_status":"closed","template":"","meta":{"inline_featured_image":false},"_links":{"self":[{"href":"https:\/\/forus.eu\/lt\/wp-json\/wp\/v2\/pages\/10224"}],"collection":[{"href":"https:\/\/forus.eu\/lt\/wp-json\/wp\/v2\/pages"}],"about":[{"href":"https:\/\/forus.eu\/lt\/wp-json\/wp\/v2\/types\/page"}],"author":[{"embeddable":true,"href":"https:\/\/forus.eu\/lt\/wp-json\/wp\/v2\/users\/11"}],"replies":[{"embeddable":true,"href":"https:\/\/forus.eu\/lt\/wp-json\/wp\/v2\/comments?post=10224"}],"version-history":[{"count":10,"href":"https:\/\/forus.eu\/lt\/wp-json\/wp\/v2\/pages\/10224\/revisions"}],"predecessor-version":[{"id":12611,"href":"https:\/\/forus.eu\/lt\/wp-json\/wp\/v2\/pages\/10224\/revisions\/12611"}],"wp:attachment":[{"href":"https:\/\/forus.eu\/lt\/wp-json\/wp\/v2\/media?parent=10224"}],"curies":[{"name":"wp","href":"https:\/\/api.w.org\/{rel}","templated":true}]}}