{"id":5408,"date":"2023-06-16T08:15:29","date_gmt":"2023-06-16T08:15:29","guid":{"rendered":"https:\/\/forus.eu\/ralli-copy\/"},"modified":"2023-06-21T08:03:04","modified_gmt":"2023-06-21T08:03:04","slug":"ralli","status":"publish","type":"page","link":"https:\/\/forus.eu\/en\/ralli\/","title":{"rendered":"Rally"},"content":{"rendered":"<div id='av_section_1'  class='avia-section main_color avia-section-default avia-no-border-styling  avia-bg-style-scroll  avia-builder-el-0  el_before_av_section  avia-builder-el-first   av-small-hide av-mini-hide av-minimum-height av-minimum-height-custom  av-section-with-video-bg container_wrap fullsize' style=' '   data-section-video-ratio='16:9'><div   data-size='featured'  data-lightbox_size='large'  data-animation='slide'  data-conditional_play=''  data-ids=''  data-video_counter='1'  data-autoplay='false'  data-bg_slider='false'  data-slide_height=''  data-handle=''  data-interval='5'  data-class=' av-section-video-bg'  data-el_id=''  data-css_id=''  data-scroll_down=''  data-control_layout=''  data-custom_markup=''  data-perma_caption=''  data-autoplay_stopper=''  data-image_attachment=''  data-min_height='0px'  data-lazy_loading='disabled'  data-default-height='28.666666666667'  class='avia-slideshow avia-slideshow-1  av-default-height-applied avia-slideshow-featured   av-section-video-bg avia-slide-slider '  itemprop=\"image\" itemscope=\"itemscope\" itemtype=\"https:\/\/schema.org\/ImageObject\" ><ul class='avia-slideshow-inner ' style='padding-bottom: 28.666666666667%;' ><li  data-controls='disabled' data-mute='aviaTBaviaTBvideo_mute' data-loop='1' data-disable-autoplay=''  data-video-ratio='3.4883720930233' class=' av-video-slide  av-video-service-html5  av-hide-video-controls av-mute-video av-loop-video av-single-slide slide-1 ' ><div data-rel='slideshow-1' class='avia-slide-wrap '   ><div class='av-click-overlay'><\/div><video class='avia_video'  autoplay loop preload=\"metadata\" muted  id='player_5408_1645857736_466720432'><source src=\"https:\/\/forus.eu\/wp-content\/uploads\/2023\/06\/1920x1080_rally_bg.mp4\" type=\"video\/mp4\" \/><\/video><div class='av-click-to-play-overlay'><div class=\"avia_playpause_icon\"><\/div><\/div><\/div><\/li><\/ul><\/div><div class='container' style='height:380px'><main  role=\"main\" itemprop=\"mainContentOfPage\"  class='template-page content  av-content-full alpha units'><div class='post-entry post-entry-type-page post-entry-5408'><div class='entry-content-wrapper clearfix'>\n<div class=\"flex_column av_one_half  flex_column_div av-zero-column-padding first  avia-builder-el-1  avia-builder-el-no-sibling  \" style='border-radius:0px; '><section class=\"av_textblock_section \"  itemscope=\"itemscope\" itemtype=\"https:\/\/schema.org\/CreativeWork\" ><div class='avia_textblock  '   itemprop=\"text\" ><h1 style=\"font-size: 48px !important; margin: 0 0 40px; color: #ffffff !important;\"><strong>Win the rally experience with Ott T\u00e4nak<\/strong><\/h1>\n<\/div><\/section><br \/>\n<section class=\"av_textblock_section \"  itemscope=\"itemscope\" itemtype=\"https:\/\/schema.org\/CreativeWork\" ><div class='avia_textblock  '   itemprop=\"text\" ><h5 style=\"color: #ffffff !important;\">We are sure that more people have visited the moon than driven side by side with Ott T\u00e4nak in his WRC rally race car.<br \/>\nWe are giving away an unforgettable rally experience for two people that money can&#8217;t even buy.<\/h5>\n<\/div><\/section><\/p><\/div>\n\n<\/div><\/div><\/main><!-- close content main element --><\/div><\/div><div id='av_section_2'  class='avia-section main_color avia-section-default avia-no-border-styling  avia-bg-style-scroll  avia-builder-el-4  el_after_av_section  el_before_av_section   av-desktop-hide av-medium-hide av-section-with-video-bg container_wrap fullsize' style=' '   data-section-video-ratio='5:8'><div   data-size='featured'  data-lightbox_size='large'  data-animation='slide'  data-conditional_play=''  data-ids=''  data-video_counter='1'  data-autoplay='false'  data-bg_slider='false'  data-slide_height=''  data-handle=''  data-interval='5'  data-class=' av-section-video-bg'  data-el_id=''  data-css_id=''  data-scroll_down=''  data-control_layout=''  data-custom_markup=''  data-perma_caption=''  data-autoplay_stopper=''  data-image_attachment=''  data-min_height='0px'  data-lazy_loading='disabled'  data-default-height='28.666666666667'  class='avia-slideshow avia-slideshow-2  av-default-height-applied avia-slideshow-featured   av-section-video-bg avia-slide-slider '  itemprop=\"image\" itemscope=\"itemscope\" itemtype=\"https:\/\/schema.org\/ImageObject\" ><ul class='avia-slideshow-inner ' style='padding-bottom: 28.666666666667%;' ><li  data-controls='disabled' data-mute='aviaTBaviaTBvideo_mute' data-loop='1' data-disable-autoplay=''  data-video-ratio='3.4883720930233' class=' av-video-slide  av-video-service-html5  av-hide-video-controls av-mute-video av-loop-video av-single-slide slide-1 ' ><div data-rel='slideshow-2' class='avia-slide-wrap '   ><div class='av-click-overlay'><\/div><video class='avia_video'  autoplay loop preload=\"metadata\" muted  id='player_5408_1597973159_1242471905'><source src=\"https:\/\/forus.eu\/wp-content\/uploads\/2023\/06\/600x960_rally_bg.mp4\" type=\"video\/mp4\" \/><\/video><div class='av-click-to-play-overlay'><div class=\"avia_playpause_icon\"><\/div><\/div><\/div><\/li><\/ul><\/div><div class='container' ><div class='template-page content  av-content-full alpha units'><div class='post-entry post-entry-type-page post-entry-5408'><div class='entry-content-wrapper clearfix'>\n<div class=\"flex_column av_one_half  flex_column_div av-zero-column-padding first  avia-builder-el-5  avia-builder-el-no-sibling  \" style='border-radius:0px; '><section class=\"av_textblock_section \"  itemscope=\"itemscope\" itemtype=\"https:\/\/schema.org\/CreativeWork\" ><div class='avia_textblock  '   itemprop=\"text\" ><h1 style=\"font-size: 48px !important; margin: 0 0 40px; color: #ffffff !important;\"><strong>Win the rally experience with Ott T\u00e4nak<br \/>\n<\/strong><\/h1>\n<\/div><\/section><br \/>\n<section class=\"av_textblock_section \"  itemscope=\"itemscope\" itemtype=\"https:\/\/schema.org\/CreativeWork\" ><div class='avia_textblock  '   itemprop=\"text\" ><h5 style=\"color: #ffffff !important;\">We are sure that more people have visited the moon than driven side by side with Ott T\u00e4nak in his WRC rally race car.<br \/>\nWe are giving away an unforgettable rally experience for two people that money can&#8217;t even buy.<\/h5>\n<\/div><\/section><\/p><\/div>\n\n<\/div><\/div><\/div><!-- close content main div --><\/div><\/div><div id='av_section_3'  class='avia-section main_color avia-section-default avia-no-border-styling  avia-bg-style-scroll  avia-builder-el-8  el_after_av_section  el_before_av_section   container_wrap fullsize' style=' '  ><div class='container' ><div class='template-page content  av-content-full alpha units'><div class='post-entry post-entry-type-page post-entry-5408'><div class='entry-content-wrapper clearfix'>\n<div class=\"flex_column av_three_fourth  flex_column_div av-zero-column-padding first  avia-builder-el-9  el_before_av_three_fourth  avia-builder-el-first  \" style='border-radius:0px; '><section class=\"av_textblock_section \"  itemscope=\"itemscope\" itemtype=\"https:\/\/schema.org\/CreativeWork\" ><div class='avia_textblock  '   itemprop=\"text\" ><h2 style=\"color: #2f174c !important;\">How to participate in the giveaway?<\/h2>\n<\/div><\/section><br \/>\n<section class=\"av_textblock_section \"  itemscope=\"itemscope\" itemtype=\"https:\/\/schema.org\/CreativeWork\" ><div class='avia_textblock  '   itemprop=\"text\" ><ul class=\"center_text\" style=\"margin: 0 auto; list-style: none;\">\n<li style=\"color: #180c27 !important; font-weight: 500 !important; font-family: 'Montserrat'!important;\">Open the Forus Taxi app, go to the US Token menu and press the <strong>\u201cRide with Ott T\u00e4nak&#8221;<\/strong> button.<\/li>\n<li style=\"color: #180c27 !important; font-weight: 500 !important; font-family: 'Montserrat'!important;\">If you don&#8217;t have the Forus Taxi app yet, download it from the App Store or Google Play for free.<\/li>\n<li style=\"color: #180c27 !important; font-weight: 500 !important; font-family: 'Montserrat'!important;\">You can participate in the giveaway until June 29, 2023.<\/li>\n<li style=\"color: #180c27 !important; font-weight: 500 !important; font-family: 'Montserrat'!important;\">We will draw the winners and announce the names on June 30.<\/li>\n<\/ul>\n<style>ul.center_text li::before {content: \"\\2022\";color: #c91235;font-weight: bold;display: inline-block;width: 1em;margin-left: -1em;}.main_color strong a:hover {color: #c91235 !important;}div .av_three_fourth.avia-builder-el-9,div .av_three_fourth.avia-builder-el-12, .av_three_fourth.avia-builder-el-32, .av_three_fourth.avia-builder-el-33{transform: translate(-50%);left: 50%;}div#av_section_1 {padding: 90px 0;}<\/style>\n<\/div><\/section><\/p><\/div><div class=\"flex_column av_three_fourth  flex_column_div av-zero-column-padding first  avia-builder-el-12  el_after_av_three_fourth  avia-builder-el-last  column-top-margin\" style='border-radius:0px; '><div  class='avia-video avia-video-16-9   av-lazyload-immediate  av-lazyload-video-embed  '   itemprop=\"video\" itemtype=\"https:\/\/schema.org\/VideoObject\"  data-original_url='https:\/\/youtu.be\/EmvuGlVw15I' ><script type='text\/html' class='av-video-tmpl'><div class='avia-iframe-wrap'><iframe title=\"V\u00f5ida rallielamus Ott T\u00e4naku k\u00f5rvalistmel\" width=\"1500\" height=\"844\" src=\"https:\/\/www.youtube.com\/embed\/EmvuGlVw15I?feature=oembed&autoplay=1&loop=1&controls=1&mute=1\" frameborder=\"0\" allow=\"accelerometer; autoplay; clipboard-write; encrypted-media; gyroscope; picture-in-picture; web-share\" allowfullscreen><\/iframe><\/div><\/script><div class='av-click-to-play-overlay'><div class=\"avia_playpause_icon\"><\/div><\/div><\/div><\/div>\n\n<\/div><\/div><\/div><!-- close content main div --><\/div><\/div><div id='av_section_4'  class='avia-section main_color avia-section-default avia-no-border-styling  avia-bg-style-scroll  avia-builder-el-14  el_after_av_section  el_before_av_section   container_wrap fullsize' style=' '  ><div class='container' ><div class='template-page content  av-content-full alpha units'><div class='post-entry post-entry-type-page post-entry-5408'><div class='entry-content-wrapper clearfix'>\n<div class=\"flex_column av_one_half  flex_column_div av-zero-column-padding first  avia-builder-el-15  el_before_av_one_half  avia-builder-el-first  \" style='border-radius:0px; '><section class=\"av_textblock_section \"  itemscope=\"itemscope\" itemtype=\"https:\/\/schema.org\/CreativeWork\" ><div class='avia_textblock  '   itemprop=\"text\" ><h2 style=\"color: #2f174c !important;\">Giveaway information<\/h2>\n<\/div><\/section><br \/>\n<section class=\"av_textblock_section \"  itemscope=\"itemscope\" itemtype=\"https:\/\/schema.org\/CreativeWork\" ><div class='avia_textblock  '   itemprop=\"text\" ><ul class=\"center_text\" style=\"margin: 0 auto; list-style: none;\">\n<li style=\"color: #180c27 !important; font-weight: 500 !important; font-family: 'Montserrat'!important;\">Two side rides will be drawn by lottery.<\/li>\n<li style=\"color: #180c27 !important; font-weight: 500 !important; font-family: 'Montserrat'!important;\">The ride with Ott T\u00e4naku takes place between 4.-7. July.<\/li>\n<li style=\"color: #180c27 !important; font-weight: 500 !important; font-family: 'Montserrat'!important;\">We will send the detailed information to the winners on June 30.<\/li>\n<li style=\"color: #180c27 !important; font-weight: 500 !important; font-family: 'Montserrat'!important;\">The ride will take place with a Ford Puma Rally 1 car.<\/li>\n<li style=\"color: #180c27 !important; font-weight: 500 !important; font-family: 'Montserrat'!important;\">The minimum age to participate in a side-by-side ride is 16 years of age (with the written consent of a parent).<\/li>\n<li style=\"color: #180c27 !important; font-weight: 500 !important; font-family: 'Montserrat'!important;\">The assumed location of the ride is South Estonia.<\/li>\n<\/ul>\n<\/div><\/section><br \/>\n<div   class=\"togglecontainer   toggle_close_all  avia-builder-el-18  el_after_av_textblock  avia-builder-el-last \" >\n<section class=\"av_toggle_section\"  itemscope=\"itemscope\" itemtype=\"https:\/\/schema.org\/CreativeWork\"  >    <div role=\"tablist\" class=\"single_toggle\" data-tags=\"{All} \"  >        <p data-fake-id=\"#toggle-id-1\" class=\"toggler \"  itemprop=\"headline\"    role=\"tab\" tabindex=\"0\" aria-controls=\"toggle-id-1\">Conditions:<span class=\"toggle_icon\" >        <span class=\"vert_icon\"><\/span><span class=\"hor_icon\"><\/span><\/span><\/p>        <div id=\"toggle-id-1\" class=\"toggle_wrap \"   >            <div class=\"toggle_content invers-color \"  itemprop=\"text\"   ><ul class=\"center_text\" style=\"margin: 0 auto; list-style: none;\">\n<li style=\"color: #180c27 !important; font-weight: 500 !important; font-family: 'Montserrat'!important;\">The organizer of this giveaway campaign is Forus Taxi O\u00dc, registration code 12600455, address Rotermanni 8, 10111, Tallinn.<\/li>\n<li style=\"color: #180c27 !important; font-weight: 500 !important; font-family: 'Montserrat'!important;\">The period of the campaign: 15.06.-29.06.2023.<\/li>\n<li style=\"color: #180c27 !important; font-weight: 500 !important; font-family: 'Montserrat'!important;\">The winners of the giveaway campaign will be drawn using a random number generator on 30.06.2023, and the organizer will contact the winners by e-mail or phone no later than 1.07.2023.<\/li>\n<li style=\"color: #180c27 !important; font-weight: 500 !important; font-family: 'Montserrat'!important;\">All users of the Forus Taxi app who register and confirm their wish in the giveaway form in the US Token app menu can participate in the campaign.<\/li>\n<li style=\"color: #180c27 !important; font-weight: 500 !important; font-family: 'Montserrat'!important;\">The prize will be received at the location and time announced by the campaign organizer. This information will be given to the winners no later than 1.07.2023. The prize includes only the side-by-side ride and does not include transportation to the venue, meals, or other additional activities.<\/li>\n<li style=\"color: #180c27 !important; font-weight: 500 !important; font-family: 'Montserrat'!important;\">The terms of awarding the prize will be agreed upon separately with the winners.The prize cannot be changed or exchanged for another prize.<\/li>\n<li style=\"color: #180c27 !important; font-weight: 500 !important; font-family: 'Montserrat'!important;\">The value of the prize is not paid out in cash.<\/li>\n<li style=\"color: #180c27 !important; font-weight: 500 !important; font-family: 'Montserrat'!important;\">Employees of Forus Taxi O\u00dc and Forus International O\u00dc and their relatives cannot participate in the prize draw.<\/li>\n<li style=\"color: #180c27 !important; font-weight: 500 !important; font-family: 'Montserrat'!important;\">The organizer of the campaign can unilaterally change the conditions of the campaign at any moment during the campaign, supplement the conditions of the campaign and inform about it on the campaign page. All disputes arising from the giveaway campaign are resolved in accordance with the legislation of the Republic of Estonia.<\/li>\n<\/ul>\n            <\/div>        <\/div>    <\/div><\/section>\n<\/div><\/p><\/div><div class=\"flex_column av_one_half  flex_column_div av-zero-column-padding   avia-builder-el-19  el_after_av_one_half  avia-builder-el-last  \" style='border-radius:0px; '><div  class='avia-image-container  av-styling-    avia-builder-el-20  avia-builder-el-no-sibling  avia-align-center '  itemprop=\"image\" itemscope=\"itemscope\" itemtype=\"https:\/\/schema.org\/ImageObject\"  ><div class='avia-image-container-inner'><div class='avia-image-overlay-wrap'><img decoding=\"async\" class='wp-image-5379 avia-img-lazy-loading-not-5379 avia_image' src=\"https:\/\/forus.eu\/wp-content\/uploads\/2023\/06\/ott_rally2.jpeg\" alt='' title='ott_rally2' height=\"298\" width=\"570\"  itemprop=\"thumbnailUrl\" srcset=\"https:\/\/forus.eu\/wp-content\/uploads\/2023\/06\/ott_rally2.jpeg 570w, https:\/\/forus.eu\/wp-content\/uploads\/2023\/06\/ott_rally2-300x157.jpeg 300w\" sizes=\"(max-width: 570px) 100vw, 570px\" \/><\/div><\/div><\/div><\/div>\n\n<\/div><\/div><\/div><!-- close content main div --><\/div><\/div><div id='av_section_5'  class='avia-section main_color avia-section-default avia-no-border-styling  avia-bg-style-scroll  avia-builder-el-21  el_after_av_section  el_before_av_section   container_wrap fullsize' style='background-color: #f7f3fb;  '  ><div class='container' ><div class='template-page content  av-content-full alpha units'><div class='post-entry post-entry-type-page post-entry-5408'><div class='entry-content-wrapper clearfix'>\n<div class=\"flex_column av_three_fourth  flex_column_div av-zero-column-padding first  avia-builder-el-22  avia-builder-el-no-sibling  \" style='border-radius:0px; '><section class=\"av_textblock_section \"  itemscope=\"itemscope\" itemtype=\"https:\/\/schema.org\/CreativeWork\" ><div class='avia_textblock  '   itemprop=\"text\" ><h2 style=\"color: #2f174c !important; font-size: 36px !important;\">Forus viewing area SS14 Forus\/Kanepi 1 and SS16 Sportland\/Kanepi 2<\/h2>\n<\/div><\/section><br \/>\n<section class=\"av_textblock_section \"  itemscope=\"itemscope\" itemtype=\"https:\/\/schema.org\/CreativeWork\" ><div class='avia_textblock  '   itemprop=\"text\" ><p style=\"color: #180c27;\">On Saturday&#8217;s rally day of WRC Rally Estonia, the most convenient way to experience the rally is at the Forus viewing arena. The best fan base on the day of the rally is inside the M\u00fcgra viewing area, and with a short time you can participate in two rally stages, SS14 Forus\/Kanepi 1 and SS16 Sportland\/Kanepi 2, and have a good time in the meantime.<\/p>\n<\/div><\/section><\/p><\/div>\n\n<\/div><\/div><\/div><!-- close content main div --><\/div><\/div><div id='av_section_6'  class='avia-section main_color avia-section-default avia-no-border-styling  avia-bg-style-scroll  avia-builder-el-25  el_after_av_section  el_before_av_section   container_wrap fullsize' style='background-color: #f7f3fb;  '  ><div class='container' ><div class='template-page content  av-content-full alpha units'><div class='post-entry post-entry-type-page post-entry-5408'><div class='entry-content-wrapper clearfix'>\n<div class=\"flex_column av_one_half  flex_column_div av-zero-column-padding first  avia-builder-el-26  el_before_av_one_half  avia-builder-el-first  \" style='border-radius:0px; '><div  class='avia-video avia-video-16-9   av-lazyload-immediate  av-lazyload-video-embed  ' style='background-image:url(\"https:\/\/forus.eu\/wp-content\/uploads\/2023\/06\/rally_car.jpeg\");'  itemprop=\"video\" itemtype=\"https:\/\/schema.org\/VideoObject\"  data-original_url='https:\/\/www.youtube.com\/watch?v=Z8EJHz1U5GY' ><script type='text\/html' class='av-video-tmpl'><div class='avia-iframe-wrap'><iframe title=\"Forus Arena\" width=\"1500\" height=\"844\" src=\"https:\/\/www.youtube.com\/embed\/Z8EJHz1U5GY?feature=oembed&autoplay=0&loop=0&controls=1&mute=0\" frameborder=\"0\" allow=\"accelerometer; autoplay; clipboard-write; encrypted-media; gyroscope; picture-in-picture; web-share\" allowfullscreen><\/iframe><\/div><\/script><div class='av-click-to-play-overlay'><div class=\"avia_playpause_icon\"><\/div><\/div><\/div><\/div><div class=\"flex_column av_one_half  flex_column_div av-zero-column-padding   avia-builder-el-28  el_after_av_one_half  avia-builder-el-last  \" style='border-radius:0px; '><section class=\"av_textblock_section \"  itemscope=\"itemscope\" itemtype=\"https:\/\/schema.org\/CreativeWork\" ><div class='avia_textblock  '   itemprop=\"text\" ><h2 style=\"color: #2f174c !important;\">Forus viewing area<\/h2>\n<\/div><\/section><br \/>\n<section class=\"av_textblock_section \"  itemscope=\"itemscope\" itemtype=\"https:\/\/schema.org\/CreativeWork\" ><div class='avia_textblock  '   itemprop=\"text\" ><p style=\"color: #180c27;\"><strong>On July 22, starting at 15:00, <\/strong> all users of the Foruse Taxi app will have access to an exclusive viewing area, where you can conveniently see two rally stages. There is a separate arena, a food truck, an entertainment area for children, which can only be accessed by showing a registered Forus Taxi app. You can download the app for free and register to enter the area at the place. The Forus Arena is located inside the M\u00fcgra viewing area.<\/p>\n<\/div><\/section><\/p><\/div><\/div><\/div><\/div><!-- close content main div --><\/div><\/div><div id='av_section_7'  class='avia-section main_color avia-section-default avia-no-border-styling  avia-bg-style-scroll  avia-builder-el-31  el_after_av_section  avia-builder-el-last   container_wrap fullsize' style='background-color: #f7f3fb;  '  ><div class='container' ><div class='template-page content  av-content-full alpha units'><div class='post-entry post-entry-type-page post-entry-5408'><div class='entry-content-wrapper clearfix'>\n<div class=\"flex_column av_three_fourth  flex_column_div first  avia-builder-el-32  avia-builder-el-no-sibling  \" style='background: #e4d8f3; padding:24px; background-color:#e4d8f3; border-radius:0px; '><section class=\"av_textblock_section \"  itemscope=\"itemscope\" itemtype=\"https:\/\/schema.org\/CreativeWork\" ><div class='avia_textblock  '   itemprop=\"text\" ><h2 style=\"color: #2f174c !important;\">Plan of action<\/h2>\n<\/div><\/section><br \/>\n<section class=\"av_textblock_section \"  itemscope=\"itemscope\" itemtype=\"https:\/\/schema.org\/CreativeWork\" ><div class='avia_textblock  '   itemprop=\"text\" ><ul class=\"center_text\" style=\"margin: 0 auto; list-style: none;\">\n<li style=\"color: #180c27 !important; font-weight: 500 !important; font-family: 'Montserrat'!important;\">Uulits street gourmet famous Food Truck will be present.<\/li>\n<li style=\"color: #180c27 !important; font-weight: 500 !important; font-family: 'Montserrat'!important;\">Drawing competition and face painting for children.<\/li>\n<li style=\"color: #180c27 !important; font-weight: 500 !important; font-family: 'Montserrat'!important;\">Cocktails bar.<\/li>\n<li style=\"color: #180c27 !important; font-weight: 500 !important; font-family: 'Montserrat'!important;\">The viewing arena.<\/li>\n<li style=\"color: #180c27 !important; font-weight: 500 !important; font-family: 'Montserrat'!important;\">Screens and live broadcasts of the rally.<\/li>\n<li style=\"color: #180c27 !important; font-weight: 500 !important; font-family: 'Montserrat'!important;\">Surprises and other activities.<\/li>\n<\/ul>\n<\/div><\/section><br \/>\n<section class=\"av_textblock_section \"  itemscope=\"itemscope\" itemtype=\"https:\/\/schema.org\/CreativeWork\" ><div class='avia_textblock  '   itemprop=\"text\" ><h2 style=\"color: #2f174c !important; margin: 40px 0 0;\">Where?<\/h2>\n<\/div><\/section><br \/>\n<section class=\"av_textblock_section \"  itemscope=\"itemscope\" itemtype=\"https:\/\/schema.org\/CreativeWork\" ><div class='avia_textblock  '   itemprop=\"text\" ><p style=\"color: #180c27;\">Forus arena is located in the M\u00fcgra viewing area of the rally stage named after Forus, 18 km from Otep\u00e4\u00e4 and 8 km from Kanepi. Look at the map for the location of the nearest parking lot and you can find our arena in the viewing area.<\/p>\n<\/div><\/section><br \/>\n<section class=\"av_textblock_section \"  itemscope=\"itemscope\" itemtype=\"https:\/\/schema.org\/CreativeWork\" ><div class='avia_textblock  '   itemprop=\"text\" ><p><iframe loading=\"lazy\" style=\"border: 0;\" src=\"https:\/\/www.google.com\/maps\/embed?pb=!1m17!1m12!1m3!1d2113.496236165122!2d26.703607677542017!3d58.01329787400398!2m3!1f0!2f0!3f0!3m2!1i1024!2i768!4f13.1!3m2!1m1!2zNTjCsDAwJzQ3LjkiTiAyNsKwNDInMjIuMyJF!5e0!3m2!1sen!2see!4v1687334065403!5m2!1sen!2see\" width=\"800\" height=\"400\" allowfullscreen=\"allowfullscreen\"><\/iframe><\/p>\n<style><\/style>\n<\/div><\/section><br \/>\n<section class=\"av_textblock_section \"  itemscope=\"itemscope\" itemtype=\"https:\/\/schema.org\/CreativeWork\" ><div class='avia_textblock  '   itemprop=\"text\" ><div class=\"waze_wrap\"><img decoding=\"async\" loading=\"lazy\" class=\"alignnone size-medium\" src=\"https:\/\/forus.eu\/wp-content\/uploads\/2023\/06\/mugra-300x300.png\" alt=\"\" width=\"120\" height=\"120\" \/><a class=\"ft_inline_link\" href=\"http:\/\/www.waze.com\/ul?ll=58.015593896%2c26.716471532&amp;navigate=yes\">See the route to the parking lot from Waze \u2192<\/a><\/div>\n<style>.waze_wrap {display:flex; align-items:center;gap:16px;}a.ft_inline_link {color: #c91235 !important;}a.ft_inline_link:hover {color: #9C162F !important;text-decoration:none;}<\/style>\n<\/div><\/section><\/p><\/div>\n<\/p>\n","protected":false},"excerpt":{"rendered":"","protected":false},"author":11,"featured_media":0,"parent":0,"menu_order":0,"comment_status":"closed","ping_status":"closed","template":"","meta":{"inline_featured_image":false},"_links":{"self":[{"href":"https:\/\/forus.eu\/en\/wp-json\/wp\/v2\/pages\/5408"}],"collection":[{"href":"https:\/\/forus.eu\/en\/wp-json\/wp\/v2\/pages"}],"about":[{"href":"https:\/\/forus.eu\/en\/wp-json\/wp\/v2\/types\/page"}],"author":[{"embeddable":true,"href":"https:\/\/forus.eu\/en\/wp-json\/wp\/v2\/users\/11"}],"replies":[{"embeddable":true,"href":"https:\/\/forus.eu\/en\/wp-json\/wp\/v2\/comments?post=5408"}],"version-history":[{"count":11,"href":"https:\/\/forus.eu\/en\/wp-json\/wp\/v2\/pages\/5408\/revisions"}],"predecessor-version":[{"id":5503,"href":"https:\/\/forus.eu\/en\/wp-json\/wp\/v2\/pages\/5408\/revisions\/5503"}],"wp:attachment":[{"href":"https:\/\/forus.eu\/en\/wp-json\/wp\/v2\/media?parent=5408"}],"curies":[{"name":"wp","href":"https:\/\/api.w.org\/{rel}","templated":true}]}}